

{"id":11238,"date":"2021-10-29T13:45:33","date_gmt":"2021-10-29T10:45:33","guid":{"rendered":"https:\/\/kinnunen.fi-r.seravo.com\/tuote\/semi-color-kevytvari-60-ml\/"},"modified":"2026-04-27T13:25:43","modified_gmt":"2026-04-27T10:25:43","slug":"semi-color-kevytvari-60-ml","status":"publish","type":"product","link":"https:\/\/kinnunen.fi\/en\/product\/semi-color-kevytvari-60-ml\/","title":{"rendered":"Semi Color light colour 60 ml"},"content":{"rendered":"<p>As with Tinta Color, Semi Color has a coconut oil-derived (Cocamide) creamy base and this is the heart of the formula. This prevents the scalp from staining and makes the formula lovely to use. The Cocamide base is reinforced with a hair structure repairing and moisture balancing sea urchin extracted from red algae. Boswellia Serrata Gim and Bisabolol protect and soothe the scalp. These plant-based ingredients reduce irritation and itching of the scalp. Mirasil-based Shine Complex, fortified with sea buckthorn, ensures incredible shine. Thanks to its creamy formula, the colour is very easy to blend and protects the hair during treatment. Hair feels silky soft immediately after rinsing. Semi Color Activator contains LP300 Colour Protector, which improves the fixation of pigments in the hair structure and protects the hair during treatment. The end result is long-lasting colour, up to 24 washes! Semi Color Red Infinity (RI) reds contain a special Red Infinity (RI) pigment. This pigment gives these shades their intensity as well as their longevity. Red Infinity is an oxidizing pigment that adheres to the hair structure better than traditional intense red pigments. Semi Color Ultimate Glaze and Ultimate Blonde Toning are ideal for clients who want to brighten and neutralise the tone of their blonde hair, but do not want a change in darkness.<\/p>","protected":false},"excerpt":{"rendered":"<p>Semi Color is a demi-permanent color that is vegan, gluten-free and ammonia-free. With Semi Color shades, you can create natural and soft results. After treatment, your hair will be gorgeously soft and shiny. Play around and test all 70+ Semi Color shades. Cover up to 70 % of grey hair.<\/p>","protected":false},"featured_media":15041,"comment_status":"closed","ping_status":"closed","template":"","meta":{"_relevanssi_hide_post":"","_relevanssi_pin_for_all":"","_relevanssi_pin_keywords":"","_relevanssi_unpin_keywords":"","_relevanssi_related_keywords":"","_relevanssi_related_include_ids":"","_relevanssi_related_exclude_ids":"","_relevanssi_related_no_append":"","_relevanssi_related_not_related":"","_relevanssi_related_posts":"","_relevanssi_noindex_reason":""},"product_cat":[1727,1752,1912],"product_tag":[2208],"class_list":["post-11238","product","type-product","status-publish","has-post-thumbnail","hentry","product_cat-hiuskosmetiikka","product_cat-hiusvarit","product_cat-kevytvarit","product_tag-kevytvarit","pa_ominaisuudet-cruelty-free","pa_ominaisuudet-valmistettu-euroopassa","pa_ominaisuudet-vegaaninen","pa_vari-0-11","pa_vari-0-19","pa_vari-0-33","pa_vari-0-34","pa_vari-0-44","pa_vari-0-56","pa_vari-0-66","pa_vari-0-77","pa_vari-403","pa_vari-10-17","pa_vari-10-2","pa_vari-10-31","pa_vari-10-7","pa_vari-10-81","pa_vari-407","pa_vari-3-1","pa_vari-408","pa_vari-4-3","pa_vari-4-37","pa_vari-4-53","pa_vari-4-6","pa_vari-4-7","pa_vari-4-76ri","pa_vari-409","pa_vari-5-11","pa_vari-5-23","pa_vari-5-35","pa_vari-5-4","pa_vari-5-56ri","pa_vari-5-67","pa_vari-5-81","pa_vari-410","pa_vari-6-1","pa_vari-6-19","pa_vari-6-3","pa_vari-6-37","pa_vari-6-38","pa_vari-6-43","pa_vari-6-53","pa_vari-6-66ri","pa_vari-411","pa_vari-7-18","pa_vari-7-2","pa_vari-7-24","pa_vari-7-32","pa_vari-7-35","pa_vari-7-43","pa_vari-7-44","pa_vari-7-46ri","pa_vari-412","pa_vari-8-17","pa_vari-8-22","pa_vari-8-3","pa_vari-8-38","pa_vari-8-4","pa_vari-8-52","pa_vari-8-81","pa_vari-413","pa_vari-9-1","pa_vari-9-25","pa_vari-9-27","pa_vari-9-31","pa_vari-9-32","pa_vari-9-35","pa_vari-9-5","pa_vari-9-71","pa_vari-beige","pa_vari-champagne","pa_vari-clear","pa_vari-grey","pa_vari-honey","pa_vari-peach","pa_vari-silver","pa_vari-silver-lilac","pa_vari-soft-pink","tuotemerkki-keune-haircosmetics","tuotemerkki-semi-color"],"tuotemerkit":[{"term_id":25,"name":"Keune Haircosmetics","slug":"keune-haircosmetics","term_group":0,"term_taxonomy_id":25,"taxonomy":"tuotemerkki","description":"","parent":0,"count":276,"filter":"raw"},{"term_id":115,"name":"Semi Color","slug":"semi-color","term_group":0,"term_taxonomy_id":115,"taxonomy":"tuotemerkki","description":"","parent":25,"count":5,"filter":"raw"}],"acf":[],"yoast_head":"<!-- This site is optimized with the Yoast SEO plugin v23.3 - https:\/\/yoast.com\/wordpress\/plugins\/seo\/ -->\n<title>Keune Semi Color | Kevytv\u00e4ri | Kinnunen oy<\/title>\n<meta name=\"description\" content=\"Keune Semi Color on ammoniakiton kevytv\u00e4ri, jolla luot upeat v\u00e4rit ja kiillon hiuksiin kuin hiuksiin.\" \/>\n<meta name=\"robots\" content=\"index, follow, max-snippet:-1, max-image-preview:large, max-video-preview:-1\" \/>\n<link rel=\"canonical\" href=\"https:\/\/kinnunen.fi\/en\/product\/semi-color-kevytvari-60-ml\/\" \/>\n<meta property=\"og:locale\" content=\"en_GB\" \/>\n<meta property=\"og:type\" content=\"article\" \/>\n<meta property=\"og:title\" content=\"Keune Semi Color | Kevytv\u00e4ri | Kinnunen oy\" \/>\n<meta property=\"og:description\" content=\"Keune Semi Color on ammoniakiton kevytv\u00e4ri, jolla luot upeat v\u00e4rit ja kiillon hiuksiin kuin hiuksiin.\" \/>\n<meta property=\"og:url\" content=\"https:\/\/kinnunen.fi\/en\/product\/semi-color-kevytvari-60-ml\/\" \/>\n<meta property=\"og:site_name\" content=\"Kinnunen\" \/>\n<meta property=\"article:modified_time\" content=\"2026-04-27T10:25:43+00:00\" \/>\n<meta property=\"og:image\" content=\"https:\/\/kinnunen.fi\/wp-content\/uploads\/2021\/10\/Semi_color_group-e1658986789974.png\" \/>\n\t<meta property=\"og:image:width\" content=\"750\" \/>\n\t<meta property=\"og:image:height\" content=\"750\" \/>\n\t<meta property=\"og:image:type\" content=\"image\/png\" \/>\n<meta name=\"twitter:card\" content=\"summary_large_image\" \/>\n<meta name=\"twitter:label1\" content=\"Estimated reading time\" \/>\n\t<meta name=\"twitter:data1\" content=\"1 minute\" \/>\n<script type=\"application\/ld+json\" class=\"yoast-schema-graph\">{\"@context\":\"https:\/\/schema.org\",\"@graph\":[{\"@type\":\"WebPage\",\"@id\":\"https:\/\/kinnunen.fi\/tuote\/semi-color-kevytvari-60-ml\/\",\"url\":\"https:\/\/kinnunen.fi\/tuote\/semi-color-kevytvari-60-ml\/\",\"name\":\"Keune Semi Color | Kevytv\u00e4ri | Kinnunen oy\",\"isPartOf\":{\"@id\":\"https:\/\/kinnunen.fi\/#website\"},\"primaryImageOfPage\":{\"@id\":\"https:\/\/kinnunen.fi\/tuote\/semi-color-kevytvari-60-ml\/#primaryimage\"},\"image\":{\"@id\":\"https:\/\/kinnunen.fi\/tuote\/semi-color-kevytvari-60-ml\/#primaryimage\"},\"thumbnailUrl\":\"https:\/\/kinnunen.fi\/wp-content\/uploads\/2021\/10\/Semi_color_group-e1658986789974.png\",\"datePublished\":\"2021-10-29T10:45:33+00:00\",\"dateModified\":\"2026-04-27T10:25:43+00:00\",\"description\":\"Keune Semi Color on ammoniakiton kevytv\u00e4ri, jolla luot upeat v\u00e4rit ja kiillon hiuksiin kuin hiuksiin.\",\"breadcrumb\":{\"@id\":\"https:\/\/kinnunen.fi\/tuote\/semi-color-kevytvari-60-ml\/#breadcrumb\"},\"inLanguage\":\"en-GB\",\"potentialAction\":[{\"@type\":\"ReadAction\",\"target\":[\"https:\/\/kinnunen.fi\/tuote\/semi-color-kevytvari-60-ml\/\"]}]},{\"@type\":\"ImageObject\",\"inLanguage\":\"en-GB\",\"@id\":\"https:\/\/kinnunen.fi\/tuote\/semi-color-kevytvari-60-ml\/#primaryimage\",\"url\":\"https:\/\/kinnunen.fi\/wp-content\/uploads\/2021\/10\/Semi_color_group-e1658986789974.png\",\"contentUrl\":\"https:\/\/kinnunen.fi\/wp-content\/uploads\/2021\/10\/Semi_color_group-e1658986789974.png\",\"width\":750,\"height\":750},{\"@type\":\"BreadcrumbList\",\"@id\":\"https:\/\/kinnunen.fi\/tuote\/semi-color-kevytvari-60-ml\/#breadcrumb\",\"itemListElement\":[{\"@type\":\"ListItem\",\"position\":1,\"name\":\"Etusivu\",\"item\":\"https:\/\/kinnunen.fi\/\"},{\"@type\":\"ListItem\",\"position\":2,\"name\":\"Kaikki tuotteet\",\"item\":\"https:\/\/kinnunen.fi\/kauppa\/\"},{\"@type\":\"ListItem\",\"position\":3,\"name\":\"Hiuskosmetiikka\",\"item\":\"https:\/\/kinnunen.fi\/tuote-osasto\/hiuskosmetiikka\/\"},{\"@type\":\"ListItem\",\"position\":4,\"name\":\"Hiusv\u00e4rit\",\"item\":\"https:\/\/kinnunen.fi\/tuote-osasto\/hiuskosmetiikka\/hiusvarit\/\"},{\"@type\":\"ListItem\",\"position\":5,\"name\":\"Kevytv\u00e4rit\",\"item\":\"https:\/\/kinnunen.fi\/tuote-osasto\/hiuskosmetiikka\/hiusvarit\/kevytvarit\/\"},{\"@type\":\"ListItem\",\"position\":6,\"name\":\"Semi Color -kevytv\u00e4ri 60 ml\"}]},{\"@type\":\"WebSite\",\"@id\":\"https:\/\/kinnunen.fi\/#website\",\"url\":\"https:\/\/kinnunen.fi\/\",\"name\":\"Kinnunen\",\"description\":\"\",\"potentialAction\":[{\"@type\":\"SearchAction\",\"target\":{\"@type\":\"EntryPoint\",\"urlTemplate\":\"https:\/\/kinnunen.fi\/?s={search_term_string}\"},\"query-input\":\"required name=search_term_string\"}],\"inLanguage\":\"en-GB\"}]}<\/script>\n<!-- \/ Yoast SEO plugin. -->","yoast_head_json":{"title":"Keune Semi Color | Kevytv\u00e4ri | Kinnunen oy","description":"Keune Semi Color on ammoniakiton kevytv\u00e4ri, jolla luot upeat v\u00e4rit ja kiillon hiuksiin kuin hiuksiin.","robots":{"index":"index","follow":"follow","max-snippet":"max-snippet:-1","max-image-preview":"max-image-preview:large","max-video-preview":"max-video-preview:-1"},"canonical":"https:\/\/kinnunen.fi\/en\/product\/semi-color-kevytvari-60-ml\/","og_locale":"en_GB","og_type":"article","og_title":"Keune Semi Color | Kevytv\u00e4ri | Kinnunen oy","og_description":"Keune Semi Color on ammoniakiton kevytv\u00e4ri, jolla luot upeat v\u00e4rit ja kiillon hiuksiin kuin hiuksiin.","og_url":"https:\/\/kinnunen.fi\/en\/product\/semi-color-kevytvari-60-ml\/","og_site_name":"Kinnunen","article_modified_time":"2026-04-27T10:25:43+00:00","og_image":[{"width":750,"height":750,"url":"https:\/\/kinnunen.fi\/wp-content\/uploads\/2021\/10\/Semi_color_group-e1658986789974.png","type":"image\/png"}],"twitter_card":"summary_large_image","twitter_misc":{"Estimated reading time":"1 minute"},"schema":{"@context":"https:\/\/schema.org","@graph":[{"@type":"WebPage","@id":"https:\/\/kinnunen.fi\/tuote\/semi-color-kevytvari-60-ml\/","url":"https:\/\/kinnunen.fi\/tuote\/semi-color-kevytvari-60-ml\/","name":"Keune Semi Color | Kevytv\u00e4ri | Kinnunen oy","isPartOf":{"@id":"https:\/\/kinnunen.fi\/#website"},"primaryImageOfPage":{"@id":"https:\/\/kinnunen.fi\/tuote\/semi-color-kevytvari-60-ml\/#primaryimage"},"image":{"@id":"https:\/\/kinnunen.fi\/tuote\/semi-color-kevytvari-60-ml\/#primaryimage"},"thumbnailUrl":"https:\/\/kinnunen.fi\/wp-content\/uploads\/2021\/10\/Semi_color_group-e1658986789974.png","datePublished":"2021-10-29T10:45:33+00:00","dateModified":"2026-04-27T10:25:43+00:00","description":"Keune Semi Color on ammoniakiton kevytv\u00e4ri, jolla luot upeat v\u00e4rit ja kiillon hiuksiin kuin hiuksiin.","breadcrumb":{"@id":"https:\/\/kinnunen.fi\/tuote\/semi-color-kevytvari-60-ml\/#breadcrumb"},"inLanguage":"en-GB","potentialAction":[{"@type":"ReadAction","target":["https:\/\/kinnunen.fi\/tuote\/semi-color-kevytvari-60-ml\/"]}]},{"@type":"ImageObject","inLanguage":"en-GB","@id":"https:\/\/kinnunen.fi\/tuote\/semi-color-kevytvari-60-ml\/#primaryimage","url":"https:\/\/kinnunen.fi\/wp-content\/uploads\/2021\/10\/Semi_color_group-e1658986789974.png","contentUrl":"https:\/\/kinnunen.fi\/wp-content\/uploads\/2021\/10\/Semi_color_group-e1658986789974.png","width":750,"height":750},{"@type":"BreadcrumbList","@id":"https:\/\/kinnunen.fi\/tuote\/semi-color-kevytvari-60-ml\/#breadcrumb","itemListElement":[{"@type":"ListItem","position":1,"name":"Etusivu","item":"https:\/\/kinnunen.fi\/"},{"@type":"ListItem","position":2,"name":"Kaikki tuotteet","item":"https:\/\/kinnunen.fi\/kauppa\/"},{"@type":"ListItem","position":3,"name":"Hiuskosmetiikka","item":"https:\/\/kinnunen.fi\/tuote-osasto\/hiuskosmetiikka\/"},{"@type":"ListItem","position":4,"name":"Hiusv\u00e4rit","item":"https:\/\/kinnunen.fi\/tuote-osasto\/hiuskosmetiikka\/hiusvarit\/"},{"@type":"ListItem","position":5,"name":"Kevytv\u00e4rit","item":"https:\/\/kinnunen.fi\/tuote-osasto\/hiuskosmetiikka\/hiusvarit\/kevytvarit\/"},{"@type":"ListItem","position":6,"name":"Semi Color -kevytv\u00e4ri 60 ml"}]},{"@type":"WebSite","@id":"https:\/\/kinnunen.fi\/#website","url":"https:\/\/kinnunen.fi\/","name":"Kinnunen","description":"","potentialAction":[{"@type":"SearchAction","target":{"@type":"EntryPoint","urlTemplate":"https:\/\/kinnunen.fi\/?s={search_term_string}"},"query-input":"required name=search_term_string"}],"inLanguage":"en-GB"}]}},"_links":{"self":[{"href":"https:\/\/kinnunen.fi\/en\/wp-json\/wp\/v2\/product\/11238"}],"collection":[{"href":"https:\/\/kinnunen.fi\/en\/wp-json\/wp\/v2\/product"}],"about":[{"href":"https:\/\/kinnunen.fi\/en\/wp-json\/wp\/v2\/types\/product"}],"replies":[{"embeddable":true,"href":"https:\/\/kinnunen.fi\/en\/wp-json\/wp\/v2\/comments?post=11238"}],"wp:featuredmedia":[{"embeddable":true,"href":"https:\/\/kinnunen.fi\/en\/wp-json\/wp\/v2\/media\/15041"}],"wp:attachment":[{"href":"https:\/\/kinnunen.fi\/en\/wp-json\/wp\/v2\/media?parent=11238"}],"wp:term":[{"taxonomy":"product_cat","embeddable":true,"href":"https:\/\/kinnunen.fi\/en\/wp-json\/wp\/v2\/product_cat?post=11238"},{"taxonomy":"product_tag","embeddable":true,"href":"https:\/\/kinnunen.fi\/en\/wp-json\/wp\/v2\/product_tag?post=11238"}],"curies":[{"name":"wp","href":"https:\/\/api.w.org\/{rel}","templated":true}]}}