

{"id":11314,"date":"2021-10-29T13:46:29","date_gmt":"2021-10-29T10:46:29","guid":{"rendered":"https:\/\/kinnunen.fi-r.seravo.com\/tuote\/keune-color-chameleon\/"},"modified":"2026-05-01T04:00:38","modified_gmt":"2026-05-01T01:00:38","slug":"keune-color-chameleon","status":"publish","type":"product","link":"https:\/\/kinnunen.fi\/en\/product\/keune-color-chameleon\/","title":{"rendered":"Keune Color Chameleon powder 60ml"},"content":{"rendered":"<p>Nine deliciously intense blendable shades to create shade after shade - only your imagination is the limit. The colour retains its shade even after fading and lasts up to 20 washes depending on the condition of your hair. Solamer and provitamin B5 nourish the hair, leaving it soft and smooth. Lovely floral scents! CLEAR -This Shade Shifter allows you to lighten and shade any shade of colour. Solamer and provitamin B5 nourish the hair and make it soft and smooth. DARK - With this Shade Shifter you can soften, darken and deepen the shade of any colour. Solamer and provitamin B5 nourish the hair, leaving it soft and smooth.<\/p>","protected":false},"excerpt":{"rendered":"<p>With Keune Color Chameleon straight shades, you can choose from nine gorgeous shades and mix and match for a limitless palette!<\/p>","protected":false},"featured_media":14308,"comment_status":"closed","ping_status":"closed","template":"","meta":{"_relevanssi_hide_post":"","_relevanssi_pin_for_all":"","_relevanssi_pin_keywords":"","_relevanssi_unpin_keywords":"","_relevanssi_related_keywords":"","_relevanssi_related_include_ids":"","_relevanssi_related_exclude_ids":"","_relevanssi_related_no_append":"","_relevanssi_related_not_related":"","_relevanssi_related_posts":"","_relevanssi_noindex_reason":""},"product_cat":[1727,1752,1753],"product_tag":[2205],"class_list":["post-11314","product","type-product","status-publish","has-post-thumbnail","hentry","product_cat-hiuskosmetiikka","product_cat-hiusvarit","product_cat-suoravarit","product_tag-chameleon","pa_ominaisuudet-cruelty-free","pa_ominaisuudet-valmistettu-euroopassa","pa_ominaisuudet-vegaaninen","pa_vari-blue","pa_vari-dark","pa_vari-green","pa_vari-magenta","pa_vari-maroon","pa_vari-orange","pa_vari-red","pa_vari-rose","pa_vari-violet","pa_vari-yellow","tuotemerkki-color-chameleon","tuotemerkki-keune-haircosmetics"],"tuotemerkit":[{"term_id":123,"name":"Color Chameleon","slug":"color-chameleon","term_group":0,"term_taxonomy_id":123,"taxonomy":"tuotemerkki","description":"","parent":25,"count":2,"filter":"raw"},{"term_id":25,"name":"Keune Haircosmetics","slug":"keune-haircosmetics","term_group":0,"term_taxonomy_id":25,"taxonomy":"tuotemerkki","description":"","parent":0,"count":276,"filter":"raw"}],"acf":[],"yoast_head":"<!-- This site is optimized with the Yoast SEO plugin v23.3 - https:\/\/yoast.com\/wordpress\/plugins\/seo\/ -->\n<title>Keune Color Chameleon | Suorav\u00e4rit| Kinnunen Oy<\/title>\n<meta name=\"description\" content=\"Ota haltuusi \u00e4\u00e4ret\u00f6n v\u00e4ripaletti Keune Color Chameleon suorav\u00e4rien avulla.\" \/>\n<meta name=\"robots\" content=\"index, follow, max-snippet:-1, max-image-preview:large, max-video-preview:-1\" \/>\n<link rel=\"canonical\" href=\"https:\/\/kinnunen.fi\/en\/product\/keune-color-chameleon\/\" \/>\n<meta property=\"og:locale\" content=\"en_GB\" \/>\n<meta property=\"og:type\" content=\"article\" \/>\n<meta property=\"og:title\" content=\"Keune Color Chameleon | Suorav\u00e4rit| Kinnunen Oy\" \/>\n<meta property=\"og:description\" content=\"Ota haltuusi \u00e4\u00e4ret\u00f6n v\u00e4ripaletti Keune Color Chameleon suorav\u00e4rien avulla.\" \/>\n<meta property=\"og:url\" content=\"https:\/\/kinnunen.fi\/en\/product\/keune-color-chameleon\/\" \/>\n<meta property=\"og:site_name\" content=\"Kinnunen\" \/>\n<meta property=\"article:modified_time\" content=\"2026-05-01T01:00:38+00:00\" \/>\n<meta property=\"og:image\" content=\"https:\/\/kinnunen.fi\/wp-content\/uploads\/2021\/10\/Color_chameleon_group.jpg\" \/>\n\t<meta property=\"og:image:width\" content=\"1000\" \/>\n\t<meta property=\"og:image:height\" content=\"1000\" \/>\n\t<meta property=\"og:image:type\" content=\"image\/jpeg\" \/>\n<meta name=\"twitter:card\" content=\"summary_large_image\" \/>\n<meta name=\"twitter:label1\" content=\"Estimated reading time\" \/>\n\t<meta name=\"twitter:data1\" content=\"1 minute\" \/>\n<script type=\"application\/ld+json\" class=\"yoast-schema-graph\">{\"@context\":\"https:\/\/schema.org\",\"@graph\":[{\"@type\":\"WebPage\",\"@id\":\"https:\/\/kinnunen.fi\/tuote\/keune-color-chameleon\/\",\"url\":\"https:\/\/kinnunen.fi\/tuote\/keune-color-chameleon\/\",\"name\":\"Keune Color Chameleon | Suorav\u00e4rit| Kinnunen Oy\",\"isPartOf\":{\"@id\":\"https:\/\/kinnunen.fi\/#website\"},\"primaryImageOfPage\":{\"@id\":\"https:\/\/kinnunen.fi\/tuote\/keune-color-chameleon\/#primaryimage\"},\"image\":{\"@id\":\"https:\/\/kinnunen.fi\/tuote\/keune-color-chameleon\/#primaryimage\"},\"thumbnailUrl\":\"https:\/\/kinnunen.fi\/wp-content\/uploads\/2021\/10\/Color_chameleon_group.jpg\",\"datePublished\":\"2021-10-29T10:46:29+00:00\",\"dateModified\":\"2026-05-01T01:00:38+00:00\",\"description\":\"Ota haltuusi \u00e4\u00e4ret\u00f6n v\u00e4ripaletti Keune Color Chameleon suorav\u00e4rien avulla.\",\"breadcrumb\":{\"@id\":\"https:\/\/kinnunen.fi\/tuote\/keune-color-chameleon\/#breadcrumb\"},\"inLanguage\":\"en-GB\",\"potentialAction\":[{\"@type\":\"ReadAction\",\"target\":[\"https:\/\/kinnunen.fi\/tuote\/keune-color-chameleon\/\"]}]},{\"@type\":\"ImageObject\",\"inLanguage\":\"en-GB\",\"@id\":\"https:\/\/kinnunen.fi\/tuote\/keune-color-chameleon\/#primaryimage\",\"url\":\"https:\/\/kinnunen.fi\/wp-content\/uploads\/2021\/10\/Color_chameleon_group.jpg\",\"contentUrl\":\"https:\/\/kinnunen.fi\/wp-content\/uploads\/2021\/10\/Color_chameleon_group.jpg\",\"width\":1000,\"height\":1000},{\"@type\":\"BreadcrumbList\",\"@id\":\"https:\/\/kinnunen.fi\/tuote\/keune-color-chameleon\/#breadcrumb\",\"itemListElement\":[{\"@type\":\"ListItem\",\"position\":1,\"name\":\"Etusivu\",\"item\":\"https:\/\/kinnunen.fi\/\"},{\"@type\":\"ListItem\",\"position\":2,\"name\":\"Kaikki tuotteet\",\"item\":\"https:\/\/kinnunen.fi\/kauppa\/\"},{\"@type\":\"ListItem\",\"position\":3,\"name\":\"Hiuskosmetiikka\",\"item\":\"https:\/\/kinnunen.fi\/tuote-osasto\/hiuskosmetiikka\/\"},{\"@type\":\"ListItem\",\"position\":4,\"name\":\"Keune Color Chameleon -suorav\u00e4ri 60ml\"}]},{\"@type\":\"WebSite\",\"@id\":\"https:\/\/kinnunen.fi\/#website\",\"url\":\"https:\/\/kinnunen.fi\/\",\"name\":\"Kinnunen\",\"description\":\"\",\"potentialAction\":[{\"@type\":\"SearchAction\",\"target\":{\"@type\":\"EntryPoint\",\"urlTemplate\":\"https:\/\/kinnunen.fi\/?s={search_term_string}\"},\"query-input\":\"required name=search_term_string\"}],\"inLanguage\":\"en-GB\"}]}<\/script>\n<!-- \/ Yoast SEO plugin. -->","yoast_head_json":{"title":"Keune Color Chameleon | Suorav\u00e4rit| Kinnunen Oy","description":"Ota haltuusi \u00e4\u00e4ret\u00f6n v\u00e4ripaletti Keune Color Chameleon suorav\u00e4rien avulla.","robots":{"index":"index","follow":"follow","max-snippet":"max-snippet:-1","max-image-preview":"max-image-preview:large","max-video-preview":"max-video-preview:-1"},"canonical":"https:\/\/kinnunen.fi\/en\/product\/keune-color-chameleon\/","og_locale":"en_GB","og_type":"article","og_title":"Keune Color Chameleon | Suorav\u00e4rit| Kinnunen Oy","og_description":"Ota haltuusi \u00e4\u00e4ret\u00f6n v\u00e4ripaletti Keune Color Chameleon suorav\u00e4rien avulla.","og_url":"https:\/\/kinnunen.fi\/en\/product\/keune-color-chameleon\/","og_site_name":"Kinnunen","article_modified_time":"2026-05-01T01:00:38+00:00","og_image":[{"width":1000,"height":1000,"url":"https:\/\/kinnunen.fi\/wp-content\/uploads\/2021\/10\/Color_chameleon_group.jpg","type":"image\/jpeg"}],"twitter_card":"summary_large_image","twitter_misc":{"Estimated reading time":"1 minute"},"schema":{"@context":"https:\/\/schema.org","@graph":[{"@type":"WebPage","@id":"https:\/\/kinnunen.fi\/tuote\/keune-color-chameleon\/","url":"https:\/\/kinnunen.fi\/tuote\/keune-color-chameleon\/","name":"Keune Color Chameleon | Suorav\u00e4rit| Kinnunen Oy","isPartOf":{"@id":"https:\/\/kinnunen.fi\/#website"},"primaryImageOfPage":{"@id":"https:\/\/kinnunen.fi\/tuote\/keune-color-chameleon\/#primaryimage"},"image":{"@id":"https:\/\/kinnunen.fi\/tuote\/keune-color-chameleon\/#primaryimage"},"thumbnailUrl":"https:\/\/kinnunen.fi\/wp-content\/uploads\/2021\/10\/Color_chameleon_group.jpg","datePublished":"2021-10-29T10:46:29+00:00","dateModified":"2026-05-01T01:00:38+00:00","description":"Ota haltuusi \u00e4\u00e4ret\u00f6n v\u00e4ripaletti Keune Color Chameleon suorav\u00e4rien avulla.","breadcrumb":{"@id":"https:\/\/kinnunen.fi\/tuote\/keune-color-chameleon\/#breadcrumb"},"inLanguage":"en-GB","potentialAction":[{"@type":"ReadAction","target":["https:\/\/kinnunen.fi\/tuote\/keune-color-chameleon\/"]}]},{"@type":"ImageObject","inLanguage":"en-GB","@id":"https:\/\/kinnunen.fi\/tuote\/keune-color-chameleon\/#primaryimage","url":"https:\/\/kinnunen.fi\/wp-content\/uploads\/2021\/10\/Color_chameleon_group.jpg","contentUrl":"https:\/\/kinnunen.fi\/wp-content\/uploads\/2021\/10\/Color_chameleon_group.jpg","width":1000,"height":1000},{"@type":"BreadcrumbList","@id":"https:\/\/kinnunen.fi\/tuote\/keune-color-chameleon\/#breadcrumb","itemListElement":[{"@type":"ListItem","position":1,"name":"Etusivu","item":"https:\/\/kinnunen.fi\/"},{"@type":"ListItem","position":2,"name":"Kaikki tuotteet","item":"https:\/\/kinnunen.fi\/kauppa\/"},{"@type":"ListItem","position":3,"name":"Hiuskosmetiikka","item":"https:\/\/kinnunen.fi\/tuote-osasto\/hiuskosmetiikka\/"},{"@type":"ListItem","position":4,"name":"Keune Color Chameleon -suorav\u00e4ri 60ml"}]},{"@type":"WebSite","@id":"https:\/\/kinnunen.fi\/#website","url":"https:\/\/kinnunen.fi\/","name":"Kinnunen","description":"","potentialAction":[{"@type":"SearchAction","target":{"@type":"EntryPoint","urlTemplate":"https:\/\/kinnunen.fi\/?s={search_term_string}"},"query-input":"required name=search_term_string"}],"inLanguage":"en-GB"}]}},"_links":{"self":[{"href":"https:\/\/kinnunen.fi\/en\/wp-json\/wp\/v2\/product\/11314"}],"collection":[{"href":"https:\/\/kinnunen.fi\/en\/wp-json\/wp\/v2\/product"}],"about":[{"href":"https:\/\/kinnunen.fi\/en\/wp-json\/wp\/v2\/types\/product"}],"replies":[{"embeddable":true,"href":"https:\/\/kinnunen.fi\/en\/wp-json\/wp\/v2\/comments?post=11314"}],"wp:featuredmedia":[{"embeddable":true,"href":"https:\/\/kinnunen.fi\/en\/wp-json\/wp\/v2\/media\/14308"}],"wp:attachment":[{"href":"https:\/\/kinnunen.fi\/en\/wp-json\/wp\/v2\/media?parent=11314"}],"wp:term":[{"taxonomy":"product_cat","embeddable":true,"href":"https:\/\/kinnunen.fi\/en\/wp-json\/wp\/v2\/product_cat?post=11314"},{"taxonomy":"product_tag","embeddable":true,"href":"https:\/\/kinnunen.fi\/en\/wp-json\/wp\/v2\/product_tag?post=11314"}],"curies":[{"name":"wp","href":"https:\/\/api.w.org\/{rel}","templated":true}]}}