

{"id":11668,"date":"2021-10-29T13:50:42","date_gmt":"2021-10-29T10:50:42","guid":{"rendered":"https:\/\/kinnunen.fi-r.seravo.com\/tuote\/sn-dual-weft-2-0-50-cm-suora-24x4cm-osioita\/"},"modified":"2026-04-17T15:50:18","modified_gmt":"2026-04-17T12:50:18","slug":"sn-dual-weft-suora-50cm-teippipidennys","status":"publish","type":"product","link":"https:\/\/kinnunen.fi\/en\/product\/sn-dual-weft-suora-50cm-teippipidennys\/","title":{"rendered":"SN Dual Weft 2.0, suora, 50 cm teippipidennys"},"content":{"rendered":"<p>Teippipidennys on suosittu, yksinkertainen ja nopea tekniikka, jolla voidaan huomaamattomasti lis\u00e4t\u00e4 hiuksiin pituutta, tuuheutta ja volyymia. SN Dual Weft suora, 50 cm teippipidennys on luotettava ja huoleton vaihtoehto kun halutaan pidennys, joka istuu huomaamattomasti ja tuntuu kevyelt\u00e4. Huomaamattoman, naamioidun teippiosion ansioista pidennys sulautuu kauniisti omiin hiuksiin. Pidennyshius s\u00e4ilyy sile\u00e4n\u00e4 ja kiilt\u00e4v\u00e4n\u00e4 useiden huoltokertojen ajan, kun pidennyshiusta hoidetaan oikein. Teippipidennys sopii erinomaisesti t\u00e4yspidennyksiin sek\u00e4 tuuhennuksiin ja sen laittaminen ja huoltaminen on nopeaa ja helppoa.<\/p>\n<h2>Kenelle SN Dual Weft suora, 50 cm teippipidennys sopii?<\/h2>\n<p>Teippipidennykset sopivat l\u00e4hes kaikille, jotka haluavat lis\u00e4pituutta tai tuuheutta nopeasti ja helposti. Ne ovat kevyit\u00e4, luonnollisesti laskeutuvia ja helppohoitoisia. Teippipidennykset toimivat v\u00e4hint\u00e4\u00e4n keskipitkiss\u00e4 hiuksissa ja ne ovat my\u00f6s erinomainen ratkaisu esimerkiksi juhliin tai v\u00e4liaikaiseen muutokseen.<br \/>\nSuora hius on paras valinta asiakkaalle, jonka oma hius on luonnostaan suora tai laineikas, mutta suoristetaan p\u00e4ivitt\u00e4in. Luonnollisen lopputuloksen saavuttamiseksi 50 cm pidennyksiss\u00e4 asiakkaan oman hiuksen tulisi olla v\u00e4hint\u00e4\u00e4n 25 cm.<\/p>\n<h2>Miksi valita Dual Weft 2.0 teippipidennys<\/h2>\n<p>Dual Weft teippiosio on poikkeuksellisen ohut ja joustava. Dual Weft 2.0 -rakenteessa kiinnityskohtaan on lis\u00e4tty kapea naamioiva nauha, joka peitt\u00e4\u00e4 varsinaisen teippinauhan, joten lopputulos on erityisen huomaamaton my\u00f6s ohuessa hiuksessa.<\/p>\n<h3>Helppo, nopea ja tehokas<\/h3>\n<ul>\n<li>Teippipidennys on yksi nopeimmista pidennystekniikoista.<\/li>\n<li>Pidennysten laittaminen ja poisto on helppoa ja vaivatonta.<\/li>\n<li>K\u00e4yt\u00e4 kiinnitykseen Simply Natural -teippi\u00e4 ja poistoon teipeille tarkoitettua poistonestett\u00e4, jotta ty\u00f6skentely on mahdollisimman sujuvaa ja hell\u00e4varaista.<\/li>\n<\/ul>\n<h3>Double Drawn \u2013 kest\u00e4v\u00e4 ja laadukas lopputulos<\/h3>\n<p>K\u00e4sity\u00f6n\u00e4 valmistetut Simply Natural Double Drawn -hiukset ovat tyvest\u00e4 latvaan yht\u00e4 pitki\u00e4, mik\u00e4 helpottaa muotoilua ja lopputulos on ylellisen luonnollinen. Koska Double Drawn hiukset ovat kaikki yht\u00e4 pitki\u00e4, ne n\u00e4ytt\u00e4v\u00e4t ja tuntuvat runsailta ja paksuilta, hius ei my\u00f6sk\u00e4\u00e4n takkuunnu niin helposti.<\/p>\n<h3>Super Remy kest\u00e4\u00e4 k\u00e4ytt\u00f6\u00e4<\/h3>\n<p>Super Remy -hius on korkealaatuinen hiuslaatu, jossa kaikki hiukset ovat oikeasuuntaisesti. T\u00e4m\u00e4 tekee hiuksista luonnollisen kiilt\u00e4vi\u00e4, pehmeit\u00e4 ja takuttomia. Super Remy -hiukset ovat kest\u00e4vi\u00e4, helppohoitoisia ja ne laskeutuvat kauniisti. Simply Natural hiuksia ei k\u00e4sitell\u00e4 voimakkailla kemikaaleilla tai altisteta nopeille vaalennuksille. Vaaleimmat s\u00e4vyt vaalennetaan hitaasti, eritt\u00e4in miedoin liuoksin jopa yli kuukauden ajan.\u00a0T\u00e4m\u00e4 tekee tuotteesta ihanteellisen pitk\u00e4aikaiseen k\u00e4ytt\u00f6\u00f6n ja useisiin huoltokertoihin.<\/p>\n<h3>Materiaalin kolmen kuukauden tehdastakuu<\/h3>\n<p><span>My\u00f6nn\u00e4mme hiusmateriaalille 3 kuukauden takuun, kun pidennyksi\u00e4 hoidetaan <a href=\"https:\/\/kinnunen.fi\/en\/product-category\/hiustenpidennykset\/simply-natural-hoitotuotteet\/\">Simply Natural Hair Cosmetics -tuotteilla<\/a> ja pidennysten hoito-ohjeiden mukaan. Tehdastakuu ei ole voimassa, mik\u00e4li pidennyksi\u00e4 ei ole hoidettu takuuehtojen tai hoito-ohjeiden mukaisesti.<\/span><\/p>\n<h2>Kuinka paljon teippipidennyshiusta tarvitset?<\/h2>\n<p>SN Dual Weft suora, 50 cm teippipidennys paketissa on 24kpl, 4cm palaa eli 12 paria.<\/p>\n<p>M\u00e4\u00e4r\u00e4suositukset:<\/p>\n<ul>\n<li>1 paketti tuuhennukseen.<\/li>\n<li>2-3 pakettia t\u00e4yspidennykseen (riippuen oman hiuksen m\u00e4\u00e4r\u00e4st\u00e4 ja toivotusta lopputuloksesta).<\/li>\n<\/ul>\n<p>Luonnollisen lopputuloksen takaamiseksi 50 cm pidennyksiss\u00e4 asiakkaan oman hiuksen tulisi olla v\u00e4hint\u00e4\u00e4n 25 cm.<\/p>\n<h2>Simply Natural pidennyshiuksen materiaali ja vastuullisuus<\/h2>\n<p>Simply Natural -hiusten laatu ja eettisyys ovat niiden suurimpia vahvuuksia. Intialainen hius on pehme\u00e4\u00e4, vahvaa ja sopivan ohutta, mik\u00e4 tekee siit\u00e4 erinomaisen raakamateriaalin eurooppalaisiin hiustenpidennyksiin. Temppelihiusten alkuper\u00e4 on j\u00e4ljitett\u00e4viss\u00e4: tied\u00e4mme esimerkiksi, mist\u00e4 ja miten hiukset on ker\u00e4tty. Indonesian tehtaan k\u00e4sity\u00f6l\u00e4isten tarkka lajittelu ja valmistelu varmistavat, ett\u00e4 hiussuomut pysyv\u00e4t ehjin\u00e4, jolloin hiukset s\u00e4ilytt\u00e4v\u00e4t luonnollisen kauneutensa ja kest\u00e4v\u00e4t pitk\u00e4\u00e4n.<\/p>\n<h3>Luotettava ja j\u00e4ljitett\u00e4viss\u00e4 oleva valinta<\/h3>\n<p>Simply Natural -tuotteille on my\u00f6nnetty Euroopan Unionin GSP-todistus sek\u00e4 Simply Natural -tehtaalle on my\u00f6nnetty ISO 9001 \u2013 2008 laatusertifikaatti. N\u00e4m\u00e4 sertifioinnit takaavat tasaisen laadun, j\u00e4ljitett\u00e4vyyden ja vastuullisen tuotantoprosessin, mik\u00e4 tekee tuotteesta luotettavan ja kest\u00e4v\u00e4n valinnan.<\/p>\n<h2>S\u00e4ilyt\u00e4 teippipidennykset kauniina pitk\u00e4\u00e4n<\/h2>\n<p>Oikealla hoidolla suora, 50 cm teippipidennys s\u00e4ilyy kauniina ja pitk\u00e4ik\u00e4isen\u00e4.<\/p>\n<ul>\n<li>Hoida pidennyksi\u00e4 <a href=\"https:\/\/kinnunen.fi\/en\/product-category\/hiustenpidennykset\/simply-natural-hoitotuotteet\/\">Simply Natural Hair Cosmetics -tuotteilla<\/a> (edellytys 3 kk tehdastakuulle).<\/li>\n<li>Harjaa hiukset v\u00e4hint\u00e4\u00e4n 2\u00d7 p\u00e4iv\u00e4ss\u00e4 pidennyksille tarkoitetulla harjalla.<\/li>\n<li>Pese hell\u00e4varaisesti, v\u00e4ltt\u00e4en tyvialueen tarpeetonta hankausta.<\/li>\n<li>K\u00e4yt\u00e4 aina l\u00e4mp\u00f6suojaa muotoillessa hiusta.<\/li>\n<li>Kuivaa hiukset ennen nukkumaanmenoa ja sido ne l\u00f6ys\u00e4lle letille y\u00f6ksi.<\/li>\n<\/ul>\n<p><span>Tarkemmat hoito-ohjeet l\u00f6yd\u00e4t <a href=\"https:\/\/kinnunen.fi\/en\/tuoteoppaat-ja-ohjeet\/\">tuoteoppaat ja ohjeet -sivultamme.<\/a><\/span><\/p>\n<p>&nbsp;<\/p>","protected":false},"excerpt":{"rendered":"<p>Laadukas suora, 50 cm teippipidennys, jolla voidaan lis\u00e4t\u00e4 hiuksiin pituutta, tuuheutta ja volyymia huomaamattomasti.<br \/>\nSimply Natural Dual Weft 2.0 teippipidennyksiss\u00e4 on eritt\u00e4in ohut ja huomaamaton teippiosio ja sopii siksi erinomaisesti my\u00f6s ohuemmille hiuksille.<br \/>\nKorkea laatuinen, eettisesti hankittu intialainen Double Drawn -hius on tasalaatuista ja kest\u00e4v\u00e4\u00e4. Sen rakenne s\u00e4ilyy kauniina pitk\u00e4\u00e4n, kun hiusta hoidetaan oikein.<\/p>\n<p>Yksi paketti sis\u00e4lt\u00e4\u00e4 24kpl, 4cm leve\u00e4\u00e4 palaa (12 paria).<br \/>\nMuista my\u00f6s teippi! Teippipaloissa ei ole teippej\u00e4 valmiina.<\/p>","protected":false},"featured_media":44593,"comment_status":"closed","ping_status":"closed","template":"","meta":{"_relevanssi_hide_post":"","_relevanssi_pin_for_all":"","_relevanssi_pin_keywords":"","_relevanssi_unpin_keywords":"","_relevanssi_related_keywords":"","_relevanssi_related_include_ids":"","_relevanssi_related_exclude_ids":"","_relevanssi_related_no_append":"","_relevanssi_related_not_related":"","_relevanssi_related_posts":"","_relevanssi_noindex_reason":""},"product_cat":[1767,1916,1922],"product_tag":[],"class_list":["post-11668","product","type-product","status-publish","has-post-thumbnail","hentry","product_cat-hiustenpidennykset","product_cat-simply-natural","product_cat-dual-weft-teippipidennys","pa_pituus-50-cm","pa_tuotesarja-simply-natural","pa_vari-403","pa_vari-10-ent-101","pa_vari-10-1","pa_vari-10-2","pa_vari-3-3","pa_vari-5-3","pa_vari-5-3-8-3","pa_vari-6-3","pa_vari-6-6","pa_vari-7-2-10-2","pa_vari-7-35","pa_vari-8-2-10","pa_vari-8-3","pa_vari-8-66","pa_vari-9-2","pa_vari-9-3","pa_vari-9-43","tuotemerkki-simply-natural"],"tuotemerkit":[{"term_id":142,"name":"Simply Natural","slug":"simply-natural","term_group":0,"term_taxonomy_id":142,"taxonomy":"tuotemerkki","description":"","parent":0,"count":55,"filter":"raw"}],"acf":[],"yoast_head":"<!-- This site is optimized with the Yoast SEO plugin v23.3 - https:\/\/yoast.com\/wordpress\/plugins\/seo\/ -->\n<title>Simply Natural - suora, 50 cm teippipidennys<\/title>\n<meta name=\"description\" content=\"Simply Natural laadukas suora, 50 cm teippipidennys, jolla voidaan lis\u00e4t\u00e4 hiuksiin pituutta, tuuheutta ja volyymia huomaamattomasti.\" \/>\n<meta name=\"robots\" content=\"index, follow, max-snippet:-1, max-image-preview:large, max-video-preview:-1\" \/>\n<link rel=\"canonical\" href=\"https:\/\/kinnunen.fi\/en\/product\/sn-dual-weft-suora-50cm-teippipidennys\/\" \/>\n<meta property=\"og:locale\" content=\"en_GB\" \/>\n<meta property=\"og:type\" content=\"article\" \/>\n<meta property=\"og:title\" content=\"Simply Natural - suora, 50 cm teippipidennys\" \/>\n<meta property=\"og:description\" content=\"Simply Natural laadukas suora, 50 cm teippipidennys, jolla voidaan lis\u00e4t\u00e4 hiuksiin pituutta, tuuheutta ja volyymia huomaamattomasti.\" \/>\n<meta property=\"og:url\" content=\"https:\/\/kinnunen.fi\/en\/product\/sn-dual-weft-suora-50cm-teippipidennys\/\" \/>\n<meta property=\"og:site_name\" content=\"Kinnunen\" \/>\n<meta property=\"article:modified_time\" content=\"2026-04-17T12:50:18+00:00\" \/>\n<meta property=\"og:image\" content=\"https:\/\/kinnunen.fi\/wp-content\/uploads\/2021\/10\/Kinnunen-Dual-Weft.jpg\" \/>\n\t<meta property=\"og:image:width\" content=\"1080\" \/>\n\t<meta property=\"og:image:height\" content=\"1080\" \/>\n\t<meta property=\"og:image:type\" content=\"image\/jpeg\" \/>\n<meta name=\"twitter:card\" content=\"summary_large_image\" \/>\n<meta name=\"twitter:label1\" content=\"Estimated reading time\" \/>\n\t<meta name=\"twitter:data1\" content=\"1 minute\" \/>\n<script type=\"application\/ld+json\" class=\"yoast-schema-graph\">{\"@context\":\"https:\/\/schema.org\",\"@graph\":[{\"@type\":\"WebPage\",\"@id\":\"https:\/\/kinnunen.fi\/tuote\/sn-dual-weft-suora-50cm-teippipidennys\/\",\"url\":\"https:\/\/kinnunen.fi\/tuote\/sn-dual-weft-suora-50cm-teippipidennys\/\",\"name\":\"Simply Natural - suora, 50 cm teippipidennys\",\"isPartOf\":{\"@id\":\"https:\/\/kinnunen.fi\/#website\"},\"primaryImageOfPage\":{\"@id\":\"https:\/\/kinnunen.fi\/tuote\/sn-dual-weft-suora-50cm-teippipidennys\/#primaryimage\"},\"image\":{\"@id\":\"https:\/\/kinnunen.fi\/tuote\/sn-dual-weft-suora-50cm-teippipidennys\/#primaryimage\"},\"thumbnailUrl\":\"https:\/\/kinnunen.fi\/wp-content\/uploads\/2021\/10\/Kinnunen-Dual-Weft.jpg\",\"datePublished\":\"2021-10-29T10:50:42+00:00\",\"dateModified\":\"2026-04-17T12:50:18+00:00\",\"description\":\"Simply Natural laadukas suora, 50 cm teippipidennys, jolla voidaan lis\u00e4t\u00e4 hiuksiin pituutta, tuuheutta ja volyymia huomaamattomasti.\",\"breadcrumb\":{\"@id\":\"https:\/\/kinnunen.fi\/tuote\/sn-dual-weft-suora-50cm-teippipidennys\/#breadcrumb\"},\"inLanguage\":\"en-GB\",\"potentialAction\":[{\"@type\":\"ReadAction\",\"target\":[\"https:\/\/kinnunen.fi\/tuote\/sn-dual-weft-suora-50cm-teippipidennys\/\"]}]},{\"@type\":\"ImageObject\",\"inLanguage\":\"en-GB\",\"@id\":\"https:\/\/kinnunen.fi\/tuote\/sn-dual-weft-suora-50cm-teippipidennys\/#primaryimage\",\"url\":\"https:\/\/kinnunen.fi\/wp-content\/uploads\/2021\/10\/Kinnunen-Dual-Weft.jpg\",\"contentUrl\":\"https:\/\/kinnunen.fi\/wp-content\/uploads\/2021\/10\/Kinnunen-Dual-Weft.jpg\",\"width\":1080,\"height\":1080,\"caption\":\"L\u00e4hikuva Simply Natural Dual Weft teippipidennyksen teippiosiosta\"},{\"@type\":\"BreadcrumbList\",\"@id\":\"https:\/\/kinnunen.fi\/tuote\/sn-dual-weft-suora-50cm-teippipidennys\/#breadcrumb\",\"itemListElement\":[{\"@type\":\"ListItem\",\"position\":1,\"name\":\"Etusivu\",\"item\":\"https:\/\/kinnunen.fi\/\"},{\"@type\":\"ListItem\",\"position\":2,\"name\":\"Kaikki tuotteet\",\"item\":\"https:\/\/kinnunen.fi\/kauppa\/\"},{\"@type\":\"ListItem\",\"position\":3,\"name\":\"Hiustenpidennykset\",\"item\":\"https:\/\/kinnunen.fi\/tuote-osasto\/hiustenpidennykset\/\"},{\"@type\":\"ListItem\",\"position\":4,\"name\":\"Simply Natural -pidennyshiukset\",\"item\":\"https:\/\/kinnunen.fi\/tuote-osasto\/hiustenpidennykset\/simply-natural\/\"},{\"@type\":\"ListItem\",\"position\":5,\"name\":\"Dual Weft -teippipidennys\",\"item\":\"https:\/\/kinnunen.fi\/tuote-osasto\/hiustenpidennykset\/simply-natural\/dual-weft-teippipidennys\/\"},{\"@type\":\"ListItem\",\"position\":6,\"name\":\"SN Dual Weft 2.0, suora, 50 cm teippipidennys\"}]},{\"@type\":\"WebSite\",\"@id\":\"https:\/\/kinnunen.fi\/#website\",\"url\":\"https:\/\/kinnunen.fi\/\",\"name\":\"Kinnunen\",\"description\":\"\",\"potentialAction\":[{\"@type\":\"SearchAction\",\"target\":{\"@type\":\"EntryPoint\",\"urlTemplate\":\"https:\/\/kinnunen.fi\/?s={search_term_string}\"},\"query-input\":\"required name=search_term_string\"}],\"inLanguage\":\"en-GB\"}]}<\/script>\n<!-- \/ Yoast SEO plugin. -->","yoast_head_json":{"title":"Simply Natural - suora, 50 cm teippipidennys","description":"Simply Natural laadukas suora, 50 cm teippipidennys, jolla voidaan lis\u00e4t\u00e4 hiuksiin pituutta, tuuheutta ja volyymia huomaamattomasti.","robots":{"index":"index","follow":"follow","max-snippet":"max-snippet:-1","max-image-preview":"max-image-preview:large","max-video-preview":"max-video-preview:-1"},"canonical":"https:\/\/kinnunen.fi\/en\/product\/sn-dual-weft-suora-50cm-teippipidennys\/","og_locale":"en_GB","og_type":"article","og_title":"Simply Natural - suora, 50 cm teippipidennys","og_description":"Simply Natural laadukas suora, 50 cm teippipidennys, jolla voidaan lis\u00e4t\u00e4 hiuksiin pituutta, tuuheutta ja volyymia huomaamattomasti.","og_url":"https:\/\/kinnunen.fi\/en\/product\/sn-dual-weft-suora-50cm-teippipidennys\/","og_site_name":"Kinnunen","article_modified_time":"2026-04-17T12:50:18+00:00","og_image":[{"width":1080,"height":1080,"url":"https:\/\/kinnunen.fi\/wp-content\/uploads\/2021\/10\/Kinnunen-Dual-Weft.jpg","type":"image\/jpeg"}],"twitter_card":"summary_large_image","twitter_misc":{"Estimated reading time":"1 minute"},"schema":{"@context":"https:\/\/schema.org","@graph":[{"@type":"WebPage","@id":"https:\/\/kinnunen.fi\/tuote\/sn-dual-weft-suora-50cm-teippipidennys\/","url":"https:\/\/kinnunen.fi\/tuote\/sn-dual-weft-suora-50cm-teippipidennys\/","name":"Simply Natural - suora, 50 cm teippipidennys","isPartOf":{"@id":"https:\/\/kinnunen.fi\/#website"},"primaryImageOfPage":{"@id":"https:\/\/kinnunen.fi\/tuote\/sn-dual-weft-suora-50cm-teippipidennys\/#primaryimage"},"image":{"@id":"https:\/\/kinnunen.fi\/tuote\/sn-dual-weft-suora-50cm-teippipidennys\/#primaryimage"},"thumbnailUrl":"https:\/\/kinnunen.fi\/wp-content\/uploads\/2021\/10\/Kinnunen-Dual-Weft.jpg","datePublished":"2021-10-29T10:50:42+00:00","dateModified":"2026-04-17T12:50:18+00:00","description":"Simply Natural laadukas suora, 50 cm teippipidennys, jolla voidaan lis\u00e4t\u00e4 hiuksiin pituutta, tuuheutta ja volyymia huomaamattomasti.","breadcrumb":{"@id":"https:\/\/kinnunen.fi\/tuote\/sn-dual-weft-suora-50cm-teippipidennys\/#breadcrumb"},"inLanguage":"en-GB","potentialAction":[{"@type":"ReadAction","target":["https:\/\/kinnunen.fi\/tuote\/sn-dual-weft-suora-50cm-teippipidennys\/"]}]},{"@type":"ImageObject","inLanguage":"en-GB","@id":"https:\/\/kinnunen.fi\/tuote\/sn-dual-weft-suora-50cm-teippipidennys\/#primaryimage","url":"https:\/\/kinnunen.fi\/wp-content\/uploads\/2021\/10\/Kinnunen-Dual-Weft.jpg","contentUrl":"https:\/\/kinnunen.fi\/wp-content\/uploads\/2021\/10\/Kinnunen-Dual-Weft.jpg","width":1080,"height":1080,"caption":"L\u00e4hikuva Simply Natural Dual Weft teippipidennyksen teippiosiosta"},{"@type":"BreadcrumbList","@id":"https:\/\/kinnunen.fi\/tuote\/sn-dual-weft-suora-50cm-teippipidennys\/#breadcrumb","itemListElement":[{"@type":"ListItem","position":1,"name":"Etusivu","item":"https:\/\/kinnunen.fi\/"},{"@type":"ListItem","position":2,"name":"Kaikki tuotteet","item":"https:\/\/kinnunen.fi\/kauppa\/"},{"@type":"ListItem","position":3,"name":"Hiustenpidennykset","item":"https:\/\/kinnunen.fi\/tuote-osasto\/hiustenpidennykset\/"},{"@type":"ListItem","position":4,"name":"Simply Natural -pidennyshiukset","item":"https:\/\/kinnunen.fi\/tuote-osasto\/hiustenpidennykset\/simply-natural\/"},{"@type":"ListItem","position":5,"name":"Dual Weft -teippipidennys","item":"https:\/\/kinnunen.fi\/tuote-osasto\/hiustenpidennykset\/simply-natural\/dual-weft-teippipidennys\/"},{"@type":"ListItem","position":6,"name":"SN Dual Weft 2.0, suora, 50 cm teippipidennys"}]},{"@type":"WebSite","@id":"https:\/\/kinnunen.fi\/#website","url":"https:\/\/kinnunen.fi\/","name":"Kinnunen","description":"","potentialAction":[{"@type":"SearchAction","target":{"@type":"EntryPoint","urlTemplate":"https:\/\/kinnunen.fi\/?s={search_term_string}"},"query-input":"required name=search_term_string"}],"inLanguage":"en-GB"}]}},"_links":{"self":[{"href":"https:\/\/kinnunen.fi\/en\/wp-json\/wp\/v2\/product\/11668"}],"collection":[{"href":"https:\/\/kinnunen.fi\/en\/wp-json\/wp\/v2\/product"}],"about":[{"href":"https:\/\/kinnunen.fi\/en\/wp-json\/wp\/v2\/types\/product"}],"replies":[{"embeddable":true,"href":"https:\/\/kinnunen.fi\/en\/wp-json\/wp\/v2\/comments?post=11668"}],"wp:featuredmedia":[{"embeddable":true,"href":"https:\/\/kinnunen.fi\/en\/wp-json\/wp\/v2\/media\/44593"}],"wp:attachment":[{"href":"https:\/\/kinnunen.fi\/en\/wp-json\/wp\/v2\/media?parent=11668"}],"wp:term":[{"taxonomy":"product_cat","embeddable":true,"href":"https:\/\/kinnunen.fi\/en\/wp-json\/wp\/v2\/product_cat?post=11668"},{"taxonomy":"product_tag","embeddable":true,"href":"https:\/\/kinnunen.fi\/en\/wp-json\/wp\/v2\/product_tag?post=11668"}],"curies":[{"name":"wp","href":"https:\/\/api.w.org\/{rel}","templated":true}]}}