

{"id":11690,"date":"2021-10-29T13:50:57","date_gmt":"2021-10-29T10:50:57","guid":{"rendered":"https:\/\/kinnunen.fi-r.seravo.com\/tuote\/sn-dual-weft-2-0-50-cm-laine-24x4cm-osioita\/"},"modified":"2026-04-13T12:56:47","modified_gmt":"2026-04-13T09:56:47","slug":"sn-dual-weft-laineikas-50-cm-teippipidennys","status":"publish","type":"product","link":"https:\/\/kinnunen.fi\/en\/product\/sn-dual-weft-laineikas-50-cm-teippipidennys\/","title":{"rendered":"SN Dual Weft 2.0, laineikas, 50 cm teippipidennys"},"content":{"rendered":"<p data-start=\"405\" data-end=\"986\">Teippipidennys on suosittu ja nopea tapa lis\u00e4t\u00e4 hiuksiin pituutta, tuuheutta ja volyymia huomaamattomasti. SN Dual Weft laineikas, 50 cm teippipidennys tarjoaa luotettavan ja vaivattoman ratkaisun silloin, kun halutaan pidennys, joka istuu kauniisti omiin hiuksiin ja tuntuu kevyelt\u00e4. Huomaamaton teippiosio sulautuu luonnollisesti omiin hiuksiin. Pidennyshius kest\u00e4\u00e4 useamman huoltokerran ajan, kun hiusta hoidetaan oikein. Teippipidennys sopii niin t\u00e4yspidennyksiin kuin tuuhennuksiin, ja sen laittaminen sek\u00e4 huoltaminen on nopeaa ja helppoa.<\/p>\n<h2 data-start=\"993\" data-end=\"1056\">Kenelle SN Dual Weft laineikas, 50 cm teippipidennys sopii?<\/h2>\n<p data-start=\"1058\" data-end=\"1611\">Teippipidennykset sopivat l\u00e4hes kaikille, jotka haluavat hiuksiinsa lis\u00e4\u00e4 volyymia ja pituutta nopeasti. Ne ovat kevyit\u00e4, luonnollisesti laskeutuvia ja helppohoitoisia. Tekniikka toimii v\u00e4hint\u00e4\u00e4n keskipitkiss\u00e4 hiuksissa ja on hyv\u00e4 ratkaisu esimerkiksi juhliin tai v\u00e4liaikaiseen muutokseen. Laineikas hius n\u00e4ytt\u00e4\u00e4 luonnolliselta ja kauniilta, kun omaa hiusta on kiharretaan p\u00e4ivitt\u00e4in tai on luonnostaan hieman laineikas. Luonnollisen lopputuloksen saavuttamiseksi 50 cm pidennyksiss\u00e4 asiakkaan oman hiuksen tulisi olla v\u00e4hint\u00e4\u00e4n 25 cm.<\/p>\n<h2 data-start=\"1618\" data-end=\"1662\">Miksi valita Dual Weft 2.0 teippipidennys<\/h2>\n<p data-start=\"1664\" data-end=\"1898\">Dual Weft -teippiosio on eritt\u00e4in ohut ja joustava. Dual Weft 2.0 -rakenteessa kiinnityskohtaan on lis\u00e4tty kapea naamioiva nauha, joka peitt\u00e4\u00e4 itse teippinauhan ja tekee lopputuloksesta erityisen huomaamattoman my\u00f6s ohuessa hiuksessa.<\/p>\n<h3 data-start=\"1905\" data-end=\"1932\">Helppo, nopea ja tehokas<\/h3>\n<p data-start=\"1934\" data-end=\"2008\">Teippipidennys on yksi nopeimmista ja helpoimmista pidennysmenetelmist\u00e4.<\/p>\n<ul data-start=\"2009\" data-end=\"2224\">\n<li data-start=\"2009\" data-end=\"2074\">\n<p data-start=\"2011\" data-end=\"2074\">Asennus ja poisto sujuvat nopeasti ilman ylim\u00e4\u00e4r\u00e4ist\u00e4 vaivaa.<\/p>\n<\/li>\n<li data-start=\"2075\" data-end=\"2224\">\n<p data-start=\"2077\" data-end=\"2224\">K\u00e4yt\u00e4 kiinnitykseen Simply Natural -teippi\u00e4 ja poistoa varten teipeille tarkoitettua suihketta, jotta ty\u00f6skentely pysyy hell\u00e4varaisena ja vaivattomana.<\/p>\n<\/li>\n<\/ul>\n<h3 data-start=\"2231\" data-end=\"2279\">Double Drawn \u2013 kest\u00e4v\u00e4 ja laadukas lopputulos<\/h3>\n<p data-start=\"2281\" data-end=\"2558\">K\u00e4sity\u00f6n\u00e4 valmistetut Simply Natural Double Drawn -hiukset ovat tasapituisia tyvest\u00e4 latvaan, mik\u00e4 helpottaa muotoilua ja tekee lopputuloksesta ylellisen luonnollisen. Koska kaikki hiukset ovat yht\u00e4 pitki\u00e4, pidennys n\u00e4ytt\u00e4\u00e4 ja tuntuu runsaalta, paksulta ja takkuuntuu v\u00e4hemm\u00e4n.<\/p>\n<h3 data-start=\"2565\" data-end=\"2593\">Super Remy kest\u00e4\u00e4 k\u00e4ytt\u00f6\u00e4<\/h3>\n<p data-start=\"2595\" data-end=\"3046\">Super Remy -hiukset ovat korkealaatuisia ja kaikki hiukset ovat oikeasuuntaisia, mik\u00e4 tekee niist\u00e4 luonnollisen kiilt\u00e4vi\u00e4, pehmeit\u00e4 ja takuttomia. Hiukset kest\u00e4v\u00e4t k\u00e4ytt\u00f6\u00e4 ja muotoilua. Simply Natural -hiuksia ei k\u00e4sitell\u00e4 voimakkailla kemikaaleilla tai altisteta nopeille vaalennuksille. Vaaleimmat s\u00e4vyt vaalennetaan hitaasti ja miedoin ainein jopa yli kuukauden ajan. T\u00e4m\u00e4 tekee tuotteesta pitk\u00e4ik\u00e4isen ja kest\u00e4v\u00e4n.<\/p>\n<h3 data-start=\"3053\" data-end=\"3096\">Materiaalin kolmen kuukauden tehdastakuu<\/h3>\n<p data-start=\"3098\" data-end=\"3302\">Hiusmateriaalilla on 3 kuukauden tehdastakuu, kun pidennyksi\u00e4 hoidetaan <a href=\"https:\/\/kinnunen.fi\/en\/product-category\/hiustenpidennykset\/simply-natural-hoitotuotteet\/\">Simply Natural Hair Cosmetics -tuotteilla<\/a> ja ohjeiden mukaisesti. Takuu raukeaa, mik\u00e4li pidennyksi\u00e4 ei ole hoidettu ohjeiden mukaan.<\/p>\n<h2 data-start=\"3309\" data-end=\"3357\">Kuinka paljon teippipidennyshiusta tarvitset?<\/h2>\n<p data-start=\"3359\" data-end=\"3463\">SN Dual Weft laineikas, 50 cm teippipidennys -paketti sis\u00e4lt\u00e4\u00e4 24 kpl, 4 cm leve\u00e4\u00e4 palaa eli 12 paria.<\/p>\n<ul data-start=\"3464\" data-end=\"3601\">\n<li data-start=\"3464\" data-end=\"3499\">\n<p data-start=\"3466\" data-end=\"3499\">1 paketti riitt\u00e4\u00e4 tuuhennukseen<\/p>\n<\/li>\n<li data-start=\"3500\" data-end=\"3601\">\n<p data-start=\"3502\" data-end=\"3601\">2\u20133 pakettia sopii t\u00e4yspidennykseen, riippuen oman hiuksen m\u00e4\u00e4r\u00e4st\u00e4 ja toivotusta lopputuloksesta<\/p>\n<\/li>\n<\/ul>\n<p data-start=\"3603\" data-end=\"3727\">Luonnollisen lopputuloksen takaamiseksi asiakkaan oman hiuksen tulisi olla riitt\u00e4v\u00e4n pitk\u00e4 sulautuakseen 50 cm pidennykseen.<\/p>\n<h2 data-start=\"3734\" data-end=\"3795\">Simply Natural pidennyshiuksen materiaali ja vastuullisuus<\/h2>\n<p data-start=\"3797\" data-end=\"4254\">Simply Natural -hiukset ovat laadukkaita ja eettisesti hankittuja. Intialainen hius on pehme\u00e4\u00e4, vahvaa ja sopivan ohutta, mik\u00e4 tekee siit\u00e4 erinomaisen materiaalin eurooppalaisiin pidennyksiin. Temppelihiusten alkuper\u00e4 on j\u00e4ljitett\u00e4viss\u00e4 ja tied\u00e4mme mist\u00e4 ja miten hiukset on ker\u00e4tty. Indonesian tehtaan k\u00e4sity\u00f6l\u00e4iset lajittelevat ja valmistavat hiukset huolellisesti, jotta hiussuomut pysyv\u00e4t ehjin\u00e4 ja hiukset s\u00e4ilytt\u00e4v\u00e4t luonnollisen kauneutensa pitk\u00e4\u00e4n.<\/p>\n<h3 data-start=\"4256\" data-end=\"4303\">Luotettava ja j\u00e4ljitett\u00e4viss\u00e4 oleva valinta<\/h3>\n<p data-start=\"4305\" data-end=\"4548\">Simply Natural -tuotteilla on Euroopan Unionin GSP-todistus ja tehtaalta l\u00f6ytyy ISO 9001 \u2013 2008 laatusertifikaatti. N\u00e4m\u00e4 takaavat tasaisen laadun, j\u00e4ljitett\u00e4vyyden ja vastuullisen tuotantoprosessin, joten hius on luotettava ja kest\u00e4v\u00e4 valinta.<\/p>\n<h2 data-start=\"4555\" data-end=\"4600\">S\u00e4ilyt\u00e4 teippipidennykset kauniina pitk\u00e4\u00e4n<\/h2>\n<p data-start=\"4602\" data-end=\"4970\">Oikealla hoidolla laineikas, 50 cm teippipidennys s\u00e4ilyy kauniina ja pitk\u00e4ik\u00e4isen\u00e4. K\u00e4yt\u00e4 <a href=\"https:\/\/kinnunen.fi\/en\/product-category\/hiustenpidennykset\/simply-natural-hoitotuotteet\/\">Simply Natural Hair Cosmetics -tuotteita<\/a> (edellytys 3 kk takuulle), harjaa hiukset minimiss\u00e4\u00e4n 2\u00d7 p\u00e4iv\u00e4ss\u00e4 pidennysharjalla ja pese hell\u00e4varaisesti v\u00e4ltt\u00e4en tyvialueen hankausta. K\u00e4yt\u00e4 l\u00e4mp\u00f6suojaa muotoilussa, kuivaa hiukset ennen nukkumaanmenoa ja sido ne y\u00f6ksi l\u00f6ys\u00e4lle letille.<\/p>\n<p><span>Tarkemmat hoito-ohjeet l\u00f6yd\u00e4t <a href=\"https:\/\/kinnunen.fi\/en\/tuoteoppaat-ja-ohjeet\/\">tuoteoppaat ja ohjeet -sivultamme.<\/a><\/span><\/p>\n<p>&nbsp;<\/p>","protected":false},"excerpt":{"rendered":"<p>Laadukas laineikas, 50 cm teippipidennys, jolla voit lis\u00e4t\u00e4 hiuksiin pituutta, tuuheutta ja volyymia helposti ja huomaamattomasti. Simply Natural Dual Weft 2.0 teippipidennysten ohut ja huomaamaton teippiosa tekee niist\u00e4 sopivan my\u00f6s ohuemmille hiuksille. Korkealaatuinen, eettisesti hankittu intialainen Double Drawn -hius on tasalaatuista ja kest\u00e4v\u00e4\u00e4. Hiukset pysyv\u00e4t kauniina pitk\u00e4\u00e4n oikeanlaisen hoidon avulla.<br \/>\nPaketti sis\u00e4lt\u00e4\u00e4 24 kpl, 4 cm leve\u00e4\u00e4 palaa (12 paria).<br \/>\nHuomioithan, ett\u00e4 teipit tulee hankkia erikseen. Teippiosioissa ei ole teippej\u00e4 valmiina.<\/p>","protected":false},"featured_media":44593,"comment_status":"closed","ping_status":"closed","template":"","meta":{"_relevanssi_hide_post":"","_relevanssi_pin_for_all":"","_relevanssi_pin_keywords":"","_relevanssi_unpin_keywords":"","_relevanssi_related_keywords":"","_relevanssi_related_include_ids":"","_relevanssi_related_exclude_ids":"","_relevanssi_related_no_append":"","_relevanssi_related_not_related":"","_relevanssi_related_posts":"","_relevanssi_noindex_reason":""},"product_cat":[1767,1916,1922],"product_tag":[],"class_list":["post-11690","product","type-product","status-publish","has-post-thumbnail","hentry","product_cat-hiustenpidennykset","product_cat-simply-natural","product_cat-dual-weft-teippipidennys","pa_pituus-50-cm","pa_tuotesarja-simply-natural","pa_vari-403","pa_vari-10-ent-101","pa_vari-10-1","pa_vari-10-2","pa_vari-3-3","pa_vari-4-4","pa_vari-5-3","pa_vari-5-3-8-3","pa_vari-6-3","pa_vari-6-66","pa_vari-7-2-10-2","pa_vari-7-35","pa_vari-8-2-10","pa_vari-8-3","pa_vari-8-66","pa_vari-9-2","pa_vari-9-3","pa_vari-9-43","pa_vari-b822-03","tuotemerkki-simply-natural"],"tuotemerkit":[{"term_id":142,"name":"Simply Natural","slug":"simply-natural","term_group":0,"term_taxonomy_id":142,"taxonomy":"tuotemerkki","description":"","parent":0,"count":55,"filter":"raw"}],"acf":[],"yoast_head":"<!-- This site is optimized with the Yoast SEO plugin v23.3 - https:\/\/yoast.com\/wordpress\/plugins\/seo\/ -->\n<title>Simply Natural - laineikas, 50 cm teippipidennys<\/title>\n<meta name=\"description\" content=\"Simply Natural laadukas laineikas, 50 cm teippipidennys, jolla voidaan lis\u00e4t\u00e4 hiuksiin pituutta, tuuheutta ja volyymia huomaamattomasti.\" \/>\n<meta name=\"robots\" content=\"index, follow, max-snippet:-1, max-image-preview:large, max-video-preview:-1\" \/>\n<link rel=\"canonical\" href=\"https:\/\/kinnunen.fi\/en\/product\/sn-dual-weft-laineikas-50-cm-teippipidennys\/\" \/>\n<meta property=\"og:locale\" content=\"en_GB\" \/>\n<meta property=\"og:type\" content=\"article\" \/>\n<meta property=\"og:title\" content=\"Simply Natural - laineikas, 50 cm teippipidennys\" \/>\n<meta property=\"og:description\" content=\"Simply Natural laadukas laineikas, 50 cm teippipidennys, jolla voidaan lis\u00e4t\u00e4 hiuksiin pituutta, tuuheutta ja volyymia huomaamattomasti.\" \/>\n<meta property=\"og:url\" content=\"https:\/\/kinnunen.fi\/en\/product\/sn-dual-weft-laineikas-50-cm-teippipidennys\/\" \/>\n<meta property=\"og:site_name\" content=\"Kinnunen\" \/>\n<meta property=\"article:modified_time\" content=\"2026-04-13T09:56:47+00:00\" \/>\n<meta property=\"og:image\" content=\"https:\/\/kinnunen.fi\/wp-content\/uploads\/2021\/10\/Kinnunen-Dual-Weft.jpg\" \/>\n\t<meta property=\"og:image:width\" content=\"1080\" \/>\n\t<meta property=\"og:image:height\" content=\"1080\" \/>\n\t<meta property=\"og:image:type\" content=\"image\/jpeg\" \/>\n<meta name=\"twitter:card\" content=\"summary_large_image\" \/>\n<meta name=\"twitter:label1\" content=\"Estimated reading time\" \/>\n\t<meta name=\"twitter:data1\" content=\"1 minute\" \/>\n<script type=\"application\/ld+json\" class=\"yoast-schema-graph\">{\"@context\":\"https:\/\/schema.org\",\"@graph\":[{\"@type\":\"WebPage\",\"@id\":\"https:\/\/kinnunen.fi\/tuote\/sn-dual-weft-laineikas-50-cm-teippipidennys\/\",\"url\":\"https:\/\/kinnunen.fi\/tuote\/sn-dual-weft-laineikas-50-cm-teippipidennys\/\",\"name\":\"Simply Natural - laineikas, 50 cm teippipidennys\",\"isPartOf\":{\"@id\":\"https:\/\/kinnunen.fi\/#website\"},\"primaryImageOfPage\":{\"@id\":\"https:\/\/kinnunen.fi\/tuote\/sn-dual-weft-laineikas-50-cm-teippipidennys\/#primaryimage\"},\"image\":{\"@id\":\"https:\/\/kinnunen.fi\/tuote\/sn-dual-weft-laineikas-50-cm-teippipidennys\/#primaryimage\"},\"thumbnailUrl\":\"https:\/\/kinnunen.fi\/wp-content\/uploads\/2021\/10\/Kinnunen-Dual-Weft.jpg\",\"datePublished\":\"2021-10-29T10:50:57+00:00\",\"dateModified\":\"2026-04-13T09:56:47+00:00\",\"description\":\"Simply Natural laadukas laineikas, 50 cm teippipidennys, jolla voidaan lis\u00e4t\u00e4 hiuksiin pituutta, tuuheutta ja volyymia huomaamattomasti.\",\"breadcrumb\":{\"@id\":\"https:\/\/kinnunen.fi\/tuote\/sn-dual-weft-laineikas-50-cm-teippipidennys\/#breadcrumb\"},\"inLanguage\":\"en-GB\",\"potentialAction\":[{\"@type\":\"ReadAction\",\"target\":[\"https:\/\/kinnunen.fi\/tuote\/sn-dual-weft-laineikas-50-cm-teippipidennys\/\"]}]},{\"@type\":\"ImageObject\",\"inLanguage\":\"en-GB\",\"@id\":\"https:\/\/kinnunen.fi\/tuote\/sn-dual-weft-laineikas-50-cm-teippipidennys\/#primaryimage\",\"url\":\"https:\/\/kinnunen.fi\/wp-content\/uploads\/2021\/10\/Kinnunen-Dual-Weft.jpg\",\"contentUrl\":\"https:\/\/kinnunen.fi\/wp-content\/uploads\/2021\/10\/Kinnunen-Dual-Weft.jpg\",\"width\":1080,\"height\":1080,\"caption\":\"L\u00e4hikuva Simply Natural Dual Weft teippipidennyksen teippiosiosta\"},{\"@type\":\"BreadcrumbList\",\"@id\":\"https:\/\/kinnunen.fi\/tuote\/sn-dual-weft-laineikas-50-cm-teippipidennys\/#breadcrumb\",\"itemListElement\":[{\"@type\":\"ListItem\",\"position\":1,\"name\":\"Etusivu\",\"item\":\"https:\/\/kinnunen.fi\/\"},{\"@type\":\"ListItem\",\"position\":2,\"name\":\"Kaikki tuotteet\",\"item\":\"https:\/\/kinnunen.fi\/kauppa\/\"},{\"@type\":\"ListItem\",\"position\":3,\"name\":\"Hiustenpidennykset\",\"item\":\"https:\/\/kinnunen.fi\/tuote-osasto\/hiustenpidennykset\/\"},{\"@type\":\"ListItem\",\"position\":4,\"name\":\"Simply Natural -pidennyshiukset\",\"item\":\"https:\/\/kinnunen.fi\/tuote-osasto\/hiustenpidennykset\/simply-natural\/\"},{\"@type\":\"ListItem\",\"position\":5,\"name\":\"Dual Weft -teippipidennys\",\"item\":\"https:\/\/kinnunen.fi\/tuote-osasto\/hiustenpidennykset\/simply-natural\/dual-weft-teippipidennys\/\"},{\"@type\":\"ListItem\",\"position\":6,\"name\":\"SN Dual Weft 2.0, laineikas, 50 cm teippipidennys\"}]},{\"@type\":\"WebSite\",\"@id\":\"https:\/\/kinnunen.fi\/#website\",\"url\":\"https:\/\/kinnunen.fi\/\",\"name\":\"Kinnunen\",\"description\":\"\",\"potentialAction\":[{\"@type\":\"SearchAction\",\"target\":{\"@type\":\"EntryPoint\",\"urlTemplate\":\"https:\/\/kinnunen.fi\/?s={search_term_string}\"},\"query-input\":\"required name=search_term_string\"}],\"inLanguage\":\"en-GB\"}]}<\/script>\n<!-- \/ Yoast SEO plugin. -->","yoast_head_json":{"title":"Simply Natural - laineikas, 50 cm teippipidennys","description":"Simply Natural laadukas laineikas, 50 cm teippipidennys, jolla voidaan lis\u00e4t\u00e4 hiuksiin pituutta, tuuheutta ja volyymia huomaamattomasti.","robots":{"index":"index","follow":"follow","max-snippet":"max-snippet:-1","max-image-preview":"max-image-preview:large","max-video-preview":"max-video-preview:-1"},"canonical":"https:\/\/kinnunen.fi\/en\/product\/sn-dual-weft-laineikas-50-cm-teippipidennys\/","og_locale":"en_GB","og_type":"article","og_title":"Simply Natural - laineikas, 50 cm teippipidennys","og_description":"Simply Natural laadukas laineikas, 50 cm teippipidennys, jolla voidaan lis\u00e4t\u00e4 hiuksiin pituutta, tuuheutta ja volyymia huomaamattomasti.","og_url":"https:\/\/kinnunen.fi\/en\/product\/sn-dual-weft-laineikas-50-cm-teippipidennys\/","og_site_name":"Kinnunen","article_modified_time":"2026-04-13T09:56:47+00:00","og_image":[{"width":1080,"height":1080,"url":"https:\/\/kinnunen.fi\/wp-content\/uploads\/2021\/10\/Kinnunen-Dual-Weft.jpg","type":"image\/jpeg"}],"twitter_card":"summary_large_image","twitter_misc":{"Estimated reading time":"1 minute"},"schema":{"@context":"https:\/\/schema.org","@graph":[{"@type":"WebPage","@id":"https:\/\/kinnunen.fi\/tuote\/sn-dual-weft-laineikas-50-cm-teippipidennys\/","url":"https:\/\/kinnunen.fi\/tuote\/sn-dual-weft-laineikas-50-cm-teippipidennys\/","name":"Simply Natural - laineikas, 50 cm teippipidennys","isPartOf":{"@id":"https:\/\/kinnunen.fi\/#website"},"primaryImageOfPage":{"@id":"https:\/\/kinnunen.fi\/tuote\/sn-dual-weft-laineikas-50-cm-teippipidennys\/#primaryimage"},"image":{"@id":"https:\/\/kinnunen.fi\/tuote\/sn-dual-weft-laineikas-50-cm-teippipidennys\/#primaryimage"},"thumbnailUrl":"https:\/\/kinnunen.fi\/wp-content\/uploads\/2021\/10\/Kinnunen-Dual-Weft.jpg","datePublished":"2021-10-29T10:50:57+00:00","dateModified":"2026-04-13T09:56:47+00:00","description":"Simply Natural laadukas laineikas, 50 cm teippipidennys, jolla voidaan lis\u00e4t\u00e4 hiuksiin pituutta, tuuheutta ja volyymia huomaamattomasti.","breadcrumb":{"@id":"https:\/\/kinnunen.fi\/tuote\/sn-dual-weft-laineikas-50-cm-teippipidennys\/#breadcrumb"},"inLanguage":"en-GB","potentialAction":[{"@type":"ReadAction","target":["https:\/\/kinnunen.fi\/tuote\/sn-dual-weft-laineikas-50-cm-teippipidennys\/"]}]},{"@type":"ImageObject","inLanguage":"en-GB","@id":"https:\/\/kinnunen.fi\/tuote\/sn-dual-weft-laineikas-50-cm-teippipidennys\/#primaryimage","url":"https:\/\/kinnunen.fi\/wp-content\/uploads\/2021\/10\/Kinnunen-Dual-Weft.jpg","contentUrl":"https:\/\/kinnunen.fi\/wp-content\/uploads\/2021\/10\/Kinnunen-Dual-Weft.jpg","width":1080,"height":1080,"caption":"L\u00e4hikuva Simply Natural Dual Weft teippipidennyksen teippiosiosta"},{"@type":"BreadcrumbList","@id":"https:\/\/kinnunen.fi\/tuote\/sn-dual-weft-laineikas-50-cm-teippipidennys\/#breadcrumb","itemListElement":[{"@type":"ListItem","position":1,"name":"Etusivu","item":"https:\/\/kinnunen.fi\/"},{"@type":"ListItem","position":2,"name":"Kaikki tuotteet","item":"https:\/\/kinnunen.fi\/kauppa\/"},{"@type":"ListItem","position":3,"name":"Hiustenpidennykset","item":"https:\/\/kinnunen.fi\/tuote-osasto\/hiustenpidennykset\/"},{"@type":"ListItem","position":4,"name":"Simply Natural -pidennyshiukset","item":"https:\/\/kinnunen.fi\/tuote-osasto\/hiustenpidennykset\/simply-natural\/"},{"@type":"ListItem","position":5,"name":"Dual Weft -teippipidennys","item":"https:\/\/kinnunen.fi\/tuote-osasto\/hiustenpidennykset\/simply-natural\/dual-weft-teippipidennys\/"},{"@type":"ListItem","position":6,"name":"SN Dual Weft 2.0, laineikas, 50 cm teippipidennys"}]},{"@type":"WebSite","@id":"https:\/\/kinnunen.fi\/#website","url":"https:\/\/kinnunen.fi\/","name":"Kinnunen","description":"","potentialAction":[{"@type":"SearchAction","target":{"@type":"EntryPoint","urlTemplate":"https:\/\/kinnunen.fi\/?s={search_term_string}"},"query-input":"required name=search_term_string"}],"inLanguage":"en-GB"}]}},"_links":{"self":[{"href":"https:\/\/kinnunen.fi\/en\/wp-json\/wp\/v2\/product\/11690"}],"collection":[{"href":"https:\/\/kinnunen.fi\/en\/wp-json\/wp\/v2\/product"}],"about":[{"href":"https:\/\/kinnunen.fi\/en\/wp-json\/wp\/v2\/types\/product"}],"replies":[{"embeddable":true,"href":"https:\/\/kinnunen.fi\/en\/wp-json\/wp\/v2\/comments?post=11690"}],"wp:featuredmedia":[{"embeddable":true,"href":"https:\/\/kinnunen.fi\/en\/wp-json\/wp\/v2\/media\/44593"}],"wp:attachment":[{"href":"https:\/\/kinnunen.fi\/en\/wp-json\/wp\/v2\/media?parent=11690"}],"wp:term":[{"taxonomy":"product_cat","embeddable":true,"href":"https:\/\/kinnunen.fi\/en\/wp-json\/wp\/v2\/product_cat?post=11690"},{"taxonomy":"product_tag","embeddable":true,"href":"https:\/\/kinnunen.fi\/en\/wp-json\/wp\/v2\/product_tag?post=11690"}],"curies":[{"name":"wp","href":"https:\/\/api.w.org\/{rel}","templated":true}]}}