

{"id":11712,"date":"2021-10-29T13:51:12","date_gmt":"2021-10-29T10:51:12","guid":{"rendered":"https:\/\/kinnunen.fi-r.seravo.com\/tuote\/sn-konetyonauha-suora-150-cm\/"},"modified":"2026-03-17T12:35:19","modified_gmt":"2026-03-17T10:35:19","slug":"sn-konetyonauha-suora-150-cm","status":"publish","type":"product","link":"https:\/\/kinnunen.fi\/en\/product\/sn-konetyonauha-suora-150-cm\/","title":{"rendered":"SN - machine tape straight 150 cm"},"content":{"rendered":"<p>Simply Natural\u00ae uses only the highest quality Super Remy Indian hair, sourced ethically and sustainably. Simply Natural\u00ae hair is not peeled or subjected to harsh chemical treatments. The lightest shades are bleached for over a month, in very mild solutions, to ensure a quality finish. All steps are handcrafted in our Simply Natural\u00ae factory in Indonesia.<\/p>\n<p>We give a 3-month guarantee on the hair material when the hair extensions are treated <a href=\"https:\/\/kinnunen.fi\/en\/product-category\/hiustenpidennykset\/simply-natural-hoitotuotteet\/\">Simply Natural Hair Cosmetics -tuotteilla<\/a> sek\u00e4 ohjeiden mukaan.<br \/>\nSimply Natural pidennysten hoito-ohjeet l\u00f6yd\u00e4t meid\u00e4n <a href=\"https:\/\/kinnunen.fi\/en\/tuoteoppaat-ja-ohjeet\/\">product guides and instructions &gt;&gt;<\/a><\/p>\n<p>&nbsp;<\/p>","protected":false},"excerpt":{"rendered":"<p>The machine tape is the most traditional hair extension technique. You can use it to make stitches or glue to create bangs, stripes or a full extension. The length of the hair is 45 cm and the width of the strip is 150 cm. On average, one strip is enough for one full extension.<\/p>","protected":false},"featured_media":44596,"comment_status":"closed","ping_status":"closed","template":"","meta":{"_relevanssi_hide_post":"","_relevanssi_pin_for_all":"","_relevanssi_pin_keywords":"","_relevanssi_unpin_keywords":"","_relevanssi_related_keywords":"","_relevanssi_related_include_ids":"","_relevanssi_related_exclude_ids":"","_relevanssi_related_no_append":"","_relevanssi_related_not_related":"","_relevanssi_related_posts":"","_relevanssi_noindex_reason":""},"product_cat":[1767,1916,1924],"product_tag":[],"class_list":["post-11712","product","type-product","status-publish","has-post-thumbnail","hentry","product_cat-hiustenpidennykset","product_cat-simply-natural","product_cat-konetyonauha","pa_pituus-45-cm","pa_tuotesarja-simply-natural","pa_vari-403","pa_vari-414","pa_vari-10-1","pa_vari-10-2","pa_vari-5-3","pa_vari-6-3","pa_vari-8-2-10","pa_vari-9-3","tuotemerkki-simply-natural"],"tuotemerkit":[{"term_id":142,"name":"Simply Natural","slug":"simply-natural","term_group":0,"term_taxonomy_id":142,"taxonomy":"tuotemerkki","description":"","parent":0,"count":55,"filter":"raw"}],"acf":[],"yoast_head":"<!-- This site is optimized with the Yoast SEO plugin v23.3 - https:\/\/yoast.com\/wordpress\/plugins\/seo\/ -->\n<title>Konety\u00f6nauha| Simply Natural | Kinnuen Oy<\/title>\n<meta name=\"description\" content=\"Konety\u00f6nauha on perinteisin hiustenpidennystekniikka, joka sopii ompleu - ja liimapidennysten tekijoille. Simply Natural hiusmateriaali on laadukasta Intialaista Super Remy -hiusta.\" \/>\n<meta name=\"robots\" content=\"index, follow, max-snippet:-1, max-image-preview:large, max-video-preview:-1\" \/>\n<link rel=\"canonical\" href=\"https:\/\/kinnunen.fi\/en\/product\/sn-konetyonauha-suora-150-cm\/\" \/>\n<meta property=\"og:locale\" content=\"en_GB\" \/>\n<meta property=\"og:type\" content=\"article\" \/>\n<meta property=\"og:title\" content=\"Konety\u00f6nauha| Simply Natural | Kinnuen Oy\" \/>\n<meta property=\"og:description\" content=\"Konety\u00f6nauha on perinteisin hiustenpidennystekniikka, joka sopii ompleu - ja liimapidennysten tekijoille. Simply Natural hiusmateriaali on laadukasta Intialaista Super Remy -hiusta.\" \/>\n<meta property=\"og:url\" content=\"https:\/\/kinnunen.fi\/en\/product\/sn-konetyonauha-suora-150-cm\/\" \/>\n<meta property=\"og:site_name\" content=\"Kinnunen\" \/>\n<meta property=\"article:modified_time\" content=\"2026-03-17T10:35:19+00:00\" \/>\n<meta property=\"og:image\" content=\"https:\/\/kinnunen.fi\/wp-content\/uploads\/2024\/05\/Kinnunen-Machine-Weft.jpg\" \/>\n\t<meta property=\"og:image:width\" content=\"1080\" \/>\n\t<meta property=\"og:image:height\" content=\"1080\" \/>\n\t<meta property=\"og:image:type\" content=\"image\/jpeg\" \/>\n<meta name=\"twitter:card\" content=\"summary_large_image\" \/>\n<meta name=\"twitter:label1\" content=\"Estimated reading time\" \/>\n\t<meta name=\"twitter:data1\" content=\"1 minute\" \/>\n<script type=\"application\/ld+json\" class=\"yoast-schema-graph\">{\"@context\":\"https:\/\/schema.org\",\"@graph\":[{\"@type\":\"WebPage\",\"@id\":\"https:\/\/kinnunen.fi\/tuote\/sn-konetyonauha-suora-150-cm\/\",\"url\":\"https:\/\/kinnunen.fi\/tuote\/sn-konetyonauha-suora-150-cm\/\",\"name\":\"Konety\u00f6nauha| Simply Natural | Kinnuen Oy\",\"isPartOf\":{\"@id\":\"https:\/\/kinnunen.fi\/#website\"},\"primaryImageOfPage\":{\"@id\":\"https:\/\/kinnunen.fi\/tuote\/sn-konetyonauha-suora-150-cm\/#primaryimage\"},\"image\":{\"@id\":\"https:\/\/kinnunen.fi\/tuote\/sn-konetyonauha-suora-150-cm\/#primaryimage\"},\"thumbnailUrl\":\"https:\/\/kinnunen.fi\/wp-content\/uploads\/2024\/05\/Kinnunen-Machine-Weft.jpg\",\"datePublished\":\"2021-10-29T10:51:12+00:00\",\"dateModified\":\"2026-03-17T10:35:19+00:00\",\"description\":\"Konety\u00f6nauha on perinteisin hiustenpidennystekniikka, joka sopii ompleu - ja liimapidennysten tekijoille. Simply Natural hiusmateriaali on laadukasta Intialaista Super Remy -hiusta.\",\"breadcrumb\":{\"@id\":\"https:\/\/kinnunen.fi\/tuote\/sn-konetyonauha-suora-150-cm\/#breadcrumb\"},\"inLanguage\":\"en-GB\",\"potentialAction\":[{\"@type\":\"ReadAction\",\"target\":[\"https:\/\/kinnunen.fi\/tuote\/sn-konetyonauha-suora-150-cm\/\"]}]},{\"@type\":\"ImageObject\",\"inLanguage\":\"en-GB\",\"@id\":\"https:\/\/kinnunen.fi\/tuote\/sn-konetyonauha-suora-150-cm\/#primaryimage\",\"url\":\"https:\/\/kinnunen.fi\/wp-content\/uploads\/2024\/05\/Kinnunen-Machine-Weft.jpg\",\"contentUrl\":\"https:\/\/kinnunen.fi\/wp-content\/uploads\/2024\/05\/Kinnunen-Machine-Weft.jpg\",\"width\":1080,\"height\":1080},{\"@type\":\"BreadcrumbList\",\"@id\":\"https:\/\/kinnunen.fi\/tuote\/sn-konetyonauha-suora-150-cm\/#breadcrumb\",\"itemListElement\":[{\"@type\":\"ListItem\",\"position\":1,\"name\":\"Etusivu\",\"item\":\"https:\/\/kinnunen.fi\/\"},{\"@type\":\"ListItem\",\"position\":2,\"name\":\"Kaikki tuotteet\",\"item\":\"https:\/\/kinnunen.fi\/kauppa\/\"},{\"@type\":\"ListItem\",\"position\":3,\"name\":\"Hiustenpidennykset\",\"item\":\"https:\/\/kinnunen.fi\/tuote-osasto\/hiustenpidennykset\/\"},{\"@type\":\"ListItem\",\"position\":4,\"name\":\"Simply Natural -pidennyshiukset\",\"item\":\"https:\/\/kinnunen.fi\/tuote-osasto\/hiustenpidennykset\/simply-natural\/\"},{\"@type\":\"ListItem\",\"position\":5,\"name\":\"Konety\u00f6nauha\",\"item\":\"https:\/\/kinnunen.fi\/tuote-osasto\/hiustenpidennykset\/simply-natural\/konetyonauha\/\"},{\"@type\":\"ListItem\",\"position\":6,\"name\":\"SN &#8211; konety\u00f6nauha suora 150 cm\"}]},{\"@type\":\"WebSite\",\"@id\":\"https:\/\/kinnunen.fi\/#website\",\"url\":\"https:\/\/kinnunen.fi\/\",\"name\":\"Kinnunen\",\"description\":\"\",\"potentialAction\":[{\"@type\":\"SearchAction\",\"target\":{\"@type\":\"EntryPoint\",\"urlTemplate\":\"https:\/\/kinnunen.fi\/?s={search_term_string}\"},\"query-input\":\"required name=search_term_string\"}],\"inLanguage\":\"en-GB\"}]}<\/script>\n<!-- \/ Yoast SEO plugin. -->","yoast_head_json":{"title":"Konety\u00f6nauha| Simply Natural | Kinnuen Oy","description":"Konety\u00f6nauha on perinteisin hiustenpidennystekniikka, joka sopii ompleu - ja liimapidennysten tekijoille. Simply Natural hiusmateriaali on laadukasta Intialaista Super Remy -hiusta.","robots":{"index":"index","follow":"follow","max-snippet":"max-snippet:-1","max-image-preview":"max-image-preview:large","max-video-preview":"max-video-preview:-1"},"canonical":"https:\/\/kinnunen.fi\/en\/product\/sn-konetyonauha-suora-150-cm\/","og_locale":"en_GB","og_type":"article","og_title":"Konety\u00f6nauha| Simply Natural | Kinnuen Oy","og_description":"Konety\u00f6nauha on perinteisin hiustenpidennystekniikka, joka sopii ompleu - ja liimapidennysten tekijoille. Simply Natural hiusmateriaali on laadukasta Intialaista Super Remy -hiusta.","og_url":"https:\/\/kinnunen.fi\/en\/product\/sn-konetyonauha-suora-150-cm\/","og_site_name":"Kinnunen","article_modified_time":"2026-03-17T10:35:19+00:00","og_image":[{"width":1080,"height":1080,"url":"https:\/\/kinnunen.fi\/wp-content\/uploads\/2024\/05\/Kinnunen-Machine-Weft.jpg","type":"image\/jpeg"}],"twitter_card":"summary_large_image","twitter_misc":{"Estimated reading time":"1 minute"},"schema":{"@context":"https:\/\/schema.org","@graph":[{"@type":"WebPage","@id":"https:\/\/kinnunen.fi\/tuote\/sn-konetyonauha-suora-150-cm\/","url":"https:\/\/kinnunen.fi\/tuote\/sn-konetyonauha-suora-150-cm\/","name":"Konety\u00f6nauha| Simply Natural | Kinnuen Oy","isPartOf":{"@id":"https:\/\/kinnunen.fi\/#website"},"primaryImageOfPage":{"@id":"https:\/\/kinnunen.fi\/tuote\/sn-konetyonauha-suora-150-cm\/#primaryimage"},"image":{"@id":"https:\/\/kinnunen.fi\/tuote\/sn-konetyonauha-suora-150-cm\/#primaryimage"},"thumbnailUrl":"https:\/\/kinnunen.fi\/wp-content\/uploads\/2024\/05\/Kinnunen-Machine-Weft.jpg","datePublished":"2021-10-29T10:51:12+00:00","dateModified":"2026-03-17T10:35:19+00:00","description":"Konety\u00f6nauha on perinteisin hiustenpidennystekniikka, joka sopii ompleu - ja liimapidennysten tekijoille. Simply Natural hiusmateriaali on laadukasta Intialaista Super Remy -hiusta.","breadcrumb":{"@id":"https:\/\/kinnunen.fi\/tuote\/sn-konetyonauha-suora-150-cm\/#breadcrumb"},"inLanguage":"en-GB","potentialAction":[{"@type":"ReadAction","target":["https:\/\/kinnunen.fi\/tuote\/sn-konetyonauha-suora-150-cm\/"]}]},{"@type":"ImageObject","inLanguage":"en-GB","@id":"https:\/\/kinnunen.fi\/tuote\/sn-konetyonauha-suora-150-cm\/#primaryimage","url":"https:\/\/kinnunen.fi\/wp-content\/uploads\/2024\/05\/Kinnunen-Machine-Weft.jpg","contentUrl":"https:\/\/kinnunen.fi\/wp-content\/uploads\/2024\/05\/Kinnunen-Machine-Weft.jpg","width":1080,"height":1080},{"@type":"BreadcrumbList","@id":"https:\/\/kinnunen.fi\/tuote\/sn-konetyonauha-suora-150-cm\/#breadcrumb","itemListElement":[{"@type":"ListItem","position":1,"name":"Etusivu","item":"https:\/\/kinnunen.fi\/"},{"@type":"ListItem","position":2,"name":"Kaikki tuotteet","item":"https:\/\/kinnunen.fi\/kauppa\/"},{"@type":"ListItem","position":3,"name":"Hiustenpidennykset","item":"https:\/\/kinnunen.fi\/tuote-osasto\/hiustenpidennykset\/"},{"@type":"ListItem","position":4,"name":"Simply Natural -pidennyshiukset","item":"https:\/\/kinnunen.fi\/tuote-osasto\/hiustenpidennykset\/simply-natural\/"},{"@type":"ListItem","position":5,"name":"Konety\u00f6nauha","item":"https:\/\/kinnunen.fi\/tuote-osasto\/hiustenpidennykset\/simply-natural\/konetyonauha\/"},{"@type":"ListItem","position":6,"name":"SN &#8211; konety\u00f6nauha suora 150 cm"}]},{"@type":"WebSite","@id":"https:\/\/kinnunen.fi\/#website","url":"https:\/\/kinnunen.fi\/","name":"Kinnunen","description":"","potentialAction":[{"@type":"SearchAction","target":{"@type":"EntryPoint","urlTemplate":"https:\/\/kinnunen.fi\/?s={search_term_string}"},"query-input":"required name=search_term_string"}],"inLanguage":"en-GB"}]}},"_links":{"self":[{"href":"https:\/\/kinnunen.fi\/en\/wp-json\/wp\/v2\/product\/11712"}],"collection":[{"href":"https:\/\/kinnunen.fi\/en\/wp-json\/wp\/v2\/product"}],"about":[{"href":"https:\/\/kinnunen.fi\/en\/wp-json\/wp\/v2\/types\/product"}],"replies":[{"embeddable":true,"href":"https:\/\/kinnunen.fi\/en\/wp-json\/wp\/v2\/comments?post=11712"}],"wp:featuredmedia":[{"embeddable":true,"href":"https:\/\/kinnunen.fi\/en\/wp-json\/wp\/v2\/media\/44596"}],"wp:attachment":[{"href":"https:\/\/kinnunen.fi\/en\/wp-json\/wp\/v2\/media?parent=11712"}],"wp:term":[{"taxonomy":"product_cat","embeddable":true,"href":"https:\/\/kinnunen.fi\/en\/wp-json\/wp\/v2\/product_cat?post=11712"},{"taxonomy":"product_tag","embeddable":true,"href":"https:\/\/kinnunen.fi\/en\/wp-json\/wp\/v2\/product_tag?post=11712"}],"curies":[{"name":"wp","href":"https:\/\/api.w.org\/{rel}","templated":true}]}}