

{"id":11781,"date":"2021-10-29T13:52:11","date_gmt":"2021-10-29T10:52:11","guid":{"rendered":"https:\/\/kinnunen.fi-r.seravo.com\/tuote\/christine-lotus-turban\/"},"modified":"2026-04-19T04:00:36","modified_gmt":"2026-04-19T01:00:36","slug":"christine-lotus-turban","status":"publish","type":"product","link":"https:\/\/kinnunen.fi\/en\/product\/christine-lotus-turban\/","title":{"rendered":"Hoc Lotus turban"},"content":{"rendered":"<p>The beautiful, high-quality House of Christine\u00ae Headwear is designed specifically for women suffering from hair loss or hairlessness. Made from natural materials such as bamboo viscose, wool and cotton. These natural fibres ensure that the headwear is breathable and moisture-wicking. All headwear is made without seams that irritate the scalp.<\/p>","protected":false},"excerpt":{"rendered":"<p>The Lotus turban is a wonderfully light and soft headgear. Decorated with a flower on the side.<\/p>","protected":false},"featured_media":13335,"comment_status":"closed","ping_status":"closed","template":"","meta":{"_relevanssi_hide_post":"","_relevanssi_pin_for_all":"","_relevanssi_pin_keywords":"","_relevanssi_unpin_keywords":"","_relevanssi_related_keywords":"","_relevanssi_related_include_ids":"","_relevanssi_related_exclude_ids":"","_relevanssi_related_no_append":"","_relevanssi_related_not_related":"","_relevanssi_related_posts":"","_relevanssi_noindex_reason":""},"product_cat":[1770,1773],"product_tag":[],"class_list":["post-11781","product","type-product","status-publish","has-post-thumbnail","hentry","product_cat-peruukkituotteet","product_cat-christine-paahineet","pa_vari-harmaa-meleerattu","pa_vari-merensininen","pa_vari-musta","pa_vari-ruskea","pa_vari-ruskea-meleerattu","pa_vari-sininen-meleerattu","pa_vari-tummanruskea","pa_vari-tummansininen","pa_vari-vaaleanpunainen-meleerattu","tuotemerkki-christine-headwear","tuotemerkki-house-of-christine"],"tuotemerkit":[{"term_id":2079,"name":"Christine Headwear","slug":"christine-headwear","term_group":0,"term_taxonomy_id":2079,"taxonomy":"tuotemerkki","description":"","parent":2078,"count":18,"filter":"raw"},{"term_id":2078,"name":"House of Christine","slug":"house-of-christine","term_group":0,"term_taxonomy_id":2078,"taxonomy":"tuotemerkki","description":"","parent":0,"count":38,"filter":"raw"}],"acf":[],"yoast_head":"<!-- This site is optimized with the Yoast SEO plugin v23.3 - https:\/\/yoast.com\/wordpress\/plugins\/seo\/ -->\n<title>P\u00e4\u00e4hineet | Christine Headwear| Kinnunen Oy<\/title>\n<meta name=\"description\" content=\"Kauniit ja laadukkaat Christine Headwear -p\u00e4\u00e4hineet on suunniteltu erityisesti hiustenl\u00e4hd\u00f6st\u00e4 tai hiuksettomuudesta k\u00e4rsivien naisten tarpeisiin. P\u00e4\u00e4hineet on valmistettu luonnonmateriaaleista, kuten bambuviskoosista, villasta ja puuvillasta.\" \/>\n<meta name=\"robots\" content=\"index, follow, max-snippet:-1, max-image-preview:large, max-video-preview:-1\" \/>\n<link rel=\"canonical\" href=\"https:\/\/kinnunen.fi\/en\/product\/christine-lotus-turban\/\" \/>\n<meta property=\"og:locale\" content=\"en_GB\" \/>\n<meta property=\"og:type\" content=\"article\" \/>\n<meta property=\"og:title\" content=\"P\u00e4\u00e4hineet | Christine Headwear| Kinnunen Oy\" \/>\n<meta property=\"og:description\" content=\"Kauniit ja laadukkaat Christine Headwear -p\u00e4\u00e4hineet on suunniteltu erityisesti hiustenl\u00e4hd\u00f6st\u00e4 tai hiuksettomuudesta k\u00e4rsivien naisten tarpeisiin. P\u00e4\u00e4hineet on valmistettu luonnonmateriaaleista, kuten bambuviskoosista, villasta ja puuvillasta.\" \/>\n<meta property=\"og:url\" content=\"https:\/\/kinnunen.fi\/en\/product\/christine-lotus-turban\/\" \/>\n<meta property=\"og:site_name\" content=\"Kinnunen\" \/>\n<meta property=\"article:modified_time\" content=\"2026-04-19T01:00:36+00:00\" \/>\n<meta property=\"og:image\" content=\"https:\/\/kinnunen.fi\/wp-content\/uploads\/2021\/10\/1003-0174.jpg\" \/>\n\t<meta property=\"og:image:width\" content=\"1000\" \/>\n\t<meta property=\"og:image:height\" content=\"1000\" \/>\n\t<meta property=\"og:image:type\" content=\"image\/jpeg\" \/>\n<meta name=\"twitter:card\" content=\"summary_large_image\" \/>\n<script type=\"application\/ld+json\" class=\"yoast-schema-graph\">{\"@context\":\"https:\/\/schema.org\",\"@graph\":[{\"@type\":\"WebPage\",\"@id\":\"https:\/\/kinnunen.fi\/tuote\/christine-lotus-turban\/\",\"url\":\"https:\/\/kinnunen.fi\/tuote\/christine-lotus-turban\/\",\"name\":\"P\u00e4\u00e4hineet | Christine Headwear| Kinnunen Oy\",\"isPartOf\":{\"@id\":\"https:\/\/kinnunen.fi\/#website\"},\"primaryImageOfPage\":{\"@id\":\"https:\/\/kinnunen.fi\/tuote\/christine-lotus-turban\/#primaryimage\"},\"image\":{\"@id\":\"https:\/\/kinnunen.fi\/tuote\/christine-lotus-turban\/#primaryimage\"},\"thumbnailUrl\":\"https:\/\/kinnunen.fi\/wp-content\/uploads\/2021\/10\/1003-0174.jpg\",\"datePublished\":\"2021-10-29T10:52:11+00:00\",\"dateModified\":\"2026-04-19T01:00:36+00:00\",\"description\":\"Kauniit ja laadukkaat Christine Headwear -p\u00e4\u00e4hineet on suunniteltu erityisesti hiustenl\u00e4hd\u00f6st\u00e4 tai hiuksettomuudesta k\u00e4rsivien naisten tarpeisiin. P\u00e4\u00e4hineet on valmistettu luonnonmateriaaleista, kuten bambuviskoosista, villasta ja puuvillasta.\",\"breadcrumb\":{\"@id\":\"https:\/\/kinnunen.fi\/tuote\/christine-lotus-turban\/#breadcrumb\"},\"inLanguage\":\"en-GB\",\"potentialAction\":[{\"@type\":\"ReadAction\",\"target\":[\"https:\/\/kinnunen.fi\/tuote\/christine-lotus-turban\/\"]}]},{\"@type\":\"ImageObject\",\"inLanguage\":\"en-GB\",\"@id\":\"https:\/\/kinnunen.fi\/tuote\/christine-lotus-turban\/#primaryimage\",\"url\":\"https:\/\/kinnunen.fi\/wp-content\/uploads\/2021\/10\/1003-0174.jpg\",\"contentUrl\":\"https:\/\/kinnunen.fi\/wp-content\/uploads\/2021\/10\/1003-0174.jpg\",\"width\":1000,\"height\":1000},{\"@type\":\"BreadcrumbList\",\"@id\":\"https:\/\/kinnunen.fi\/tuote\/christine-lotus-turban\/#breadcrumb\",\"itemListElement\":[{\"@type\":\"ListItem\",\"position\":1,\"name\":\"Etusivu\",\"item\":\"https:\/\/kinnunen.fi\/\"},{\"@type\":\"ListItem\",\"position\":2,\"name\":\"Kaikki tuotteet\",\"item\":\"https:\/\/kinnunen.fi\/kauppa\/\"},{\"@type\":\"ListItem\",\"position\":3,\"name\":\"Peruukkituotteet\",\"item\":\"https:\/\/kinnunen.fi\/tuote-osasto\/peruukkituotteet\/\"},{\"@type\":\"ListItem\",\"position\":4,\"name\":\"House of Christine -p\u00e4\u00e4hineet\",\"item\":\"https:\/\/kinnunen.fi\/tuote-osasto\/peruukkituotteet\/christine-paahineet\/\"},{\"@type\":\"ListItem\",\"position\":5,\"name\":\"Hoc Lotus turban\"}]},{\"@type\":\"WebSite\",\"@id\":\"https:\/\/kinnunen.fi\/#website\",\"url\":\"https:\/\/kinnunen.fi\/\",\"name\":\"Kinnunen\",\"description\":\"\",\"potentialAction\":[{\"@type\":\"SearchAction\",\"target\":{\"@type\":\"EntryPoint\",\"urlTemplate\":\"https:\/\/kinnunen.fi\/?s={search_term_string}\"},\"query-input\":\"required name=search_term_string\"}],\"inLanguage\":\"en-GB\"}]}<\/script>\n<!-- \/ Yoast SEO plugin. -->","yoast_head_json":{"title":"P\u00e4\u00e4hineet | Christine Headwear| Kinnunen Oy","description":"Kauniit ja laadukkaat Christine Headwear -p\u00e4\u00e4hineet on suunniteltu erityisesti hiustenl\u00e4hd\u00f6st\u00e4 tai hiuksettomuudesta k\u00e4rsivien naisten tarpeisiin. P\u00e4\u00e4hineet on valmistettu luonnonmateriaaleista, kuten bambuviskoosista, villasta ja puuvillasta.","robots":{"index":"index","follow":"follow","max-snippet":"max-snippet:-1","max-image-preview":"max-image-preview:large","max-video-preview":"max-video-preview:-1"},"canonical":"https:\/\/kinnunen.fi\/en\/product\/christine-lotus-turban\/","og_locale":"en_GB","og_type":"article","og_title":"P\u00e4\u00e4hineet | Christine Headwear| Kinnunen Oy","og_description":"Kauniit ja laadukkaat Christine Headwear -p\u00e4\u00e4hineet on suunniteltu erityisesti hiustenl\u00e4hd\u00f6st\u00e4 tai hiuksettomuudesta k\u00e4rsivien naisten tarpeisiin. P\u00e4\u00e4hineet on valmistettu luonnonmateriaaleista, kuten bambuviskoosista, villasta ja puuvillasta.","og_url":"https:\/\/kinnunen.fi\/en\/product\/christine-lotus-turban\/","og_site_name":"Kinnunen","article_modified_time":"2026-04-19T01:00:36+00:00","og_image":[{"width":1000,"height":1000,"url":"https:\/\/kinnunen.fi\/wp-content\/uploads\/2021\/10\/1003-0174.jpg","type":"image\/jpeg"}],"twitter_card":"summary_large_image","schema":{"@context":"https:\/\/schema.org","@graph":[{"@type":"WebPage","@id":"https:\/\/kinnunen.fi\/tuote\/christine-lotus-turban\/","url":"https:\/\/kinnunen.fi\/tuote\/christine-lotus-turban\/","name":"P\u00e4\u00e4hineet | Christine Headwear| Kinnunen Oy","isPartOf":{"@id":"https:\/\/kinnunen.fi\/#website"},"primaryImageOfPage":{"@id":"https:\/\/kinnunen.fi\/tuote\/christine-lotus-turban\/#primaryimage"},"image":{"@id":"https:\/\/kinnunen.fi\/tuote\/christine-lotus-turban\/#primaryimage"},"thumbnailUrl":"https:\/\/kinnunen.fi\/wp-content\/uploads\/2021\/10\/1003-0174.jpg","datePublished":"2021-10-29T10:52:11+00:00","dateModified":"2026-04-19T01:00:36+00:00","description":"Kauniit ja laadukkaat Christine Headwear -p\u00e4\u00e4hineet on suunniteltu erityisesti hiustenl\u00e4hd\u00f6st\u00e4 tai hiuksettomuudesta k\u00e4rsivien naisten tarpeisiin. P\u00e4\u00e4hineet on valmistettu luonnonmateriaaleista, kuten bambuviskoosista, villasta ja puuvillasta.","breadcrumb":{"@id":"https:\/\/kinnunen.fi\/tuote\/christine-lotus-turban\/#breadcrumb"},"inLanguage":"en-GB","potentialAction":[{"@type":"ReadAction","target":["https:\/\/kinnunen.fi\/tuote\/christine-lotus-turban\/"]}]},{"@type":"ImageObject","inLanguage":"en-GB","@id":"https:\/\/kinnunen.fi\/tuote\/christine-lotus-turban\/#primaryimage","url":"https:\/\/kinnunen.fi\/wp-content\/uploads\/2021\/10\/1003-0174.jpg","contentUrl":"https:\/\/kinnunen.fi\/wp-content\/uploads\/2021\/10\/1003-0174.jpg","width":1000,"height":1000},{"@type":"BreadcrumbList","@id":"https:\/\/kinnunen.fi\/tuote\/christine-lotus-turban\/#breadcrumb","itemListElement":[{"@type":"ListItem","position":1,"name":"Etusivu","item":"https:\/\/kinnunen.fi\/"},{"@type":"ListItem","position":2,"name":"Kaikki tuotteet","item":"https:\/\/kinnunen.fi\/kauppa\/"},{"@type":"ListItem","position":3,"name":"Peruukkituotteet","item":"https:\/\/kinnunen.fi\/tuote-osasto\/peruukkituotteet\/"},{"@type":"ListItem","position":4,"name":"House of Christine -p\u00e4\u00e4hineet","item":"https:\/\/kinnunen.fi\/tuote-osasto\/peruukkituotteet\/christine-paahineet\/"},{"@type":"ListItem","position":5,"name":"Hoc Lotus turban"}]},{"@type":"WebSite","@id":"https:\/\/kinnunen.fi\/#website","url":"https:\/\/kinnunen.fi\/","name":"Kinnunen","description":"","potentialAction":[{"@type":"SearchAction","target":{"@type":"EntryPoint","urlTemplate":"https:\/\/kinnunen.fi\/?s={search_term_string}"},"query-input":"required name=search_term_string"}],"inLanguage":"en-GB"}]}},"_links":{"self":[{"href":"https:\/\/kinnunen.fi\/en\/wp-json\/wp\/v2\/product\/11781"}],"collection":[{"href":"https:\/\/kinnunen.fi\/en\/wp-json\/wp\/v2\/product"}],"about":[{"href":"https:\/\/kinnunen.fi\/en\/wp-json\/wp\/v2\/types\/product"}],"replies":[{"embeddable":true,"href":"https:\/\/kinnunen.fi\/en\/wp-json\/wp\/v2\/comments?post=11781"}],"wp:featuredmedia":[{"embeddable":true,"href":"https:\/\/kinnunen.fi\/en\/wp-json\/wp\/v2\/media\/13335"}],"wp:attachment":[{"href":"https:\/\/kinnunen.fi\/en\/wp-json\/wp\/v2\/media?parent=11781"}],"wp:term":[{"taxonomy":"product_cat","embeddable":true,"href":"https:\/\/kinnunen.fi\/en\/wp-json\/wp\/v2\/product_cat?post=11781"},{"taxonomy":"product_tag","embeddable":true,"href":"https:\/\/kinnunen.fi\/en\/wp-json\/wp\/v2\/product_tag?post=11781"}],"curies":[{"name":"wp","href":"https:\/\/api.w.org\/{rel}","templated":true}]}}