

{"id":11846,"date":"2021-10-29T13:52:56","date_gmt":"2021-10-29T10:52:56","guid":{"rendered":"https:\/\/kinnunen.fi-r.seravo.com\/tuote\/takai-akio\/"},"modified":"2026-05-03T04:00:38","modified_gmt":"2026-05-03T01:00:38","slug":"takai-akio","status":"publish","type":"product","link":"https:\/\/kinnunen.fi\/en\/product\/takai-akio\/","title":{"rendered":"Takai Akio"},"content":{"rendered":"<p>Ergonomically shaped scissors with a very sturdy finger support to keep the hand in a natural position. The convex Hamaguri grinding of the blades ensures the precision of the lining technique. The scissors glide effortlessly and smoothly over the hair. Ball bearings implanted in the screw reduce stress on the hand. The scissors are particularly suitable for the professional who uses traditional as well as special techniques when cutting. Available in lengths of 5\u2033 and 5,5\u2033. Price includes 2 free sharpenings.<\/p>","protected":false},"excerpt":{"rendered":"<p>Ergonomisesti muotoillut sakset, joiden eritt\u00e4in tukeva sormituki pit\u00e4\u00e4 k\u00e4den asennon luonnollisena. Terien kupera Hamaguri hionta takaa vuolutekniikan tarkkuuden. Sakset liukuvat&hellip;<\/p>","protected":false},"featured_media":15357,"comment_status":"closed","ping_status":"closed","template":"","meta":{"_relevanssi_hide_post":"","_relevanssi_pin_for_all":"","_relevanssi_pin_keywords":"","_relevanssi_unpin_keywords":"","_relevanssi_related_keywords":"","_relevanssi_related_include_ids":"","_relevanssi_related_exclude_ids":"","_relevanssi_related_no_append":"","_relevanssi_related_not_related":"","_relevanssi_related_posts":"","_relevanssi_noindex_reason":""},"product_cat":[1783,1784],"product_tag":[],"class_list":["post-11846","product","type-product","status-publish","has-post-thumbnail","hentry","product_cat-sakset-ja-veitset","product_cat-leikkaussakset","pa_vari-409","pa_vari-721","pa_vari-722","tuotemerkki-takai-technologies"],"tuotemerkit":[{"term_id":170,"name":"Takai Technologies","slug":"takai-technologies","term_group":0,"term_taxonomy_id":170,"taxonomy":"tuotemerkki","description":"","parent":0,"count":10,"filter":"raw"}],"acf":[],"yoast_head":"<!-- This site is optimized with the Yoast SEO plugin v23.3 - https:\/\/yoast.com\/wordpress\/plugins\/seo\/ -->\n<title>Takai -leikkaussakset|Hiustenleikkaussakset|Kinnunen oy<\/title>\n<meta name=\"description\" content=\"T\u00e4ydelliset sakset hiusten leikkaamiseen ja muotoiluun. Saksien hintaan kuuluu 2 veloituksetonta terioitusta.\" \/>\n<meta name=\"robots\" content=\"index, follow, max-snippet:-1, max-image-preview:large, max-video-preview:-1\" \/>\n<link rel=\"canonical\" href=\"https:\/\/kinnunen.fi\/en\/product\/takai-akio\/\" \/>\n<meta property=\"og:locale\" content=\"en_GB\" \/>\n<meta property=\"og:type\" content=\"article\" \/>\n<meta property=\"og:title\" content=\"Takai -leikkaussakset|Hiustenleikkaussakset|Kinnunen oy\" \/>\n<meta property=\"og:description\" content=\"T\u00e4ydelliset sakset hiusten leikkaamiseen ja muotoiluun. Saksien hintaan kuuluu 2 veloituksetonta terioitusta.\" \/>\n<meta property=\"og:url\" content=\"https:\/\/kinnunen.fi\/en\/product\/takai-akio\/\" \/>\n<meta property=\"og:site_name\" content=\"Kinnunen\" \/>\n<meta property=\"article:modified_time\" content=\"2026-05-03T01:00:38+00:00\" \/>\n<meta property=\"og:image\" content=\"https:\/\/kinnunen.fi\/wp-content\/uploads\/2021\/10\/Takai_akio.jpg\" \/>\n\t<meta property=\"og:image:width\" content=\"1000\" \/>\n\t<meta property=\"og:image:height\" content=\"1000\" \/>\n\t<meta property=\"og:image:type\" content=\"image\/jpeg\" \/>\n<meta name=\"twitter:card\" content=\"summary_large_image\" \/>\n<script type=\"application\/ld+json\" class=\"yoast-schema-graph\">{\"@context\":\"https:\/\/schema.org\",\"@graph\":[{\"@type\":\"WebPage\",\"@id\":\"https:\/\/kinnunen.fi\/tuote\/takai-akio\/\",\"url\":\"https:\/\/kinnunen.fi\/tuote\/takai-akio\/\",\"name\":\"Takai -leikkaussakset|Hiustenleikkaussakset|Kinnunen oy\",\"isPartOf\":{\"@id\":\"https:\/\/kinnunen.fi\/#website\"},\"primaryImageOfPage\":{\"@id\":\"https:\/\/kinnunen.fi\/tuote\/takai-akio\/#primaryimage\"},\"image\":{\"@id\":\"https:\/\/kinnunen.fi\/tuote\/takai-akio\/#primaryimage\"},\"thumbnailUrl\":\"https:\/\/kinnunen.fi\/wp-content\/uploads\/2021\/10\/Takai_akio.jpg\",\"datePublished\":\"2021-10-29T10:52:56+00:00\",\"dateModified\":\"2026-05-03T01:00:38+00:00\",\"description\":\"T\u00e4ydelliset sakset hiusten leikkaamiseen ja muotoiluun. Saksien hintaan kuuluu 2 veloituksetonta terioitusta.\",\"breadcrumb\":{\"@id\":\"https:\/\/kinnunen.fi\/tuote\/takai-akio\/#breadcrumb\"},\"inLanguage\":\"en-GB\",\"potentialAction\":[{\"@type\":\"ReadAction\",\"target\":[\"https:\/\/kinnunen.fi\/tuote\/takai-akio\/\"]}]},{\"@type\":\"ImageObject\",\"inLanguage\":\"en-GB\",\"@id\":\"https:\/\/kinnunen.fi\/tuote\/takai-akio\/#primaryimage\",\"url\":\"https:\/\/kinnunen.fi\/wp-content\/uploads\/2021\/10\/Takai_akio.jpg\",\"contentUrl\":\"https:\/\/kinnunen.fi\/wp-content\/uploads\/2021\/10\/Takai_akio.jpg\",\"width\":1000,\"height\":1000},{\"@type\":\"BreadcrumbList\",\"@id\":\"https:\/\/kinnunen.fi\/tuote\/takai-akio\/#breadcrumb\",\"itemListElement\":[{\"@type\":\"ListItem\",\"position\":1,\"name\":\"Etusivu\",\"item\":\"https:\/\/kinnunen.fi\/\"},{\"@type\":\"ListItem\",\"position\":2,\"name\":\"Kaikki tuotteet\",\"item\":\"https:\/\/kinnunen.fi\/kauppa\/\"},{\"@type\":\"ListItem\",\"position\":3,\"name\":\"Sakset ja veitset\",\"item\":\"https:\/\/kinnunen.fi\/tuote-osasto\/sakset-ja-veitset\/\"},{\"@type\":\"ListItem\",\"position\":4,\"name\":\"Leikkaussakset\",\"item\":\"https:\/\/kinnunen.fi\/tuote-osasto\/sakset-ja-veitset\/leikkaussakset\/\"},{\"@type\":\"ListItem\",\"position\":5,\"name\":\"Takai Akio\"}]},{\"@type\":\"WebSite\",\"@id\":\"https:\/\/kinnunen.fi\/#website\",\"url\":\"https:\/\/kinnunen.fi\/\",\"name\":\"Kinnunen\",\"description\":\"\",\"potentialAction\":[{\"@type\":\"SearchAction\",\"target\":{\"@type\":\"EntryPoint\",\"urlTemplate\":\"https:\/\/kinnunen.fi\/?s={search_term_string}\"},\"query-input\":\"required name=search_term_string\"}],\"inLanguage\":\"en-GB\"}]}<\/script>\n<!-- \/ Yoast SEO plugin. -->","yoast_head_json":{"title":"Takai -leikkaussakset|Hiustenleikkaussakset|Kinnunen oy","description":"T\u00e4ydelliset sakset hiusten leikkaamiseen ja muotoiluun. Saksien hintaan kuuluu 2 veloituksetonta terioitusta.","robots":{"index":"index","follow":"follow","max-snippet":"max-snippet:-1","max-image-preview":"max-image-preview:large","max-video-preview":"max-video-preview:-1"},"canonical":"https:\/\/kinnunen.fi\/en\/product\/takai-akio\/","og_locale":"en_GB","og_type":"article","og_title":"Takai -leikkaussakset|Hiustenleikkaussakset|Kinnunen oy","og_description":"T\u00e4ydelliset sakset hiusten leikkaamiseen ja muotoiluun. Saksien hintaan kuuluu 2 veloituksetonta terioitusta.","og_url":"https:\/\/kinnunen.fi\/en\/product\/takai-akio\/","og_site_name":"Kinnunen","article_modified_time":"2026-05-03T01:00:38+00:00","og_image":[{"width":1000,"height":1000,"url":"https:\/\/kinnunen.fi\/wp-content\/uploads\/2021\/10\/Takai_akio.jpg","type":"image\/jpeg"}],"twitter_card":"summary_large_image","schema":{"@context":"https:\/\/schema.org","@graph":[{"@type":"WebPage","@id":"https:\/\/kinnunen.fi\/tuote\/takai-akio\/","url":"https:\/\/kinnunen.fi\/tuote\/takai-akio\/","name":"Takai -leikkaussakset|Hiustenleikkaussakset|Kinnunen oy","isPartOf":{"@id":"https:\/\/kinnunen.fi\/#website"},"primaryImageOfPage":{"@id":"https:\/\/kinnunen.fi\/tuote\/takai-akio\/#primaryimage"},"image":{"@id":"https:\/\/kinnunen.fi\/tuote\/takai-akio\/#primaryimage"},"thumbnailUrl":"https:\/\/kinnunen.fi\/wp-content\/uploads\/2021\/10\/Takai_akio.jpg","datePublished":"2021-10-29T10:52:56+00:00","dateModified":"2026-05-03T01:00:38+00:00","description":"T\u00e4ydelliset sakset hiusten leikkaamiseen ja muotoiluun. Saksien hintaan kuuluu 2 veloituksetonta terioitusta.","breadcrumb":{"@id":"https:\/\/kinnunen.fi\/tuote\/takai-akio\/#breadcrumb"},"inLanguage":"en-GB","potentialAction":[{"@type":"ReadAction","target":["https:\/\/kinnunen.fi\/tuote\/takai-akio\/"]}]},{"@type":"ImageObject","inLanguage":"en-GB","@id":"https:\/\/kinnunen.fi\/tuote\/takai-akio\/#primaryimage","url":"https:\/\/kinnunen.fi\/wp-content\/uploads\/2021\/10\/Takai_akio.jpg","contentUrl":"https:\/\/kinnunen.fi\/wp-content\/uploads\/2021\/10\/Takai_akio.jpg","width":1000,"height":1000},{"@type":"BreadcrumbList","@id":"https:\/\/kinnunen.fi\/tuote\/takai-akio\/#breadcrumb","itemListElement":[{"@type":"ListItem","position":1,"name":"Etusivu","item":"https:\/\/kinnunen.fi\/"},{"@type":"ListItem","position":2,"name":"Kaikki tuotteet","item":"https:\/\/kinnunen.fi\/kauppa\/"},{"@type":"ListItem","position":3,"name":"Sakset ja veitset","item":"https:\/\/kinnunen.fi\/tuote-osasto\/sakset-ja-veitset\/"},{"@type":"ListItem","position":4,"name":"Leikkaussakset","item":"https:\/\/kinnunen.fi\/tuote-osasto\/sakset-ja-veitset\/leikkaussakset\/"},{"@type":"ListItem","position":5,"name":"Takai Akio"}]},{"@type":"WebSite","@id":"https:\/\/kinnunen.fi\/#website","url":"https:\/\/kinnunen.fi\/","name":"Kinnunen","description":"","potentialAction":[{"@type":"SearchAction","target":{"@type":"EntryPoint","urlTemplate":"https:\/\/kinnunen.fi\/?s={search_term_string}"},"query-input":"required name=search_term_string"}],"inLanguage":"en-GB"}]}},"_links":{"self":[{"href":"https:\/\/kinnunen.fi\/en\/wp-json\/wp\/v2\/product\/11846"}],"collection":[{"href":"https:\/\/kinnunen.fi\/en\/wp-json\/wp\/v2\/product"}],"about":[{"href":"https:\/\/kinnunen.fi\/en\/wp-json\/wp\/v2\/types\/product"}],"replies":[{"embeddable":true,"href":"https:\/\/kinnunen.fi\/en\/wp-json\/wp\/v2\/comments?post=11846"}],"wp:featuredmedia":[{"embeddable":true,"href":"https:\/\/kinnunen.fi\/en\/wp-json\/wp\/v2\/media\/15357"}],"wp:attachment":[{"href":"https:\/\/kinnunen.fi\/en\/wp-json\/wp\/v2\/media?parent=11846"}],"wp:term":[{"taxonomy":"product_cat","embeddable":true,"href":"https:\/\/kinnunen.fi\/en\/wp-json\/wp\/v2\/product_cat?post=11846"},{"taxonomy":"product_tag","embeddable":true,"href":"https:\/\/kinnunen.fi\/en\/wp-json\/wp\/v2\/product_tag?post=11846"}],"curies":[{"name":"wp","href":"https:\/\/api.w.org\/{rel}","templated":true}]}}