

{"id":11853,"date":"2021-10-29T13:52:56","date_gmt":"2021-10-29T10:52:56","guid":{"rendered":"https:\/\/kinnunen.fi-r.seravo.com\/tuote\/dune-nova\/"},"modified":"2026-04-18T04:00:36","modified_gmt":"2026-04-18T01:00:36","slug":"dune-nova","status":"publish","type":"product","link":"https:\/\/kinnunen.fi\/en\/product\/dune-nova\/","title":{"rendered":"Dune Nova"},"content":{"rendered":"<p>Ergonomically shaped Japanese steel scissors with a design that supports the position of your hands during cutting. The Semi Convex sharpening ensures long-lasting sharpness and is suitable for all cutting techniques. Price includes 1 free sharpening.<\/p>","protected":false},"excerpt":{"rendered":"<p>Ergonomisesti muotoillut Japanilaisesta ter\u00e4ksest\u00e4 valmistetut leikkaussakset, joiden muotoilu tukee k\u00e4siesi asentoa leikkauksen ajan. Semi Convex &#8211; teroituksen ansioista ter\u00e4vyys s\u00e4ilyy&hellip;<\/p>","protected":false},"featured_media":14370,"comment_status":"closed","ping_status":"open","template":"","meta":{"_relevanssi_hide_post":"","_relevanssi_pin_for_all":"","_relevanssi_pin_keywords":"","_relevanssi_unpin_keywords":"","_relevanssi_related_keywords":"","_relevanssi_related_include_ids":"","_relevanssi_related_exclude_ids":"","_relevanssi_related_no_append":"","_relevanssi_related_not_related":"","_relevanssi_related_posts":"","_relevanssi_noindex_reason":""},"product_cat":[1783,1784],"product_tag":[],"class_list":["post-11853","product","type-product","status-publish","has-post-thumbnail","hentry","product_cat-sakset-ja-veitset","product_cat-leikkaussakset","pa_vari-409","pa_vari-721","pa_vari-410","tuotemerkki-dune"],"tuotemerkit":[{"term_id":179,"name":"Dune","slug":"dune","term_group":0,"term_taxonomy_id":179,"taxonomy":"tuotemerkki","description":"","parent":0,"count":5,"filter":"raw"}],"acf":[],"yoast_head":"<!-- This site is optimized with the Yoast SEO plugin v23.3 - https:\/\/yoast.com\/wordpress\/plugins\/seo\/ -->\n<title>Dune -leikkaussakset|Hiustenleikkaussakset|Kinnunen oy<\/title>\n<meta name=\"description\" content=\"T\u00e4ydelliset sakset hiusten leikkaamiseen ja muotoiluun. Saksien hintaan kuuluu 1 veloitukseton terioitus.\" \/>\n<meta name=\"robots\" content=\"index, follow, max-snippet:-1, max-image-preview:large, max-video-preview:-1\" \/>\n<link rel=\"canonical\" href=\"https:\/\/kinnunen.fi\/en\/product\/dune-nova\/\" \/>\n<meta property=\"og:locale\" content=\"en_GB\" \/>\n<meta property=\"og:type\" content=\"article\" \/>\n<meta property=\"og:title\" content=\"Dune -leikkaussakset|Hiustenleikkaussakset|Kinnunen oy\" \/>\n<meta property=\"og:description\" content=\"T\u00e4ydelliset sakset hiusten leikkaamiseen ja muotoiluun. Saksien hintaan kuuluu 1 veloitukseton terioitus.\" \/>\n<meta property=\"og:url\" content=\"https:\/\/kinnunen.fi\/en\/product\/dune-nova\/\" \/>\n<meta property=\"og:site_name\" content=\"Kinnunen\" \/>\n<meta property=\"article:modified_time\" content=\"2026-04-18T01:00:36+00:00\" \/>\n<meta property=\"og:image\" content=\"https:\/\/kinnunen.fi\/wp-content\/uploads\/2021\/10\/Dune_nova.jpg\" \/>\n\t<meta property=\"og:image:width\" content=\"1000\" \/>\n\t<meta property=\"og:image:height\" content=\"1000\" \/>\n\t<meta property=\"og:image:type\" content=\"image\/jpeg\" \/>\n<meta name=\"twitter:card\" content=\"summary_large_image\" \/>\n<script type=\"application\/ld+json\" class=\"yoast-schema-graph\">{\"@context\":\"https:\/\/schema.org\",\"@graph\":[{\"@type\":\"WebPage\",\"@id\":\"https:\/\/kinnunen.fi\/tuote\/dune-nova\/\",\"url\":\"https:\/\/kinnunen.fi\/tuote\/dune-nova\/\",\"name\":\"Dune -leikkaussakset|Hiustenleikkaussakset|Kinnunen oy\",\"isPartOf\":{\"@id\":\"https:\/\/kinnunen.fi\/#website\"},\"primaryImageOfPage\":{\"@id\":\"https:\/\/kinnunen.fi\/tuote\/dune-nova\/#primaryimage\"},\"image\":{\"@id\":\"https:\/\/kinnunen.fi\/tuote\/dune-nova\/#primaryimage\"},\"thumbnailUrl\":\"https:\/\/kinnunen.fi\/wp-content\/uploads\/2021\/10\/Dune_nova.jpg\",\"datePublished\":\"2021-10-29T10:52:56+00:00\",\"dateModified\":\"2026-04-18T01:00:36+00:00\",\"description\":\"T\u00e4ydelliset sakset hiusten leikkaamiseen ja muotoiluun. Saksien hintaan kuuluu 1 veloitukseton terioitus.\",\"breadcrumb\":{\"@id\":\"https:\/\/kinnunen.fi\/tuote\/dune-nova\/#breadcrumb\"},\"inLanguage\":\"en-GB\",\"potentialAction\":[{\"@type\":\"ReadAction\",\"target\":[\"https:\/\/kinnunen.fi\/tuote\/dune-nova\/\"]}]},{\"@type\":\"ImageObject\",\"inLanguage\":\"en-GB\",\"@id\":\"https:\/\/kinnunen.fi\/tuote\/dune-nova\/#primaryimage\",\"url\":\"https:\/\/kinnunen.fi\/wp-content\/uploads\/2021\/10\/Dune_nova.jpg\",\"contentUrl\":\"https:\/\/kinnunen.fi\/wp-content\/uploads\/2021\/10\/Dune_nova.jpg\",\"width\":1000,\"height\":1000},{\"@type\":\"BreadcrumbList\",\"@id\":\"https:\/\/kinnunen.fi\/tuote\/dune-nova\/#breadcrumb\",\"itemListElement\":[{\"@type\":\"ListItem\",\"position\":1,\"name\":\"Etusivu\",\"item\":\"https:\/\/kinnunen.fi\/\"},{\"@type\":\"ListItem\",\"position\":2,\"name\":\"Kaikki tuotteet\",\"item\":\"https:\/\/kinnunen.fi\/kauppa\/\"},{\"@type\":\"ListItem\",\"position\":3,\"name\":\"Sakset ja veitset\",\"item\":\"https:\/\/kinnunen.fi\/tuote-osasto\/sakset-ja-veitset\/\"},{\"@type\":\"ListItem\",\"position\":4,\"name\":\"Leikkaussakset\",\"item\":\"https:\/\/kinnunen.fi\/tuote-osasto\/sakset-ja-veitset\/leikkaussakset\/\"},{\"@type\":\"ListItem\",\"position\":5,\"name\":\"Dune Nova\"}]},{\"@type\":\"WebSite\",\"@id\":\"https:\/\/kinnunen.fi\/#website\",\"url\":\"https:\/\/kinnunen.fi\/\",\"name\":\"Kinnunen\",\"description\":\"\",\"potentialAction\":[{\"@type\":\"SearchAction\",\"target\":{\"@type\":\"EntryPoint\",\"urlTemplate\":\"https:\/\/kinnunen.fi\/?s={search_term_string}\"},\"query-input\":\"required name=search_term_string\"}],\"inLanguage\":\"en-GB\"}]}<\/script>\n<!-- \/ Yoast SEO plugin. -->","yoast_head_json":{"title":"Dune -leikkaussakset|Hiustenleikkaussakset|Kinnunen oy","description":"T\u00e4ydelliset sakset hiusten leikkaamiseen ja muotoiluun. Saksien hintaan kuuluu 1 veloitukseton terioitus.","robots":{"index":"index","follow":"follow","max-snippet":"max-snippet:-1","max-image-preview":"max-image-preview:large","max-video-preview":"max-video-preview:-1"},"canonical":"https:\/\/kinnunen.fi\/en\/product\/dune-nova\/","og_locale":"en_GB","og_type":"article","og_title":"Dune -leikkaussakset|Hiustenleikkaussakset|Kinnunen oy","og_description":"T\u00e4ydelliset sakset hiusten leikkaamiseen ja muotoiluun. Saksien hintaan kuuluu 1 veloitukseton terioitus.","og_url":"https:\/\/kinnunen.fi\/en\/product\/dune-nova\/","og_site_name":"Kinnunen","article_modified_time":"2026-04-18T01:00:36+00:00","og_image":[{"width":1000,"height":1000,"url":"https:\/\/kinnunen.fi\/wp-content\/uploads\/2021\/10\/Dune_nova.jpg","type":"image\/jpeg"}],"twitter_card":"summary_large_image","schema":{"@context":"https:\/\/schema.org","@graph":[{"@type":"WebPage","@id":"https:\/\/kinnunen.fi\/tuote\/dune-nova\/","url":"https:\/\/kinnunen.fi\/tuote\/dune-nova\/","name":"Dune -leikkaussakset|Hiustenleikkaussakset|Kinnunen oy","isPartOf":{"@id":"https:\/\/kinnunen.fi\/#website"},"primaryImageOfPage":{"@id":"https:\/\/kinnunen.fi\/tuote\/dune-nova\/#primaryimage"},"image":{"@id":"https:\/\/kinnunen.fi\/tuote\/dune-nova\/#primaryimage"},"thumbnailUrl":"https:\/\/kinnunen.fi\/wp-content\/uploads\/2021\/10\/Dune_nova.jpg","datePublished":"2021-10-29T10:52:56+00:00","dateModified":"2026-04-18T01:00:36+00:00","description":"T\u00e4ydelliset sakset hiusten leikkaamiseen ja muotoiluun. Saksien hintaan kuuluu 1 veloitukseton terioitus.","breadcrumb":{"@id":"https:\/\/kinnunen.fi\/tuote\/dune-nova\/#breadcrumb"},"inLanguage":"en-GB","potentialAction":[{"@type":"ReadAction","target":["https:\/\/kinnunen.fi\/tuote\/dune-nova\/"]}]},{"@type":"ImageObject","inLanguage":"en-GB","@id":"https:\/\/kinnunen.fi\/tuote\/dune-nova\/#primaryimage","url":"https:\/\/kinnunen.fi\/wp-content\/uploads\/2021\/10\/Dune_nova.jpg","contentUrl":"https:\/\/kinnunen.fi\/wp-content\/uploads\/2021\/10\/Dune_nova.jpg","width":1000,"height":1000},{"@type":"BreadcrumbList","@id":"https:\/\/kinnunen.fi\/tuote\/dune-nova\/#breadcrumb","itemListElement":[{"@type":"ListItem","position":1,"name":"Etusivu","item":"https:\/\/kinnunen.fi\/"},{"@type":"ListItem","position":2,"name":"Kaikki tuotteet","item":"https:\/\/kinnunen.fi\/kauppa\/"},{"@type":"ListItem","position":3,"name":"Sakset ja veitset","item":"https:\/\/kinnunen.fi\/tuote-osasto\/sakset-ja-veitset\/"},{"@type":"ListItem","position":4,"name":"Leikkaussakset","item":"https:\/\/kinnunen.fi\/tuote-osasto\/sakset-ja-veitset\/leikkaussakset\/"},{"@type":"ListItem","position":5,"name":"Dune Nova"}]},{"@type":"WebSite","@id":"https:\/\/kinnunen.fi\/#website","url":"https:\/\/kinnunen.fi\/","name":"Kinnunen","description":"","potentialAction":[{"@type":"SearchAction","target":{"@type":"EntryPoint","urlTemplate":"https:\/\/kinnunen.fi\/?s={search_term_string}"},"query-input":"required name=search_term_string"}],"inLanguage":"en-GB"}]}},"_links":{"self":[{"href":"https:\/\/kinnunen.fi\/en\/wp-json\/wp\/v2\/product\/11853"}],"collection":[{"href":"https:\/\/kinnunen.fi\/en\/wp-json\/wp\/v2\/product"}],"about":[{"href":"https:\/\/kinnunen.fi\/en\/wp-json\/wp\/v2\/types\/product"}],"replies":[{"embeddable":true,"href":"https:\/\/kinnunen.fi\/en\/wp-json\/wp\/v2\/comments?post=11853"}],"wp:featuredmedia":[{"embeddable":true,"href":"https:\/\/kinnunen.fi\/en\/wp-json\/wp\/v2\/media\/14370"}],"wp:attachment":[{"href":"https:\/\/kinnunen.fi\/en\/wp-json\/wp\/v2\/media?parent=11853"}],"wp:term":[{"taxonomy":"product_cat","embeddable":true,"href":"https:\/\/kinnunen.fi\/en\/wp-json\/wp\/v2\/product_cat?post=11853"},{"taxonomy":"product_tag","embeddable":true,"href":"https:\/\/kinnunen.fi\/en\/wp-json\/wp\/v2\/product_tag?post=11853"}],"curies":[{"name":"wp","href":"https:\/\/api.w.org\/{rel}","templated":true}]}}