

{"id":11870,"date":"2021-10-29T13:53:10","date_gmt":"2021-10-29T10:53:10","guid":{"rendered":"https:\/\/kinnunen.fi-r.seravo.com\/tuote\/jaguar-diamond-e-cf\/"},"modified":"2026-04-18T04:00:34","modified_gmt":"2026-04-18T01:00:34","slug":"jaguar-diamond-e-cf","status":"publish","type":"product","link":"https:\/\/kinnunen.fi\/en\/product\/jaguar-diamond-e-cf\/","title":{"rendered":"Jaguar Diamond E CF"},"content":{"rendered":"<p>Ergonomically shaped, high-quality titanium-coated steel cutting scissors with an angled thumb section to reduce stress on the wrist. Fully integrated convex blades allow the use of all cutting techniques. The patented Vario Plus tensioning screw will not loosen under heavy use.<\/p>","protected":false},"excerpt":{"rendered":"<p>Ergonomisesti muotoillut korkealaatuisesta titaanip\u00e4\u00e4llysteisest\u00e4 ter\u00e4ksest\u00e4 valmistetut leikkaussakset, joiden taivutettu peukalo-osa v\u00e4hent\u00e4\u00e4 ranteeseen kohdistuvaa rasitusta. T\u00e4ysin integroidut kuperat ter\u00e4t mahdollistavat kaikkien&hellip;<\/p>","protected":false},"featured_media":14518,"comment_status":"closed","ping_status":"closed","template":"","meta":{"_relevanssi_hide_post":"","_relevanssi_pin_for_all":"","_relevanssi_pin_keywords":"","_relevanssi_unpin_keywords":"","_relevanssi_related_keywords":"","_relevanssi_related_include_ids":"","_relevanssi_related_exclude_ids":"","_relevanssi_related_no_append":"","_relevanssi_related_not_related":"","_relevanssi_related_posts":"","_relevanssi_noindex_reason":""},"product_cat":[1783,1784],"product_tag":[],"class_list":["post-11870","product","type-product","status-publish","has-post-thumbnail","hentry","product_cat-sakset-ja-veitset","product_cat-leikkaussakset","pa_ominaisuudet-valmistettu-euroopassa","pa_vari-409","pa_vari-721","tuotemerkki-jaguar"],"tuotemerkit":[{"term_id":173,"name":"Jaguar","slug":"jaguar","term_group":0,"term_taxonomy_id":173,"taxonomy":"tuotemerkki","description":"","parent":0,"count":26,"filter":"raw"}],"acf":[],"yoast_head":"<!-- This site is optimized with the Yoast SEO plugin v23.3 - https:\/\/yoast.com\/wordpress\/plugins\/seo\/ -->\n<title>Jaguar -leikkaussakset|Hiustenleikkaussakset|Kinnunen oy<\/title>\n<meta name=\"description\" content=\"Ergonomisesti muotoillut korkealaatuisesta titaanip\u00e4\u00e4llysteisest\u00e4 ter\u00e4ksest\u00e4 valmistetut leikkaussakset, joiden taivutettu peukalo-osa v\u00e4hent\u00e4\u00e4 ranteeseen kohdistuvaa rasitusta. T\u00e4ysin integroidut kuperat ter\u00e4t mahdollistavat kaikkien leikkaustekniikoiden k\u00e4yt\u00f6n. Patentoitu Vario Plus -kiristysruuvi ei l\u00f6ysty kovassakaan k\u00e4yt\u00f6ss\u00e4.\" \/>\n<meta name=\"robots\" content=\"index, follow, max-snippet:-1, max-image-preview:large, max-video-preview:-1\" \/>\n<link rel=\"canonical\" href=\"https:\/\/kinnunen.fi\/en\/product\/jaguar-diamond-e-cf\/\" \/>\n<meta property=\"og:locale\" content=\"en_GB\" \/>\n<meta property=\"og:type\" content=\"article\" \/>\n<meta property=\"og:title\" content=\"Jaguar -leikkaussakset|Hiustenleikkaussakset|Kinnunen oy\" \/>\n<meta property=\"og:description\" content=\"Ergonomisesti muotoillut korkealaatuisesta titaanip\u00e4\u00e4llysteisest\u00e4 ter\u00e4ksest\u00e4 valmistetut leikkaussakset, joiden taivutettu peukalo-osa v\u00e4hent\u00e4\u00e4 ranteeseen kohdistuvaa rasitusta. T\u00e4ysin integroidut kuperat ter\u00e4t mahdollistavat kaikkien leikkaustekniikoiden k\u00e4yt\u00f6n. Patentoitu Vario Plus -kiristysruuvi ei l\u00f6ysty kovassakaan k\u00e4yt\u00f6ss\u00e4.\" \/>\n<meta property=\"og:url\" content=\"https:\/\/kinnunen.fi\/en\/product\/jaguar-diamond-e-cf\/\" \/>\n<meta property=\"og:site_name\" content=\"Kinnunen\" \/>\n<meta property=\"article:modified_time\" content=\"2026-04-18T01:00:34+00:00\" \/>\n<meta property=\"og:image\" content=\"https:\/\/kinnunen.fi\/wp-content\/uploads\/2021\/10\/Jaguar_diamonde_cf.jpg\" \/>\n\t<meta property=\"og:image:width\" content=\"1000\" \/>\n\t<meta property=\"og:image:height\" content=\"1000\" \/>\n\t<meta property=\"og:image:type\" content=\"image\/jpeg\" \/>\n<meta name=\"twitter:card\" content=\"summary_large_image\" \/>\n<script type=\"application\/ld+json\" class=\"yoast-schema-graph\">{\"@context\":\"https:\/\/schema.org\",\"@graph\":[{\"@type\":\"WebPage\",\"@id\":\"https:\/\/kinnunen.fi\/tuote\/jaguar-diamond-e-cf\/\",\"url\":\"https:\/\/kinnunen.fi\/tuote\/jaguar-diamond-e-cf\/\",\"name\":\"Jaguar -leikkaussakset|Hiustenleikkaussakset|Kinnunen oy\",\"isPartOf\":{\"@id\":\"https:\/\/kinnunen.fi\/#website\"},\"primaryImageOfPage\":{\"@id\":\"https:\/\/kinnunen.fi\/tuote\/jaguar-diamond-e-cf\/#primaryimage\"},\"image\":{\"@id\":\"https:\/\/kinnunen.fi\/tuote\/jaguar-diamond-e-cf\/#primaryimage\"},\"thumbnailUrl\":\"https:\/\/kinnunen.fi\/wp-content\/uploads\/2021\/10\/Jaguar_diamonde_cf.jpg\",\"datePublished\":\"2021-10-29T10:53:10+00:00\",\"dateModified\":\"2026-04-18T01:00:34+00:00\",\"description\":\"Ergonomisesti muotoillut korkealaatuisesta titaanip\u00e4\u00e4llysteisest\u00e4 ter\u00e4ksest\u00e4 valmistetut leikkaussakset, joiden taivutettu peukalo-osa v\u00e4hent\u00e4\u00e4 ranteeseen kohdistuvaa rasitusta. T\u00e4ysin integroidut kuperat ter\u00e4t mahdollistavat kaikkien leikkaustekniikoiden k\u00e4yt\u00f6n. Patentoitu Vario Plus -kiristysruuvi ei l\u00f6ysty kovassakaan k\u00e4yt\u00f6ss\u00e4.\",\"breadcrumb\":{\"@id\":\"https:\/\/kinnunen.fi\/tuote\/jaguar-diamond-e-cf\/#breadcrumb\"},\"inLanguage\":\"en-GB\",\"potentialAction\":[{\"@type\":\"ReadAction\",\"target\":[\"https:\/\/kinnunen.fi\/tuote\/jaguar-diamond-e-cf\/\"]}]},{\"@type\":\"ImageObject\",\"inLanguage\":\"en-GB\",\"@id\":\"https:\/\/kinnunen.fi\/tuote\/jaguar-diamond-e-cf\/#primaryimage\",\"url\":\"https:\/\/kinnunen.fi\/wp-content\/uploads\/2021\/10\/Jaguar_diamonde_cf.jpg\",\"contentUrl\":\"https:\/\/kinnunen.fi\/wp-content\/uploads\/2021\/10\/Jaguar_diamonde_cf.jpg\",\"width\":1000,\"height\":1000},{\"@type\":\"BreadcrumbList\",\"@id\":\"https:\/\/kinnunen.fi\/tuote\/jaguar-diamond-e-cf\/#breadcrumb\",\"itemListElement\":[{\"@type\":\"ListItem\",\"position\":1,\"name\":\"Etusivu\",\"item\":\"https:\/\/kinnunen.fi\/\"},{\"@type\":\"ListItem\",\"position\":2,\"name\":\"Kaikki tuotteet\",\"item\":\"https:\/\/kinnunen.fi\/kauppa\/\"},{\"@type\":\"ListItem\",\"position\":3,\"name\":\"Sakset ja veitset\",\"item\":\"https:\/\/kinnunen.fi\/tuote-osasto\/sakset-ja-veitset\/\"},{\"@type\":\"ListItem\",\"position\":4,\"name\":\"Leikkaussakset\",\"item\":\"https:\/\/kinnunen.fi\/tuote-osasto\/sakset-ja-veitset\/leikkaussakset\/\"},{\"@type\":\"ListItem\",\"position\":5,\"name\":\"Jaguar Diamond E CF\"}]},{\"@type\":\"WebSite\",\"@id\":\"https:\/\/kinnunen.fi\/#website\",\"url\":\"https:\/\/kinnunen.fi\/\",\"name\":\"Kinnunen\",\"description\":\"\",\"potentialAction\":[{\"@type\":\"SearchAction\",\"target\":{\"@type\":\"EntryPoint\",\"urlTemplate\":\"https:\/\/kinnunen.fi\/?s={search_term_string}\"},\"query-input\":\"required name=search_term_string\"}],\"inLanguage\":\"en-GB\"}]}<\/script>\n<!-- \/ Yoast SEO plugin. -->","yoast_head_json":{"title":"Jaguar -leikkaussakset|Hiustenleikkaussakset|Kinnunen oy","description":"Ergonomisesti muotoillut korkealaatuisesta titaanip\u00e4\u00e4llysteisest\u00e4 ter\u00e4ksest\u00e4 valmistetut leikkaussakset, joiden taivutettu peukalo-osa v\u00e4hent\u00e4\u00e4 ranteeseen kohdistuvaa rasitusta. T\u00e4ysin integroidut kuperat ter\u00e4t mahdollistavat kaikkien leikkaustekniikoiden k\u00e4yt\u00f6n. Patentoitu Vario Plus -kiristysruuvi ei l\u00f6ysty kovassakaan k\u00e4yt\u00f6ss\u00e4.","robots":{"index":"index","follow":"follow","max-snippet":"max-snippet:-1","max-image-preview":"max-image-preview:large","max-video-preview":"max-video-preview:-1"},"canonical":"https:\/\/kinnunen.fi\/en\/product\/jaguar-diamond-e-cf\/","og_locale":"en_GB","og_type":"article","og_title":"Jaguar -leikkaussakset|Hiustenleikkaussakset|Kinnunen oy","og_description":"Ergonomisesti muotoillut korkealaatuisesta titaanip\u00e4\u00e4llysteisest\u00e4 ter\u00e4ksest\u00e4 valmistetut leikkaussakset, joiden taivutettu peukalo-osa v\u00e4hent\u00e4\u00e4 ranteeseen kohdistuvaa rasitusta. T\u00e4ysin integroidut kuperat ter\u00e4t mahdollistavat kaikkien leikkaustekniikoiden k\u00e4yt\u00f6n. Patentoitu Vario Plus -kiristysruuvi ei l\u00f6ysty kovassakaan k\u00e4yt\u00f6ss\u00e4.","og_url":"https:\/\/kinnunen.fi\/en\/product\/jaguar-diamond-e-cf\/","og_site_name":"Kinnunen","article_modified_time":"2026-04-18T01:00:34+00:00","og_image":[{"width":1000,"height":1000,"url":"https:\/\/kinnunen.fi\/wp-content\/uploads\/2021\/10\/Jaguar_diamonde_cf.jpg","type":"image\/jpeg"}],"twitter_card":"summary_large_image","schema":{"@context":"https:\/\/schema.org","@graph":[{"@type":"WebPage","@id":"https:\/\/kinnunen.fi\/tuote\/jaguar-diamond-e-cf\/","url":"https:\/\/kinnunen.fi\/tuote\/jaguar-diamond-e-cf\/","name":"Jaguar -leikkaussakset|Hiustenleikkaussakset|Kinnunen oy","isPartOf":{"@id":"https:\/\/kinnunen.fi\/#website"},"primaryImageOfPage":{"@id":"https:\/\/kinnunen.fi\/tuote\/jaguar-diamond-e-cf\/#primaryimage"},"image":{"@id":"https:\/\/kinnunen.fi\/tuote\/jaguar-diamond-e-cf\/#primaryimage"},"thumbnailUrl":"https:\/\/kinnunen.fi\/wp-content\/uploads\/2021\/10\/Jaguar_diamonde_cf.jpg","datePublished":"2021-10-29T10:53:10+00:00","dateModified":"2026-04-18T01:00:34+00:00","description":"Ergonomisesti muotoillut korkealaatuisesta titaanip\u00e4\u00e4llysteisest\u00e4 ter\u00e4ksest\u00e4 valmistetut leikkaussakset, joiden taivutettu peukalo-osa v\u00e4hent\u00e4\u00e4 ranteeseen kohdistuvaa rasitusta. T\u00e4ysin integroidut kuperat ter\u00e4t mahdollistavat kaikkien leikkaustekniikoiden k\u00e4yt\u00f6n. Patentoitu Vario Plus -kiristysruuvi ei l\u00f6ysty kovassakaan k\u00e4yt\u00f6ss\u00e4.","breadcrumb":{"@id":"https:\/\/kinnunen.fi\/tuote\/jaguar-diamond-e-cf\/#breadcrumb"},"inLanguage":"en-GB","potentialAction":[{"@type":"ReadAction","target":["https:\/\/kinnunen.fi\/tuote\/jaguar-diamond-e-cf\/"]}]},{"@type":"ImageObject","inLanguage":"en-GB","@id":"https:\/\/kinnunen.fi\/tuote\/jaguar-diamond-e-cf\/#primaryimage","url":"https:\/\/kinnunen.fi\/wp-content\/uploads\/2021\/10\/Jaguar_diamonde_cf.jpg","contentUrl":"https:\/\/kinnunen.fi\/wp-content\/uploads\/2021\/10\/Jaguar_diamonde_cf.jpg","width":1000,"height":1000},{"@type":"BreadcrumbList","@id":"https:\/\/kinnunen.fi\/tuote\/jaguar-diamond-e-cf\/#breadcrumb","itemListElement":[{"@type":"ListItem","position":1,"name":"Etusivu","item":"https:\/\/kinnunen.fi\/"},{"@type":"ListItem","position":2,"name":"Kaikki tuotteet","item":"https:\/\/kinnunen.fi\/kauppa\/"},{"@type":"ListItem","position":3,"name":"Sakset ja veitset","item":"https:\/\/kinnunen.fi\/tuote-osasto\/sakset-ja-veitset\/"},{"@type":"ListItem","position":4,"name":"Leikkaussakset","item":"https:\/\/kinnunen.fi\/tuote-osasto\/sakset-ja-veitset\/leikkaussakset\/"},{"@type":"ListItem","position":5,"name":"Jaguar Diamond E CF"}]},{"@type":"WebSite","@id":"https:\/\/kinnunen.fi\/#website","url":"https:\/\/kinnunen.fi\/","name":"Kinnunen","description":"","potentialAction":[{"@type":"SearchAction","target":{"@type":"EntryPoint","urlTemplate":"https:\/\/kinnunen.fi\/?s={search_term_string}"},"query-input":"required name=search_term_string"}],"inLanguage":"en-GB"}]}},"_links":{"self":[{"href":"https:\/\/kinnunen.fi\/en\/wp-json\/wp\/v2\/product\/11870"}],"collection":[{"href":"https:\/\/kinnunen.fi\/en\/wp-json\/wp\/v2\/product"}],"about":[{"href":"https:\/\/kinnunen.fi\/en\/wp-json\/wp\/v2\/types\/product"}],"replies":[{"embeddable":true,"href":"https:\/\/kinnunen.fi\/en\/wp-json\/wp\/v2\/comments?post=11870"}],"wp:featuredmedia":[{"embeddable":true,"href":"https:\/\/kinnunen.fi\/en\/wp-json\/wp\/v2\/media\/14518"}],"wp:attachment":[{"href":"https:\/\/kinnunen.fi\/en\/wp-json\/wp\/v2\/media?parent=11870"}],"wp:term":[{"taxonomy":"product_cat","embeddable":true,"href":"https:\/\/kinnunen.fi\/en\/wp-json\/wp\/v2\/product_cat?post=11870"},{"taxonomy":"product_tag","embeddable":true,"href":"https:\/\/kinnunen.fi\/en\/wp-json\/wp\/v2\/product_tag?post=11870"}],"curies":[{"name":"wp","href":"https:\/\/api.w.org\/{rel}","templated":true}]}}