

{"id":11873,"date":"2021-10-29T13:53:10","date_gmt":"2021-10-29T10:53:10","guid":{"rendered":"https:\/\/kinnunen.fi-r.seravo.com\/tuote\/jaguar-cj4-plus\/"},"modified":"2026-04-18T04:00:35","modified_gmt":"2026-04-18T01:00:35","slug":"jaguar-cj4-plus","status":"publish","type":"product","link":"https:\/\/kinnunen.fi\/en\/product\/jaguar-cj4-plus\/","title":{"rendered":"Jaguar CJ4 Plus"},"content":{"rendered":"<p>Ergonomically shaped cutting scissors with steel tempered at -180\u00b0C to maintain sharpness for a very long time. The grinding of the scissors makes them perfectly suited to special techniques. The design of the scissors makes cutting hair easy and effortless.<\/p>","protected":false},"excerpt":{"rendered":"<p>Ergonomisesti muotoillut leikkaussakset, joiden -180 asteessa temperoitu ter\u00e4s s\u00e4ilytt\u00e4\u00e4 ter\u00e4vyytens\u00e4 eritt\u00e4in pitk\u00e4\u00e4n. Saksien hionnan ansioista ne sopivat t\u00e4ydellisesti erikoistekniikoihin. Saksien&hellip;<\/p>","protected":false},"featured_media":14512,"comment_status":"closed","ping_status":"closed","template":"","meta":{"_relevanssi_hide_post":"","_relevanssi_pin_for_all":"","_relevanssi_pin_keywords":"","_relevanssi_unpin_keywords":"","_relevanssi_related_keywords":"","_relevanssi_related_include_ids":"","_relevanssi_related_exclude_ids":"","_relevanssi_related_no_append":"","_relevanssi_related_not_related":"","_relevanssi_related_posts":"","_relevanssi_noindex_reason":""},"product_cat":[1783,1784],"product_tag":[],"class_list":["post-11873","product","type-product","status-publish","has-post-thumbnail","hentry","product_cat-sakset-ja-veitset","product_cat-leikkaussakset","pa_ominaisuudet-valmistettu-euroopassa","pa_vari-409","pa_vari-721","tuotemerkki-jaguar"],"tuotemerkit":[{"term_id":173,"name":"Jaguar","slug":"jaguar","term_group":0,"term_taxonomy_id":173,"taxonomy":"tuotemerkki","description":"","parent":0,"count":26,"filter":"raw"}],"acf":[],"yoast_head":"<!-- This site is optimized with the Yoast SEO plugin v23.3 - https:\/\/yoast.com\/wordpress\/plugins\/seo\/ -->\n<title>Jaguar -leikkaussakset|Hiustenleikkaussakset|Kinnunen oy<\/title>\n<meta name=\"description\" content=\"Ergonomisesti muotoillut leikkaussakset, joiden -180 asteessa temperoitu ter\u00e4s s\u00e4ilytt\u00e4\u00e4 ter\u00e4vyytens\u00e4 eritt\u00e4in pitk\u00e4\u00e4n. Saksien hionnan ansioista ne sopivat t\u00e4ydellisesti erikoistekniikoihin. Saksien muotoilun ansiosta hiusten leikkaaminen on helppoa ja vaivatonta.\" \/>\n<meta name=\"robots\" content=\"index, follow, max-snippet:-1, max-image-preview:large, max-video-preview:-1\" \/>\n<link rel=\"canonical\" href=\"https:\/\/kinnunen.fi\/en\/product\/jaguar-cj4-plus\/\" \/>\n<meta property=\"og:locale\" content=\"en_GB\" \/>\n<meta property=\"og:type\" content=\"article\" \/>\n<meta property=\"og:title\" content=\"Jaguar -leikkaussakset|Hiustenleikkaussakset|Kinnunen oy\" \/>\n<meta property=\"og:description\" content=\"Ergonomisesti muotoillut leikkaussakset, joiden -180 asteessa temperoitu ter\u00e4s s\u00e4ilytt\u00e4\u00e4 ter\u00e4vyytens\u00e4 eritt\u00e4in pitk\u00e4\u00e4n. Saksien hionnan ansioista ne sopivat t\u00e4ydellisesti erikoistekniikoihin. Saksien muotoilun ansiosta hiusten leikkaaminen on helppoa ja vaivatonta.\" \/>\n<meta property=\"og:url\" content=\"https:\/\/kinnunen.fi\/en\/product\/jaguar-cj4-plus\/\" \/>\n<meta property=\"og:site_name\" content=\"Kinnunen\" \/>\n<meta property=\"article:modified_time\" content=\"2026-04-18T01:00:35+00:00\" \/>\n<meta property=\"og:image\" content=\"https:\/\/kinnunen.fi\/wp-content\/uploads\/2021\/10\/Jaguar_CJ4_plus.jpg\" \/>\n\t<meta property=\"og:image:width\" content=\"1000\" \/>\n\t<meta property=\"og:image:height\" content=\"1000\" \/>\n\t<meta property=\"og:image:type\" content=\"image\/jpeg\" \/>\n<meta name=\"twitter:card\" content=\"summary_large_image\" \/>\n<script type=\"application\/ld+json\" class=\"yoast-schema-graph\">{\"@context\":\"https:\/\/schema.org\",\"@graph\":[{\"@type\":\"WebPage\",\"@id\":\"https:\/\/kinnunen.fi\/tuote\/jaguar-cj4-plus\/\",\"url\":\"https:\/\/kinnunen.fi\/tuote\/jaguar-cj4-plus\/\",\"name\":\"Jaguar -leikkaussakset|Hiustenleikkaussakset|Kinnunen oy\",\"isPartOf\":{\"@id\":\"https:\/\/kinnunen.fi\/#website\"},\"primaryImageOfPage\":{\"@id\":\"https:\/\/kinnunen.fi\/tuote\/jaguar-cj4-plus\/#primaryimage\"},\"image\":{\"@id\":\"https:\/\/kinnunen.fi\/tuote\/jaguar-cj4-plus\/#primaryimage\"},\"thumbnailUrl\":\"https:\/\/kinnunen.fi\/wp-content\/uploads\/2021\/10\/Jaguar_CJ4_plus.jpg\",\"datePublished\":\"2021-10-29T10:53:10+00:00\",\"dateModified\":\"2026-04-18T01:00:35+00:00\",\"description\":\"Ergonomisesti muotoillut leikkaussakset, joiden -180 asteessa temperoitu ter\u00e4s s\u00e4ilytt\u00e4\u00e4 ter\u00e4vyytens\u00e4 eritt\u00e4in pitk\u00e4\u00e4n. Saksien hionnan ansioista ne sopivat t\u00e4ydellisesti erikoistekniikoihin. Saksien muotoilun ansiosta hiusten leikkaaminen on helppoa ja vaivatonta.\",\"breadcrumb\":{\"@id\":\"https:\/\/kinnunen.fi\/tuote\/jaguar-cj4-plus\/#breadcrumb\"},\"inLanguage\":\"en-GB\",\"potentialAction\":[{\"@type\":\"ReadAction\",\"target\":[\"https:\/\/kinnunen.fi\/tuote\/jaguar-cj4-plus\/\"]}]},{\"@type\":\"ImageObject\",\"inLanguage\":\"en-GB\",\"@id\":\"https:\/\/kinnunen.fi\/tuote\/jaguar-cj4-plus\/#primaryimage\",\"url\":\"https:\/\/kinnunen.fi\/wp-content\/uploads\/2021\/10\/Jaguar_CJ4_plus.jpg\",\"contentUrl\":\"https:\/\/kinnunen.fi\/wp-content\/uploads\/2021\/10\/Jaguar_CJ4_plus.jpg\",\"width\":1000,\"height\":1000},{\"@type\":\"BreadcrumbList\",\"@id\":\"https:\/\/kinnunen.fi\/tuote\/jaguar-cj4-plus\/#breadcrumb\",\"itemListElement\":[{\"@type\":\"ListItem\",\"position\":1,\"name\":\"Etusivu\",\"item\":\"https:\/\/kinnunen.fi\/\"},{\"@type\":\"ListItem\",\"position\":2,\"name\":\"Kaikki tuotteet\",\"item\":\"https:\/\/kinnunen.fi\/kauppa\/\"},{\"@type\":\"ListItem\",\"position\":3,\"name\":\"Sakset ja veitset\",\"item\":\"https:\/\/kinnunen.fi\/tuote-osasto\/sakset-ja-veitset\/\"},{\"@type\":\"ListItem\",\"position\":4,\"name\":\"Leikkaussakset\",\"item\":\"https:\/\/kinnunen.fi\/tuote-osasto\/sakset-ja-veitset\/leikkaussakset\/\"},{\"@type\":\"ListItem\",\"position\":5,\"name\":\"Jaguar CJ4 Plus\"}]},{\"@type\":\"WebSite\",\"@id\":\"https:\/\/kinnunen.fi\/#website\",\"url\":\"https:\/\/kinnunen.fi\/\",\"name\":\"Kinnunen\",\"description\":\"\",\"potentialAction\":[{\"@type\":\"SearchAction\",\"target\":{\"@type\":\"EntryPoint\",\"urlTemplate\":\"https:\/\/kinnunen.fi\/?s={search_term_string}\"},\"query-input\":\"required name=search_term_string\"}],\"inLanguage\":\"en-GB\"}]}<\/script>\n<!-- \/ Yoast SEO plugin. -->","yoast_head_json":{"title":"Jaguar -leikkaussakset|Hiustenleikkaussakset|Kinnunen oy","description":"Ergonomisesti muotoillut leikkaussakset, joiden -180 asteessa temperoitu ter\u00e4s s\u00e4ilytt\u00e4\u00e4 ter\u00e4vyytens\u00e4 eritt\u00e4in pitk\u00e4\u00e4n. Saksien hionnan ansioista ne sopivat t\u00e4ydellisesti erikoistekniikoihin. Saksien muotoilun ansiosta hiusten leikkaaminen on helppoa ja vaivatonta.","robots":{"index":"index","follow":"follow","max-snippet":"max-snippet:-1","max-image-preview":"max-image-preview:large","max-video-preview":"max-video-preview:-1"},"canonical":"https:\/\/kinnunen.fi\/en\/product\/jaguar-cj4-plus\/","og_locale":"en_GB","og_type":"article","og_title":"Jaguar -leikkaussakset|Hiustenleikkaussakset|Kinnunen oy","og_description":"Ergonomisesti muotoillut leikkaussakset, joiden -180 asteessa temperoitu ter\u00e4s s\u00e4ilytt\u00e4\u00e4 ter\u00e4vyytens\u00e4 eritt\u00e4in pitk\u00e4\u00e4n. Saksien hionnan ansioista ne sopivat t\u00e4ydellisesti erikoistekniikoihin. Saksien muotoilun ansiosta hiusten leikkaaminen on helppoa ja vaivatonta.","og_url":"https:\/\/kinnunen.fi\/en\/product\/jaguar-cj4-plus\/","og_site_name":"Kinnunen","article_modified_time":"2026-04-18T01:00:35+00:00","og_image":[{"width":1000,"height":1000,"url":"https:\/\/kinnunen.fi\/wp-content\/uploads\/2021\/10\/Jaguar_CJ4_plus.jpg","type":"image\/jpeg"}],"twitter_card":"summary_large_image","schema":{"@context":"https:\/\/schema.org","@graph":[{"@type":"WebPage","@id":"https:\/\/kinnunen.fi\/tuote\/jaguar-cj4-plus\/","url":"https:\/\/kinnunen.fi\/tuote\/jaguar-cj4-plus\/","name":"Jaguar -leikkaussakset|Hiustenleikkaussakset|Kinnunen oy","isPartOf":{"@id":"https:\/\/kinnunen.fi\/#website"},"primaryImageOfPage":{"@id":"https:\/\/kinnunen.fi\/tuote\/jaguar-cj4-plus\/#primaryimage"},"image":{"@id":"https:\/\/kinnunen.fi\/tuote\/jaguar-cj4-plus\/#primaryimage"},"thumbnailUrl":"https:\/\/kinnunen.fi\/wp-content\/uploads\/2021\/10\/Jaguar_CJ4_plus.jpg","datePublished":"2021-10-29T10:53:10+00:00","dateModified":"2026-04-18T01:00:35+00:00","description":"Ergonomisesti muotoillut leikkaussakset, joiden -180 asteessa temperoitu ter\u00e4s s\u00e4ilytt\u00e4\u00e4 ter\u00e4vyytens\u00e4 eritt\u00e4in pitk\u00e4\u00e4n. Saksien hionnan ansioista ne sopivat t\u00e4ydellisesti erikoistekniikoihin. Saksien muotoilun ansiosta hiusten leikkaaminen on helppoa ja vaivatonta.","breadcrumb":{"@id":"https:\/\/kinnunen.fi\/tuote\/jaguar-cj4-plus\/#breadcrumb"},"inLanguage":"en-GB","potentialAction":[{"@type":"ReadAction","target":["https:\/\/kinnunen.fi\/tuote\/jaguar-cj4-plus\/"]}]},{"@type":"ImageObject","inLanguage":"en-GB","@id":"https:\/\/kinnunen.fi\/tuote\/jaguar-cj4-plus\/#primaryimage","url":"https:\/\/kinnunen.fi\/wp-content\/uploads\/2021\/10\/Jaguar_CJ4_plus.jpg","contentUrl":"https:\/\/kinnunen.fi\/wp-content\/uploads\/2021\/10\/Jaguar_CJ4_plus.jpg","width":1000,"height":1000},{"@type":"BreadcrumbList","@id":"https:\/\/kinnunen.fi\/tuote\/jaguar-cj4-plus\/#breadcrumb","itemListElement":[{"@type":"ListItem","position":1,"name":"Etusivu","item":"https:\/\/kinnunen.fi\/"},{"@type":"ListItem","position":2,"name":"Kaikki tuotteet","item":"https:\/\/kinnunen.fi\/kauppa\/"},{"@type":"ListItem","position":3,"name":"Sakset ja veitset","item":"https:\/\/kinnunen.fi\/tuote-osasto\/sakset-ja-veitset\/"},{"@type":"ListItem","position":4,"name":"Leikkaussakset","item":"https:\/\/kinnunen.fi\/tuote-osasto\/sakset-ja-veitset\/leikkaussakset\/"},{"@type":"ListItem","position":5,"name":"Jaguar CJ4 Plus"}]},{"@type":"WebSite","@id":"https:\/\/kinnunen.fi\/#website","url":"https:\/\/kinnunen.fi\/","name":"Kinnunen","description":"","potentialAction":[{"@type":"SearchAction","target":{"@type":"EntryPoint","urlTemplate":"https:\/\/kinnunen.fi\/?s={search_term_string}"},"query-input":"required name=search_term_string"}],"inLanguage":"en-GB"}]}},"_links":{"self":[{"href":"https:\/\/kinnunen.fi\/en\/wp-json\/wp\/v2\/product\/11873"}],"collection":[{"href":"https:\/\/kinnunen.fi\/en\/wp-json\/wp\/v2\/product"}],"about":[{"href":"https:\/\/kinnunen.fi\/en\/wp-json\/wp\/v2\/types\/product"}],"replies":[{"embeddable":true,"href":"https:\/\/kinnunen.fi\/en\/wp-json\/wp\/v2\/comments?post=11873"}],"wp:featuredmedia":[{"embeddable":true,"href":"https:\/\/kinnunen.fi\/en\/wp-json\/wp\/v2\/media\/14512"}],"wp:attachment":[{"href":"https:\/\/kinnunen.fi\/en\/wp-json\/wp\/v2\/media?parent=11873"}],"wp:term":[{"taxonomy":"product_cat","embeddable":true,"href":"https:\/\/kinnunen.fi\/en\/wp-json\/wp\/v2\/product_cat?post=11873"},{"taxonomy":"product_tag","embeddable":true,"href":"https:\/\/kinnunen.fi\/en\/wp-json\/wp\/v2\/product_tag?post=11873"}],"curies":[{"name":"wp","href":"https:\/\/api.w.org\/{rel}","templated":true}]}}