

{"id":11907,"date":"2021-10-29T13:53:37","date_gmt":"2021-10-29T10:53:37","guid":{"rendered":"https:\/\/kinnunen.fi-r.seravo.com\/tuote\/diana-monitoimikappa\/"},"modified":"2026-04-19T04:00:37","modified_gmt":"2026-04-19T01:00:37","slug":"diana-monitoimikappa","status":"publish","type":"product","link":"https:\/\/kinnunen.fi\/en\/product\/diana-monitoimikappa\/","title":{"rendered":"Diana - multifunctional boots"},"content":{"rendered":"<p>Size: 138 cm x 150 cm, neck opening length 60 cm.<br \/>\nMaterial: 76% polyester and 24% polyurethane. The material is water repellent.<br \/>\nWashing instructions: machine wash in cold water. Do not tumble dry or iron. NOTE! High temperatures will damage the PU material.<\/p>","protected":false},"excerpt":{"rendered":"<p>Fair sized multifunctional boot, suitable for hairdressing and barbering.<br \/>\nThe hood has hand holes and a hook fastening.<\/p>","protected":false},"featured_media":14355,"comment_status":"closed","ping_status":"closed","template":"","meta":{"_relevanssi_hide_post":"","_relevanssi_pin_for_all":"","_relevanssi_pin_keywords":"","_relevanssi_unpin_keywords":"","_relevanssi_related_keywords":"","_relevanssi_related_include_ids":"","_relevanssi_related_exclude_ids":"","_relevanssi_related_no_append":"","_relevanssi_related_not_related":"","_relevanssi_related_posts":"","_relevanssi_noindex_reason":""},"product_cat":[1762,1797,1801,1800],"product_tag":[],"class_list":["post-11907","product","type-product","status-publish","has-post-thumbnail","hentry","product_cat-tarvikkeet","product_cat-kapat-ja-essut","product_cat-varjayskapat","product_cat-leikkauskapat-kapat-essut-ja-tyoasut","pa_vari-kulta","pa_vari-musta","pa_vari-ruskea","pa_vari-viininpunainen","tuotemerkki-kinnunen"],"tuotemerkit":[{"term_id":177,"name":"Kinnunen","slug":"kinnunen","term_group":0,"term_taxonomy_id":177,"taxonomy":"tuotemerkki","description":"","parent":0,"count":90,"filter":"raw"}],"acf":[],"yoast_head":"<!-- This site is optimized with the Yoast SEO plugin v23.3 - https:\/\/yoast.com\/wordpress\/plugins\/seo\/ -->\n<title>Kapat ja essut| Kinnunen Oy<\/title>\n<meta name=\"robots\" content=\"index, follow, max-snippet:-1, max-image-preview:large, max-video-preview:-1\" \/>\n<link rel=\"canonical\" href=\"https:\/\/kinnunen.fi\/en\/product\/diana-monitoimikappa\/\" \/>\n<meta property=\"og:locale\" content=\"en_GB\" \/>\n<meta property=\"og:type\" content=\"article\" \/>\n<meta property=\"og:title\" content=\"Kapat ja essut| Kinnunen Oy\" \/>\n<meta property=\"og:description\" content=\"Reilunkokoinen monitoimikappa, joka sopii kampaamo- ja parturity\u00f6skentelyyn. Kapassa on k\u00e4siaukot sek\u00e4 hakaskiinnitys.\" \/>\n<meta property=\"og:url\" content=\"https:\/\/kinnunen.fi\/en\/product\/diana-monitoimikappa\/\" \/>\n<meta property=\"og:site_name\" content=\"Kinnunen\" \/>\n<meta property=\"article:modified_time\" content=\"2026-04-19T01:00:37+00:00\" \/>\n<meta property=\"og:image\" content=\"https:\/\/kinnunen.fi\/wp-content\/uploads\/2021\/10\/Diana_kappa_musta.jpg\" \/>\n\t<meta property=\"og:image:width\" content=\"1000\" \/>\n\t<meta property=\"og:image:height\" content=\"1000\" \/>\n\t<meta property=\"og:image:type\" content=\"image\/jpeg\" \/>\n<meta name=\"twitter:card\" content=\"summary_large_image\" \/>\n<meta name=\"twitter:label1\" content=\"Estimated reading time\" \/>\n\t<meta name=\"twitter:data1\" content=\"1 minute\" \/>\n<script type=\"application\/ld+json\" class=\"yoast-schema-graph\">{\"@context\":\"https:\/\/schema.org\",\"@graph\":[{\"@type\":\"WebPage\",\"@id\":\"https:\/\/kinnunen.fi\/tuote\/diana-monitoimikappa\/\",\"url\":\"https:\/\/kinnunen.fi\/tuote\/diana-monitoimikappa\/\",\"name\":\"Kapat ja essut| Kinnunen Oy\",\"isPartOf\":{\"@id\":\"https:\/\/kinnunen.fi\/#website\"},\"primaryImageOfPage\":{\"@id\":\"https:\/\/kinnunen.fi\/tuote\/diana-monitoimikappa\/#primaryimage\"},\"image\":{\"@id\":\"https:\/\/kinnunen.fi\/tuote\/diana-monitoimikappa\/#primaryimage\"},\"thumbnailUrl\":\"https:\/\/kinnunen.fi\/wp-content\/uploads\/2021\/10\/Diana_kappa_musta.jpg\",\"datePublished\":\"2021-10-29T10:53:37+00:00\",\"dateModified\":\"2026-04-19T01:00:37+00:00\",\"breadcrumb\":{\"@id\":\"https:\/\/kinnunen.fi\/tuote\/diana-monitoimikappa\/#breadcrumb\"},\"inLanguage\":\"en-GB\",\"potentialAction\":[{\"@type\":\"ReadAction\",\"target\":[\"https:\/\/kinnunen.fi\/tuote\/diana-monitoimikappa\/\"]}]},{\"@type\":\"ImageObject\",\"inLanguage\":\"en-GB\",\"@id\":\"https:\/\/kinnunen.fi\/tuote\/diana-monitoimikappa\/#primaryimage\",\"url\":\"https:\/\/kinnunen.fi\/wp-content\/uploads\/2021\/10\/Diana_kappa_musta.jpg\",\"contentUrl\":\"https:\/\/kinnunen.fi\/wp-content\/uploads\/2021\/10\/Diana_kappa_musta.jpg\",\"width\":1000,\"height\":1000},{\"@type\":\"BreadcrumbList\",\"@id\":\"https:\/\/kinnunen.fi\/tuote\/diana-monitoimikappa\/#breadcrumb\",\"itemListElement\":[{\"@type\":\"ListItem\",\"position\":1,\"name\":\"Etusivu\",\"item\":\"https:\/\/kinnunen.fi\/\"},{\"@type\":\"ListItem\",\"position\":2,\"name\":\"Kaikki tuotteet\",\"item\":\"https:\/\/kinnunen.fi\/kauppa\/\"},{\"@type\":\"ListItem\",\"position\":3,\"name\":\"Tarvikkeet\",\"item\":\"https:\/\/kinnunen.fi\/tuote-osasto\/tarvikkeet\/\"},{\"@type\":\"ListItem\",\"position\":4,\"name\":\"Kapat ja essut\",\"item\":\"https:\/\/kinnunen.fi\/tuote-osasto\/tarvikkeet\/kapat-ja-essut\/\"},{\"@type\":\"ListItem\",\"position\":5,\"name\":\"V\u00e4rj\u00e4yskapat\",\"item\":\"https:\/\/kinnunen.fi\/tuote-osasto\/tarvikkeet\/kapat-ja-essut\/varjayskapat\/\"},{\"@type\":\"ListItem\",\"position\":6,\"name\":\"Diana -monitoimikappa\"}]},{\"@type\":\"WebSite\",\"@id\":\"https:\/\/kinnunen.fi\/#website\",\"url\":\"https:\/\/kinnunen.fi\/\",\"name\":\"Kinnunen\",\"description\":\"\",\"potentialAction\":[{\"@type\":\"SearchAction\",\"target\":{\"@type\":\"EntryPoint\",\"urlTemplate\":\"https:\/\/kinnunen.fi\/?s={search_term_string}\"},\"query-input\":\"required name=search_term_string\"}],\"inLanguage\":\"en-GB\"}]}<\/script>\n<!-- \/ Yoast SEO plugin. -->","yoast_head_json":{"title":"Kapat ja essut| Kinnunen Oy","robots":{"index":"index","follow":"follow","max-snippet":"max-snippet:-1","max-image-preview":"max-image-preview:large","max-video-preview":"max-video-preview:-1"},"canonical":"https:\/\/kinnunen.fi\/en\/product\/diana-monitoimikappa\/","og_locale":"en_GB","og_type":"article","og_title":"Kapat ja essut| Kinnunen Oy","og_description":"Reilunkokoinen monitoimikappa, joka sopii kampaamo- ja parturity\u00f6skentelyyn. Kapassa on k\u00e4siaukot sek\u00e4 hakaskiinnitys.","og_url":"https:\/\/kinnunen.fi\/en\/product\/diana-monitoimikappa\/","og_site_name":"Kinnunen","article_modified_time":"2026-04-19T01:00:37+00:00","og_image":[{"width":1000,"height":1000,"url":"https:\/\/kinnunen.fi\/wp-content\/uploads\/2021\/10\/Diana_kappa_musta.jpg","type":"image\/jpeg"}],"twitter_card":"summary_large_image","twitter_misc":{"Estimated reading time":"1 minute"},"schema":{"@context":"https:\/\/schema.org","@graph":[{"@type":"WebPage","@id":"https:\/\/kinnunen.fi\/tuote\/diana-monitoimikappa\/","url":"https:\/\/kinnunen.fi\/tuote\/diana-monitoimikappa\/","name":"Kapat ja essut| Kinnunen Oy","isPartOf":{"@id":"https:\/\/kinnunen.fi\/#website"},"primaryImageOfPage":{"@id":"https:\/\/kinnunen.fi\/tuote\/diana-monitoimikappa\/#primaryimage"},"image":{"@id":"https:\/\/kinnunen.fi\/tuote\/diana-monitoimikappa\/#primaryimage"},"thumbnailUrl":"https:\/\/kinnunen.fi\/wp-content\/uploads\/2021\/10\/Diana_kappa_musta.jpg","datePublished":"2021-10-29T10:53:37+00:00","dateModified":"2026-04-19T01:00:37+00:00","breadcrumb":{"@id":"https:\/\/kinnunen.fi\/tuote\/diana-monitoimikappa\/#breadcrumb"},"inLanguage":"en-GB","potentialAction":[{"@type":"ReadAction","target":["https:\/\/kinnunen.fi\/tuote\/diana-monitoimikappa\/"]}]},{"@type":"ImageObject","inLanguage":"en-GB","@id":"https:\/\/kinnunen.fi\/tuote\/diana-monitoimikappa\/#primaryimage","url":"https:\/\/kinnunen.fi\/wp-content\/uploads\/2021\/10\/Diana_kappa_musta.jpg","contentUrl":"https:\/\/kinnunen.fi\/wp-content\/uploads\/2021\/10\/Diana_kappa_musta.jpg","width":1000,"height":1000},{"@type":"BreadcrumbList","@id":"https:\/\/kinnunen.fi\/tuote\/diana-monitoimikappa\/#breadcrumb","itemListElement":[{"@type":"ListItem","position":1,"name":"Etusivu","item":"https:\/\/kinnunen.fi\/"},{"@type":"ListItem","position":2,"name":"Kaikki tuotteet","item":"https:\/\/kinnunen.fi\/kauppa\/"},{"@type":"ListItem","position":3,"name":"Tarvikkeet","item":"https:\/\/kinnunen.fi\/tuote-osasto\/tarvikkeet\/"},{"@type":"ListItem","position":4,"name":"Kapat ja essut","item":"https:\/\/kinnunen.fi\/tuote-osasto\/tarvikkeet\/kapat-ja-essut\/"},{"@type":"ListItem","position":5,"name":"V\u00e4rj\u00e4yskapat","item":"https:\/\/kinnunen.fi\/tuote-osasto\/tarvikkeet\/kapat-ja-essut\/varjayskapat\/"},{"@type":"ListItem","position":6,"name":"Diana -monitoimikappa"}]},{"@type":"WebSite","@id":"https:\/\/kinnunen.fi\/#website","url":"https:\/\/kinnunen.fi\/","name":"Kinnunen","description":"","potentialAction":[{"@type":"SearchAction","target":{"@type":"EntryPoint","urlTemplate":"https:\/\/kinnunen.fi\/?s={search_term_string}"},"query-input":"required name=search_term_string"}],"inLanguage":"en-GB"}]}},"_links":{"self":[{"href":"https:\/\/kinnunen.fi\/en\/wp-json\/wp\/v2\/product\/11907"}],"collection":[{"href":"https:\/\/kinnunen.fi\/en\/wp-json\/wp\/v2\/product"}],"about":[{"href":"https:\/\/kinnunen.fi\/en\/wp-json\/wp\/v2\/types\/product"}],"replies":[{"embeddable":true,"href":"https:\/\/kinnunen.fi\/en\/wp-json\/wp\/v2\/comments?post=11907"}],"wp:featuredmedia":[{"embeddable":true,"href":"https:\/\/kinnunen.fi\/en\/wp-json\/wp\/v2\/media\/14355"}],"wp:attachment":[{"href":"https:\/\/kinnunen.fi\/en\/wp-json\/wp\/v2\/media?parent=11907"}],"wp:term":[{"taxonomy":"product_cat","embeddable":true,"href":"https:\/\/kinnunen.fi\/en\/wp-json\/wp\/v2\/product_cat?post=11907"},{"taxonomy":"product_tag","embeddable":true,"href":"https:\/\/kinnunen.fi\/en\/wp-json\/wp\/v2\/product_tag?post=11907"}],"curies":[{"name":"wp","href":"https:\/\/api.w.org\/{rel}","templated":true}]}}