

{"id":11927,"date":"2021-10-29T13:53:50","date_gmt":"2021-10-29T10:53:50","guid":{"rendered":"https:\/\/kinnunen.fi-r.seravo.com\/tuote\/permanenttirulla-pitka\/"},"modified":"2026-04-29T16:22:21","modified_gmt":"2026-04-29T13:22:21","slug":"permanenttirulla-pitka","status":"publish","type":"product","link":"https:\/\/kinnunen.fi\/en\/product\/permanenttirulla-pitka\/","title":{"rendered":"Permanent roll long"},"content":{"rendered":"<p>Permanents create versatile and stunning curls on the hair. By investing in quality tools, the best results are achieved, with added customer satisfaction. The rollers' design and perforated body allow for an even application of the perming agent. High quality permanent rollers with a round rubber band. Permanent rollers are long-lasting and easy to use. Pack of 12 rollers.<\/p>","protected":false},"excerpt":{"rendered":"<p>Permanentilla luodaan monipuoliset ja upeat kiharat hiuksille. Satsaamalla laadukkaisiin v\u00e4lineisiin, saavutetaan paras lopputulos, asiakasmukaavuden lis\u00e4ski. Rullien muotoilu ja reik\u00e4inen runko&hellip;<\/p>","protected":false},"featured_media":14907,"comment_status":"closed","ping_status":"closed","template":"","meta":{"_relevanssi_hide_post":"","_relevanssi_pin_for_all":"","_relevanssi_pin_keywords":"","_relevanssi_unpin_keywords":"","_relevanssi_related_keywords":"","_relevanssi_related_include_ids":"","_relevanssi_related_exclude_ids":"","_relevanssi_related_no_append":"","_relevanssi_related_not_related":"","_relevanssi_related_posts":"","_relevanssi_noindex_reason":""},"product_cat":[1762,1814,1941],"product_tag":[],"class_list":["post-11927","product","type-product","status-publish","has-post-thumbnail","hentry","product_cat-tarvikkeet","product_cat-permanenttitarvikkeet","product_cat-permanenttirullat","pa_koko-11-mm","pa_koko-13-mm","pa_koko-16-mm","pa_koko-6-mm","pa_koko-7-mm","pa_koko-8-mm","pa_koko-9-mm"],"tuotemerkit":[],"acf":[],"yoast_head":"<!-- This site is optimized with the Yoast SEO plugin v23.3 - https:\/\/yoast.com\/wordpress\/plugins\/seo\/ -->\n<title>Permanenttirulla pitk\u00e4 - Kinnunen<\/title>\n<meta name=\"robots\" content=\"index, follow, max-snippet:-1, max-image-preview:large, max-video-preview:-1\" \/>\n<link rel=\"canonical\" href=\"https:\/\/kinnunen.fi\/en\/product\/permanenttirulla-pitka\/\" \/>\n<meta property=\"og:locale\" content=\"en_GB\" \/>\n<meta property=\"og:type\" content=\"article\" \/>\n<meta property=\"og:title\" content=\"Permanenttirulla pitk\u00e4 - Kinnunen\" \/>\n<meta property=\"og:description\" content=\"Permanentilla luodaan monipuoliset ja upeat kiharat hiuksille. Satsaamalla laadukkaisiin v\u00e4lineisiin, saavutetaan paras lopputulos, asiakasmukaavuden lis\u00e4ski. Rullien muotoilu ja reik\u00e4inen runko&hellip;\" \/>\n<meta property=\"og:url\" content=\"https:\/\/kinnunen.fi\/en\/product\/permanenttirulla-pitka\/\" \/>\n<meta property=\"og:site_name\" content=\"Kinnunen\" \/>\n<meta property=\"article:modified_time\" content=\"2026-04-29T13:22:21+00:00\" \/>\n<meta property=\"og:image\" content=\"https:\/\/kinnunen.fi\/wp-content\/uploads\/2021\/10\/permis_group.jpg\" \/>\n\t<meta property=\"og:image:width\" content=\"1000\" \/>\n\t<meta property=\"og:image:height\" content=\"1000\" \/>\n\t<meta property=\"og:image:type\" content=\"image\/jpeg\" \/>\n<meta name=\"twitter:card\" content=\"summary_large_image\" \/>\n<script type=\"application\/ld+json\" class=\"yoast-schema-graph\">{\"@context\":\"https:\/\/schema.org\",\"@graph\":[{\"@type\":\"WebPage\",\"@id\":\"https:\/\/kinnunen.fi\/tuote\/permanenttirulla-pitka\/\",\"url\":\"https:\/\/kinnunen.fi\/tuote\/permanenttirulla-pitka\/\",\"name\":\"Permanenttirulla pitk\u00e4 - Kinnunen\",\"isPartOf\":{\"@id\":\"https:\/\/kinnunen.fi\/#website\"},\"primaryImageOfPage\":{\"@id\":\"https:\/\/kinnunen.fi\/tuote\/permanenttirulla-pitka\/#primaryimage\"},\"image\":{\"@id\":\"https:\/\/kinnunen.fi\/tuote\/permanenttirulla-pitka\/#primaryimage\"},\"thumbnailUrl\":\"https:\/\/kinnunen.fi\/wp-content\/uploads\/2021\/10\/permis_group.jpg\",\"datePublished\":\"2021-10-29T10:53:50+00:00\",\"dateModified\":\"2026-04-29T13:22:21+00:00\",\"breadcrumb\":{\"@id\":\"https:\/\/kinnunen.fi\/tuote\/permanenttirulla-pitka\/#breadcrumb\"},\"inLanguage\":\"en-GB\",\"potentialAction\":[{\"@type\":\"ReadAction\",\"target\":[\"https:\/\/kinnunen.fi\/tuote\/permanenttirulla-pitka\/\"]}]},{\"@type\":\"ImageObject\",\"inLanguage\":\"en-GB\",\"@id\":\"https:\/\/kinnunen.fi\/tuote\/permanenttirulla-pitka\/#primaryimage\",\"url\":\"https:\/\/kinnunen.fi\/wp-content\/uploads\/2021\/10\/permis_group.jpg\",\"contentUrl\":\"https:\/\/kinnunen.fi\/wp-content\/uploads\/2021\/10\/permis_group.jpg\",\"width\":1000,\"height\":1000},{\"@type\":\"BreadcrumbList\",\"@id\":\"https:\/\/kinnunen.fi\/tuote\/permanenttirulla-pitka\/#breadcrumb\",\"itemListElement\":[{\"@type\":\"ListItem\",\"position\":1,\"name\":\"Etusivu\",\"item\":\"https:\/\/kinnunen.fi\/\"},{\"@type\":\"ListItem\",\"position\":2,\"name\":\"Kaikki tuotteet\",\"item\":\"https:\/\/kinnunen.fi\/kauppa\/\"},{\"@type\":\"ListItem\",\"position\":3,\"name\":\"Tarvikkeet\",\"item\":\"https:\/\/kinnunen.fi\/tuote-osasto\/tarvikkeet\/\"},{\"@type\":\"ListItem\",\"position\":4,\"name\":\"Permanenttitarvikkeet\",\"item\":\"https:\/\/kinnunen.fi\/tuote-osasto\/tarvikkeet\/permanenttitarvikkeet\/\"},{\"@type\":\"ListItem\",\"position\":5,\"name\":\"Permanenttirullat\",\"item\":\"https:\/\/kinnunen.fi\/tuote-osasto\/tarvikkeet\/permanenttitarvikkeet\/permanenttirullat\/\"},{\"@type\":\"ListItem\",\"position\":6,\"name\":\"Permanenttirulla pitk\u00e4\"}]},{\"@type\":\"WebSite\",\"@id\":\"https:\/\/kinnunen.fi\/#website\",\"url\":\"https:\/\/kinnunen.fi\/\",\"name\":\"Kinnunen\",\"description\":\"\",\"potentialAction\":[{\"@type\":\"SearchAction\",\"target\":{\"@type\":\"EntryPoint\",\"urlTemplate\":\"https:\/\/kinnunen.fi\/?s={search_term_string}\"},\"query-input\":\"required name=search_term_string\"}],\"inLanguage\":\"en-GB\"}]}<\/script>\n<!-- \/ Yoast SEO plugin. -->","yoast_head_json":{"title":"Permanenttirulla pitk\u00e4 - Kinnunen","robots":{"index":"index","follow":"follow","max-snippet":"max-snippet:-1","max-image-preview":"max-image-preview:large","max-video-preview":"max-video-preview:-1"},"canonical":"https:\/\/kinnunen.fi\/en\/product\/permanenttirulla-pitka\/","og_locale":"en_GB","og_type":"article","og_title":"Permanenttirulla pitk\u00e4 - Kinnunen","og_description":"Permanentilla luodaan monipuoliset ja upeat kiharat hiuksille. Satsaamalla laadukkaisiin v\u00e4lineisiin, saavutetaan paras lopputulos, asiakasmukaavuden lis\u00e4ski. Rullien muotoilu ja reik\u00e4inen runko&hellip;","og_url":"https:\/\/kinnunen.fi\/en\/product\/permanenttirulla-pitka\/","og_site_name":"Kinnunen","article_modified_time":"2026-04-29T13:22:21+00:00","og_image":[{"width":1000,"height":1000,"url":"https:\/\/kinnunen.fi\/wp-content\/uploads\/2021\/10\/permis_group.jpg","type":"image\/jpeg"}],"twitter_card":"summary_large_image","schema":{"@context":"https:\/\/schema.org","@graph":[{"@type":"WebPage","@id":"https:\/\/kinnunen.fi\/tuote\/permanenttirulla-pitka\/","url":"https:\/\/kinnunen.fi\/tuote\/permanenttirulla-pitka\/","name":"Permanenttirulla pitk\u00e4 - Kinnunen","isPartOf":{"@id":"https:\/\/kinnunen.fi\/#website"},"primaryImageOfPage":{"@id":"https:\/\/kinnunen.fi\/tuote\/permanenttirulla-pitka\/#primaryimage"},"image":{"@id":"https:\/\/kinnunen.fi\/tuote\/permanenttirulla-pitka\/#primaryimage"},"thumbnailUrl":"https:\/\/kinnunen.fi\/wp-content\/uploads\/2021\/10\/permis_group.jpg","datePublished":"2021-10-29T10:53:50+00:00","dateModified":"2026-04-29T13:22:21+00:00","breadcrumb":{"@id":"https:\/\/kinnunen.fi\/tuote\/permanenttirulla-pitka\/#breadcrumb"},"inLanguage":"en-GB","potentialAction":[{"@type":"ReadAction","target":["https:\/\/kinnunen.fi\/tuote\/permanenttirulla-pitka\/"]}]},{"@type":"ImageObject","inLanguage":"en-GB","@id":"https:\/\/kinnunen.fi\/tuote\/permanenttirulla-pitka\/#primaryimage","url":"https:\/\/kinnunen.fi\/wp-content\/uploads\/2021\/10\/permis_group.jpg","contentUrl":"https:\/\/kinnunen.fi\/wp-content\/uploads\/2021\/10\/permis_group.jpg","width":1000,"height":1000},{"@type":"BreadcrumbList","@id":"https:\/\/kinnunen.fi\/tuote\/permanenttirulla-pitka\/#breadcrumb","itemListElement":[{"@type":"ListItem","position":1,"name":"Etusivu","item":"https:\/\/kinnunen.fi\/"},{"@type":"ListItem","position":2,"name":"Kaikki tuotteet","item":"https:\/\/kinnunen.fi\/kauppa\/"},{"@type":"ListItem","position":3,"name":"Tarvikkeet","item":"https:\/\/kinnunen.fi\/tuote-osasto\/tarvikkeet\/"},{"@type":"ListItem","position":4,"name":"Permanenttitarvikkeet","item":"https:\/\/kinnunen.fi\/tuote-osasto\/tarvikkeet\/permanenttitarvikkeet\/"},{"@type":"ListItem","position":5,"name":"Permanenttirullat","item":"https:\/\/kinnunen.fi\/tuote-osasto\/tarvikkeet\/permanenttitarvikkeet\/permanenttirullat\/"},{"@type":"ListItem","position":6,"name":"Permanenttirulla pitk\u00e4"}]},{"@type":"WebSite","@id":"https:\/\/kinnunen.fi\/#website","url":"https:\/\/kinnunen.fi\/","name":"Kinnunen","description":"","potentialAction":[{"@type":"SearchAction","target":{"@type":"EntryPoint","urlTemplate":"https:\/\/kinnunen.fi\/?s={search_term_string}"},"query-input":"required name=search_term_string"}],"inLanguage":"en-GB"}]}},"_links":{"self":[{"href":"https:\/\/kinnunen.fi\/en\/wp-json\/wp\/v2\/product\/11927"}],"collection":[{"href":"https:\/\/kinnunen.fi\/en\/wp-json\/wp\/v2\/product"}],"about":[{"href":"https:\/\/kinnunen.fi\/en\/wp-json\/wp\/v2\/types\/product"}],"replies":[{"embeddable":true,"href":"https:\/\/kinnunen.fi\/en\/wp-json\/wp\/v2\/comments?post=11927"}],"wp:featuredmedia":[{"embeddable":true,"href":"https:\/\/kinnunen.fi\/en\/wp-json\/wp\/v2\/media\/14907"}],"wp:attachment":[{"href":"https:\/\/kinnunen.fi\/en\/wp-json\/wp\/v2\/media?parent=11927"}],"wp:term":[{"taxonomy":"product_cat","embeddable":true,"href":"https:\/\/kinnunen.fi\/en\/wp-json\/wp\/v2\/product_cat?post=11927"},{"taxonomy":"product_tag","embeddable":true,"href":"https:\/\/kinnunen.fi\/en\/wp-json\/wp\/v2\/product_tag?post=11927"}],"curies":[{"name":"wp","href":"https:\/\/api.w.org\/{rel}","templated":true}]}}