

{"id":11960,"date":"2021-10-29T13:54:17","date_gmt":"2021-10-29T10:54:17","guid":{"rendered":"https:\/\/kinnunen.fi-r.seravo.com\/tuote\/hengeton-50-mm-250g\/"},"modified":"2026-04-19T04:00:36","modified_gmt":"2026-04-19T01:00:36","slug":"hengeton-50-mm-250g","status":"publish","type":"product","link":"https:\/\/kinnunen.fi\/en\/product\/hengeton-50-mm-250g\/","title":{"rendered":"Spirit-free 50 mm, 250g"},"content":{"rendered":"<p>Short, thin, breathless for invisible fixings. Rounded ends make it easy to sink the breathless into the hairstyle. Length 48 mm. Pack size 300g, approx. 500 pieces per box. Made in Italy.<\/p>","protected":false},"excerpt":{"rendered":"<p>Lyhyet, ohuet hengett\u00f6m\u00e4t n\u00e4kym\u00e4tt\u00f6miin kiinnityksiin. Py\u00f6ristetyt p\u00e4\u00e4t helpottavat hengett\u00f6m\u00e4n uppoamista kampauksiin. Pituus 48 mm. Pakkauskoko 300g, n. 500 kpl rasiassa.&hellip;<\/p>","protected":false},"featured_media":13472,"comment_status":"closed","ping_status":"closed","template":"","meta":{"_relevanssi_hide_post":"","_relevanssi_pin_for_all":"","_relevanssi_pin_keywords":"","_relevanssi_unpin_keywords":"","_relevanssi_related_keywords":"","_relevanssi_related_include_ids":"","_relevanssi_related_exclude_ids":"","_relevanssi_related_no_append":"","_relevanssi_related_not_related":"","_relevanssi_related_posts":"","_relevanssi_noindex_reason":""},"product_cat":[1762,1822,1823],"product_tag":[],"class_list":["post-11960","product","type-product","status-publish","has-post-thumbnail","hentry","product_cat-tarvikkeet","product_cat-kampaustarvikkeet","product_cat-pinnit-ja-hengettomat","pa_vari-kulta","pa_vari-musta","pa_vari-ruskea"],"tuotemerkit":[],"acf":[],"yoast_head":"<!-- This site is optimized with the Yoast SEO plugin v23.3 - https:\/\/yoast.com\/wordpress\/plugins\/seo\/ -->\n<title>Kampaustarvikkeet | hengett\u00f6m\u00e4t | Kinnunen Oy<\/title>\n<meta name=\"robots\" content=\"index, follow, max-snippet:-1, max-image-preview:large, max-video-preview:-1\" \/>\n<link rel=\"canonical\" href=\"https:\/\/kinnunen.fi\/en\/product\/hengeton-50-mm-250g\/\" \/>\n<meta property=\"og:locale\" content=\"en_GB\" \/>\n<meta property=\"og:type\" content=\"article\" \/>\n<meta property=\"og:title\" content=\"Kampaustarvikkeet | hengett\u00f6m\u00e4t | Kinnunen Oy\" \/>\n<meta property=\"og:description\" content=\"Lyhyet, ohuet hengett\u00f6m\u00e4t n\u00e4kym\u00e4tt\u00f6miin kiinnityksiin. Py\u00f6ristetyt p\u00e4\u00e4t helpottavat hengett\u00f6m\u00e4n uppoamista kampauksiin. Pituus 48 mm. Pakkauskoko 300g, n. 500 kpl rasiassa.&hellip;\" \/>\n<meta property=\"og:url\" content=\"https:\/\/kinnunen.fi\/en\/product\/hengeton-50-mm-250g\/\" \/>\n<meta property=\"og:site_name\" content=\"Kinnunen\" \/>\n<meta property=\"article:modified_time\" content=\"2026-04-19T01:00:36+00:00\" \/>\n<meta property=\"og:image\" content=\"https:\/\/kinnunen.fi\/wp-content\/uploads\/2021\/10\/20766_IMG_0035.jpg\" \/>\n\t<meta property=\"og:image:width\" content=\"1000\" \/>\n\t<meta property=\"og:image:height\" content=\"1000\" \/>\n\t<meta property=\"og:image:type\" content=\"image\/jpeg\" \/>\n<meta name=\"twitter:card\" content=\"summary_large_image\" \/>\n<script type=\"application\/ld+json\" class=\"yoast-schema-graph\">{\"@context\":\"https:\/\/schema.org\",\"@graph\":[{\"@type\":\"WebPage\",\"@id\":\"https:\/\/kinnunen.fi\/tuote\/hengeton-50-mm-250g\/\",\"url\":\"https:\/\/kinnunen.fi\/tuote\/hengeton-50-mm-250g\/\",\"name\":\"Kampaustarvikkeet | hengett\u00f6m\u00e4t | Kinnunen Oy\",\"isPartOf\":{\"@id\":\"https:\/\/kinnunen.fi\/#website\"},\"primaryImageOfPage\":{\"@id\":\"https:\/\/kinnunen.fi\/tuote\/hengeton-50-mm-250g\/#primaryimage\"},\"image\":{\"@id\":\"https:\/\/kinnunen.fi\/tuote\/hengeton-50-mm-250g\/#primaryimage\"},\"thumbnailUrl\":\"https:\/\/kinnunen.fi\/wp-content\/uploads\/2021\/10\/20766_IMG_0035.jpg\",\"datePublished\":\"2021-10-29T10:54:17+00:00\",\"dateModified\":\"2026-04-19T01:00:36+00:00\",\"breadcrumb\":{\"@id\":\"https:\/\/kinnunen.fi\/tuote\/hengeton-50-mm-250g\/#breadcrumb\"},\"inLanguage\":\"en-GB\",\"potentialAction\":[{\"@type\":\"ReadAction\",\"target\":[\"https:\/\/kinnunen.fi\/tuote\/hengeton-50-mm-250g\/\"]}]},{\"@type\":\"ImageObject\",\"inLanguage\":\"en-GB\",\"@id\":\"https:\/\/kinnunen.fi\/tuote\/hengeton-50-mm-250g\/#primaryimage\",\"url\":\"https:\/\/kinnunen.fi\/wp-content\/uploads\/2021\/10\/20766_IMG_0035.jpg\",\"contentUrl\":\"https:\/\/kinnunen.fi\/wp-content\/uploads\/2021\/10\/20766_IMG_0035.jpg\",\"width\":1000,\"height\":1000},{\"@type\":\"BreadcrumbList\",\"@id\":\"https:\/\/kinnunen.fi\/tuote\/hengeton-50-mm-250g\/#breadcrumb\",\"itemListElement\":[{\"@type\":\"ListItem\",\"position\":1,\"name\":\"Etusivu\",\"item\":\"https:\/\/kinnunen.fi\/\"},{\"@type\":\"ListItem\",\"position\":2,\"name\":\"Kaikki tuotteet\",\"item\":\"https:\/\/kinnunen.fi\/kauppa\/\"},{\"@type\":\"ListItem\",\"position\":3,\"name\":\"Tarvikkeet\",\"item\":\"https:\/\/kinnunen.fi\/tuote-osasto\/tarvikkeet\/\"},{\"@type\":\"ListItem\",\"position\":4,\"name\":\"Kampaustarvikkeet\",\"item\":\"https:\/\/kinnunen.fi\/tuote-osasto\/tarvikkeet\/kampaustarvikkeet\/\"},{\"@type\":\"ListItem\",\"position\":5,\"name\":\"Pinnit ja hengett\u00f6m\u00e4t\",\"item\":\"https:\/\/kinnunen.fi\/tuote-osasto\/tarvikkeet\/kampaustarvikkeet\/pinnit-ja-hengettomat\/\"},{\"@type\":\"ListItem\",\"position\":6,\"name\":\"Henget\u00f6n 50 mm, 250g\"}]},{\"@type\":\"WebSite\",\"@id\":\"https:\/\/kinnunen.fi\/#website\",\"url\":\"https:\/\/kinnunen.fi\/\",\"name\":\"Kinnunen\",\"description\":\"\",\"potentialAction\":[{\"@type\":\"SearchAction\",\"target\":{\"@type\":\"EntryPoint\",\"urlTemplate\":\"https:\/\/kinnunen.fi\/?s={search_term_string}\"},\"query-input\":\"required name=search_term_string\"}],\"inLanguage\":\"en-GB\"}]}<\/script>\n<!-- \/ Yoast SEO plugin. -->","yoast_head_json":{"title":"Kampaustarvikkeet | hengett\u00f6m\u00e4t | Kinnunen Oy","robots":{"index":"index","follow":"follow","max-snippet":"max-snippet:-1","max-image-preview":"max-image-preview:large","max-video-preview":"max-video-preview:-1"},"canonical":"https:\/\/kinnunen.fi\/en\/product\/hengeton-50-mm-250g\/","og_locale":"en_GB","og_type":"article","og_title":"Kampaustarvikkeet | hengett\u00f6m\u00e4t | Kinnunen Oy","og_description":"Lyhyet, ohuet hengett\u00f6m\u00e4t n\u00e4kym\u00e4tt\u00f6miin kiinnityksiin. Py\u00f6ristetyt p\u00e4\u00e4t helpottavat hengett\u00f6m\u00e4n uppoamista kampauksiin. Pituus 48 mm. Pakkauskoko 300g, n. 500 kpl rasiassa.&hellip;","og_url":"https:\/\/kinnunen.fi\/en\/product\/hengeton-50-mm-250g\/","og_site_name":"Kinnunen","article_modified_time":"2026-04-19T01:00:36+00:00","og_image":[{"width":1000,"height":1000,"url":"https:\/\/kinnunen.fi\/wp-content\/uploads\/2021\/10\/20766_IMG_0035.jpg","type":"image\/jpeg"}],"twitter_card":"summary_large_image","schema":{"@context":"https:\/\/schema.org","@graph":[{"@type":"WebPage","@id":"https:\/\/kinnunen.fi\/tuote\/hengeton-50-mm-250g\/","url":"https:\/\/kinnunen.fi\/tuote\/hengeton-50-mm-250g\/","name":"Kampaustarvikkeet | hengett\u00f6m\u00e4t | Kinnunen Oy","isPartOf":{"@id":"https:\/\/kinnunen.fi\/#website"},"primaryImageOfPage":{"@id":"https:\/\/kinnunen.fi\/tuote\/hengeton-50-mm-250g\/#primaryimage"},"image":{"@id":"https:\/\/kinnunen.fi\/tuote\/hengeton-50-mm-250g\/#primaryimage"},"thumbnailUrl":"https:\/\/kinnunen.fi\/wp-content\/uploads\/2021\/10\/20766_IMG_0035.jpg","datePublished":"2021-10-29T10:54:17+00:00","dateModified":"2026-04-19T01:00:36+00:00","breadcrumb":{"@id":"https:\/\/kinnunen.fi\/tuote\/hengeton-50-mm-250g\/#breadcrumb"},"inLanguage":"en-GB","potentialAction":[{"@type":"ReadAction","target":["https:\/\/kinnunen.fi\/tuote\/hengeton-50-mm-250g\/"]}]},{"@type":"ImageObject","inLanguage":"en-GB","@id":"https:\/\/kinnunen.fi\/tuote\/hengeton-50-mm-250g\/#primaryimage","url":"https:\/\/kinnunen.fi\/wp-content\/uploads\/2021\/10\/20766_IMG_0035.jpg","contentUrl":"https:\/\/kinnunen.fi\/wp-content\/uploads\/2021\/10\/20766_IMG_0035.jpg","width":1000,"height":1000},{"@type":"BreadcrumbList","@id":"https:\/\/kinnunen.fi\/tuote\/hengeton-50-mm-250g\/#breadcrumb","itemListElement":[{"@type":"ListItem","position":1,"name":"Etusivu","item":"https:\/\/kinnunen.fi\/"},{"@type":"ListItem","position":2,"name":"Kaikki tuotteet","item":"https:\/\/kinnunen.fi\/kauppa\/"},{"@type":"ListItem","position":3,"name":"Tarvikkeet","item":"https:\/\/kinnunen.fi\/tuote-osasto\/tarvikkeet\/"},{"@type":"ListItem","position":4,"name":"Kampaustarvikkeet","item":"https:\/\/kinnunen.fi\/tuote-osasto\/tarvikkeet\/kampaustarvikkeet\/"},{"@type":"ListItem","position":5,"name":"Pinnit ja hengett\u00f6m\u00e4t","item":"https:\/\/kinnunen.fi\/tuote-osasto\/tarvikkeet\/kampaustarvikkeet\/pinnit-ja-hengettomat\/"},{"@type":"ListItem","position":6,"name":"Henget\u00f6n 50 mm, 250g"}]},{"@type":"WebSite","@id":"https:\/\/kinnunen.fi\/#website","url":"https:\/\/kinnunen.fi\/","name":"Kinnunen","description":"","potentialAction":[{"@type":"SearchAction","target":{"@type":"EntryPoint","urlTemplate":"https:\/\/kinnunen.fi\/?s={search_term_string}"},"query-input":"required name=search_term_string"}],"inLanguage":"en-GB"}]}},"_links":{"self":[{"href":"https:\/\/kinnunen.fi\/en\/wp-json\/wp\/v2\/product\/11960"}],"collection":[{"href":"https:\/\/kinnunen.fi\/en\/wp-json\/wp\/v2\/product"}],"about":[{"href":"https:\/\/kinnunen.fi\/en\/wp-json\/wp\/v2\/types\/product"}],"replies":[{"embeddable":true,"href":"https:\/\/kinnunen.fi\/en\/wp-json\/wp\/v2\/comments?post=11960"}],"wp:featuredmedia":[{"embeddable":true,"href":"https:\/\/kinnunen.fi\/en\/wp-json\/wp\/v2\/media\/13472"}],"wp:attachment":[{"href":"https:\/\/kinnunen.fi\/en\/wp-json\/wp\/v2\/media?parent=11960"}],"wp:term":[{"taxonomy":"product_cat","embeddable":true,"href":"https:\/\/kinnunen.fi\/en\/wp-json\/wp\/v2\/product_cat?post=11960"},{"taxonomy":"product_tag","embeddable":true,"href":"https:\/\/kinnunen.fi\/en\/wp-json\/wp\/v2\/product_tag?post=11960"}],"curies":[{"name":"wp","href":"https:\/\/api.w.org\/{rel}","templated":true}]}}