

{"id":11971,"date":"2021-10-29T13:54:17","date_gmt":"2021-10-29T10:54:17","guid":{"rendered":"https:\/\/kinnunen.fi-r.seravo.com\/tuote\/blax-hiuslenkit\/"},"modified":"2026-05-01T04:00:38","modified_gmt":"2026-05-01T01:00:38","slug":"blax-hiuslenkit","status":"publish","type":"product","link":"https:\/\/kinnunen.fi\/en\/product\/blax-hiuslenkit\/","title":{"rendered":"BLAX - Hiuslenkit"},"content":{"rendered":"<p>The strong Blax hair loop can be used countless times and still retain its elasticity. Blax stays in place well, yet is gentle on the hair. It slides off without damaging the hair. One pack of 8 Blax loops.<\/p>","protected":false},"excerpt":{"rendered":"<p>Vahvaa Blax-hiuslenkki\u00e4 voi k\u00e4ytt\u00e4\u00e4 lukemattomia kertoja ja silti se s\u00e4ilytt\u00e4\u00e4 elastisuutensa. Blax pysyy hyvin paikoillaan, mutta on silti hell\u00e4varainen hiuksille.&hellip;<\/p>","protected":false},"featured_media":14255,"comment_status":"closed","ping_status":"closed","template":"","meta":{"_relevanssi_hide_post":"","_relevanssi_pin_for_all":"","_relevanssi_pin_keywords":"","_relevanssi_unpin_keywords":"","_relevanssi_related_keywords":"","_relevanssi_related_include_ids":"","_relevanssi_related_exclude_ids":"","_relevanssi_related_no_append":"","_relevanssi_related_not_related":"","_relevanssi_related_posts":"","_relevanssi_noindex_reason":""},"product_cat":[1762,1822,1824],"product_tag":[],"class_list":["post-11971","product","type-product","status-publish","has-post-thumbnail","hentry","product_cat-tarvikkeet","product_cat-kampaustarvikkeet","product_cat-hiuslenkit","pa_vari-kirkas","pa_vari-pinkki","pa_vari-ruskea","pa_vari-turkoosi"],"tuotemerkit":[],"acf":[],"yoast_head":"<!-- This site is optimized with the Yoast SEO plugin v23.3 - https:\/\/yoast.com\/wordpress\/plugins\/seo\/ -->\n<title>Kampaustarvikkeet | Hiuslenkit | Kinnunen Oy<\/title>\n<meta name=\"robots\" content=\"index, follow, max-snippet:-1, max-image-preview:large, max-video-preview:-1\" \/>\n<link rel=\"canonical\" href=\"https:\/\/kinnunen.fi\/en\/product\/blax-hiuslenkit\/\" \/>\n<meta property=\"og:locale\" content=\"en_GB\" \/>\n<meta property=\"og:type\" content=\"article\" \/>\n<meta property=\"og:title\" content=\"Kampaustarvikkeet | Hiuslenkit | Kinnunen Oy\" \/>\n<meta property=\"og:description\" content=\"Vahvaa Blax-hiuslenkki\u00e4 voi k\u00e4ytt\u00e4\u00e4 lukemattomia kertoja ja silti se s\u00e4ilytt\u00e4\u00e4 elastisuutensa. Blax pysyy hyvin paikoillaan, mutta on silti hell\u00e4varainen hiuksille.&hellip;\" \/>\n<meta property=\"og:url\" content=\"https:\/\/kinnunen.fi\/en\/product\/blax-hiuslenkit\/\" \/>\n<meta property=\"og:site_name\" content=\"Kinnunen\" \/>\n<meta property=\"article:modified_time\" content=\"2026-05-01T01:00:38+00:00\" \/>\n<meta property=\"og:image\" content=\"https:\/\/kinnunen.fi\/wp-content\/uploads\/2021\/10\/blax.jpg\" \/>\n\t<meta property=\"og:image:width\" content=\"1000\" \/>\n\t<meta property=\"og:image:height\" content=\"1000\" \/>\n\t<meta property=\"og:image:type\" content=\"image\/jpeg\" \/>\n<meta name=\"twitter:card\" content=\"summary_large_image\" \/>\n<script type=\"application\/ld+json\" class=\"yoast-schema-graph\">{\"@context\":\"https:\/\/schema.org\",\"@graph\":[{\"@type\":\"WebPage\",\"@id\":\"https:\/\/kinnunen.fi\/tuote\/blax-hiuslenkit\/\",\"url\":\"https:\/\/kinnunen.fi\/tuote\/blax-hiuslenkit\/\",\"name\":\"Kampaustarvikkeet | Hiuslenkit | Kinnunen Oy\",\"isPartOf\":{\"@id\":\"https:\/\/kinnunen.fi\/#website\"},\"primaryImageOfPage\":{\"@id\":\"https:\/\/kinnunen.fi\/tuote\/blax-hiuslenkit\/#primaryimage\"},\"image\":{\"@id\":\"https:\/\/kinnunen.fi\/tuote\/blax-hiuslenkit\/#primaryimage\"},\"thumbnailUrl\":\"https:\/\/kinnunen.fi\/wp-content\/uploads\/2021\/10\/blax.jpg\",\"datePublished\":\"2021-10-29T10:54:17+00:00\",\"dateModified\":\"2026-05-01T01:00:38+00:00\",\"breadcrumb\":{\"@id\":\"https:\/\/kinnunen.fi\/tuote\/blax-hiuslenkit\/#breadcrumb\"},\"inLanguage\":\"en-GB\",\"potentialAction\":[{\"@type\":\"ReadAction\",\"target\":[\"https:\/\/kinnunen.fi\/tuote\/blax-hiuslenkit\/\"]}]},{\"@type\":\"ImageObject\",\"inLanguage\":\"en-GB\",\"@id\":\"https:\/\/kinnunen.fi\/tuote\/blax-hiuslenkit\/#primaryimage\",\"url\":\"https:\/\/kinnunen.fi\/wp-content\/uploads\/2021\/10\/blax.jpg\",\"contentUrl\":\"https:\/\/kinnunen.fi\/wp-content\/uploads\/2021\/10\/blax.jpg\",\"width\":1000,\"height\":1000},{\"@type\":\"BreadcrumbList\",\"@id\":\"https:\/\/kinnunen.fi\/tuote\/blax-hiuslenkit\/#breadcrumb\",\"itemListElement\":[{\"@type\":\"ListItem\",\"position\":1,\"name\":\"Etusivu\",\"item\":\"https:\/\/kinnunen.fi\/\"},{\"@type\":\"ListItem\",\"position\":2,\"name\":\"Kaikki tuotteet\",\"item\":\"https:\/\/kinnunen.fi\/kauppa\/\"},{\"@type\":\"ListItem\",\"position\":3,\"name\":\"Tarvikkeet\",\"item\":\"https:\/\/kinnunen.fi\/tuote-osasto\/tarvikkeet\/\"},{\"@type\":\"ListItem\",\"position\":4,\"name\":\"BLAX &#8211; Hiuslenkit\"}]},{\"@type\":\"WebSite\",\"@id\":\"https:\/\/kinnunen.fi\/#website\",\"url\":\"https:\/\/kinnunen.fi\/\",\"name\":\"Kinnunen\",\"description\":\"\",\"potentialAction\":[{\"@type\":\"SearchAction\",\"target\":{\"@type\":\"EntryPoint\",\"urlTemplate\":\"https:\/\/kinnunen.fi\/?s={search_term_string}\"},\"query-input\":\"required name=search_term_string\"}],\"inLanguage\":\"en-GB\"}]}<\/script>\n<!-- \/ Yoast SEO plugin. -->","yoast_head_json":{"title":"Kampaustarvikkeet | Hiuslenkit | Kinnunen Oy","robots":{"index":"index","follow":"follow","max-snippet":"max-snippet:-1","max-image-preview":"max-image-preview:large","max-video-preview":"max-video-preview:-1"},"canonical":"https:\/\/kinnunen.fi\/en\/product\/blax-hiuslenkit\/","og_locale":"en_GB","og_type":"article","og_title":"Kampaustarvikkeet | Hiuslenkit | Kinnunen Oy","og_description":"Vahvaa Blax-hiuslenkki\u00e4 voi k\u00e4ytt\u00e4\u00e4 lukemattomia kertoja ja silti se s\u00e4ilytt\u00e4\u00e4 elastisuutensa. Blax pysyy hyvin paikoillaan, mutta on silti hell\u00e4varainen hiuksille.&hellip;","og_url":"https:\/\/kinnunen.fi\/en\/product\/blax-hiuslenkit\/","og_site_name":"Kinnunen","article_modified_time":"2026-05-01T01:00:38+00:00","og_image":[{"width":1000,"height":1000,"url":"https:\/\/kinnunen.fi\/wp-content\/uploads\/2021\/10\/blax.jpg","type":"image\/jpeg"}],"twitter_card":"summary_large_image","schema":{"@context":"https:\/\/schema.org","@graph":[{"@type":"WebPage","@id":"https:\/\/kinnunen.fi\/tuote\/blax-hiuslenkit\/","url":"https:\/\/kinnunen.fi\/tuote\/blax-hiuslenkit\/","name":"Kampaustarvikkeet | Hiuslenkit | Kinnunen Oy","isPartOf":{"@id":"https:\/\/kinnunen.fi\/#website"},"primaryImageOfPage":{"@id":"https:\/\/kinnunen.fi\/tuote\/blax-hiuslenkit\/#primaryimage"},"image":{"@id":"https:\/\/kinnunen.fi\/tuote\/blax-hiuslenkit\/#primaryimage"},"thumbnailUrl":"https:\/\/kinnunen.fi\/wp-content\/uploads\/2021\/10\/blax.jpg","datePublished":"2021-10-29T10:54:17+00:00","dateModified":"2026-05-01T01:00:38+00:00","breadcrumb":{"@id":"https:\/\/kinnunen.fi\/tuote\/blax-hiuslenkit\/#breadcrumb"},"inLanguage":"en-GB","potentialAction":[{"@type":"ReadAction","target":["https:\/\/kinnunen.fi\/tuote\/blax-hiuslenkit\/"]}]},{"@type":"ImageObject","inLanguage":"en-GB","@id":"https:\/\/kinnunen.fi\/tuote\/blax-hiuslenkit\/#primaryimage","url":"https:\/\/kinnunen.fi\/wp-content\/uploads\/2021\/10\/blax.jpg","contentUrl":"https:\/\/kinnunen.fi\/wp-content\/uploads\/2021\/10\/blax.jpg","width":1000,"height":1000},{"@type":"BreadcrumbList","@id":"https:\/\/kinnunen.fi\/tuote\/blax-hiuslenkit\/#breadcrumb","itemListElement":[{"@type":"ListItem","position":1,"name":"Etusivu","item":"https:\/\/kinnunen.fi\/"},{"@type":"ListItem","position":2,"name":"Kaikki tuotteet","item":"https:\/\/kinnunen.fi\/kauppa\/"},{"@type":"ListItem","position":3,"name":"Tarvikkeet","item":"https:\/\/kinnunen.fi\/tuote-osasto\/tarvikkeet\/"},{"@type":"ListItem","position":4,"name":"BLAX &#8211; Hiuslenkit"}]},{"@type":"WebSite","@id":"https:\/\/kinnunen.fi\/#website","url":"https:\/\/kinnunen.fi\/","name":"Kinnunen","description":"","potentialAction":[{"@type":"SearchAction","target":{"@type":"EntryPoint","urlTemplate":"https:\/\/kinnunen.fi\/?s={search_term_string}"},"query-input":"required name=search_term_string"}],"inLanguage":"en-GB"}]}},"_links":{"self":[{"href":"https:\/\/kinnunen.fi\/en\/wp-json\/wp\/v2\/product\/11971"}],"collection":[{"href":"https:\/\/kinnunen.fi\/en\/wp-json\/wp\/v2\/product"}],"about":[{"href":"https:\/\/kinnunen.fi\/en\/wp-json\/wp\/v2\/types\/product"}],"replies":[{"embeddable":true,"href":"https:\/\/kinnunen.fi\/en\/wp-json\/wp\/v2\/comments?post=11971"}],"wp:featuredmedia":[{"embeddable":true,"href":"https:\/\/kinnunen.fi\/en\/wp-json\/wp\/v2\/media\/14255"}],"wp:attachment":[{"href":"https:\/\/kinnunen.fi\/en\/wp-json\/wp\/v2\/media?parent=11971"}],"wp:term":[{"taxonomy":"product_cat","embeddable":true,"href":"https:\/\/kinnunen.fi\/en\/wp-json\/wp\/v2\/product_cat?post=11971"},{"taxonomy":"product_tag","embeddable":true,"href":"https:\/\/kinnunen.fi\/en\/wp-json\/wp\/v2\/product_tag?post=11971"}],"curies":[{"name":"wp","href":"https:\/\/api.w.org\/{rel}","templated":true}]}}