

{"id":11997,"date":"2021-10-29T13:54:46","date_gmt":"2021-10-29T10:54:46","guid":{"rendered":"https:\/\/kinnunen.fi-r.seravo.com\/tuote\/samettirullat\/"},"modified":"2026-04-29T12:02:38","modified_gmt":"2026-04-29T09:02:38","slug":"samettirullat","status":"publish","type":"product","link":"https:\/\/kinnunen.fi\/en\/product\/samettirullat\/","title":{"rendered":"Velvet rolls, small sizes, 15-28mm"},"content":{"rendered":"","protected":false},"excerpt":{"rendered":"<p><span data-teams=\"true\">Laadukkaat samettirullat, joilla luot helposti kauniit ja kest\u00e4v\u00e4t pohjat runsaille kampauksille. Kevyet samettip\u00e4\u00e4llysteiset metallirullat on helppo rullata ja poistaa hiuksista, kiinnit\u00e4 rullat rullapiikeill\u00e4. Samettip\u00e4\u00e4llyste helpottaa rullien rullaamista ja poistamista hiuksista. Pakkauskoko 12 rullaa\/pkt.<\/span><\/p>","protected":false},"featured_media":13770,"comment_status":"closed","ping_status":"closed","template":"","meta":{"_relevanssi_hide_post":"","_relevanssi_pin_for_all":"","_relevanssi_pin_keywords":"","_relevanssi_unpin_keywords":"","_relevanssi_related_keywords":"","_relevanssi_related_include_ids":"","_relevanssi_related_exclude_ids":"","_relevanssi_related_no_append":"","_relevanssi_related_not_related":"","_relevanssi_related_posts":"","_relevanssi_noindex_reason":""},"product_cat":[1762,1822,1947],"product_tag":[],"class_list":["post-11997","product","type-product","status-publish","has-post-thumbnail","hentry","product_cat-tarvikkeet","product_cat-kampaustarvikkeet","product_cat-kampausrullat","pa_koko-13-mm","pa_koko-15-mm-2","pa_koko-18-mm","pa_koko-21-mm","pa_koko-24-mm","pa_koko-28-mm"],"tuotemerkit":[],"acf":[],"yoast_head":"<!-- This site is optimized with the Yoast SEO plugin v23.3 - https:\/\/yoast.com\/wordpress\/plugins\/seo\/ -->\n<title>Kampaustarvikkeet | Samettirullat | Kinnunen Oy<\/title>\n<meta name=\"robots\" content=\"index, follow, max-snippet:-1, max-image-preview:large, max-video-preview:-1\" \/>\n<link rel=\"canonical\" href=\"https:\/\/kinnunen.fi\/en\/product\/samettirullat\/\" \/>\n<meta property=\"og:locale\" content=\"en_GB\" \/>\n<meta property=\"og:type\" content=\"article\" \/>\n<meta property=\"og:title\" content=\"Kampaustarvikkeet | Samettirullat | Kinnunen Oy\" \/>\n<meta property=\"og:description\" content=\"Laadukkaat samettirullat, joilla luot helposti kauniit ja kest\u00e4v\u00e4t pohjat runsaille kampauksille. Kevyet samettip\u00e4\u00e4llysteiset metallirullat on helppo rullata ja poistaa hiuksista, kiinnit\u00e4 rullat rullapiikeill\u00e4. Samettip\u00e4\u00e4llyste helpottaa rullien rullaamista ja poistamista hiuksista. Pakkauskoko 12 rullaa\/pkt.\" \/>\n<meta property=\"og:url\" content=\"https:\/\/kinnunen.fi\/en\/product\/samettirullat\/\" \/>\n<meta property=\"og:site_name\" content=\"Kinnunen\" \/>\n<meta property=\"article:modified_time\" content=\"2026-04-29T09:02:38+00:00\" \/>\n<meta property=\"og:image\" content=\"https:\/\/kinnunen.fi\/wp-content\/uploads\/2021\/10\/41110_18.jpg\" \/>\n\t<meta property=\"og:image:width\" content=\"1000\" \/>\n\t<meta property=\"og:image:height\" content=\"1000\" \/>\n\t<meta property=\"og:image:type\" content=\"image\/jpeg\" \/>\n<meta name=\"twitter:card\" content=\"summary_large_image\" \/>\n<script type=\"application\/ld+json\" class=\"yoast-schema-graph\">{\"@context\":\"https:\/\/schema.org\",\"@graph\":[{\"@type\":\"WebPage\",\"@id\":\"https:\/\/kinnunen.fi\/tuote\/samettirullat\/\",\"url\":\"https:\/\/kinnunen.fi\/tuote\/samettirullat\/\",\"name\":\"Kampaustarvikkeet | Samettirullat | Kinnunen Oy\",\"isPartOf\":{\"@id\":\"https:\/\/kinnunen.fi\/#website\"},\"primaryImageOfPage\":{\"@id\":\"https:\/\/kinnunen.fi\/tuote\/samettirullat\/#primaryimage\"},\"image\":{\"@id\":\"https:\/\/kinnunen.fi\/tuote\/samettirullat\/#primaryimage\"},\"thumbnailUrl\":\"https:\/\/kinnunen.fi\/wp-content\/uploads\/2021\/10\/41110_18.jpg\",\"datePublished\":\"2021-10-29T10:54:46+00:00\",\"dateModified\":\"2026-04-29T09:02:38+00:00\",\"breadcrumb\":{\"@id\":\"https:\/\/kinnunen.fi\/tuote\/samettirullat\/#breadcrumb\"},\"inLanguage\":\"en-GB\",\"potentialAction\":[{\"@type\":\"ReadAction\",\"target\":[\"https:\/\/kinnunen.fi\/tuote\/samettirullat\/\"]}]},{\"@type\":\"ImageObject\",\"inLanguage\":\"en-GB\",\"@id\":\"https:\/\/kinnunen.fi\/tuote\/samettirullat\/#primaryimage\",\"url\":\"https:\/\/kinnunen.fi\/wp-content\/uploads\/2021\/10\/41110_18.jpg\",\"contentUrl\":\"https:\/\/kinnunen.fi\/wp-content\/uploads\/2021\/10\/41110_18.jpg\",\"width\":1000,\"height\":1000},{\"@type\":\"BreadcrumbList\",\"@id\":\"https:\/\/kinnunen.fi\/tuote\/samettirullat\/#breadcrumb\",\"itemListElement\":[{\"@type\":\"ListItem\",\"position\":1,\"name\":\"Etusivu\",\"item\":\"https:\/\/kinnunen.fi\/\"},{\"@type\":\"ListItem\",\"position\":2,\"name\":\"Kaikki tuotteet\",\"item\":\"https:\/\/kinnunen.fi\/kauppa\/\"},{\"@type\":\"ListItem\",\"position\":3,\"name\":\"Tarvikkeet\",\"item\":\"https:\/\/kinnunen.fi\/tuote-osasto\/tarvikkeet\/\"},{\"@type\":\"ListItem\",\"position\":4,\"name\":\"Kampaustarvikkeet\",\"item\":\"https:\/\/kinnunen.fi\/tuote-osasto\/tarvikkeet\/kampaustarvikkeet\/\"},{\"@type\":\"ListItem\",\"position\":5,\"name\":\"Kampausrullat\",\"item\":\"https:\/\/kinnunen.fi\/tuote-osasto\/tarvikkeet\/kampaustarvikkeet\/kampausrullat\/\"},{\"@type\":\"ListItem\",\"position\":6,\"name\":\"Samettirullat, pienet koot, 15-28mm\"}]},{\"@type\":\"WebSite\",\"@id\":\"https:\/\/kinnunen.fi\/#website\",\"url\":\"https:\/\/kinnunen.fi\/\",\"name\":\"Kinnunen\",\"description\":\"\",\"potentialAction\":[{\"@type\":\"SearchAction\",\"target\":{\"@type\":\"EntryPoint\",\"urlTemplate\":\"https:\/\/kinnunen.fi\/?s={search_term_string}\"},\"query-input\":\"required name=search_term_string\"}],\"inLanguage\":\"en-GB\"}]}<\/script>\n<!-- \/ Yoast SEO plugin. -->","yoast_head_json":{"title":"Kampaustarvikkeet | Samettirullat | Kinnunen Oy","robots":{"index":"index","follow":"follow","max-snippet":"max-snippet:-1","max-image-preview":"max-image-preview:large","max-video-preview":"max-video-preview:-1"},"canonical":"https:\/\/kinnunen.fi\/en\/product\/samettirullat\/","og_locale":"en_GB","og_type":"article","og_title":"Kampaustarvikkeet | Samettirullat | Kinnunen Oy","og_description":"Laadukkaat samettirullat, joilla luot helposti kauniit ja kest\u00e4v\u00e4t pohjat runsaille kampauksille. Kevyet samettip\u00e4\u00e4llysteiset metallirullat on helppo rullata ja poistaa hiuksista, kiinnit\u00e4 rullat rullapiikeill\u00e4. Samettip\u00e4\u00e4llyste helpottaa rullien rullaamista ja poistamista hiuksista. Pakkauskoko 12 rullaa\/pkt.","og_url":"https:\/\/kinnunen.fi\/en\/product\/samettirullat\/","og_site_name":"Kinnunen","article_modified_time":"2026-04-29T09:02:38+00:00","og_image":[{"width":1000,"height":1000,"url":"https:\/\/kinnunen.fi\/wp-content\/uploads\/2021\/10\/41110_18.jpg","type":"image\/jpeg"}],"twitter_card":"summary_large_image","schema":{"@context":"https:\/\/schema.org","@graph":[{"@type":"WebPage","@id":"https:\/\/kinnunen.fi\/tuote\/samettirullat\/","url":"https:\/\/kinnunen.fi\/tuote\/samettirullat\/","name":"Kampaustarvikkeet | Samettirullat | Kinnunen Oy","isPartOf":{"@id":"https:\/\/kinnunen.fi\/#website"},"primaryImageOfPage":{"@id":"https:\/\/kinnunen.fi\/tuote\/samettirullat\/#primaryimage"},"image":{"@id":"https:\/\/kinnunen.fi\/tuote\/samettirullat\/#primaryimage"},"thumbnailUrl":"https:\/\/kinnunen.fi\/wp-content\/uploads\/2021\/10\/41110_18.jpg","datePublished":"2021-10-29T10:54:46+00:00","dateModified":"2026-04-29T09:02:38+00:00","breadcrumb":{"@id":"https:\/\/kinnunen.fi\/tuote\/samettirullat\/#breadcrumb"},"inLanguage":"en-GB","potentialAction":[{"@type":"ReadAction","target":["https:\/\/kinnunen.fi\/tuote\/samettirullat\/"]}]},{"@type":"ImageObject","inLanguage":"en-GB","@id":"https:\/\/kinnunen.fi\/tuote\/samettirullat\/#primaryimage","url":"https:\/\/kinnunen.fi\/wp-content\/uploads\/2021\/10\/41110_18.jpg","contentUrl":"https:\/\/kinnunen.fi\/wp-content\/uploads\/2021\/10\/41110_18.jpg","width":1000,"height":1000},{"@type":"BreadcrumbList","@id":"https:\/\/kinnunen.fi\/tuote\/samettirullat\/#breadcrumb","itemListElement":[{"@type":"ListItem","position":1,"name":"Etusivu","item":"https:\/\/kinnunen.fi\/"},{"@type":"ListItem","position":2,"name":"Kaikki tuotteet","item":"https:\/\/kinnunen.fi\/kauppa\/"},{"@type":"ListItem","position":3,"name":"Tarvikkeet","item":"https:\/\/kinnunen.fi\/tuote-osasto\/tarvikkeet\/"},{"@type":"ListItem","position":4,"name":"Kampaustarvikkeet","item":"https:\/\/kinnunen.fi\/tuote-osasto\/tarvikkeet\/kampaustarvikkeet\/"},{"@type":"ListItem","position":5,"name":"Kampausrullat","item":"https:\/\/kinnunen.fi\/tuote-osasto\/tarvikkeet\/kampaustarvikkeet\/kampausrullat\/"},{"@type":"ListItem","position":6,"name":"Samettirullat, pienet koot, 15-28mm"}]},{"@type":"WebSite","@id":"https:\/\/kinnunen.fi\/#website","url":"https:\/\/kinnunen.fi\/","name":"Kinnunen","description":"","potentialAction":[{"@type":"SearchAction","target":{"@type":"EntryPoint","urlTemplate":"https:\/\/kinnunen.fi\/?s={search_term_string}"},"query-input":"required name=search_term_string"}],"inLanguage":"en-GB"}]}},"_links":{"self":[{"href":"https:\/\/kinnunen.fi\/en\/wp-json\/wp\/v2\/product\/11997"}],"collection":[{"href":"https:\/\/kinnunen.fi\/en\/wp-json\/wp\/v2\/product"}],"about":[{"href":"https:\/\/kinnunen.fi\/en\/wp-json\/wp\/v2\/types\/product"}],"replies":[{"embeddable":true,"href":"https:\/\/kinnunen.fi\/en\/wp-json\/wp\/v2\/comments?post=11997"}],"wp:featuredmedia":[{"embeddable":true,"href":"https:\/\/kinnunen.fi\/en\/wp-json\/wp\/v2\/media\/13770"}],"wp:attachment":[{"href":"https:\/\/kinnunen.fi\/en\/wp-json\/wp\/v2\/media?parent=11997"}],"wp:term":[{"taxonomy":"product_cat","embeddable":true,"href":"https:\/\/kinnunen.fi\/en\/wp-json\/wp\/v2\/product_cat?post=11997"},{"taxonomy":"product_tag","embeddable":true,"href":"https:\/\/kinnunen.fi\/en\/wp-json\/wp\/v2\/product_tag?post=11997"}],"curies":[{"name":"wp","href":"https:\/\/api.w.org\/{rel}","templated":true}]}}