

{"id":12651,"date":"2021-10-29T13:55:45","date_gmt":"2021-10-29T10:55:45","guid":{"rendered":"https:\/\/kinnunen.fi-r.seravo.com\/tuote\/lalla-kampaamotuoli-musta\/"},"modified":"2024-05-29T17:24:29","modified_gmt":"2024-05-29T14:24:29","slug":"lalla-kampaamotuoli-musta","status":"publish","type":"product","link":"https:\/\/kinnunen.fi\/en\/product\/lalla-kampaamotuoli-musta\/","title":{"rendered":"Lalla -kampaamotuoli, musta"},"content":{"rendered":"<p>Perinteisesti muotoiltu kampaamotuoli, jonka standardi s\u00e4vy on musta. T\u00e4ss\u00e4 mallissa saatavilla my\u00f6s punainen kuosi. Voit valita kahdesta eri jalka vaihtoehdosta. Leveys 63 cm, syvyys 58 cm, istuinkorkeus 44 &#8211; 58 cm<\/p>","protected":false},"excerpt":{"rendered":"<p>Spacious classic salon chair.<\/p>","protected":false},"featured_media":14070,"comment_status":"closed","ping_status":"closed","template":"","meta":{"_relevanssi_hide_post":"","_relevanssi_pin_for_all":"","_relevanssi_pin_keywords":"","_relevanssi_unpin_keywords":"","_relevanssi_related_keywords":"","_relevanssi_related_include_ids":"","_relevanssi_related_exclude_ids":"","_relevanssi_related_no_append":"","_relevanssi_related_not_related":"","_relevanssi_related_posts":"","_relevanssi_noindex_reason":"Relevanssi image attachment filterWooCommerce Relevanssin indeksointiesto"},"product_cat":[1838,1841],"product_tag":[],"class_list":["post-12651","product","type-product","status-publish","has-post-thumbnail","hentry","product_cat-kalusteet","product_cat-kampaamotuolit","pa_maksimi-istuinkorkeus-58-cm","pa_malli-b83-muovinen-tahtijalka-lukittava-hydraulinen-pumppu","pa_malli-p14-pyorea-kiekkojalka-lukittava-hydraulinen-pumppu","pa_minimi-istuinkorkeus-44-cm","pa_ominaisuudet-valmistettu-euroopassa","tuotemerkki-agv-diffusion","tuotemerkki-extreme-line"],"tuotemerkit":[{"term_id":309,"name":"AGV Diffusion","slug":"agv-diffusion","term_group":0,"term_taxonomy_id":309,"taxonomy":"tuotemerkki","description":"","parent":0,"count":48,"filter":"raw"},{"term_id":785,"name":"Extreme Line","slug":"extreme-line","term_group":0,"term_taxonomy_id":785,"taxonomy":"tuotemerkki","description":"","parent":309,"count":24,"filter":"raw"}],"acf":[],"yoast_head":"<!-- This site is optimized with the Yoast SEO plugin v23.3 - https:\/\/yoast.com\/wordpress\/plugins\/seo\/ -->\n<title>AGV kampaamotuoli|Kampaamokalusteet|Kinnunen oy<\/title>\n<meta name=\"description\" content=\"Tyylik\u00e4s ja laadukas Italiassa valmistettu kampaamotuoli partureihin ja kampaamoihin. Kuosin v\u00e4ri musta.\" \/>\n<meta name=\"robots\" content=\"index, follow, max-snippet:-1, max-image-preview:large, max-video-preview:-1\" \/>\n<link rel=\"canonical\" href=\"https:\/\/kinnunen.fi\/en\/product\/lalla-kampaamotuoli-musta\/\" \/>\n<meta property=\"og:locale\" content=\"en_GB\" \/>\n<meta property=\"og:type\" content=\"article\" \/>\n<meta property=\"og:title\" content=\"AGV kampaamotuoli|Kampaamokalusteet|Kinnunen oy\" \/>\n<meta property=\"og:description\" content=\"Tyylik\u00e4s ja laadukas Italiassa valmistettu kampaamotuoli partureihin ja kampaamoihin. Kuosin v\u00e4ri musta.\" \/>\n<meta property=\"og:url\" content=\"https:\/\/kinnunen.fi\/en\/product\/lalla-kampaamotuoli-musta\/\" \/>\n<meta property=\"og:site_name\" content=\"Kinnunen\" \/>\n<meta property=\"article:modified_time\" content=\"2024-05-29T14:24:29+00:00\" \/>\n<meta property=\"og:image\" content=\"https:\/\/kinnunen.fi\/wp-content\/uploads\/2021\/10\/AGV_Lalla_kampaamotuoli.jpg\" \/>\n\t<meta property=\"og:image:width\" content=\"1000\" \/>\n\t<meta property=\"og:image:height\" content=\"1000\" \/>\n\t<meta property=\"og:image:type\" content=\"image\/jpeg\" \/>\n<meta name=\"twitter:card\" content=\"summary_large_image\" \/>\n<script type=\"application\/ld+json\" class=\"yoast-schema-graph\">{\"@context\":\"https:\/\/schema.org\",\"@graph\":[{\"@type\":\"WebPage\",\"@id\":\"https:\/\/kinnunen.fi\/tuote\/lalla-kampaamotuoli-musta\/\",\"url\":\"https:\/\/kinnunen.fi\/tuote\/lalla-kampaamotuoli-musta\/\",\"name\":\"AGV kampaamotuoli|Kampaamokalusteet|Kinnunen oy\",\"isPartOf\":{\"@id\":\"https:\/\/kinnunen.fi\/#website\"},\"primaryImageOfPage\":{\"@id\":\"https:\/\/kinnunen.fi\/tuote\/lalla-kampaamotuoli-musta\/#primaryimage\"},\"image\":{\"@id\":\"https:\/\/kinnunen.fi\/tuote\/lalla-kampaamotuoli-musta\/#primaryimage\"},\"thumbnailUrl\":\"https:\/\/kinnunen.fi\/wp-content\/uploads\/2021\/10\/AGV_Lalla_kampaamotuoli.jpg\",\"datePublished\":\"2021-10-29T10:55:45+00:00\",\"dateModified\":\"2024-05-29T14:24:29+00:00\",\"description\":\"Tyylik\u00e4s ja laadukas Italiassa valmistettu kampaamotuoli partureihin ja kampaamoihin. Kuosin v\u00e4ri musta.\",\"breadcrumb\":{\"@id\":\"https:\/\/kinnunen.fi\/tuote\/lalla-kampaamotuoli-musta\/#breadcrumb\"},\"inLanguage\":\"en-GB\",\"potentialAction\":[{\"@type\":\"ReadAction\",\"target\":[\"https:\/\/kinnunen.fi\/tuote\/lalla-kampaamotuoli-musta\/\"]}]},{\"@type\":\"ImageObject\",\"inLanguage\":\"en-GB\",\"@id\":\"https:\/\/kinnunen.fi\/tuote\/lalla-kampaamotuoli-musta\/#primaryimage\",\"url\":\"https:\/\/kinnunen.fi\/wp-content\/uploads\/2021\/10\/AGV_Lalla_kampaamotuoli.jpg\",\"contentUrl\":\"https:\/\/kinnunen.fi\/wp-content\/uploads\/2021\/10\/AGV_Lalla_kampaamotuoli.jpg\",\"width\":1000,\"height\":1000},{\"@type\":\"BreadcrumbList\",\"@id\":\"https:\/\/kinnunen.fi\/tuote\/lalla-kampaamotuoli-musta\/#breadcrumb\",\"itemListElement\":[{\"@type\":\"ListItem\",\"position\":1,\"name\":\"Etusivu\",\"item\":\"https:\/\/kinnunen.fi\/\"},{\"@type\":\"ListItem\",\"position\":2,\"name\":\"Kaikki tuotteet\",\"item\":\"https:\/\/kinnunen.fi\/kauppa\/\"},{\"@type\":\"ListItem\",\"position\":3,\"name\":\"Kalusteet\",\"item\":\"https:\/\/kinnunen.fi\/tuote-osasto\/kalusteet\/\"},{\"@type\":\"ListItem\",\"position\":4,\"name\":\"Kampaamotuolit\",\"item\":\"https:\/\/kinnunen.fi\/tuote-osasto\/kalusteet\/kampaamotuolit\/\"},{\"@type\":\"ListItem\",\"position\":5,\"name\":\"Lalla -kampaamotuoli, musta\"}]},{\"@type\":\"WebSite\",\"@id\":\"https:\/\/kinnunen.fi\/#website\",\"url\":\"https:\/\/kinnunen.fi\/\",\"name\":\"Kinnunen\",\"description\":\"\",\"potentialAction\":[{\"@type\":\"SearchAction\",\"target\":{\"@type\":\"EntryPoint\",\"urlTemplate\":\"https:\/\/kinnunen.fi\/?s={search_term_string}\"},\"query-input\":\"required name=search_term_string\"}],\"inLanguage\":\"en-GB\"}]}<\/script>\n<!-- \/ Yoast SEO plugin. -->","yoast_head_json":{"title":"AGV kampaamotuoli|Kampaamokalusteet|Kinnunen oy","description":"Tyylik\u00e4s ja laadukas Italiassa valmistettu kampaamotuoli partureihin ja kampaamoihin. Kuosin v\u00e4ri musta.","robots":{"index":"index","follow":"follow","max-snippet":"max-snippet:-1","max-image-preview":"max-image-preview:large","max-video-preview":"max-video-preview:-1"},"canonical":"https:\/\/kinnunen.fi\/en\/product\/lalla-kampaamotuoli-musta\/","og_locale":"en_GB","og_type":"article","og_title":"AGV kampaamotuoli|Kampaamokalusteet|Kinnunen oy","og_description":"Tyylik\u00e4s ja laadukas Italiassa valmistettu kampaamotuoli partureihin ja kampaamoihin. Kuosin v\u00e4ri musta.","og_url":"https:\/\/kinnunen.fi\/en\/product\/lalla-kampaamotuoli-musta\/","og_site_name":"Kinnunen","article_modified_time":"2024-05-29T14:24:29+00:00","og_image":[{"width":1000,"height":1000,"url":"https:\/\/kinnunen.fi\/wp-content\/uploads\/2021\/10\/AGV_Lalla_kampaamotuoli.jpg","type":"image\/jpeg"}],"twitter_card":"summary_large_image","schema":{"@context":"https:\/\/schema.org","@graph":[{"@type":"WebPage","@id":"https:\/\/kinnunen.fi\/tuote\/lalla-kampaamotuoli-musta\/","url":"https:\/\/kinnunen.fi\/tuote\/lalla-kampaamotuoli-musta\/","name":"AGV kampaamotuoli|Kampaamokalusteet|Kinnunen oy","isPartOf":{"@id":"https:\/\/kinnunen.fi\/#website"},"primaryImageOfPage":{"@id":"https:\/\/kinnunen.fi\/tuote\/lalla-kampaamotuoli-musta\/#primaryimage"},"image":{"@id":"https:\/\/kinnunen.fi\/tuote\/lalla-kampaamotuoli-musta\/#primaryimage"},"thumbnailUrl":"https:\/\/kinnunen.fi\/wp-content\/uploads\/2021\/10\/AGV_Lalla_kampaamotuoli.jpg","datePublished":"2021-10-29T10:55:45+00:00","dateModified":"2024-05-29T14:24:29+00:00","description":"Tyylik\u00e4s ja laadukas Italiassa valmistettu kampaamotuoli partureihin ja kampaamoihin. Kuosin v\u00e4ri musta.","breadcrumb":{"@id":"https:\/\/kinnunen.fi\/tuote\/lalla-kampaamotuoli-musta\/#breadcrumb"},"inLanguage":"en-GB","potentialAction":[{"@type":"ReadAction","target":["https:\/\/kinnunen.fi\/tuote\/lalla-kampaamotuoli-musta\/"]}]},{"@type":"ImageObject","inLanguage":"en-GB","@id":"https:\/\/kinnunen.fi\/tuote\/lalla-kampaamotuoli-musta\/#primaryimage","url":"https:\/\/kinnunen.fi\/wp-content\/uploads\/2021\/10\/AGV_Lalla_kampaamotuoli.jpg","contentUrl":"https:\/\/kinnunen.fi\/wp-content\/uploads\/2021\/10\/AGV_Lalla_kampaamotuoli.jpg","width":1000,"height":1000},{"@type":"BreadcrumbList","@id":"https:\/\/kinnunen.fi\/tuote\/lalla-kampaamotuoli-musta\/#breadcrumb","itemListElement":[{"@type":"ListItem","position":1,"name":"Etusivu","item":"https:\/\/kinnunen.fi\/"},{"@type":"ListItem","position":2,"name":"Kaikki tuotteet","item":"https:\/\/kinnunen.fi\/kauppa\/"},{"@type":"ListItem","position":3,"name":"Kalusteet","item":"https:\/\/kinnunen.fi\/tuote-osasto\/kalusteet\/"},{"@type":"ListItem","position":4,"name":"Kampaamotuolit","item":"https:\/\/kinnunen.fi\/tuote-osasto\/kalusteet\/kampaamotuolit\/"},{"@type":"ListItem","position":5,"name":"Lalla -kampaamotuoli, musta"}]},{"@type":"WebSite","@id":"https:\/\/kinnunen.fi\/#website","url":"https:\/\/kinnunen.fi\/","name":"Kinnunen","description":"","potentialAction":[{"@type":"SearchAction","target":{"@type":"EntryPoint","urlTemplate":"https:\/\/kinnunen.fi\/?s={search_term_string}"},"query-input":"required name=search_term_string"}],"inLanguage":"en-GB"}]}},"_links":{"self":[{"href":"https:\/\/kinnunen.fi\/en\/wp-json\/wp\/v2\/product\/12651"}],"collection":[{"href":"https:\/\/kinnunen.fi\/en\/wp-json\/wp\/v2\/product"}],"about":[{"href":"https:\/\/kinnunen.fi\/en\/wp-json\/wp\/v2\/types\/product"}],"replies":[{"embeddable":true,"href":"https:\/\/kinnunen.fi\/en\/wp-json\/wp\/v2\/comments?post=12651"}],"wp:featuredmedia":[{"embeddable":true,"href":"https:\/\/kinnunen.fi\/en\/wp-json\/wp\/v2\/media\/14070"}],"wp:attachment":[{"href":"https:\/\/kinnunen.fi\/en\/wp-json\/wp\/v2\/media?parent=12651"}],"wp:term":[{"taxonomy":"product_cat","embeddable":true,"href":"https:\/\/kinnunen.fi\/en\/wp-json\/wp\/v2\/product_cat?post=12651"},{"taxonomy":"product_tag","embeddable":true,"href":"https:\/\/kinnunen.fi\/en\/wp-json\/wp\/v2\/product_tag?post=12651"}],"curies":[{"name":"wp","href":"https:\/\/api.w.org\/{rel}","templated":true}]}}