

{"id":12719,"date":"2021-10-29T13:56:49","date_gmt":"2021-10-29T10:56:49","guid":{"rendered":"https:\/\/kinnunen.fi-r.seravo.com\/tuote\/acrobat-kupukuivaaja-lattiajalalla\/"},"modified":"2024-09-26T14:19:10","modified_gmt":"2024-09-26T11:19:10","slug":"acrobat-kupukuivaaja-lattiajalalla","status":"publish","type":"product","link":"https:\/\/kinnunen.fi\/en\/product\/acrobat-kupukuivaaja-lattiajalalla\/","title":{"rendered":"Acrobat hood dryer, with floor stand"},"content":{"rendered":"<p>Traditional cup drier with two speeds, 60 min timer (in 5 min increments) and temperature control from 35 to 75 degrees (in 5 degree increments). Choice of white or black finish. The product comes with a sturdy floor stand.<\/p>\n<p>The white colour is our stock colour, the black colour is a special order.<\/p>","protected":false},"excerpt":{"rendered":"<p>Traditional blow-dryer for drying hairstyles<\/p>","protected":false},"featured_media":14144,"comment_status":"closed","ping_status":"closed","template":"","meta":{"_relevanssi_hide_post":"","_relevanssi_pin_for_all":"","_relevanssi_pin_keywords":"","_relevanssi_unpin_keywords":"","_relevanssi_related_keywords":"","_relevanssi_related_include_ids":"","_relevanssi_related_exclude_ids":"","_relevanssi_related_no_append":"","_relevanssi_related_not_related":"","_relevanssi_related_posts":"","_relevanssi_noindex_reason":""},"product_cat":[1838,1847],"product_tag":[],"class_list":["post-12719","product","type-product","status-publish","has-post-thumbnail","hentry","product_cat-kalusteet","product_cat-lamposateilijat-ja-kupukuivaajat","pa_ominaisuudet-valmistettu-euroopassa","pa_vari-musta","pa_vari-valkoinen","tuotemerkki-artem"],"tuotemerkit":[{"term_id":308,"name":"Artem","slug":"artem","term_group":0,"term_taxonomy_id":308,"taxonomy":"tuotemerkki","description":"","parent":0,"count":11,"filter":"raw"}],"acf":[],"yoast_head":"<!-- This site is optimized with the Yoast SEO plugin v23.3 - https:\/\/yoast.com\/wordpress\/plugins\/seo\/ -->\n<title>Artem kupukuivaaja|Kampaamokalusteet|Kinnunen oy<\/title>\n<meta name=\"description\" content=\"Tehokas kupukuivaaja kampaamoalan ammattilaisten k\u00e4ytt\u00f6\u00f6n. Saatavilla lattiajalalla tai sein\u00e4kiinnitteisen\u00e4.\" \/>\n<meta name=\"robots\" content=\"index, follow, max-snippet:-1, max-image-preview:large, max-video-preview:-1\" \/>\n<link rel=\"canonical\" href=\"https:\/\/kinnunen.fi\/en\/product\/acrobat-kupukuivaaja-lattiajalalla\/\" \/>\n<meta property=\"og:locale\" content=\"en_GB\" \/>\n<meta property=\"og:type\" content=\"article\" \/>\n<meta property=\"og:title\" content=\"Artem kupukuivaaja|Kampaamokalusteet|Kinnunen oy\" \/>\n<meta property=\"og:description\" content=\"Tehokas kupukuivaaja kampaamoalan ammattilaisten k\u00e4ytt\u00f6\u00f6n. Saatavilla lattiajalalla tai sein\u00e4kiinnitteisen\u00e4.\" \/>\n<meta property=\"og:url\" content=\"https:\/\/kinnunen.fi\/en\/product\/acrobat-kupukuivaaja-lattiajalalla\/\" \/>\n<meta property=\"og:site_name\" content=\"Kinnunen\" \/>\n<meta property=\"article:modified_time\" content=\"2024-09-26T11:19:10+00:00\" \/>\n<meta property=\"og:image\" content=\"https:\/\/kinnunen.fi\/wp-content\/uploads\/2021\/10\/Artem_acrobat.jpg\" \/>\n\t<meta property=\"og:image:width\" content=\"1000\" \/>\n\t<meta property=\"og:image:height\" content=\"1000\" \/>\n\t<meta property=\"og:image:type\" content=\"image\/jpeg\" \/>\n<meta name=\"twitter:card\" content=\"summary_large_image\" \/>\n<meta name=\"twitter:label1\" content=\"Estimated reading time\" \/>\n\t<meta name=\"twitter:data1\" content=\"1 minute\" \/>\n<script type=\"application\/ld+json\" class=\"yoast-schema-graph\">{\"@context\":\"https:\/\/schema.org\",\"@graph\":[{\"@type\":\"WebPage\",\"@id\":\"https:\/\/kinnunen.fi\/tuote\/acrobat-kupukuivaaja-lattiajalalla\/\",\"url\":\"https:\/\/kinnunen.fi\/tuote\/acrobat-kupukuivaaja-lattiajalalla\/\",\"name\":\"Artem kupukuivaaja|Kampaamokalusteet|Kinnunen oy\",\"isPartOf\":{\"@id\":\"https:\/\/kinnunen.fi\/#website\"},\"primaryImageOfPage\":{\"@id\":\"https:\/\/kinnunen.fi\/tuote\/acrobat-kupukuivaaja-lattiajalalla\/#primaryimage\"},\"image\":{\"@id\":\"https:\/\/kinnunen.fi\/tuote\/acrobat-kupukuivaaja-lattiajalalla\/#primaryimage\"},\"thumbnailUrl\":\"https:\/\/kinnunen.fi\/wp-content\/uploads\/2021\/10\/Artem_acrobat.jpg\",\"datePublished\":\"2021-10-29T10:56:49+00:00\",\"dateModified\":\"2024-09-26T11:19:10+00:00\",\"description\":\"Tehokas kupukuivaaja kampaamoalan ammattilaisten k\u00e4ytt\u00f6\u00f6n. Saatavilla lattiajalalla tai sein\u00e4kiinnitteisen\u00e4.\",\"breadcrumb\":{\"@id\":\"https:\/\/kinnunen.fi\/tuote\/acrobat-kupukuivaaja-lattiajalalla\/#breadcrumb\"},\"inLanguage\":\"en-GB\",\"potentialAction\":[{\"@type\":\"ReadAction\",\"target\":[\"https:\/\/kinnunen.fi\/tuote\/acrobat-kupukuivaaja-lattiajalalla\/\"]}]},{\"@type\":\"ImageObject\",\"inLanguage\":\"en-GB\",\"@id\":\"https:\/\/kinnunen.fi\/tuote\/acrobat-kupukuivaaja-lattiajalalla\/#primaryimage\",\"url\":\"https:\/\/kinnunen.fi\/wp-content\/uploads\/2021\/10\/Artem_acrobat.jpg\",\"contentUrl\":\"https:\/\/kinnunen.fi\/wp-content\/uploads\/2021\/10\/Artem_acrobat.jpg\",\"width\":1000,\"height\":1000},{\"@type\":\"BreadcrumbList\",\"@id\":\"https:\/\/kinnunen.fi\/tuote\/acrobat-kupukuivaaja-lattiajalalla\/#breadcrumb\",\"itemListElement\":[{\"@type\":\"ListItem\",\"position\":1,\"name\":\"Etusivu\",\"item\":\"https:\/\/kinnunen.fi\/\"},{\"@type\":\"ListItem\",\"position\":2,\"name\":\"Kaikki tuotteet\",\"item\":\"https:\/\/kinnunen.fi\/kauppa\/\"},{\"@type\":\"ListItem\",\"position\":3,\"name\":\"Kalusteet\",\"item\":\"https:\/\/kinnunen.fi\/tuote-osasto\/kalusteet\/\"},{\"@type\":\"ListItem\",\"position\":4,\"name\":\"L\u00e4mp\u00f6s\u00e4teilij\u00e4t ja kupukuivaajat\",\"item\":\"https:\/\/kinnunen.fi\/tuote-osasto\/kalusteet\/lamposateilijat-ja-kupukuivaajat\/\"},{\"@type\":\"ListItem\",\"position\":5,\"name\":\"Acrobat -kupukuivaaja, lattiajalalla\"}]},{\"@type\":\"WebSite\",\"@id\":\"https:\/\/kinnunen.fi\/#website\",\"url\":\"https:\/\/kinnunen.fi\/\",\"name\":\"Kinnunen\",\"description\":\"\",\"potentialAction\":[{\"@type\":\"SearchAction\",\"target\":{\"@type\":\"EntryPoint\",\"urlTemplate\":\"https:\/\/kinnunen.fi\/?s={search_term_string}\"},\"query-input\":\"required name=search_term_string\"}],\"inLanguage\":\"en-GB\"}]}<\/script>\n<!-- \/ Yoast SEO plugin. -->","yoast_head_json":{"title":"Artem kupukuivaaja|Kampaamokalusteet|Kinnunen oy","description":"Tehokas kupukuivaaja kampaamoalan ammattilaisten k\u00e4ytt\u00f6\u00f6n. Saatavilla lattiajalalla tai sein\u00e4kiinnitteisen\u00e4.","robots":{"index":"index","follow":"follow","max-snippet":"max-snippet:-1","max-image-preview":"max-image-preview:large","max-video-preview":"max-video-preview:-1"},"canonical":"https:\/\/kinnunen.fi\/en\/product\/acrobat-kupukuivaaja-lattiajalalla\/","og_locale":"en_GB","og_type":"article","og_title":"Artem kupukuivaaja|Kampaamokalusteet|Kinnunen oy","og_description":"Tehokas kupukuivaaja kampaamoalan ammattilaisten k\u00e4ytt\u00f6\u00f6n. Saatavilla lattiajalalla tai sein\u00e4kiinnitteisen\u00e4.","og_url":"https:\/\/kinnunen.fi\/en\/product\/acrobat-kupukuivaaja-lattiajalalla\/","og_site_name":"Kinnunen","article_modified_time":"2024-09-26T11:19:10+00:00","og_image":[{"width":1000,"height":1000,"url":"https:\/\/kinnunen.fi\/wp-content\/uploads\/2021\/10\/Artem_acrobat.jpg","type":"image\/jpeg"}],"twitter_card":"summary_large_image","twitter_misc":{"Estimated reading time":"1 minute"},"schema":{"@context":"https:\/\/schema.org","@graph":[{"@type":"WebPage","@id":"https:\/\/kinnunen.fi\/tuote\/acrobat-kupukuivaaja-lattiajalalla\/","url":"https:\/\/kinnunen.fi\/tuote\/acrobat-kupukuivaaja-lattiajalalla\/","name":"Artem kupukuivaaja|Kampaamokalusteet|Kinnunen oy","isPartOf":{"@id":"https:\/\/kinnunen.fi\/#website"},"primaryImageOfPage":{"@id":"https:\/\/kinnunen.fi\/tuote\/acrobat-kupukuivaaja-lattiajalalla\/#primaryimage"},"image":{"@id":"https:\/\/kinnunen.fi\/tuote\/acrobat-kupukuivaaja-lattiajalalla\/#primaryimage"},"thumbnailUrl":"https:\/\/kinnunen.fi\/wp-content\/uploads\/2021\/10\/Artem_acrobat.jpg","datePublished":"2021-10-29T10:56:49+00:00","dateModified":"2024-09-26T11:19:10+00:00","description":"Tehokas kupukuivaaja kampaamoalan ammattilaisten k\u00e4ytt\u00f6\u00f6n. Saatavilla lattiajalalla tai sein\u00e4kiinnitteisen\u00e4.","breadcrumb":{"@id":"https:\/\/kinnunen.fi\/tuote\/acrobat-kupukuivaaja-lattiajalalla\/#breadcrumb"},"inLanguage":"en-GB","potentialAction":[{"@type":"ReadAction","target":["https:\/\/kinnunen.fi\/tuote\/acrobat-kupukuivaaja-lattiajalalla\/"]}]},{"@type":"ImageObject","inLanguage":"en-GB","@id":"https:\/\/kinnunen.fi\/tuote\/acrobat-kupukuivaaja-lattiajalalla\/#primaryimage","url":"https:\/\/kinnunen.fi\/wp-content\/uploads\/2021\/10\/Artem_acrobat.jpg","contentUrl":"https:\/\/kinnunen.fi\/wp-content\/uploads\/2021\/10\/Artem_acrobat.jpg","width":1000,"height":1000},{"@type":"BreadcrumbList","@id":"https:\/\/kinnunen.fi\/tuote\/acrobat-kupukuivaaja-lattiajalalla\/#breadcrumb","itemListElement":[{"@type":"ListItem","position":1,"name":"Etusivu","item":"https:\/\/kinnunen.fi\/"},{"@type":"ListItem","position":2,"name":"Kaikki tuotteet","item":"https:\/\/kinnunen.fi\/kauppa\/"},{"@type":"ListItem","position":3,"name":"Kalusteet","item":"https:\/\/kinnunen.fi\/tuote-osasto\/kalusteet\/"},{"@type":"ListItem","position":4,"name":"L\u00e4mp\u00f6s\u00e4teilij\u00e4t ja kupukuivaajat","item":"https:\/\/kinnunen.fi\/tuote-osasto\/kalusteet\/lamposateilijat-ja-kupukuivaajat\/"},{"@type":"ListItem","position":5,"name":"Acrobat -kupukuivaaja, lattiajalalla"}]},{"@type":"WebSite","@id":"https:\/\/kinnunen.fi\/#website","url":"https:\/\/kinnunen.fi\/","name":"Kinnunen","description":"","potentialAction":[{"@type":"SearchAction","target":{"@type":"EntryPoint","urlTemplate":"https:\/\/kinnunen.fi\/?s={search_term_string}"},"query-input":"required name=search_term_string"}],"inLanguage":"en-GB"}]}},"_links":{"self":[{"href":"https:\/\/kinnunen.fi\/en\/wp-json\/wp\/v2\/product\/12719"}],"collection":[{"href":"https:\/\/kinnunen.fi\/en\/wp-json\/wp\/v2\/product"}],"about":[{"href":"https:\/\/kinnunen.fi\/en\/wp-json\/wp\/v2\/types\/product"}],"replies":[{"embeddable":true,"href":"https:\/\/kinnunen.fi\/en\/wp-json\/wp\/v2\/comments?post=12719"}],"wp:featuredmedia":[{"embeddable":true,"href":"https:\/\/kinnunen.fi\/en\/wp-json\/wp\/v2\/media\/14144"}],"wp:attachment":[{"href":"https:\/\/kinnunen.fi\/en\/wp-json\/wp\/v2\/media?parent=12719"}],"wp:term":[{"taxonomy":"product_cat","embeddable":true,"href":"https:\/\/kinnunen.fi\/en\/wp-json\/wp\/v2\/product_cat?post=12719"},{"taxonomy":"product_tag","embeddable":true,"href":"https:\/\/kinnunen.fi\/en\/wp-json\/wp\/v2\/product_tag?post=12719"}],"curies":[{"name":"wp","href":"https:\/\/api.w.org\/{rel}","templated":true}]}}