

{"id":12788,"date":"2021-10-29T14:11:53","date_gmt":"2021-10-29T11:11:53","guid":{"rendered":"https:\/\/kinnunen.fi-r.seravo.com\/tuote\/ub-after-blonde-treatment-500-ml\/"},"modified":"2026-04-29T04:00:09","modified_gmt":"2026-04-29T01:00:09","slug":"ub-after-blonde-treatment-500-ml","status":"publish","type":"product","link":"https:\/\/kinnunen.fi\/en\/product\/ub-after-blonde-treatment-500-ml\/","title":{"rendered":"UB After Blonde Treatment 500 ml"},"content":{"rendered":"<p>The new salon-grade deeply nourishing After Blonde Treatment creates a protective layer on the surface of the hair to help repair the hair's external structure. This product creates long-lasting shine and softness. Contains Bond Fuser technology.<\/p>","protected":false},"excerpt":{"rendered":"<p>After bleaching, your hair needs a good conditioning treatment, finish off your bleaching treatments with this Ultimate Blonde After Blonde Treatment.<\/p>","protected":false},"featured_media":13592,"comment_status":"closed","ping_status":"closed","template":"","meta":{"_relevanssi_hide_post":"","_relevanssi_pin_for_all":"","_relevanssi_pin_keywords":"","_relevanssi_unpin_keywords":"","_relevanssi_related_keywords":"","_relevanssi_related_include_ids":"","_relevanssi_related_exclude_ids":"","_relevanssi_related_no_append":"","_relevanssi_related_not_related":"","_relevanssi_related_posts":"","_relevanssi_noindex_reason":""},"product_cat":[1727,1754],"product_tag":[2210],"class_list":["post-12788","product","type-product","status-publish","has-post-thumbnail","hentry","product_cat-hiuskosmetiikka","product_cat-esikasittely-ja-after-color-tuotteet","product_tag-tinta-after-color","tuotemerkki-keune-haircosmetics"],"tuotemerkit":[{"term_id":25,"name":"Keune Haircosmetics","slug":"keune-haircosmetics","term_group":0,"term_taxonomy_id":25,"taxonomy":"tuotemerkki","description":"","parent":0,"count":276,"filter":"raw"}],"acf":[],"yoast_head":"<!-- This site is optimized with the Yoast SEO plugin v23.3 - https:\/\/yoast.com\/wordpress\/plugins\/seo\/ -->\n<title>UB After Blonde Treatment 500 ml - Kinnunen<\/title>\n<meta name=\"robots\" content=\"index, follow, max-snippet:-1, max-image-preview:large, max-video-preview:-1\" \/>\n<link rel=\"canonical\" href=\"https:\/\/kinnunen.fi\/en\/product\/ub-after-blonde-treatment-500-ml\/\" \/>\n<meta property=\"og:locale\" content=\"en_GB\" \/>\n<meta property=\"og:type\" content=\"article\" \/>\n<meta property=\"og:title\" content=\"UB After Blonde Treatment 500 ml - Kinnunen\" \/>\n<meta property=\"og:description\" content=\"Vaalennuksen j\u00e4lkeen hius tarvitsee hyv\u00e4\u00e4 hoitoa, viimeistele vaallennusk\u00e4sittelyt t\u00e4ll\u00e4 Ultimate Blonde After Blonde Treatmentilla.\" \/>\n<meta property=\"og:url\" content=\"https:\/\/kinnunen.fi\/en\/product\/ub-after-blonde-treatment-500-ml\/\" \/>\n<meta property=\"og:site_name\" content=\"Kinnunen\" \/>\n<meta property=\"article:modified_time\" content=\"2026-04-29T01:00:09+00:00\" \/>\n<meta property=\"og:image\" content=\"https:\/\/kinnunen.fi\/wp-content\/uploads\/2021\/10\/21439-Keune-Ultimate-Blonde-After-Blonde-Treatment-500ml-online.jpg\" \/>\n\t<meta property=\"og:image:width\" content=\"1000\" \/>\n\t<meta property=\"og:image:height\" content=\"1000\" \/>\n\t<meta property=\"og:image:type\" content=\"image\/jpeg\" \/>\n<meta name=\"twitter:card\" content=\"summary_large_image\" \/>\n<script type=\"application\/ld+json\" class=\"yoast-schema-graph\">{\"@context\":\"https:\/\/schema.org\",\"@graph\":[{\"@type\":\"WebPage\",\"@id\":\"https:\/\/kinnunen.fi\/tuote\/ub-after-blonde-treatment-500-ml\/\",\"url\":\"https:\/\/kinnunen.fi\/tuote\/ub-after-blonde-treatment-500-ml\/\",\"name\":\"UB After Blonde Treatment 500 ml - Kinnunen\",\"isPartOf\":{\"@id\":\"https:\/\/kinnunen.fi\/#website\"},\"primaryImageOfPage\":{\"@id\":\"https:\/\/kinnunen.fi\/tuote\/ub-after-blonde-treatment-500-ml\/#primaryimage\"},\"image\":{\"@id\":\"https:\/\/kinnunen.fi\/tuote\/ub-after-blonde-treatment-500-ml\/#primaryimage\"},\"thumbnailUrl\":\"https:\/\/kinnunen.fi\/wp-content\/uploads\/2021\/10\/21439-Keune-Ultimate-Blonde-After-Blonde-Treatment-500ml-online.jpg\",\"datePublished\":\"2021-10-29T11:11:53+00:00\",\"dateModified\":\"2026-04-29T01:00:09+00:00\",\"breadcrumb\":{\"@id\":\"https:\/\/kinnunen.fi\/tuote\/ub-after-blonde-treatment-500-ml\/#breadcrumb\"},\"inLanguage\":\"en-GB\",\"potentialAction\":[{\"@type\":\"ReadAction\",\"target\":[\"https:\/\/kinnunen.fi\/tuote\/ub-after-blonde-treatment-500-ml\/\"]}]},{\"@type\":\"ImageObject\",\"inLanguage\":\"en-GB\",\"@id\":\"https:\/\/kinnunen.fi\/tuote\/ub-after-blonde-treatment-500-ml\/#primaryimage\",\"url\":\"https:\/\/kinnunen.fi\/wp-content\/uploads\/2021\/10\/21439-Keune-Ultimate-Blonde-After-Blonde-Treatment-500ml-online.jpg\",\"contentUrl\":\"https:\/\/kinnunen.fi\/wp-content\/uploads\/2021\/10\/21439-Keune-Ultimate-Blonde-After-Blonde-Treatment-500ml-online.jpg\",\"width\":1000,\"height\":1000},{\"@type\":\"BreadcrumbList\",\"@id\":\"https:\/\/kinnunen.fi\/tuote\/ub-after-blonde-treatment-500-ml\/#breadcrumb\",\"itemListElement\":[{\"@type\":\"ListItem\",\"position\":1,\"name\":\"Etusivu\",\"item\":\"https:\/\/kinnunen.fi\/\"},{\"@type\":\"ListItem\",\"position\":2,\"name\":\"Kaikki tuotteet\",\"item\":\"https:\/\/kinnunen.fi\/kauppa\/\"},{\"@type\":\"ListItem\",\"position\":3,\"name\":\"Hiuskosmetiikka\",\"item\":\"https:\/\/kinnunen.fi\/tuote-osasto\/hiuskosmetiikka\/\"},{\"@type\":\"ListItem\",\"position\":4,\"name\":\"Esik\u00e4sittely ja After Color -tuotteet\",\"item\":\"https:\/\/kinnunen.fi\/tuote-osasto\/hiuskosmetiikka\/esikasittely-ja-after-color-tuotteet\/\"},{\"@type\":\"ListItem\",\"position\":5,\"name\":\"UB After Blonde Treatment 500 ml\"}]},{\"@type\":\"WebSite\",\"@id\":\"https:\/\/kinnunen.fi\/#website\",\"url\":\"https:\/\/kinnunen.fi\/\",\"name\":\"Kinnunen\",\"description\":\"\",\"potentialAction\":[{\"@type\":\"SearchAction\",\"target\":{\"@type\":\"EntryPoint\",\"urlTemplate\":\"https:\/\/kinnunen.fi\/?s={search_term_string}\"},\"query-input\":\"required name=search_term_string\"}],\"inLanguage\":\"en-GB\"}]}<\/script>\n<!-- \/ Yoast SEO plugin. -->","yoast_head_json":{"title":"UB After Blonde Treatment 500 ml - Kinnunen","robots":{"index":"index","follow":"follow","max-snippet":"max-snippet:-1","max-image-preview":"max-image-preview:large","max-video-preview":"max-video-preview:-1"},"canonical":"https:\/\/kinnunen.fi\/en\/product\/ub-after-blonde-treatment-500-ml\/","og_locale":"en_GB","og_type":"article","og_title":"UB After Blonde Treatment 500 ml - Kinnunen","og_description":"Vaalennuksen j\u00e4lkeen hius tarvitsee hyv\u00e4\u00e4 hoitoa, viimeistele vaallennusk\u00e4sittelyt t\u00e4ll\u00e4 Ultimate Blonde After Blonde Treatmentilla.","og_url":"https:\/\/kinnunen.fi\/en\/product\/ub-after-blonde-treatment-500-ml\/","og_site_name":"Kinnunen","article_modified_time":"2026-04-29T01:00:09+00:00","og_image":[{"width":1000,"height":1000,"url":"https:\/\/kinnunen.fi\/wp-content\/uploads\/2021\/10\/21439-Keune-Ultimate-Blonde-After-Blonde-Treatment-500ml-online.jpg","type":"image\/jpeg"}],"twitter_card":"summary_large_image","schema":{"@context":"https:\/\/schema.org","@graph":[{"@type":"WebPage","@id":"https:\/\/kinnunen.fi\/tuote\/ub-after-blonde-treatment-500-ml\/","url":"https:\/\/kinnunen.fi\/tuote\/ub-after-blonde-treatment-500-ml\/","name":"UB After Blonde Treatment 500 ml - Kinnunen","isPartOf":{"@id":"https:\/\/kinnunen.fi\/#website"},"primaryImageOfPage":{"@id":"https:\/\/kinnunen.fi\/tuote\/ub-after-blonde-treatment-500-ml\/#primaryimage"},"image":{"@id":"https:\/\/kinnunen.fi\/tuote\/ub-after-blonde-treatment-500-ml\/#primaryimage"},"thumbnailUrl":"https:\/\/kinnunen.fi\/wp-content\/uploads\/2021\/10\/21439-Keune-Ultimate-Blonde-After-Blonde-Treatment-500ml-online.jpg","datePublished":"2021-10-29T11:11:53+00:00","dateModified":"2026-04-29T01:00:09+00:00","breadcrumb":{"@id":"https:\/\/kinnunen.fi\/tuote\/ub-after-blonde-treatment-500-ml\/#breadcrumb"},"inLanguage":"en-GB","potentialAction":[{"@type":"ReadAction","target":["https:\/\/kinnunen.fi\/tuote\/ub-after-blonde-treatment-500-ml\/"]}]},{"@type":"ImageObject","inLanguage":"en-GB","@id":"https:\/\/kinnunen.fi\/tuote\/ub-after-blonde-treatment-500-ml\/#primaryimage","url":"https:\/\/kinnunen.fi\/wp-content\/uploads\/2021\/10\/21439-Keune-Ultimate-Blonde-After-Blonde-Treatment-500ml-online.jpg","contentUrl":"https:\/\/kinnunen.fi\/wp-content\/uploads\/2021\/10\/21439-Keune-Ultimate-Blonde-After-Blonde-Treatment-500ml-online.jpg","width":1000,"height":1000},{"@type":"BreadcrumbList","@id":"https:\/\/kinnunen.fi\/tuote\/ub-after-blonde-treatment-500-ml\/#breadcrumb","itemListElement":[{"@type":"ListItem","position":1,"name":"Etusivu","item":"https:\/\/kinnunen.fi\/"},{"@type":"ListItem","position":2,"name":"Kaikki tuotteet","item":"https:\/\/kinnunen.fi\/kauppa\/"},{"@type":"ListItem","position":3,"name":"Hiuskosmetiikka","item":"https:\/\/kinnunen.fi\/tuote-osasto\/hiuskosmetiikka\/"},{"@type":"ListItem","position":4,"name":"Esik\u00e4sittely ja After Color -tuotteet","item":"https:\/\/kinnunen.fi\/tuote-osasto\/hiuskosmetiikka\/esikasittely-ja-after-color-tuotteet\/"},{"@type":"ListItem","position":5,"name":"UB After Blonde Treatment 500 ml"}]},{"@type":"WebSite","@id":"https:\/\/kinnunen.fi\/#website","url":"https:\/\/kinnunen.fi\/","name":"Kinnunen","description":"","potentialAction":[{"@type":"SearchAction","target":{"@type":"EntryPoint","urlTemplate":"https:\/\/kinnunen.fi\/?s={search_term_string}"},"query-input":"required name=search_term_string"}],"inLanguage":"en-GB"}]}},"_links":{"self":[{"href":"https:\/\/kinnunen.fi\/en\/wp-json\/wp\/v2\/product\/12788"}],"collection":[{"href":"https:\/\/kinnunen.fi\/en\/wp-json\/wp\/v2\/product"}],"about":[{"href":"https:\/\/kinnunen.fi\/en\/wp-json\/wp\/v2\/types\/product"}],"replies":[{"embeddable":true,"href":"https:\/\/kinnunen.fi\/en\/wp-json\/wp\/v2\/comments?post=12788"}],"wp:featuredmedia":[{"embeddable":true,"href":"https:\/\/kinnunen.fi\/en\/wp-json\/wp\/v2\/media\/13592"}],"wp:attachment":[{"href":"https:\/\/kinnunen.fi\/en\/wp-json\/wp\/v2\/media?parent=12788"}],"wp:term":[{"taxonomy":"product_cat","embeddable":true,"href":"https:\/\/kinnunen.fi\/en\/wp-json\/wp\/v2\/product_cat?post=12788"},{"taxonomy":"product_tag","embeddable":true,"href":"https:\/\/kinnunen.fi\/en\/wp-json\/wp\/v2\/product_tag?post=12788"}],"curies":[{"name":"wp","href":"https:\/\/api.w.org\/{rel}","templated":true}]}}