

{"id":12794,"date":"2021-10-29T14:11:53","date_gmt":"2021-10-29T11:11:53","guid":{"rendered":"https:\/\/kinnunen.fi-r.seravo.com\/tuote\/y-s-park-luster-aerozaurus-paddle-black\/"},"modified":"2026-04-29T04:00:35","modified_gmt":"2026-04-29T01:00:35","slug":"y-s-park-luster-aerozaurus-paddle-black","status":"publish","type":"product","link":"https:\/\/kinnunen.fi\/en\/product\/y-s-park-luster-aerozaurus-paddle-black\/","title":{"rendered":"Y.S.Park Luster Aerozaurus Paddle, black"},"content":{"rendered":"<p>Y.S Park's Luster Aerozaurus brush is suitable for all types of powder shaping. Lifting the roots, tensioning the hair, blow-drying straight and bending the ends are all possible with this brush. The density of the barbed lines is higher than other similar paddle brushes. The barbed lines of the brush go in line with the wheel in vertical, horizontal and diagonal directions, which allows for effortless brushing of the hair. The rounded edge improves working comfort. A bristle on the inner side of the brush prevents hair from becoming electrified. Ergonomic handle design for increased comfort. Avoid direct contact with the brush when blow drying. Heat resistance with spikes 220 degrees. Length 240mm. width 75 mm and depth 43 mm.<\/p>","protected":false},"excerpt":{"rendered":"<p>Y.S Parkin Luster Aerozaurus -harja soveltuu kaikenlaiseen hiumuotoiluun. Tyven kohotus, j\u00e4nnityksen saaminen hiukseen, suoraksi f\u00f6\u00f6naus sek\u00e4 latvojen taivutus onnistuvat t\u00e4ll\u00e4&hellip;<\/p>","protected":false},"featured_media":15439,"comment_status":"closed","ping_status":"closed","template":"","meta":{"_relevanssi_hide_post":"","_relevanssi_pin_for_all":"","_relevanssi_pin_keywords":"","_relevanssi_unpin_keywords":"","_relevanssi_related_keywords":"","_relevanssi_related_include_ids":"","_relevanssi_related_exclude_ids":"","_relevanssi_related_no_append":"","_relevanssi_related_not_related":"","_relevanssi_related_posts":"","_relevanssi_noindex_reason":""},"product_cat":[1790,1793],"product_tag":[],"class_list":["post-12794","product","type-product","status-publish","has-post-thumbnail","hentry","product_cat-harjat-ja-kammat","product_cat-foonausharjat","tuotemerkki-y-s-park"],"tuotemerkit":[{"term_id":193,"name":"Y.S.Park","slug":"y-s-park","term_group":0,"term_taxonomy_id":193,"taxonomy":"tuotemerkki","description":"","parent":0,"count":61,"filter":"raw"}],"acf":[],"yoast_head":"<!-- This site is optimized with the Yoast SEO plugin v23.3 - https:\/\/yoast.com\/wordpress\/plugins\/seo\/ -->\n<title>Y.S. Park | Harjat ja kammat | Kinnunen Oy<\/title>\n<meta name=\"robots\" content=\"index, follow, max-snippet:-1, max-image-preview:large, max-video-preview:-1\" \/>\n<link rel=\"canonical\" href=\"https:\/\/kinnunen.fi\/en\/product\/y-s-park-luster-aerozaurus-paddle-black\/\" \/>\n<meta property=\"og:locale\" content=\"en_GB\" \/>\n<meta property=\"og:type\" content=\"article\" \/>\n<meta property=\"og:title\" content=\"Y.S. Park | Harjat ja kammat | Kinnunen Oy\" \/>\n<meta property=\"og:description\" content=\"Y.S Parkin Luster Aerozaurus -harja soveltuu kaikenlaiseen hiumuotoiluun. Tyven kohotus, j\u00e4nnityksen saaminen hiukseen, suoraksi f\u00f6\u00f6naus sek\u00e4 latvojen taivutus onnistuvat t\u00e4ll\u00e4&hellip;\" \/>\n<meta property=\"og:url\" content=\"https:\/\/kinnunen.fi\/en\/product\/y-s-park-luster-aerozaurus-paddle-black\/\" \/>\n<meta property=\"og:site_name\" content=\"Kinnunen\" \/>\n<meta property=\"article:modified_time\" content=\"2026-04-29T01:00:35+00:00\" \/>\n<meta property=\"og:image\" content=\"https:\/\/kinnunen.fi\/wp-content\/uploads\/2021\/10\/YS-AZ34_black.jpg\" \/>\n\t<meta property=\"og:image:width\" content=\"1000\" \/>\n\t<meta property=\"og:image:height\" content=\"1000\" \/>\n\t<meta property=\"og:image:type\" content=\"image\/jpeg\" \/>\n<meta name=\"twitter:card\" content=\"summary_large_image\" \/>\n<script type=\"application\/ld+json\" class=\"yoast-schema-graph\">{\"@context\":\"https:\/\/schema.org\",\"@graph\":[{\"@type\":\"WebPage\",\"@id\":\"https:\/\/kinnunen.fi\/tuote\/y-s-park-luster-aerozaurus-paddle-black\/\",\"url\":\"https:\/\/kinnunen.fi\/tuote\/y-s-park-luster-aerozaurus-paddle-black\/\",\"name\":\"Y.S. Park | Harjat ja kammat | Kinnunen Oy\",\"isPartOf\":{\"@id\":\"https:\/\/kinnunen.fi\/#website\"},\"primaryImageOfPage\":{\"@id\":\"https:\/\/kinnunen.fi\/tuote\/y-s-park-luster-aerozaurus-paddle-black\/#primaryimage\"},\"image\":{\"@id\":\"https:\/\/kinnunen.fi\/tuote\/y-s-park-luster-aerozaurus-paddle-black\/#primaryimage\"},\"thumbnailUrl\":\"https:\/\/kinnunen.fi\/wp-content\/uploads\/2021\/10\/YS-AZ34_black.jpg\",\"datePublished\":\"2021-10-29T11:11:53+00:00\",\"dateModified\":\"2026-04-29T01:00:35+00:00\",\"breadcrumb\":{\"@id\":\"https:\/\/kinnunen.fi\/tuote\/y-s-park-luster-aerozaurus-paddle-black\/#breadcrumb\"},\"inLanguage\":\"en-GB\",\"potentialAction\":[{\"@type\":\"ReadAction\",\"target\":[\"https:\/\/kinnunen.fi\/tuote\/y-s-park-luster-aerozaurus-paddle-black\/\"]}]},{\"@type\":\"ImageObject\",\"inLanguage\":\"en-GB\",\"@id\":\"https:\/\/kinnunen.fi\/tuote\/y-s-park-luster-aerozaurus-paddle-black\/#primaryimage\",\"url\":\"https:\/\/kinnunen.fi\/wp-content\/uploads\/2021\/10\/YS-AZ34_black.jpg\",\"contentUrl\":\"https:\/\/kinnunen.fi\/wp-content\/uploads\/2021\/10\/YS-AZ34_black.jpg\",\"width\":1000,\"height\":1000},{\"@type\":\"BreadcrumbList\",\"@id\":\"https:\/\/kinnunen.fi\/tuote\/y-s-park-luster-aerozaurus-paddle-black\/#breadcrumb\",\"itemListElement\":[{\"@type\":\"ListItem\",\"position\":1,\"name\":\"Etusivu\",\"item\":\"https:\/\/kinnunen.fi\/\"},{\"@type\":\"ListItem\",\"position\":2,\"name\":\"Kaikki tuotteet\",\"item\":\"https:\/\/kinnunen.fi\/kauppa\/\"},{\"@type\":\"ListItem\",\"position\":3,\"name\":\"Tarvikkeet\",\"item\":\"https:\/\/kinnunen.fi\/tuote-osasto\/tarvikkeet\/\"},{\"@type\":\"ListItem\",\"position\":4,\"name\":\"Harjat ja kammat\",\"item\":\"https:\/\/kinnunen.fi\/tuote-osasto\/tarvikkeet\/harjat-ja-kammat\/\"},{\"@type\":\"ListItem\",\"position\":5,\"name\":\"F\u00f6\u00f6nausharjat\",\"item\":\"https:\/\/kinnunen.fi\/tuote-osasto\/tarvikkeet\/harjat-ja-kammat\/foonausharjat\/\"},{\"@type\":\"ListItem\",\"position\":6,\"name\":\"Y.S.Park Luster Aerozaurus Paddle, black\"}]},{\"@type\":\"WebSite\",\"@id\":\"https:\/\/kinnunen.fi\/#website\",\"url\":\"https:\/\/kinnunen.fi\/\",\"name\":\"Kinnunen\",\"description\":\"\",\"potentialAction\":[{\"@type\":\"SearchAction\",\"target\":{\"@type\":\"EntryPoint\",\"urlTemplate\":\"https:\/\/kinnunen.fi\/?s={search_term_string}\"},\"query-input\":\"required name=search_term_string\"}],\"inLanguage\":\"en-GB\"}]}<\/script>\n<!-- \/ Yoast SEO plugin. -->","yoast_head_json":{"title":"Y.S. Park | Harjat ja kammat | Kinnunen Oy","robots":{"index":"index","follow":"follow","max-snippet":"max-snippet:-1","max-image-preview":"max-image-preview:large","max-video-preview":"max-video-preview:-1"},"canonical":"https:\/\/kinnunen.fi\/en\/product\/y-s-park-luster-aerozaurus-paddle-black\/","og_locale":"en_GB","og_type":"article","og_title":"Y.S. Park | Harjat ja kammat | Kinnunen Oy","og_description":"Y.S Parkin Luster Aerozaurus -harja soveltuu kaikenlaiseen hiumuotoiluun. Tyven kohotus, j\u00e4nnityksen saaminen hiukseen, suoraksi f\u00f6\u00f6naus sek\u00e4 latvojen taivutus onnistuvat t\u00e4ll\u00e4&hellip;","og_url":"https:\/\/kinnunen.fi\/en\/product\/y-s-park-luster-aerozaurus-paddle-black\/","og_site_name":"Kinnunen","article_modified_time":"2026-04-29T01:00:35+00:00","og_image":[{"width":1000,"height":1000,"url":"https:\/\/kinnunen.fi\/wp-content\/uploads\/2021\/10\/YS-AZ34_black.jpg","type":"image\/jpeg"}],"twitter_card":"summary_large_image","schema":{"@context":"https:\/\/schema.org","@graph":[{"@type":"WebPage","@id":"https:\/\/kinnunen.fi\/tuote\/y-s-park-luster-aerozaurus-paddle-black\/","url":"https:\/\/kinnunen.fi\/tuote\/y-s-park-luster-aerozaurus-paddle-black\/","name":"Y.S. Park | Harjat ja kammat | Kinnunen Oy","isPartOf":{"@id":"https:\/\/kinnunen.fi\/#website"},"primaryImageOfPage":{"@id":"https:\/\/kinnunen.fi\/tuote\/y-s-park-luster-aerozaurus-paddle-black\/#primaryimage"},"image":{"@id":"https:\/\/kinnunen.fi\/tuote\/y-s-park-luster-aerozaurus-paddle-black\/#primaryimage"},"thumbnailUrl":"https:\/\/kinnunen.fi\/wp-content\/uploads\/2021\/10\/YS-AZ34_black.jpg","datePublished":"2021-10-29T11:11:53+00:00","dateModified":"2026-04-29T01:00:35+00:00","breadcrumb":{"@id":"https:\/\/kinnunen.fi\/tuote\/y-s-park-luster-aerozaurus-paddle-black\/#breadcrumb"},"inLanguage":"en-GB","potentialAction":[{"@type":"ReadAction","target":["https:\/\/kinnunen.fi\/tuote\/y-s-park-luster-aerozaurus-paddle-black\/"]}]},{"@type":"ImageObject","inLanguage":"en-GB","@id":"https:\/\/kinnunen.fi\/tuote\/y-s-park-luster-aerozaurus-paddle-black\/#primaryimage","url":"https:\/\/kinnunen.fi\/wp-content\/uploads\/2021\/10\/YS-AZ34_black.jpg","contentUrl":"https:\/\/kinnunen.fi\/wp-content\/uploads\/2021\/10\/YS-AZ34_black.jpg","width":1000,"height":1000},{"@type":"BreadcrumbList","@id":"https:\/\/kinnunen.fi\/tuote\/y-s-park-luster-aerozaurus-paddle-black\/#breadcrumb","itemListElement":[{"@type":"ListItem","position":1,"name":"Etusivu","item":"https:\/\/kinnunen.fi\/"},{"@type":"ListItem","position":2,"name":"Kaikki tuotteet","item":"https:\/\/kinnunen.fi\/kauppa\/"},{"@type":"ListItem","position":3,"name":"Tarvikkeet","item":"https:\/\/kinnunen.fi\/tuote-osasto\/tarvikkeet\/"},{"@type":"ListItem","position":4,"name":"Harjat ja kammat","item":"https:\/\/kinnunen.fi\/tuote-osasto\/tarvikkeet\/harjat-ja-kammat\/"},{"@type":"ListItem","position":5,"name":"F\u00f6\u00f6nausharjat","item":"https:\/\/kinnunen.fi\/tuote-osasto\/tarvikkeet\/harjat-ja-kammat\/foonausharjat\/"},{"@type":"ListItem","position":6,"name":"Y.S.Park Luster Aerozaurus Paddle, black"}]},{"@type":"WebSite","@id":"https:\/\/kinnunen.fi\/#website","url":"https:\/\/kinnunen.fi\/","name":"Kinnunen","description":"","potentialAction":[{"@type":"SearchAction","target":{"@type":"EntryPoint","urlTemplate":"https:\/\/kinnunen.fi\/?s={search_term_string}"},"query-input":"required name=search_term_string"}],"inLanguage":"en-GB"}]}},"_links":{"self":[{"href":"https:\/\/kinnunen.fi\/en\/wp-json\/wp\/v2\/product\/12794"}],"collection":[{"href":"https:\/\/kinnunen.fi\/en\/wp-json\/wp\/v2\/product"}],"about":[{"href":"https:\/\/kinnunen.fi\/en\/wp-json\/wp\/v2\/types\/product"}],"replies":[{"embeddable":true,"href":"https:\/\/kinnunen.fi\/en\/wp-json\/wp\/v2\/comments?post=12794"}],"wp:featuredmedia":[{"embeddable":true,"href":"https:\/\/kinnunen.fi\/en\/wp-json\/wp\/v2\/media\/15439"}],"wp:attachment":[{"href":"https:\/\/kinnunen.fi\/en\/wp-json\/wp\/v2\/media?parent=12794"}],"wp:term":[{"taxonomy":"product_cat","embeddable":true,"href":"https:\/\/kinnunen.fi\/en\/wp-json\/wp\/v2\/product_cat?post=12794"},{"taxonomy":"product_tag","embeddable":true,"href":"https:\/\/kinnunen.fi\/en\/wp-json\/wp\/v2\/product_tag?post=12794"}],"curies":[{"name":"wp","href":"https:\/\/api.w.org\/{rel}","templated":true}]}}