

{"id":13009,"date":"2021-11-04T09:37:37","date_gmt":"2021-11-04T07:37:37","guid":{"rendered":"https:\/\/kinnunen.fi-r.seravo.com\/tuote\/simply-natural-mago-pidennyskoulutus\/"},"modified":"2026-04-17T09:09:50","modified_gmt":"2026-04-17T06:09:50","slug":"simply-natural-mago-pidennyskoulutus","status":"publish","type":"product","link":"https:\/\/kinnunen.fi\/en\/product\/simply-natural-mago-pidennyskoulutus\/","title":{"rendered":"Simply Natural Mago extension training"},"content":{"rendered":"<p>Simply Natural Mago extension technology has been developed since 2004.<\/p>\n<p>The factory wanted to develop the most natural way possible to add hair to the customer's own hair. Incredibly, but true, there is no need for any tools to attach the hair extensions; glue, tape or even electricity.<br \/>\nAfter five years of product development and three years of testing, Mago hair was born, achieving better customer satisfaction than any other extension technology. Mago is a quick and simple attachment technique that does not damage the customer's hair. The extensions do not cause allergic reactions and are very easy to remove.<\/p>\n<p>Join the pioneers and train to become a Simply Natural Mago extensionist. Those who complete the training will receive a certificate and a purchase card.<\/p>\n<p>The morning theory session will cover the correct attachment technique, removal, care and maintenance of Simply Natural Mago hair. In the afternoon workshop, a package blow-dry will be performed on model 1. You will need your own model for the training. Hair will be charged separately according to the wholesale price list. The model must be present from 13:00 onwards.<\/p>\n<p>Please bring your own tools, such as scissors, brushes, combs and clips.<\/p>\n<p>Schedule: 9:00 - 17:00<\/p>\n<p>(9:00 - 12:30 theory, 12:30 - 13:00 break, 13:00 - 17:00 workshop and summary)<\/p>\n<p>Price: 199,00 \u20ac + VAT. Includes lunch, the basic part of the training book, the technique guide and the exercises.<\/p>\n<p><span>Training courses are held in our stores, unless otherwise stated<\/span><\/p>\n<p>&nbsp;<\/p>","protected":false},"excerpt":{"rendered":"<p>Simply Natural Mago -pidennystekniikkaa on kehitetty vuodesta 2004 l\u00e4htien. Tehtaalla haluttiin kehitt\u00e4\u00e4 luonnollisin mahdollinen tapa lis\u00e4t\u00e4 hiusta asiakkaan omiin hiuksiin.&hellip;<\/p>","protected":false},"featured_media":12812,"comment_status":"closed","ping_status":"closed","template":"","meta":{"_relevanssi_hide_post":"","_relevanssi_pin_for_all":"","_relevanssi_pin_keywords":"","_relevanssi_unpin_keywords":"","_relevanssi_related_keywords":"","_relevanssi_related_include_ids":"","_relevanssi_related_exclude_ids":"","_relevanssi_related_no_append":"","_relevanssi_related_not_related":"","_relevanssi_related_posts":"","_relevanssi_noindex_reason":""},"product_cat":[1992],"product_tag":[],"class_list":["post-13009","product","type-product","status-publish","has-post-thumbnail","hentry","product_cat-koulutukset"],"tuotemerkit":[],"acf":[],"yoast_head":"<!-- This site is optimized with the Yoast SEO plugin v23.3 - https:\/\/yoast.com\/wordpress\/plugins\/seo\/ -->\n<title>Simply Natural Mago | Pidennyskoulutus | Kinnunen Oy<\/title>\n<meta name=\"robots\" content=\"index, follow, max-snippet:-1, max-image-preview:large, max-video-preview:-1\" \/>\n<link rel=\"canonical\" href=\"https:\/\/kinnunen.fi\/en\/product\/simply-natural-mago-pidennyskoulutus\/\" \/>\n<meta property=\"og:locale\" content=\"en_GB\" \/>\n<meta property=\"og:type\" content=\"article\" \/>\n<meta property=\"og:title\" content=\"Simply Natural Mago | Pidennyskoulutus | Kinnunen Oy\" \/>\n<meta property=\"og:description\" content=\"Simply Natural Mago -pidennystekniikkaa on kehitetty vuodesta 2004 l\u00e4htien. Tehtaalla haluttiin kehitt\u00e4\u00e4 luonnollisin mahdollinen tapa lis\u00e4t\u00e4 hiusta asiakkaan omiin hiuksiin.&hellip;\" \/>\n<meta property=\"og:url\" content=\"https:\/\/kinnunen.fi\/en\/product\/simply-natural-mago-pidennyskoulutus\/\" \/>\n<meta property=\"og:site_name\" content=\"Kinnunen\" \/>\n<meta property=\"article:modified_time\" content=\"2026-04-17T06:09:50+00:00\" \/>\n<meta property=\"og:image\" content=\"https:\/\/kinnunen.fi\/wp-content\/uploads\/2021\/10\/SN_Mago.jpg\" \/>\n\t<meta property=\"og:image:width\" content=\"800\" \/>\n\t<meta property=\"og:image:height\" content=\"960\" \/>\n\t<meta property=\"og:image:type\" content=\"image\/jpeg\" \/>\n<meta name=\"twitter:card\" content=\"summary_large_image\" \/>\n<meta name=\"twitter:label1\" content=\"Estimated reading time\" \/>\n\t<meta name=\"twitter:data1\" content=\"1 minute\" \/>\n<script type=\"application\/ld+json\" class=\"yoast-schema-graph\">{\"@context\":\"https:\/\/schema.org\",\"@graph\":[{\"@type\":\"WebPage\",\"@id\":\"https:\/\/kinnunen.fi\/tuote\/simply-natural-mago-pidennyskoulutus\/\",\"url\":\"https:\/\/kinnunen.fi\/tuote\/simply-natural-mago-pidennyskoulutus\/\",\"name\":\"Simply Natural Mago | Pidennyskoulutus | Kinnunen Oy\",\"isPartOf\":{\"@id\":\"https:\/\/kinnunen.fi\/#website\"},\"primaryImageOfPage\":{\"@id\":\"https:\/\/kinnunen.fi\/tuote\/simply-natural-mago-pidennyskoulutus\/#primaryimage\"},\"image\":{\"@id\":\"https:\/\/kinnunen.fi\/tuote\/simply-natural-mago-pidennyskoulutus\/#primaryimage\"},\"thumbnailUrl\":\"https:\/\/kinnunen.fi\/wp-content\/uploads\/2021\/10\/SN_Mago.jpg\",\"datePublished\":\"2021-11-04T07:37:37+00:00\",\"dateModified\":\"2026-04-17T06:09:50+00:00\",\"breadcrumb\":{\"@id\":\"https:\/\/kinnunen.fi\/tuote\/simply-natural-mago-pidennyskoulutus\/#breadcrumb\"},\"inLanguage\":\"en-GB\",\"potentialAction\":[{\"@type\":\"ReadAction\",\"target\":[\"https:\/\/kinnunen.fi\/tuote\/simply-natural-mago-pidennyskoulutus\/\"]}]},{\"@type\":\"ImageObject\",\"inLanguage\":\"en-GB\",\"@id\":\"https:\/\/kinnunen.fi\/tuote\/simply-natural-mago-pidennyskoulutus\/#primaryimage\",\"url\":\"https:\/\/kinnunen.fi\/wp-content\/uploads\/2021\/10\/SN_Mago.jpg\",\"contentUrl\":\"https:\/\/kinnunen.fi\/wp-content\/uploads\/2021\/10\/SN_Mago.jpg\",\"width\":800,\"height\":960},{\"@type\":\"BreadcrumbList\",\"@id\":\"https:\/\/kinnunen.fi\/tuote\/simply-natural-mago-pidennyskoulutus\/#breadcrumb\",\"itemListElement\":[{\"@type\":\"ListItem\",\"position\":1,\"name\":\"Etusivu\",\"item\":\"https:\/\/kinnunen.fi\/\"},{\"@type\":\"ListItem\",\"position\":2,\"name\":\"Kaikki tuotteet\",\"item\":\"https:\/\/kinnunen.fi\/kauppa\/\"},{\"@type\":\"ListItem\",\"position\":3,\"name\":\"Koulutukset\",\"item\":\"https:\/\/kinnunen.fi\/tuote-osasto\/koulutukset\/\"},{\"@type\":\"ListItem\",\"position\":4,\"name\":\"Simply Natural Mago-pidennyskoulutus\"}]},{\"@type\":\"WebSite\",\"@id\":\"https:\/\/kinnunen.fi\/#website\",\"url\":\"https:\/\/kinnunen.fi\/\",\"name\":\"Kinnunen\",\"description\":\"\",\"potentialAction\":[{\"@type\":\"SearchAction\",\"target\":{\"@type\":\"EntryPoint\",\"urlTemplate\":\"https:\/\/kinnunen.fi\/?s={search_term_string}\"},\"query-input\":\"required name=search_term_string\"}],\"inLanguage\":\"en-GB\"}]}<\/script>\n<!-- \/ Yoast SEO plugin. -->","yoast_head_json":{"title":"Simply Natural Mago | Pidennyskoulutus | Kinnunen Oy","robots":{"index":"index","follow":"follow","max-snippet":"max-snippet:-1","max-image-preview":"max-image-preview:large","max-video-preview":"max-video-preview:-1"},"canonical":"https:\/\/kinnunen.fi\/en\/product\/simply-natural-mago-pidennyskoulutus\/","og_locale":"en_GB","og_type":"article","og_title":"Simply Natural Mago | Pidennyskoulutus | Kinnunen Oy","og_description":"Simply Natural Mago -pidennystekniikkaa on kehitetty vuodesta 2004 l\u00e4htien. Tehtaalla haluttiin kehitt\u00e4\u00e4 luonnollisin mahdollinen tapa lis\u00e4t\u00e4 hiusta asiakkaan omiin hiuksiin.&hellip;","og_url":"https:\/\/kinnunen.fi\/en\/product\/simply-natural-mago-pidennyskoulutus\/","og_site_name":"Kinnunen","article_modified_time":"2026-04-17T06:09:50+00:00","og_image":[{"width":800,"height":960,"url":"https:\/\/kinnunen.fi\/wp-content\/uploads\/2021\/10\/SN_Mago.jpg","type":"image\/jpeg"}],"twitter_card":"summary_large_image","twitter_misc":{"Estimated reading time":"1 minute"},"schema":{"@context":"https:\/\/schema.org","@graph":[{"@type":"WebPage","@id":"https:\/\/kinnunen.fi\/tuote\/simply-natural-mago-pidennyskoulutus\/","url":"https:\/\/kinnunen.fi\/tuote\/simply-natural-mago-pidennyskoulutus\/","name":"Simply Natural Mago | Pidennyskoulutus | Kinnunen Oy","isPartOf":{"@id":"https:\/\/kinnunen.fi\/#website"},"primaryImageOfPage":{"@id":"https:\/\/kinnunen.fi\/tuote\/simply-natural-mago-pidennyskoulutus\/#primaryimage"},"image":{"@id":"https:\/\/kinnunen.fi\/tuote\/simply-natural-mago-pidennyskoulutus\/#primaryimage"},"thumbnailUrl":"https:\/\/kinnunen.fi\/wp-content\/uploads\/2021\/10\/SN_Mago.jpg","datePublished":"2021-11-04T07:37:37+00:00","dateModified":"2026-04-17T06:09:50+00:00","breadcrumb":{"@id":"https:\/\/kinnunen.fi\/tuote\/simply-natural-mago-pidennyskoulutus\/#breadcrumb"},"inLanguage":"en-GB","potentialAction":[{"@type":"ReadAction","target":["https:\/\/kinnunen.fi\/tuote\/simply-natural-mago-pidennyskoulutus\/"]}]},{"@type":"ImageObject","inLanguage":"en-GB","@id":"https:\/\/kinnunen.fi\/tuote\/simply-natural-mago-pidennyskoulutus\/#primaryimage","url":"https:\/\/kinnunen.fi\/wp-content\/uploads\/2021\/10\/SN_Mago.jpg","contentUrl":"https:\/\/kinnunen.fi\/wp-content\/uploads\/2021\/10\/SN_Mago.jpg","width":800,"height":960},{"@type":"BreadcrumbList","@id":"https:\/\/kinnunen.fi\/tuote\/simply-natural-mago-pidennyskoulutus\/#breadcrumb","itemListElement":[{"@type":"ListItem","position":1,"name":"Etusivu","item":"https:\/\/kinnunen.fi\/"},{"@type":"ListItem","position":2,"name":"Kaikki tuotteet","item":"https:\/\/kinnunen.fi\/kauppa\/"},{"@type":"ListItem","position":3,"name":"Koulutukset","item":"https:\/\/kinnunen.fi\/tuote-osasto\/koulutukset\/"},{"@type":"ListItem","position":4,"name":"Simply Natural Mago-pidennyskoulutus"}]},{"@type":"WebSite","@id":"https:\/\/kinnunen.fi\/#website","url":"https:\/\/kinnunen.fi\/","name":"Kinnunen","description":"","potentialAction":[{"@type":"SearchAction","target":{"@type":"EntryPoint","urlTemplate":"https:\/\/kinnunen.fi\/?s={search_term_string}"},"query-input":"required name=search_term_string"}],"inLanguage":"en-GB"}]}},"_links":{"self":[{"href":"https:\/\/kinnunen.fi\/en\/wp-json\/wp\/v2\/product\/13009"}],"collection":[{"href":"https:\/\/kinnunen.fi\/en\/wp-json\/wp\/v2\/product"}],"about":[{"href":"https:\/\/kinnunen.fi\/en\/wp-json\/wp\/v2\/types\/product"}],"replies":[{"embeddable":true,"href":"https:\/\/kinnunen.fi\/en\/wp-json\/wp\/v2\/comments?post=13009"}],"wp:featuredmedia":[{"embeddable":true,"href":"https:\/\/kinnunen.fi\/en\/wp-json\/wp\/v2\/media\/12812"}],"wp:attachment":[{"href":"https:\/\/kinnunen.fi\/en\/wp-json\/wp\/v2\/media?parent=13009"}],"wp:term":[{"taxonomy":"product_cat","embeddable":true,"href":"https:\/\/kinnunen.fi\/en\/wp-json\/wp\/v2\/product_cat?post=13009"},{"taxonomy":"product_tag","embeddable":true,"href":"https:\/\/kinnunen.fi\/en\/wp-json\/wp\/v2\/product_tag?post=13009"}],"curies":[{"name":"wp","href":"https:\/\/api.w.org\/{rel}","templated":true}]}}