

{"id":13039,"date":"2021-11-04T09:37:50","date_gmt":"2021-11-04T07:37:50","guid":{"rendered":"https:\/\/kinnunen.fi-r.seravo.com\/tuote\/instagram-with-simply-natural\/"},"modified":"2024-05-29T17:18:13","modified_gmt":"2024-05-29T14:18:13","slug":"instagram-with-simply-natural","status":"publish","type":"product","link":"https:\/\/kinnunen.fi\/en\/product\/instagram-with-simply-natural\/","title":{"rendered":"Instagram with Simply Natural"},"content":{"rendered":"<p>Are you wondering how to start using your business Instagram account and what kind of content to post?<br \/>\nIf you answered yes, then Instagram with Simply Natural is the training morning for you.<\/p>\n<p>Instagram is a content-sharing service and social network that already has one billion active users around the world. During the morning, our lead instructor Miia-Maria Lev\u00e4lampi will teach you the basics of using Instagram, what kind of content is worth posting, what kind of captions to write and why hashtags are important. The training will help you to use Instagram as a tool in your profession and grow your customer base.<\/p>\n<p>Schedule: 9:00 - 11:00<br \/>\nPrice: 25,00 \u20ac + VAT.<\/p>","protected":false},"excerpt":{"rendered":"<p>Pohditko, miten aloittaa yrityksesi Instagram-tilin k\u00e4ytt\u00f6 ja millaista sis\u00e4lt\u00f6\u00e4 sinne kannattaisi julkaista? Jos vastasit kyll\u00e4, on Instagram with Simply Natural&hellip;<\/p>","protected":false},"featured_media":12808,"comment_status":"closed","ping_status":"closed","template":"","meta":{"_relevanssi_hide_post":"","_relevanssi_pin_for_all":"","_relevanssi_pin_keywords":"","_relevanssi_unpin_keywords":"","_relevanssi_related_keywords":"","_relevanssi_related_include_ids":"","_relevanssi_related_exclude_ids":"","_relevanssi_related_no_append":"","_relevanssi_related_not_related":"","_relevanssi_related_posts":"","_relevanssi_noindex_reason":""},"product_cat":[1992],"product_tag":[],"class_list":["post-13039","product","type-product","status-publish","has-post-thumbnail","hentry","product_cat-koulutukset"],"tuotemerkit":[],"acf":[],"yoast_head":"<!-- This site is optimized with the Yoast SEO plugin v23.3 - https:\/\/yoast.com\/wordpress\/plugins\/seo\/ -->\n<title>Simply Natural | Instagram with Simply Natural | Kinnunen Oy<\/title>\n<meta name=\"robots\" content=\"index, follow, max-snippet:-1, max-image-preview:large, max-video-preview:-1\" \/>\n<link rel=\"canonical\" href=\"https:\/\/kinnunen.fi\/en\/product\/instagram-with-simply-natural\/\" \/>\n<meta property=\"og:locale\" content=\"en_GB\" \/>\n<meta property=\"og:type\" content=\"article\" \/>\n<meta property=\"og:title\" content=\"Simply Natural | Instagram with Simply Natural | Kinnunen Oy\" \/>\n<meta property=\"og:description\" content=\"Pohditko, miten aloittaa yrityksesi Instagram-tilin k\u00e4ytt\u00f6 ja millaista sis\u00e4lt\u00f6\u00e4 sinne kannattaisi julkaista? Jos vastasit kyll\u00e4, on Instagram with Simply Natural&hellip;\" \/>\n<meta property=\"og:url\" content=\"https:\/\/kinnunen.fi\/en\/product\/instagram-with-simply-natural\/\" \/>\n<meta property=\"og:site_name\" content=\"Kinnunen\" \/>\n<meta property=\"article:modified_time\" content=\"2024-05-29T14:18:13+00:00\" \/>\n<meta property=\"og:image\" content=\"https:\/\/kinnunen.fi\/wp-content\/uploads\/2021\/10\/IWSN.jpg\" \/>\n\t<meta property=\"og:image:width\" content=\"800\" \/>\n\t<meta property=\"og:image:height\" content=\"960\" \/>\n\t<meta property=\"og:image:type\" content=\"image\/jpeg\" \/>\n<meta name=\"twitter:card\" content=\"summary_large_image\" \/>\n<script type=\"application\/ld+json\" class=\"yoast-schema-graph\">{\"@context\":\"https:\/\/schema.org\",\"@graph\":[{\"@type\":\"WebPage\",\"@id\":\"https:\/\/kinnunen.fi\/tuote\/instagram-with-simply-natural\/\",\"url\":\"https:\/\/kinnunen.fi\/tuote\/instagram-with-simply-natural\/\",\"name\":\"Simply Natural | Instagram with Simply Natural | Kinnunen Oy\",\"isPartOf\":{\"@id\":\"https:\/\/kinnunen.fi\/#website\"},\"primaryImageOfPage\":{\"@id\":\"https:\/\/kinnunen.fi\/tuote\/instagram-with-simply-natural\/#primaryimage\"},\"image\":{\"@id\":\"https:\/\/kinnunen.fi\/tuote\/instagram-with-simply-natural\/#primaryimage\"},\"thumbnailUrl\":\"https:\/\/kinnunen.fi\/wp-content\/uploads\/2021\/10\/IWSN.jpg\",\"datePublished\":\"2021-11-04T07:37:50+00:00\",\"dateModified\":\"2024-05-29T14:18:13+00:00\",\"breadcrumb\":{\"@id\":\"https:\/\/kinnunen.fi\/tuote\/instagram-with-simply-natural\/#breadcrumb\"},\"inLanguage\":\"en-GB\",\"potentialAction\":[{\"@type\":\"ReadAction\",\"target\":[\"https:\/\/kinnunen.fi\/tuote\/instagram-with-simply-natural\/\"]}]},{\"@type\":\"ImageObject\",\"inLanguage\":\"en-GB\",\"@id\":\"https:\/\/kinnunen.fi\/tuote\/instagram-with-simply-natural\/#primaryimage\",\"url\":\"https:\/\/kinnunen.fi\/wp-content\/uploads\/2021\/10\/IWSN.jpg\",\"contentUrl\":\"https:\/\/kinnunen.fi\/wp-content\/uploads\/2021\/10\/IWSN.jpg\",\"width\":800,\"height\":960},{\"@type\":\"BreadcrumbList\",\"@id\":\"https:\/\/kinnunen.fi\/tuote\/instagram-with-simply-natural\/#breadcrumb\",\"itemListElement\":[{\"@type\":\"ListItem\",\"position\":1,\"name\":\"Etusivu\",\"item\":\"https:\/\/kinnunen.fi\/\"},{\"@type\":\"ListItem\",\"position\":2,\"name\":\"Kaikki tuotteet\",\"item\":\"https:\/\/kinnunen.fi\/kauppa\/\"},{\"@type\":\"ListItem\",\"position\":3,\"name\":\"Koulutukset\",\"item\":\"https:\/\/kinnunen.fi\/tuote-osasto\/koulutukset\/\"},{\"@type\":\"ListItem\",\"position\":4,\"name\":\"Instagram with Simply Natural\"}]},{\"@type\":\"WebSite\",\"@id\":\"https:\/\/kinnunen.fi\/#website\",\"url\":\"https:\/\/kinnunen.fi\/\",\"name\":\"Kinnunen\",\"description\":\"\",\"potentialAction\":[{\"@type\":\"SearchAction\",\"target\":{\"@type\":\"EntryPoint\",\"urlTemplate\":\"https:\/\/kinnunen.fi\/?s={search_term_string}\"},\"query-input\":\"required name=search_term_string\"}],\"inLanguage\":\"en-GB\"}]}<\/script>\n<!-- \/ Yoast SEO plugin. -->","yoast_head_json":{"title":"Simply Natural | Instagram with Simply Natural | Kinnunen Oy","robots":{"index":"index","follow":"follow","max-snippet":"max-snippet:-1","max-image-preview":"max-image-preview:large","max-video-preview":"max-video-preview:-1"},"canonical":"https:\/\/kinnunen.fi\/en\/product\/instagram-with-simply-natural\/","og_locale":"en_GB","og_type":"article","og_title":"Simply Natural | Instagram with Simply Natural | Kinnunen Oy","og_description":"Pohditko, miten aloittaa yrityksesi Instagram-tilin k\u00e4ytt\u00f6 ja millaista sis\u00e4lt\u00f6\u00e4 sinne kannattaisi julkaista? Jos vastasit kyll\u00e4, on Instagram with Simply Natural&hellip;","og_url":"https:\/\/kinnunen.fi\/en\/product\/instagram-with-simply-natural\/","og_site_name":"Kinnunen","article_modified_time":"2024-05-29T14:18:13+00:00","og_image":[{"width":800,"height":960,"url":"https:\/\/kinnunen.fi\/wp-content\/uploads\/2021\/10\/IWSN.jpg","type":"image\/jpeg"}],"twitter_card":"summary_large_image","schema":{"@context":"https:\/\/schema.org","@graph":[{"@type":"WebPage","@id":"https:\/\/kinnunen.fi\/tuote\/instagram-with-simply-natural\/","url":"https:\/\/kinnunen.fi\/tuote\/instagram-with-simply-natural\/","name":"Simply Natural | Instagram with Simply Natural | Kinnunen Oy","isPartOf":{"@id":"https:\/\/kinnunen.fi\/#website"},"primaryImageOfPage":{"@id":"https:\/\/kinnunen.fi\/tuote\/instagram-with-simply-natural\/#primaryimage"},"image":{"@id":"https:\/\/kinnunen.fi\/tuote\/instagram-with-simply-natural\/#primaryimage"},"thumbnailUrl":"https:\/\/kinnunen.fi\/wp-content\/uploads\/2021\/10\/IWSN.jpg","datePublished":"2021-11-04T07:37:50+00:00","dateModified":"2024-05-29T14:18:13+00:00","breadcrumb":{"@id":"https:\/\/kinnunen.fi\/tuote\/instagram-with-simply-natural\/#breadcrumb"},"inLanguage":"en-GB","potentialAction":[{"@type":"ReadAction","target":["https:\/\/kinnunen.fi\/tuote\/instagram-with-simply-natural\/"]}]},{"@type":"ImageObject","inLanguage":"en-GB","@id":"https:\/\/kinnunen.fi\/tuote\/instagram-with-simply-natural\/#primaryimage","url":"https:\/\/kinnunen.fi\/wp-content\/uploads\/2021\/10\/IWSN.jpg","contentUrl":"https:\/\/kinnunen.fi\/wp-content\/uploads\/2021\/10\/IWSN.jpg","width":800,"height":960},{"@type":"BreadcrumbList","@id":"https:\/\/kinnunen.fi\/tuote\/instagram-with-simply-natural\/#breadcrumb","itemListElement":[{"@type":"ListItem","position":1,"name":"Etusivu","item":"https:\/\/kinnunen.fi\/"},{"@type":"ListItem","position":2,"name":"Kaikki tuotteet","item":"https:\/\/kinnunen.fi\/kauppa\/"},{"@type":"ListItem","position":3,"name":"Koulutukset","item":"https:\/\/kinnunen.fi\/tuote-osasto\/koulutukset\/"},{"@type":"ListItem","position":4,"name":"Instagram with Simply Natural"}]},{"@type":"WebSite","@id":"https:\/\/kinnunen.fi\/#website","url":"https:\/\/kinnunen.fi\/","name":"Kinnunen","description":"","potentialAction":[{"@type":"SearchAction","target":{"@type":"EntryPoint","urlTemplate":"https:\/\/kinnunen.fi\/?s={search_term_string}"},"query-input":"required name=search_term_string"}],"inLanguage":"en-GB"}]}},"_links":{"self":[{"href":"https:\/\/kinnunen.fi\/en\/wp-json\/wp\/v2\/product\/13039"}],"collection":[{"href":"https:\/\/kinnunen.fi\/en\/wp-json\/wp\/v2\/product"}],"about":[{"href":"https:\/\/kinnunen.fi\/en\/wp-json\/wp\/v2\/types\/product"}],"replies":[{"embeddable":true,"href":"https:\/\/kinnunen.fi\/en\/wp-json\/wp\/v2\/comments?post=13039"}],"wp:featuredmedia":[{"embeddable":true,"href":"https:\/\/kinnunen.fi\/en\/wp-json\/wp\/v2\/media\/12808"}],"wp:attachment":[{"href":"https:\/\/kinnunen.fi\/en\/wp-json\/wp\/v2\/media?parent=13039"}],"wp:term":[{"taxonomy":"product_cat","embeddable":true,"href":"https:\/\/kinnunen.fi\/en\/wp-json\/wp\/v2\/product_cat?post=13039"},{"taxonomy":"product_tag","embeddable":true,"href":"https:\/\/kinnunen.fi\/en\/wp-json\/wp\/v2\/product_tag?post=13039"}],"curies":[{"name":"wp","href":"https:\/\/api.w.org\/{rel}","templated":true}]}}