

{"id":15814,"date":"2021-12-17T16:33:58","date_gmt":"2021-12-17T14:33:58","guid":{"rendered":"https:\/\/kinnunen.fi\/?post_type=product&#038;p=15814"},"modified":"2026-04-30T04:00:39","modified_gmt":"2026-04-30T01:00:39","slug":"nitriilihanska-musta","status":"publish","type":"product","link":"https:\/\/kinnunen.fi\/en\/product\/nitriilihanska-musta\/","title":{"rendered":"Nitrile glove, black"},"content":{"rendered":"<p>Nitrile gloves are thin, like a second skin. They are highly resistant to various chemicals used in hairdressing salons. The gloves are powder-free, so they don't dry out your hands.<br \/>\nPackage size: 100pcs<\/p>","protected":false},"excerpt":{"rendered":"<p>Nitriilihanskat ovat ohuet, kuin toinen iho. Kest\u00e4v\u00e4t hyvin erilaisia kampaamoissa k\u00e4ytetett\u00e4vi\u00e4 kemikaaleja. Hanskat ovat puuterittomia, joten ne eiv\u00e4t kuivata k\u00e4si\u00e4.&hellip;<\/p>","protected":false},"featured_media":15815,"comment_status":"closed","ping_status":"closed","template":"","meta":{"_relevanssi_hide_post":"","_relevanssi_pin_for_all":"","_relevanssi_pin_keywords":"","_relevanssi_unpin_keywords":"","_relevanssi_related_keywords":"","_relevanssi_related_include_ids":"","_relevanssi_related_exclude_ids":"","_relevanssi_related_no_append":"","_relevanssi_related_not_related":"","_relevanssi_related_posts":"","_relevanssi_noindex_reason":""},"product_cat":[1762,1806,1938,1832,2283,2289],"product_tag":[],"class_list":["post-15814","product","type-product","status-publish","has-post-thumbnail","hentry","product_cat-tarvikkeet","product_cat-varjaystarvikkeet","product_cat-hanskat","product_cat-desinfiointi-ja-puhtaanapito","product_cat-kauneudenhoito","product_cat-kertakayttotarvikkeet","pa_koko-l","pa_koko-m","pa_koko-s","pa_koko-xs"],"tuotemerkit":[],"acf":[],"yoast_head":"<!-- This site is optimized with the Yoast SEO plugin v23.3 - https:\/\/yoast.com\/wordpress\/plugins\/seo\/ -->\n<title>Nitriilihanska, musta - Kinnunen<\/title>\n<meta name=\"robots\" content=\"index, follow, max-snippet:-1, max-image-preview:large, max-video-preview:-1\" \/>\n<link rel=\"canonical\" href=\"https:\/\/kinnunen.fi\/en\/product\/nitriilihanska-musta\/\" \/>\n<meta property=\"og:locale\" content=\"en_GB\" \/>\n<meta property=\"og:type\" content=\"article\" \/>\n<meta property=\"og:title\" content=\"Nitriilihanska, musta - Kinnunen\" \/>\n<meta property=\"og:description\" content=\"Nitriilihanskat ovat ohuet, kuin toinen iho. Kest\u00e4v\u00e4t hyvin erilaisia kampaamoissa k\u00e4ytetett\u00e4vi\u00e4 kemikaaleja. Hanskat ovat puuterittomia, joten ne eiv\u00e4t kuivata k\u00e4si\u00e4.&hellip;\" \/>\n<meta property=\"og:url\" content=\"https:\/\/kinnunen.fi\/en\/product\/nitriilihanska-musta\/\" \/>\n<meta property=\"og:site_name\" content=\"Kinnunen\" \/>\n<meta property=\"article:modified_time\" content=\"2026-04-30T01:00:39+00:00\" \/>\n<meta property=\"og:image\" content=\"https:\/\/kinnunen.fi\/wp-content\/uploads\/2021\/12\/Nitriili_musta.jpg\" \/>\n\t<meta property=\"og:image:width\" content=\"600\" \/>\n\t<meta property=\"og:image:height\" content=\"600\" \/>\n\t<meta property=\"og:image:type\" content=\"image\/jpeg\" \/>\n<meta name=\"twitter:card\" content=\"summary_large_image\" \/>\n<meta name=\"twitter:label1\" content=\"Estimated reading time\" \/>\n\t<meta name=\"twitter:data1\" content=\"1 minute\" \/>\n<script type=\"application\/ld+json\" class=\"yoast-schema-graph\">{\"@context\":\"https:\/\/schema.org\",\"@graph\":[{\"@type\":\"WebPage\",\"@id\":\"https:\/\/kinnunen.fi\/tuote\/nitriilihanska-musta\/\",\"url\":\"https:\/\/kinnunen.fi\/tuote\/nitriilihanska-musta\/\",\"name\":\"Nitriilihanska, musta - Kinnunen\",\"isPartOf\":{\"@id\":\"https:\/\/kinnunen.fi\/#website\"},\"primaryImageOfPage\":{\"@id\":\"https:\/\/kinnunen.fi\/tuote\/nitriilihanska-musta\/#primaryimage\"},\"image\":{\"@id\":\"https:\/\/kinnunen.fi\/tuote\/nitriilihanska-musta\/#primaryimage\"},\"thumbnailUrl\":\"https:\/\/kinnunen.fi\/wp-content\/uploads\/2021\/12\/Nitriili_musta.jpg\",\"datePublished\":\"2021-12-17T14:33:58+00:00\",\"dateModified\":\"2026-04-30T01:00:39+00:00\",\"breadcrumb\":{\"@id\":\"https:\/\/kinnunen.fi\/tuote\/nitriilihanska-musta\/#breadcrumb\"},\"inLanguage\":\"en-GB\",\"potentialAction\":[{\"@type\":\"ReadAction\",\"target\":[\"https:\/\/kinnunen.fi\/tuote\/nitriilihanska-musta\/\"]}]},{\"@type\":\"ImageObject\",\"inLanguage\":\"en-GB\",\"@id\":\"https:\/\/kinnunen.fi\/tuote\/nitriilihanska-musta\/#primaryimage\",\"url\":\"https:\/\/kinnunen.fi\/wp-content\/uploads\/2021\/12\/Nitriili_musta.jpg\",\"contentUrl\":\"https:\/\/kinnunen.fi\/wp-content\/uploads\/2021\/12\/Nitriili_musta.jpg\",\"width\":600,\"height\":600},{\"@type\":\"BreadcrumbList\",\"@id\":\"https:\/\/kinnunen.fi\/tuote\/nitriilihanska-musta\/#breadcrumb\",\"itemListElement\":[{\"@type\":\"ListItem\",\"position\":1,\"name\":\"Etusivu\",\"item\":\"https:\/\/kinnunen.fi\/\"},{\"@type\":\"ListItem\",\"position\":2,\"name\":\"Kaikki tuotteet\",\"item\":\"https:\/\/kinnunen.fi\/kauppa\/\"},{\"@type\":\"ListItem\",\"position\":3,\"name\":\"Tarvikkeet\",\"item\":\"https:\/\/kinnunen.fi\/tuote-osasto\/tarvikkeet\/\"},{\"@type\":\"ListItem\",\"position\":4,\"name\":\"V\u00e4rj\u00e4ystarvikkeet\",\"item\":\"https:\/\/kinnunen.fi\/tuote-osasto\/tarvikkeet\/varjaystarvikkeet\/\"},{\"@type\":\"ListItem\",\"position\":5,\"name\":\"Hanskat\",\"item\":\"https:\/\/kinnunen.fi\/tuote-osasto\/tarvikkeet\/varjaystarvikkeet\/hanskat\/\"},{\"@type\":\"ListItem\",\"position\":6,\"name\":\"Nitriilihanska, musta\"}]},{\"@type\":\"WebSite\",\"@id\":\"https:\/\/kinnunen.fi\/#website\",\"url\":\"https:\/\/kinnunen.fi\/\",\"name\":\"Kinnunen\",\"description\":\"\",\"potentialAction\":[{\"@type\":\"SearchAction\",\"target\":{\"@type\":\"EntryPoint\",\"urlTemplate\":\"https:\/\/kinnunen.fi\/?s={search_term_string}\"},\"query-input\":\"required name=search_term_string\"}],\"inLanguage\":\"en-GB\"}]}<\/script>\n<!-- \/ Yoast SEO plugin. -->","yoast_head_json":{"title":"Nitriilihanska, musta - Kinnunen","robots":{"index":"index","follow":"follow","max-snippet":"max-snippet:-1","max-image-preview":"max-image-preview:large","max-video-preview":"max-video-preview:-1"},"canonical":"https:\/\/kinnunen.fi\/en\/product\/nitriilihanska-musta\/","og_locale":"en_GB","og_type":"article","og_title":"Nitriilihanska, musta - Kinnunen","og_description":"Nitriilihanskat ovat ohuet, kuin toinen iho. Kest\u00e4v\u00e4t hyvin erilaisia kampaamoissa k\u00e4ytetett\u00e4vi\u00e4 kemikaaleja. Hanskat ovat puuterittomia, joten ne eiv\u00e4t kuivata k\u00e4si\u00e4.&hellip;","og_url":"https:\/\/kinnunen.fi\/en\/product\/nitriilihanska-musta\/","og_site_name":"Kinnunen","article_modified_time":"2026-04-30T01:00:39+00:00","og_image":[{"width":600,"height":600,"url":"https:\/\/kinnunen.fi\/wp-content\/uploads\/2021\/12\/Nitriili_musta.jpg","type":"image\/jpeg"}],"twitter_card":"summary_large_image","twitter_misc":{"Estimated reading time":"1 minute"},"schema":{"@context":"https:\/\/schema.org","@graph":[{"@type":"WebPage","@id":"https:\/\/kinnunen.fi\/tuote\/nitriilihanska-musta\/","url":"https:\/\/kinnunen.fi\/tuote\/nitriilihanska-musta\/","name":"Nitriilihanska, musta - Kinnunen","isPartOf":{"@id":"https:\/\/kinnunen.fi\/#website"},"primaryImageOfPage":{"@id":"https:\/\/kinnunen.fi\/tuote\/nitriilihanska-musta\/#primaryimage"},"image":{"@id":"https:\/\/kinnunen.fi\/tuote\/nitriilihanska-musta\/#primaryimage"},"thumbnailUrl":"https:\/\/kinnunen.fi\/wp-content\/uploads\/2021\/12\/Nitriili_musta.jpg","datePublished":"2021-12-17T14:33:58+00:00","dateModified":"2026-04-30T01:00:39+00:00","breadcrumb":{"@id":"https:\/\/kinnunen.fi\/tuote\/nitriilihanska-musta\/#breadcrumb"},"inLanguage":"en-GB","potentialAction":[{"@type":"ReadAction","target":["https:\/\/kinnunen.fi\/tuote\/nitriilihanska-musta\/"]}]},{"@type":"ImageObject","inLanguage":"en-GB","@id":"https:\/\/kinnunen.fi\/tuote\/nitriilihanska-musta\/#primaryimage","url":"https:\/\/kinnunen.fi\/wp-content\/uploads\/2021\/12\/Nitriili_musta.jpg","contentUrl":"https:\/\/kinnunen.fi\/wp-content\/uploads\/2021\/12\/Nitriili_musta.jpg","width":600,"height":600},{"@type":"BreadcrumbList","@id":"https:\/\/kinnunen.fi\/tuote\/nitriilihanska-musta\/#breadcrumb","itemListElement":[{"@type":"ListItem","position":1,"name":"Etusivu","item":"https:\/\/kinnunen.fi\/"},{"@type":"ListItem","position":2,"name":"Kaikki tuotteet","item":"https:\/\/kinnunen.fi\/kauppa\/"},{"@type":"ListItem","position":3,"name":"Tarvikkeet","item":"https:\/\/kinnunen.fi\/tuote-osasto\/tarvikkeet\/"},{"@type":"ListItem","position":4,"name":"V\u00e4rj\u00e4ystarvikkeet","item":"https:\/\/kinnunen.fi\/tuote-osasto\/tarvikkeet\/varjaystarvikkeet\/"},{"@type":"ListItem","position":5,"name":"Hanskat","item":"https:\/\/kinnunen.fi\/tuote-osasto\/tarvikkeet\/varjaystarvikkeet\/hanskat\/"},{"@type":"ListItem","position":6,"name":"Nitriilihanska, musta"}]},{"@type":"WebSite","@id":"https:\/\/kinnunen.fi\/#website","url":"https:\/\/kinnunen.fi\/","name":"Kinnunen","description":"","potentialAction":[{"@type":"SearchAction","target":{"@type":"EntryPoint","urlTemplate":"https:\/\/kinnunen.fi\/?s={search_term_string}"},"query-input":"required name=search_term_string"}],"inLanguage":"en-GB"}]}},"_links":{"self":[{"href":"https:\/\/kinnunen.fi\/en\/wp-json\/wp\/v2\/product\/15814"}],"collection":[{"href":"https:\/\/kinnunen.fi\/en\/wp-json\/wp\/v2\/product"}],"about":[{"href":"https:\/\/kinnunen.fi\/en\/wp-json\/wp\/v2\/types\/product"}],"replies":[{"embeddable":true,"href":"https:\/\/kinnunen.fi\/en\/wp-json\/wp\/v2\/comments?post=15814"}],"wp:featuredmedia":[{"embeddable":true,"href":"https:\/\/kinnunen.fi\/en\/wp-json\/wp\/v2\/media\/15815"}],"wp:attachment":[{"href":"https:\/\/kinnunen.fi\/en\/wp-json\/wp\/v2\/media?parent=15814"}],"wp:term":[{"taxonomy":"product_cat","embeddable":true,"href":"https:\/\/kinnunen.fi\/en\/wp-json\/wp\/v2\/product_cat?post=15814"},{"taxonomy":"product_tag","embeddable":true,"href":"https:\/\/kinnunen.fi\/en\/wp-json\/wp\/v2\/product_tag?post=15814"}],"curies":[{"name":"wp","href":"https:\/\/api.w.org\/{rel}","templated":true}]}}