

{"id":15868,"date":"2021-12-29T10:21:13","date_gmt":"2021-12-29T08:21:13","guid":{"rendered":"https:\/\/kinnunen.fi\/?post_type=product&#038;p=15868"},"modified":"2026-04-17T12:06:33","modified_gmt":"2026-04-17T09:06:33","slug":"simply-natural-harja","status":"publish","type":"product","link":"https:\/\/kinnunen.fi\/en\/product\/simply-natural-harja\/","title":{"rendered":"Simply Natural\u00ae brush"},"content":{"rendered":"<p>The two-piece graduated bristle design gently and easily detangles even long hair. Very lightweight. Nylon spikes.<\/p>","protected":false},"excerpt":{"rendered":"<p>The two-piece graduated bristle design gently and easily detangles even long hair. Very lightweight. Nylon spikes.<\/p>","protected":false},"featured_media":42539,"comment_status":"closed","ping_status":"closed","template":"","meta":{"_relevanssi_hide_post":"","_relevanssi_pin_for_all":"","_relevanssi_pin_keywords":"","_relevanssi_unpin_keywords":"","_relevanssi_related_keywords":"","_relevanssi_related_include_ids":"","_relevanssi_related_exclude_ids":"","_relevanssi_related_no_append":"","_relevanssi_related_not_related":"","_relevanssi_related_posts":"","_relevanssi_noindex_reason":""},"product_cat":[1767,1768,1790,1792],"product_tag":[],"class_list":["post-15868","product","type-product","status-publish","has-post-thumbnail","hentry","product_cat-hiustenpidennykset","product_cat-pidennystarvikkeet","product_cat-harjat-ja-kammat","product_cat-selvitys-ja-aukikampausharjat","tuotemerkki-simply-natural"],"tuotemerkit":[{"term_id":142,"name":"Simply Natural","slug":"simply-natural","term_group":0,"term_taxonomy_id":142,"taxonomy":"tuotemerkki","description":"","parent":0,"count":55,"filter":"raw"}],"acf":[],"yoast_head":"<!-- This site is optimized with the Yoast SEO plugin v23.3 - https:\/\/yoast.com\/wordpress\/plugins\/seo\/ -->\n<title>Simply Natural\u00ae harja - Kinnunen<\/title>\n<meta name=\"robots\" content=\"index, follow, max-snippet:-1, max-image-preview:large, max-video-preview:-1\" \/>\n<link rel=\"canonical\" href=\"https:\/\/kinnunen.fi\/en\/product\/simply-natural-harja\/\" \/>\n<meta property=\"og:locale\" content=\"en_GB\" \/>\n<meta property=\"og:type\" content=\"article\" \/>\n<meta property=\"og:title\" content=\"Simply Natural\u00ae harja - Kinnunen\" \/>\n<meta property=\"og:description\" content=\"Kaksiosainen porrastettu harjasrakenne selvitt\u00e4\u00e4 pitk\u00e4tkin hiukset helposti ja hell\u00e4varaisesti. Eritt\u00e4in kevyt. Nylonpiikit.\" \/>\n<meta property=\"og:url\" content=\"https:\/\/kinnunen.fi\/en\/product\/simply-natural-harja\/\" \/>\n<meta property=\"og:site_name\" content=\"Kinnunen\" \/>\n<meta property=\"article:modified_time\" content=\"2026-04-17T09:06:33+00:00\" \/>\n<meta property=\"og:image\" content=\"https:\/\/kinnunen.fi\/wp-content\/uploads\/2024\/11\/Simply_Natural_pidennysharja_SNA1017.jpg\" \/>\n\t<meta property=\"og:image:width\" content=\"1000\" \/>\n\t<meta property=\"og:image:height\" content=\"1000\" \/>\n\t<meta property=\"og:image:type\" content=\"image\/jpeg\" \/>\n<meta name=\"twitter:card\" content=\"summary_large_image\" \/>\n<meta name=\"twitter:label1\" content=\"Estimated reading time\" \/>\n\t<meta name=\"twitter:data1\" content=\"1 minute\" \/>\n<script type=\"application\/ld+json\" class=\"yoast-schema-graph\">{\"@context\":\"https:\/\/schema.org\",\"@graph\":[{\"@type\":\"WebPage\",\"@id\":\"https:\/\/kinnunen.fi\/tuote\/simply-natural-harja\/\",\"url\":\"https:\/\/kinnunen.fi\/tuote\/simply-natural-harja\/\",\"name\":\"Simply Natural\u00ae harja - Kinnunen\",\"isPartOf\":{\"@id\":\"https:\/\/kinnunen.fi\/#website\"},\"primaryImageOfPage\":{\"@id\":\"https:\/\/kinnunen.fi\/tuote\/simply-natural-harja\/#primaryimage\"},\"image\":{\"@id\":\"https:\/\/kinnunen.fi\/tuote\/simply-natural-harja\/#primaryimage\"},\"thumbnailUrl\":\"https:\/\/kinnunen.fi\/wp-content\/uploads\/2024\/11\/Simply_Natural_pidennysharja_SNA1017.jpg\",\"datePublished\":\"2021-12-29T08:21:13+00:00\",\"dateModified\":\"2026-04-17T09:06:33+00:00\",\"breadcrumb\":{\"@id\":\"https:\/\/kinnunen.fi\/tuote\/simply-natural-harja\/#breadcrumb\"},\"inLanguage\":\"en-GB\",\"potentialAction\":[{\"@type\":\"ReadAction\",\"target\":[\"https:\/\/kinnunen.fi\/tuote\/simply-natural-harja\/\"]}]},{\"@type\":\"ImageObject\",\"inLanguage\":\"en-GB\",\"@id\":\"https:\/\/kinnunen.fi\/tuote\/simply-natural-harja\/#primaryimage\",\"url\":\"https:\/\/kinnunen.fi\/wp-content\/uploads\/2024\/11\/Simply_Natural_pidennysharja_SNA1017.jpg\",\"contentUrl\":\"https:\/\/kinnunen.fi\/wp-content\/uploads\/2024\/11\/Simply_Natural_pidennysharja_SNA1017.jpg\",\"width\":1000,\"height\":1000},{\"@type\":\"BreadcrumbList\",\"@id\":\"https:\/\/kinnunen.fi\/tuote\/simply-natural-harja\/#breadcrumb\",\"itemListElement\":[{\"@type\":\"ListItem\",\"position\":1,\"name\":\"Etusivu\",\"item\":\"https:\/\/kinnunen.fi\/\"},{\"@type\":\"ListItem\",\"position\":2,\"name\":\"Kaikki tuotteet\",\"item\":\"https:\/\/kinnunen.fi\/kauppa\/\"},{\"@type\":\"ListItem\",\"position\":3,\"name\":\"Hiustenpidennykset\",\"item\":\"https:\/\/kinnunen.fi\/tuote-osasto\/hiustenpidennykset\/\"},{\"@type\":\"ListItem\",\"position\":4,\"name\":\"Simply Natural\u00ae harja\"}]},{\"@type\":\"WebSite\",\"@id\":\"https:\/\/kinnunen.fi\/#website\",\"url\":\"https:\/\/kinnunen.fi\/\",\"name\":\"Kinnunen\",\"description\":\"\",\"potentialAction\":[{\"@type\":\"SearchAction\",\"target\":{\"@type\":\"EntryPoint\",\"urlTemplate\":\"https:\/\/kinnunen.fi\/?s={search_term_string}\"},\"query-input\":\"required name=search_term_string\"}],\"inLanguage\":\"en-GB\"}]}<\/script>\n<!-- \/ Yoast SEO plugin. -->","yoast_head_json":{"title":"Simply Natural\u00ae harja - Kinnunen","robots":{"index":"index","follow":"follow","max-snippet":"max-snippet:-1","max-image-preview":"max-image-preview:large","max-video-preview":"max-video-preview:-1"},"canonical":"https:\/\/kinnunen.fi\/en\/product\/simply-natural-harja\/","og_locale":"en_GB","og_type":"article","og_title":"Simply Natural\u00ae harja - Kinnunen","og_description":"Kaksiosainen porrastettu harjasrakenne selvitt\u00e4\u00e4 pitk\u00e4tkin hiukset helposti ja hell\u00e4varaisesti. Eritt\u00e4in kevyt. Nylonpiikit.","og_url":"https:\/\/kinnunen.fi\/en\/product\/simply-natural-harja\/","og_site_name":"Kinnunen","article_modified_time":"2026-04-17T09:06:33+00:00","og_image":[{"width":1000,"height":1000,"url":"https:\/\/kinnunen.fi\/wp-content\/uploads\/2024\/11\/Simply_Natural_pidennysharja_SNA1017.jpg","type":"image\/jpeg"}],"twitter_card":"summary_large_image","twitter_misc":{"Estimated reading time":"1 minute"},"schema":{"@context":"https:\/\/schema.org","@graph":[{"@type":"WebPage","@id":"https:\/\/kinnunen.fi\/tuote\/simply-natural-harja\/","url":"https:\/\/kinnunen.fi\/tuote\/simply-natural-harja\/","name":"Simply Natural\u00ae harja - Kinnunen","isPartOf":{"@id":"https:\/\/kinnunen.fi\/#website"},"primaryImageOfPage":{"@id":"https:\/\/kinnunen.fi\/tuote\/simply-natural-harja\/#primaryimage"},"image":{"@id":"https:\/\/kinnunen.fi\/tuote\/simply-natural-harja\/#primaryimage"},"thumbnailUrl":"https:\/\/kinnunen.fi\/wp-content\/uploads\/2024\/11\/Simply_Natural_pidennysharja_SNA1017.jpg","datePublished":"2021-12-29T08:21:13+00:00","dateModified":"2026-04-17T09:06:33+00:00","breadcrumb":{"@id":"https:\/\/kinnunen.fi\/tuote\/simply-natural-harja\/#breadcrumb"},"inLanguage":"en-GB","potentialAction":[{"@type":"ReadAction","target":["https:\/\/kinnunen.fi\/tuote\/simply-natural-harja\/"]}]},{"@type":"ImageObject","inLanguage":"en-GB","@id":"https:\/\/kinnunen.fi\/tuote\/simply-natural-harja\/#primaryimage","url":"https:\/\/kinnunen.fi\/wp-content\/uploads\/2024\/11\/Simply_Natural_pidennysharja_SNA1017.jpg","contentUrl":"https:\/\/kinnunen.fi\/wp-content\/uploads\/2024\/11\/Simply_Natural_pidennysharja_SNA1017.jpg","width":1000,"height":1000},{"@type":"BreadcrumbList","@id":"https:\/\/kinnunen.fi\/tuote\/simply-natural-harja\/#breadcrumb","itemListElement":[{"@type":"ListItem","position":1,"name":"Etusivu","item":"https:\/\/kinnunen.fi\/"},{"@type":"ListItem","position":2,"name":"Kaikki tuotteet","item":"https:\/\/kinnunen.fi\/kauppa\/"},{"@type":"ListItem","position":3,"name":"Hiustenpidennykset","item":"https:\/\/kinnunen.fi\/tuote-osasto\/hiustenpidennykset\/"},{"@type":"ListItem","position":4,"name":"Simply Natural\u00ae harja"}]},{"@type":"WebSite","@id":"https:\/\/kinnunen.fi\/#website","url":"https:\/\/kinnunen.fi\/","name":"Kinnunen","description":"","potentialAction":[{"@type":"SearchAction","target":{"@type":"EntryPoint","urlTemplate":"https:\/\/kinnunen.fi\/?s={search_term_string}"},"query-input":"required name=search_term_string"}],"inLanguage":"en-GB"}]}},"_links":{"self":[{"href":"https:\/\/kinnunen.fi\/en\/wp-json\/wp\/v2\/product\/15868"}],"collection":[{"href":"https:\/\/kinnunen.fi\/en\/wp-json\/wp\/v2\/product"}],"about":[{"href":"https:\/\/kinnunen.fi\/en\/wp-json\/wp\/v2\/types\/product"}],"replies":[{"embeddable":true,"href":"https:\/\/kinnunen.fi\/en\/wp-json\/wp\/v2\/comments?post=15868"}],"wp:featuredmedia":[{"embeddable":true,"href":"https:\/\/kinnunen.fi\/en\/wp-json\/wp\/v2\/media\/42539"}],"wp:attachment":[{"href":"https:\/\/kinnunen.fi\/en\/wp-json\/wp\/v2\/media?parent=15868"}],"wp:term":[{"taxonomy":"product_cat","embeddable":true,"href":"https:\/\/kinnunen.fi\/en\/wp-json\/wp\/v2\/product_cat?post=15868"},{"taxonomy":"product_tag","embeddable":true,"href":"https:\/\/kinnunen.fi\/en\/wp-json\/wp\/v2\/product_tag?post=15868"}],"curies":[{"name":"wp","href":"https:\/\/api.w.org\/{rel}","templated":true}]}}