

{"id":21084,"date":"2022-03-07T12:10:22","date_gmt":"2022-03-07T10:10:22","guid":{"rendered":"https:\/\/kinnunen.fi\/?post_type=product&#038;p=21084"},"modified":"2026-05-01T04:00:28","modified_gmt":"2026-05-01T01:00:28","slug":"moyra-cuticle-oil-15ml-skye-blue-vanilla","status":"publish","type":"product","link":"https:\/\/kinnunen.fi\/en\/product\/moyra-cuticle-oil-15ml-skye-blue-vanilla\/","title":{"rendered":"Moyra Cuticle Oil 15ml, Skye Blue Vanilla"},"content":{"rendered":"<p>#A cuticle oil that moisturizes and nourishes dry cuticles. Regular use keeps nails flexible and strong. The oil is quickly absorbed by the cuticles. Use this product to finish structural nails, manicure or gel polish. Packed in a hygienic pipette bottle. Also suitable as a home care product.<\/p>","protected":false},"excerpt":{"rendered":"<p>#Kynsinauha\u00f6ljy, joka kosteuttaa ja hoitaa kuivia kynsinauhoja. S\u00e4\u00e4nn\u00f6llinen k\u00e4ytt\u00f6 pit\u00e4\u00e4 kynnet joustavana ja vahvana. \u00d6ljy imeytyy nopeasti kynsinauhoille. T\u00e4ll\u00e4 tuotteella&hellip;<\/p>","protected":false},"featured_media":21205,"comment_status":"open","ping_status":"closed","template":"","meta":{"_relevanssi_hide_post":"","_relevanssi_pin_for_all":"","_relevanssi_pin_keywords":"","_relevanssi_unpin_keywords":"","_relevanssi_related_keywords":"","_relevanssi_related_include_ids":"","_relevanssi_related_exclude_ids":"","_relevanssi_related_no_append":"","_relevanssi_related_not_related":"","_relevanssi_related_posts":"","_relevanssi_noindex_reason":""},"product_cat":[1865,1892],"product_tag":[],"class_list":["post-21084","product","type-product","status-publish","has-post-thumbnail","hentry","product_cat-kynnet-ja-kadet","product_cat-kynsienhoitotuotteet","tuotemerkki-moyra"],"tuotemerkit":[{"term_id":1995,"name":"Moyra","slug":"moyra","term_group":0,"term_taxonomy_id":1995,"taxonomy":"tuotemerkki","description":"","parent":0,"count":60,"filter":"raw"}],"acf":[],"yoast_head":"<!-- This site is optimized with the Yoast SEO plugin v23.3 - https:\/\/yoast.com\/wordpress\/plugins\/seo\/ -->\n<title>Moyra Cuticle Oil 15ml, Skye Blue Vanilla - Kinnunen<\/title>\n<meta name=\"robots\" content=\"index, follow, max-snippet:-1, max-image-preview:large, max-video-preview:-1\" \/>\n<link rel=\"canonical\" href=\"https:\/\/kinnunen.fi\/en\/product\/moyra-cuticle-oil-15ml-skye-blue-vanilla\/\" \/>\n<meta property=\"og:locale\" content=\"en_GB\" \/>\n<meta property=\"og:type\" content=\"article\" \/>\n<meta property=\"og:title\" content=\"Moyra Cuticle Oil 15ml, Skye Blue Vanilla - Kinnunen\" \/>\n<meta property=\"og:description\" content=\"#Kynsinauha\u00f6ljy, joka kosteuttaa ja hoitaa kuivia kynsinauhoja. S\u00e4\u00e4nn\u00f6llinen k\u00e4ytt\u00f6 pit\u00e4\u00e4 kynnet joustavana ja vahvana. \u00d6ljy imeytyy nopeasti kynsinauhoille. T\u00e4ll\u00e4 tuotteella&hellip;\" \/>\n<meta property=\"og:url\" content=\"https:\/\/kinnunen.fi\/en\/product\/moyra-cuticle-oil-15ml-skye-blue-vanilla\/\" \/>\n<meta property=\"og:site_name\" content=\"Kinnunen\" \/>\n<meta property=\"article:modified_time\" content=\"2026-05-01T01:00:28+00:00\" \/>\n<meta property=\"og:image\" content=\"https:\/\/kinnunen.fi\/wp-content\/uploads\/2022\/03\/M1-01-51-51-0005_Cuticle-Oil-Sky-blue-vanilla-600x600-1.png\" \/>\n\t<meta property=\"og:image:width\" content=\"600\" \/>\n\t<meta property=\"og:image:height\" content=\"600\" \/>\n\t<meta property=\"og:image:type\" content=\"image\/png\" \/>\n<meta name=\"twitter:card\" content=\"summary_large_image\" \/>\n<script type=\"application\/ld+json\" class=\"yoast-schema-graph\">{\"@context\":\"https:\/\/schema.org\",\"@graph\":[{\"@type\":\"WebPage\",\"@id\":\"https:\/\/kinnunen.fi\/tuote\/moyra-cuticle-oil-15ml-skye-blue-vanilla\/\",\"url\":\"https:\/\/kinnunen.fi\/tuote\/moyra-cuticle-oil-15ml-skye-blue-vanilla\/\",\"name\":\"Moyra Cuticle Oil 15ml, Skye Blue Vanilla - Kinnunen\",\"isPartOf\":{\"@id\":\"https:\/\/kinnunen.fi\/#website\"},\"primaryImageOfPage\":{\"@id\":\"https:\/\/kinnunen.fi\/tuote\/moyra-cuticle-oil-15ml-skye-blue-vanilla\/#primaryimage\"},\"image\":{\"@id\":\"https:\/\/kinnunen.fi\/tuote\/moyra-cuticle-oil-15ml-skye-blue-vanilla\/#primaryimage\"},\"thumbnailUrl\":\"https:\/\/kinnunen.fi\/wp-content\/uploads\/2022\/03\/M1-01-51-51-0005_Cuticle-Oil-Sky-blue-vanilla-600x600-1.png\",\"datePublished\":\"2022-03-07T10:10:22+00:00\",\"dateModified\":\"2026-05-01T01:00:28+00:00\",\"breadcrumb\":{\"@id\":\"https:\/\/kinnunen.fi\/tuote\/moyra-cuticle-oil-15ml-skye-blue-vanilla\/#breadcrumb\"},\"inLanguage\":\"en-GB\",\"potentialAction\":[{\"@type\":\"ReadAction\",\"target\":[\"https:\/\/kinnunen.fi\/tuote\/moyra-cuticle-oil-15ml-skye-blue-vanilla\/\"]}]},{\"@type\":\"ImageObject\",\"inLanguage\":\"en-GB\",\"@id\":\"https:\/\/kinnunen.fi\/tuote\/moyra-cuticle-oil-15ml-skye-blue-vanilla\/#primaryimage\",\"url\":\"https:\/\/kinnunen.fi\/wp-content\/uploads\/2022\/03\/M1-01-51-51-0005_Cuticle-Oil-Sky-blue-vanilla-600x600-1.png\",\"contentUrl\":\"https:\/\/kinnunen.fi\/wp-content\/uploads\/2022\/03\/M1-01-51-51-0005_Cuticle-Oil-Sky-blue-vanilla-600x600-1.png\",\"width\":600,\"height\":600},{\"@type\":\"BreadcrumbList\",\"@id\":\"https:\/\/kinnunen.fi\/tuote\/moyra-cuticle-oil-15ml-skye-blue-vanilla\/#breadcrumb\",\"itemListElement\":[{\"@type\":\"ListItem\",\"position\":1,\"name\":\"Etusivu\",\"item\":\"https:\/\/kinnunen.fi\/\"},{\"@type\":\"ListItem\",\"position\":2,\"name\":\"Kaikki tuotteet\",\"item\":\"https:\/\/kinnunen.fi\/kauppa\/\"},{\"@type\":\"ListItem\",\"position\":3,\"name\":\"Kauneudenhoito\",\"item\":\"https:\/\/kinnunen.fi\/tuote-osasto\/kauneudenhoito\/\"},{\"@type\":\"ListItem\",\"position\":4,\"name\":\"Kynnet ja k\u00e4det\",\"item\":\"https:\/\/kinnunen.fi\/tuote-osasto\/kauneudenhoito\/kynnet-ja-kadet\/\"},{\"@type\":\"ListItem\",\"position\":5,\"name\":\"Moyra Cuticle Oil 15ml, Skye Blue Vanilla\"}]},{\"@type\":\"WebSite\",\"@id\":\"https:\/\/kinnunen.fi\/#website\",\"url\":\"https:\/\/kinnunen.fi\/\",\"name\":\"Kinnunen\",\"description\":\"\",\"potentialAction\":[{\"@type\":\"SearchAction\",\"target\":{\"@type\":\"EntryPoint\",\"urlTemplate\":\"https:\/\/kinnunen.fi\/?s={search_term_string}\"},\"query-input\":\"required name=search_term_string\"}],\"inLanguage\":\"en-GB\"}]}<\/script>\n<!-- \/ Yoast SEO plugin. -->","yoast_head_json":{"title":"Moyra Cuticle Oil 15ml, Skye Blue Vanilla - Kinnunen","robots":{"index":"index","follow":"follow","max-snippet":"max-snippet:-1","max-image-preview":"max-image-preview:large","max-video-preview":"max-video-preview:-1"},"canonical":"https:\/\/kinnunen.fi\/en\/product\/moyra-cuticle-oil-15ml-skye-blue-vanilla\/","og_locale":"en_GB","og_type":"article","og_title":"Moyra Cuticle Oil 15ml, Skye Blue Vanilla - Kinnunen","og_description":"#Kynsinauha\u00f6ljy, joka kosteuttaa ja hoitaa kuivia kynsinauhoja. S\u00e4\u00e4nn\u00f6llinen k\u00e4ytt\u00f6 pit\u00e4\u00e4 kynnet joustavana ja vahvana. \u00d6ljy imeytyy nopeasti kynsinauhoille. T\u00e4ll\u00e4 tuotteella&hellip;","og_url":"https:\/\/kinnunen.fi\/en\/product\/moyra-cuticle-oil-15ml-skye-blue-vanilla\/","og_site_name":"Kinnunen","article_modified_time":"2026-05-01T01:00:28+00:00","og_image":[{"width":600,"height":600,"url":"https:\/\/kinnunen.fi\/wp-content\/uploads\/2022\/03\/M1-01-51-51-0005_Cuticle-Oil-Sky-blue-vanilla-600x600-1.png","type":"image\/png"}],"twitter_card":"summary_large_image","schema":{"@context":"https:\/\/schema.org","@graph":[{"@type":"WebPage","@id":"https:\/\/kinnunen.fi\/tuote\/moyra-cuticle-oil-15ml-skye-blue-vanilla\/","url":"https:\/\/kinnunen.fi\/tuote\/moyra-cuticle-oil-15ml-skye-blue-vanilla\/","name":"Moyra Cuticle Oil 15ml, Skye Blue Vanilla - Kinnunen","isPartOf":{"@id":"https:\/\/kinnunen.fi\/#website"},"primaryImageOfPage":{"@id":"https:\/\/kinnunen.fi\/tuote\/moyra-cuticle-oil-15ml-skye-blue-vanilla\/#primaryimage"},"image":{"@id":"https:\/\/kinnunen.fi\/tuote\/moyra-cuticle-oil-15ml-skye-blue-vanilla\/#primaryimage"},"thumbnailUrl":"https:\/\/kinnunen.fi\/wp-content\/uploads\/2022\/03\/M1-01-51-51-0005_Cuticle-Oil-Sky-blue-vanilla-600x600-1.png","datePublished":"2022-03-07T10:10:22+00:00","dateModified":"2026-05-01T01:00:28+00:00","breadcrumb":{"@id":"https:\/\/kinnunen.fi\/tuote\/moyra-cuticle-oil-15ml-skye-blue-vanilla\/#breadcrumb"},"inLanguage":"en-GB","potentialAction":[{"@type":"ReadAction","target":["https:\/\/kinnunen.fi\/tuote\/moyra-cuticle-oil-15ml-skye-blue-vanilla\/"]}]},{"@type":"ImageObject","inLanguage":"en-GB","@id":"https:\/\/kinnunen.fi\/tuote\/moyra-cuticle-oil-15ml-skye-blue-vanilla\/#primaryimage","url":"https:\/\/kinnunen.fi\/wp-content\/uploads\/2022\/03\/M1-01-51-51-0005_Cuticle-Oil-Sky-blue-vanilla-600x600-1.png","contentUrl":"https:\/\/kinnunen.fi\/wp-content\/uploads\/2022\/03\/M1-01-51-51-0005_Cuticle-Oil-Sky-blue-vanilla-600x600-1.png","width":600,"height":600},{"@type":"BreadcrumbList","@id":"https:\/\/kinnunen.fi\/tuote\/moyra-cuticle-oil-15ml-skye-blue-vanilla\/#breadcrumb","itemListElement":[{"@type":"ListItem","position":1,"name":"Etusivu","item":"https:\/\/kinnunen.fi\/"},{"@type":"ListItem","position":2,"name":"Kaikki tuotteet","item":"https:\/\/kinnunen.fi\/kauppa\/"},{"@type":"ListItem","position":3,"name":"Kauneudenhoito","item":"https:\/\/kinnunen.fi\/tuote-osasto\/kauneudenhoito\/"},{"@type":"ListItem","position":4,"name":"Kynnet ja k\u00e4det","item":"https:\/\/kinnunen.fi\/tuote-osasto\/kauneudenhoito\/kynnet-ja-kadet\/"},{"@type":"ListItem","position":5,"name":"Moyra Cuticle Oil 15ml, Skye Blue Vanilla"}]},{"@type":"WebSite","@id":"https:\/\/kinnunen.fi\/#website","url":"https:\/\/kinnunen.fi\/","name":"Kinnunen","description":"","potentialAction":[{"@type":"SearchAction","target":{"@type":"EntryPoint","urlTemplate":"https:\/\/kinnunen.fi\/?s={search_term_string}"},"query-input":"required name=search_term_string"}],"inLanguage":"en-GB"}]}},"_links":{"self":[{"href":"https:\/\/kinnunen.fi\/en\/wp-json\/wp\/v2\/product\/21084"}],"collection":[{"href":"https:\/\/kinnunen.fi\/en\/wp-json\/wp\/v2\/product"}],"about":[{"href":"https:\/\/kinnunen.fi\/en\/wp-json\/wp\/v2\/types\/product"}],"replies":[{"embeddable":true,"href":"https:\/\/kinnunen.fi\/en\/wp-json\/wp\/v2\/comments?post=21084"}],"wp:featuredmedia":[{"embeddable":true,"href":"https:\/\/kinnunen.fi\/en\/wp-json\/wp\/v2\/media\/21205"}],"wp:attachment":[{"href":"https:\/\/kinnunen.fi\/en\/wp-json\/wp\/v2\/media?parent=21084"}],"wp:term":[{"taxonomy":"product_cat","embeddable":true,"href":"https:\/\/kinnunen.fi\/en\/wp-json\/wp\/v2\/product_cat?post=21084"},{"taxonomy":"product_tag","embeddable":true,"href":"https:\/\/kinnunen.fi\/en\/wp-json\/wp\/v2\/product_tag?post=21084"}],"curies":[{"name":"wp","href":"https:\/\/api.w.org\/{rel}","templated":true}]}}