

{"id":21085,"date":"2022-03-07T12:10:23","date_gmt":"2022-03-07T10:10:23","guid":{"rendered":"https:\/\/kinnunen.fi\/?post_type=product&#038;p=21085"},"modified":"2026-04-18T04:00:26","modified_gmt":"2026-04-18T01:00:26","slug":"__trashed-1857","status":"publish","type":"product","link":"https:\/\/kinnunen.fi\/en\/product\/__trashed-1857\/","title":{"rendered":"Moyra Cuticle Pusher, metallic"},"content":{"rendered":"<p>#Pencil tape iron, two different ends, metal.<\/p>","protected":false},"excerpt":{"rendered":"<p>#Pencil tape iron, two different ends, metal.<\/p>","protected":false},"featured_media":21332,"comment_status":"open","ping_status":"closed","template":"","meta":{"_relevanssi_hide_post":"","_relevanssi_pin_for_all":"","_relevanssi_pin_keywords":"","_relevanssi_unpin_keywords":"","_relevanssi_related_keywords":"","_relevanssi_related_include_ids":"","_relevanssi_related_exclude_ids":"","_relevanssi_related_no_append":"","_relevanssi_related_not_related":"","_relevanssi_related_posts":"","_relevanssi_noindex_reason":""},"product_cat":[1865,1887],"product_tag":[],"class_list":["post-21085","product","type-product","status-publish","has-post-thumbnail","hentry","product_cat-kynnet-ja-kadet","product_cat-sahkoviilat-ja-oheistuotteet","tuotemerkki-moyra"],"tuotemerkit":[{"term_id":1995,"name":"Moyra","slug":"moyra","term_group":0,"term_taxonomy_id":1995,"taxonomy":"tuotemerkki","description":"","parent":0,"count":60,"filter":"raw"}],"acf":[],"yoast_head":"<!-- This site is optimized with the Yoast SEO plugin v23.3 - https:\/\/yoast.com\/wordpress\/plugins\/seo\/ -->\n<title>Moyra Cuticle Pusher, metallinen - Kinnunen<\/title>\n<meta name=\"robots\" content=\"index, follow, max-snippet:-1, max-image-preview:large, max-video-preview:-1\" \/>\n<link rel=\"canonical\" href=\"https:\/\/kinnunen.fi\/en\/product\/__trashed-1857\/\" \/>\n<meta property=\"og:locale\" content=\"en_GB\" \/>\n<meta property=\"og:type\" content=\"article\" \/>\n<meta property=\"og:title\" content=\"Moyra Cuticle Pusher, metallinen - Kinnunen\" \/>\n<meta property=\"og:description\" content=\"#Kynsinauharauta, kaksi eri p\u00e4\u00e4t\u00e4, metallinen.\" \/>\n<meta property=\"og:url\" content=\"https:\/\/kinnunen.fi\/en\/product\/__trashed-1857\/\" \/>\n<meta property=\"og:site_name\" content=\"Kinnunen\" \/>\n<meta property=\"article:modified_time\" content=\"2026-04-18T01:00:26+00:00\" \/>\n<meta property=\"og:image\" content=\"https:\/\/kinnunen.fi\/wp-content\/uploads\/2022\/03\/MCUPU.jpg\" \/>\n\t<meta property=\"og:image:width\" content=\"1000\" \/>\n\t<meta property=\"og:image:height\" content=\"1000\" \/>\n\t<meta property=\"og:image:type\" content=\"image\/jpeg\" \/>\n<meta name=\"twitter:card\" content=\"summary_large_image\" \/>\n<script type=\"application\/ld+json\" class=\"yoast-schema-graph\">{\"@context\":\"https:\/\/schema.org\",\"@graph\":[{\"@type\":\"WebPage\",\"@id\":\"https:\/\/kinnunen.fi\/tuote\/__trashed-1857\/\",\"url\":\"https:\/\/kinnunen.fi\/tuote\/__trashed-1857\/\",\"name\":\"Moyra Cuticle Pusher, metallinen - Kinnunen\",\"isPartOf\":{\"@id\":\"https:\/\/kinnunen.fi\/#website\"},\"primaryImageOfPage\":{\"@id\":\"https:\/\/kinnunen.fi\/tuote\/__trashed-1857\/#primaryimage\"},\"image\":{\"@id\":\"https:\/\/kinnunen.fi\/tuote\/__trashed-1857\/#primaryimage\"},\"thumbnailUrl\":\"https:\/\/kinnunen.fi\/wp-content\/uploads\/2022\/03\/MCUPU.jpg\",\"datePublished\":\"2022-03-07T10:10:23+00:00\",\"dateModified\":\"2026-04-18T01:00:26+00:00\",\"breadcrumb\":{\"@id\":\"https:\/\/kinnunen.fi\/tuote\/__trashed-1857\/#breadcrumb\"},\"inLanguage\":\"en-GB\",\"potentialAction\":[{\"@type\":\"ReadAction\",\"target\":[\"https:\/\/kinnunen.fi\/tuote\/__trashed-1857\/\"]}]},{\"@type\":\"ImageObject\",\"inLanguage\":\"en-GB\",\"@id\":\"https:\/\/kinnunen.fi\/tuote\/__trashed-1857\/#primaryimage\",\"url\":\"https:\/\/kinnunen.fi\/wp-content\/uploads\/2022\/03\/MCUPU.jpg\",\"contentUrl\":\"https:\/\/kinnunen.fi\/wp-content\/uploads\/2022\/03\/MCUPU.jpg\",\"width\":1000,\"height\":1000},{\"@type\":\"BreadcrumbList\",\"@id\":\"https:\/\/kinnunen.fi\/tuote\/__trashed-1857\/#breadcrumb\",\"itemListElement\":[{\"@type\":\"ListItem\",\"position\":1,\"name\":\"Etusivu\",\"item\":\"https:\/\/kinnunen.fi\/\"},{\"@type\":\"ListItem\",\"position\":2,\"name\":\"Kaikki tuotteet\",\"item\":\"https:\/\/kinnunen.fi\/kauppa\/\"},{\"@type\":\"ListItem\",\"position\":3,\"name\":\"Kauneudenhoito\",\"item\":\"https:\/\/kinnunen.fi\/tuote-osasto\/kauneudenhoito\/\"},{\"@type\":\"ListItem\",\"position\":4,\"name\":\"Kynnet ja k\u00e4det\",\"item\":\"https:\/\/kinnunen.fi\/tuote-osasto\/kauneudenhoito\/kynnet-ja-kadet\/\"},{\"@type\":\"ListItem\",\"position\":5,\"name\":\"Moyra Cuticle Pusher, metallinen\"}]},{\"@type\":\"WebSite\",\"@id\":\"https:\/\/kinnunen.fi\/#website\",\"url\":\"https:\/\/kinnunen.fi\/\",\"name\":\"Kinnunen\",\"description\":\"\",\"potentialAction\":[{\"@type\":\"SearchAction\",\"target\":{\"@type\":\"EntryPoint\",\"urlTemplate\":\"https:\/\/kinnunen.fi\/?s={search_term_string}\"},\"query-input\":\"required name=search_term_string\"}],\"inLanguage\":\"en-GB\"}]}<\/script>\n<!-- \/ Yoast SEO plugin. -->","yoast_head_json":{"title":"Moyra Cuticle Pusher, metallinen - Kinnunen","robots":{"index":"index","follow":"follow","max-snippet":"max-snippet:-1","max-image-preview":"max-image-preview:large","max-video-preview":"max-video-preview:-1"},"canonical":"https:\/\/kinnunen.fi\/en\/product\/__trashed-1857\/","og_locale":"en_GB","og_type":"article","og_title":"Moyra Cuticle Pusher, metallinen - Kinnunen","og_description":"#Kynsinauharauta, kaksi eri p\u00e4\u00e4t\u00e4, metallinen.","og_url":"https:\/\/kinnunen.fi\/en\/product\/__trashed-1857\/","og_site_name":"Kinnunen","article_modified_time":"2026-04-18T01:00:26+00:00","og_image":[{"width":1000,"height":1000,"url":"https:\/\/kinnunen.fi\/wp-content\/uploads\/2022\/03\/MCUPU.jpg","type":"image\/jpeg"}],"twitter_card":"summary_large_image","schema":{"@context":"https:\/\/schema.org","@graph":[{"@type":"WebPage","@id":"https:\/\/kinnunen.fi\/tuote\/__trashed-1857\/","url":"https:\/\/kinnunen.fi\/tuote\/__trashed-1857\/","name":"Moyra Cuticle Pusher, metallinen - Kinnunen","isPartOf":{"@id":"https:\/\/kinnunen.fi\/#website"},"primaryImageOfPage":{"@id":"https:\/\/kinnunen.fi\/tuote\/__trashed-1857\/#primaryimage"},"image":{"@id":"https:\/\/kinnunen.fi\/tuote\/__trashed-1857\/#primaryimage"},"thumbnailUrl":"https:\/\/kinnunen.fi\/wp-content\/uploads\/2022\/03\/MCUPU.jpg","datePublished":"2022-03-07T10:10:23+00:00","dateModified":"2026-04-18T01:00:26+00:00","breadcrumb":{"@id":"https:\/\/kinnunen.fi\/tuote\/__trashed-1857\/#breadcrumb"},"inLanguage":"en-GB","potentialAction":[{"@type":"ReadAction","target":["https:\/\/kinnunen.fi\/tuote\/__trashed-1857\/"]}]},{"@type":"ImageObject","inLanguage":"en-GB","@id":"https:\/\/kinnunen.fi\/tuote\/__trashed-1857\/#primaryimage","url":"https:\/\/kinnunen.fi\/wp-content\/uploads\/2022\/03\/MCUPU.jpg","contentUrl":"https:\/\/kinnunen.fi\/wp-content\/uploads\/2022\/03\/MCUPU.jpg","width":1000,"height":1000},{"@type":"BreadcrumbList","@id":"https:\/\/kinnunen.fi\/tuote\/__trashed-1857\/#breadcrumb","itemListElement":[{"@type":"ListItem","position":1,"name":"Etusivu","item":"https:\/\/kinnunen.fi\/"},{"@type":"ListItem","position":2,"name":"Kaikki tuotteet","item":"https:\/\/kinnunen.fi\/kauppa\/"},{"@type":"ListItem","position":3,"name":"Kauneudenhoito","item":"https:\/\/kinnunen.fi\/tuote-osasto\/kauneudenhoito\/"},{"@type":"ListItem","position":4,"name":"Kynnet ja k\u00e4det","item":"https:\/\/kinnunen.fi\/tuote-osasto\/kauneudenhoito\/kynnet-ja-kadet\/"},{"@type":"ListItem","position":5,"name":"Moyra Cuticle Pusher, metallinen"}]},{"@type":"WebSite","@id":"https:\/\/kinnunen.fi\/#website","url":"https:\/\/kinnunen.fi\/","name":"Kinnunen","description":"","potentialAction":[{"@type":"SearchAction","target":{"@type":"EntryPoint","urlTemplate":"https:\/\/kinnunen.fi\/?s={search_term_string}"},"query-input":"required name=search_term_string"}],"inLanguage":"en-GB"}]}},"_links":{"self":[{"href":"https:\/\/kinnunen.fi\/en\/wp-json\/wp\/v2\/product\/21085"}],"collection":[{"href":"https:\/\/kinnunen.fi\/en\/wp-json\/wp\/v2\/product"}],"about":[{"href":"https:\/\/kinnunen.fi\/en\/wp-json\/wp\/v2\/types\/product"}],"replies":[{"embeddable":true,"href":"https:\/\/kinnunen.fi\/en\/wp-json\/wp\/v2\/comments?post=21085"}],"wp:featuredmedia":[{"embeddable":true,"href":"https:\/\/kinnunen.fi\/en\/wp-json\/wp\/v2\/media\/21332"}],"wp:attachment":[{"href":"https:\/\/kinnunen.fi\/en\/wp-json\/wp\/v2\/media?parent=21085"}],"wp:term":[{"taxonomy":"product_cat","embeddable":true,"href":"https:\/\/kinnunen.fi\/en\/wp-json\/wp\/v2\/product_cat?post=21085"},{"taxonomy":"product_tag","embeddable":true,"href":"https:\/\/kinnunen.fi\/en\/wp-json\/wp\/v2\/product_tag?post=21085"}],"curies":[{"name":"wp","href":"https:\/\/api.w.org\/{rel}","templated":true}]}}