

{"id":21106,"date":"2022-03-07T12:10:30","date_gmt":"2022-03-07T10:10:30","guid":{"rendered":"https:\/\/kinnunen.fi\/?post_type=product&#038;p=21106"},"modified":"2026-04-29T04:00:28","modified_gmt":"2026-04-29T01:00:28","slug":"moyra-glitter-powder-5g-no-34","status":"publish","type":"product","link":"https:\/\/kinnunen.fi\/en\/product\/moyra-glitter-powder-5g-no-34\/","title":{"rendered":"Moyra Glitter Powder 5g, no.34"},"content":{"rendered":"<p>1TP5A colour saturated, glittery, finely dispersed glitter film that can be mixed with gel, acrylic or gel varnish. You can use the product on the whole nail or on small details.<\/p>","protected":false},"excerpt":{"rendered":"<p>1TP5A colour saturated, glittery, finely dispersed glitter film that can be mixed with gel, acrylic or gel varnish. You can use the product on the whole nail or on small details.<\/p>","protected":false},"featured_media":21232,"comment_status":"open","ping_status":"closed","template":"","meta":{"_relevanssi_hide_post":"","_relevanssi_pin_for_all":"","_relevanssi_pin_keywords":"","_relevanssi_unpin_keywords":"","_relevanssi_related_keywords":"","_relevanssi_related_include_ids":"","_relevanssi_related_exclude_ids":"","_relevanssi_related_no_append":"","_relevanssi_related_not_related":"","_relevanssi_related_posts":"","_relevanssi_noindex_reason":""},"product_cat":[1865,1880],"product_tag":[],"class_list":["post-21106","product","type-product","status-publish","has-post-thumbnail","hentry","product_cat-kynnet-ja-kadet","product_cat-oheistarvikkeet","tuotemerkki-moyra"],"tuotemerkit":[{"term_id":1995,"name":"Moyra","slug":"moyra","term_group":0,"term_taxonomy_id":1995,"taxonomy":"tuotemerkki","description":"","parent":0,"count":60,"filter":"raw"}],"acf":[],"yoast_head":"<!-- This site is optimized with the Yoast SEO plugin v23.3 - https:\/\/yoast.com\/wordpress\/plugins\/seo\/ -->\n<title>Moyra Glitter Powder 5g, no.34 - Kinnunen<\/title>\n<meta name=\"robots\" content=\"index, follow, max-snippet:-1, max-image-preview:large, max-video-preview:-1\" \/>\n<link rel=\"canonical\" href=\"https:\/\/kinnunen.fi\/en\/product\/moyra-glitter-powder-5g-no-34\/\" \/>\n<meta property=\"og:locale\" content=\"en_GB\" \/>\n<meta property=\"og:type\" content=\"article\" \/>\n<meta property=\"og:title\" content=\"Moyra Glitter Powder 5g, no.34 - Kinnunen\" \/>\n<meta property=\"og:description\" content=\"#V\u00e4rikyll\u00e4inen, kimaltava, hienojakoinen glitterhile, joka voidaan sekoittaa geeliin, akryyliin tai geelilakkoihin. Voit k\u00e4ytt\u00e4\u00e4 tuotetta koko kynnell\u00e4 tai pieniss\u00e4 yksityiskohdissa.\" \/>\n<meta property=\"og:url\" content=\"https:\/\/kinnunen.fi\/en\/product\/moyra-glitter-powder-5g-no-34\/\" \/>\n<meta property=\"og:site_name\" content=\"Kinnunen\" \/>\n<meta property=\"article:modified_time\" content=\"2026-04-29T01:00:28+00:00\" \/>\n<meta property=\"og:image\" content=\"https:\/\/kinnunen.fi\/wp-content\/uploads\/2022\/03\/MGLPO34.png\" \/>\n\t<meta property=\"og:image:width\" content=\"600\" \/>\n\t<meta property=\"og:image:height\" content=\"600\" \/>\n\t<meta property=\"og:image:type\" content=\"image\/png\" \/>\n<meta name=\"twitter:card\" content=\"summary_large_image\" \/>\n<script type=\"application\/ld+json\" class=\"yoast-schema-graph\">{\"@context\":\"https:\/\/schema.org\",\"@graph\":[{\"@type\":\"WebPage\",\"@id\":\"https:\/\/kinnunen.fi\/tuote\/moyra-glitter-powder-5g-no-34\/\",\"url\":\"https:\/\/kinnunen.fi\/tuote\/moyra-glitter-powder-5g-no-34\/\",\"name\":\"Moyra Glitter Powder 5g, no.34 - Kinnunen\",\"isPartOf\":{\"@id\":\"https:\/\/kinnunen.fi\/#website\"},\"primaryImageOfPage\":{\"@id\":\"https:\/\/kinnunen.fi\/tuote\/moyra-glitter-powder-5g-no-34\/#primaryimage\"},\"image\":{\"@id\":\"https:\/\/kinnunen.fi\/tuote\/moyra-glitter-powder-5g-no-34\/#primaryimage\"},\"thumbnailUrl\":\"https:\/\/kinnunen.fi\/wp-content\/uploads\/2022\/03\/MGLPO34.png\",\"datePublished\":\"2022-03-07T10:10:30+00:00\",\"dateModified\":\"2026-04-29T01:00:28+00:00\",\"breadcrumb\":{\"@id\":\"https:\/\/kinnunen.fi\/tuote\/moyra-glitter-powder-5g-no-34\/#breadcrumb\"},\"inLanguage\":\"en-GB\",\"potentialAction\":[{\"@type\":\"ReadAction\",\"target\":[\"https:\/\/kinnunen.fi\/tuote\/moyra-glitter-powder-5g-no-34\/\"]}]},{\"@type\":\"ImageObject\",\"inLanguage\":\"en-GB\",\"@id\":\"https:\/\/kinnunen.fi\/tuote\/moyra-glitter-powder-5g-no-34\/#primaryimage\",\"url\":\"https:\/\/kinnunen.fi\/wp-content\/uploads\/2022\/03\/MGLPO34.png\",\"contentUrl\":\"https:\/\/kinnunen.fi\/wp-content\/uploads\/2022\/03\/MGLPO34.png\",\"width\":600,\"height\":600},{\"@type\":\"BreadcrumbList\",\"@id\":\"https:\/\/kinnunen.fi\/tuote\/moyra-glitter-powder-5g-no-34\/#breadcrumb\",\"itemListElement\":[{\"@type\":\"ListItem\",\"position\":1,\"name\":\"Etusivu\",\"item\":\"https:\/\/kinnunen.fi\/\"},{\"@type\":\"ListItem\",\"position\":2,\"name\":\"Kaikki tuotteet\",\"item\":\"https:\/\/kinnunen.fi\/kauppa\/\"},{\"@type\":\"ListItem\",\"position\":3,\"name\":\"Kauneudenhoito\",\"item\":\"https:\/\/kinnunen.fi\/tuote-osasto\/kauneudenhoito\/\"},{\"@type\":\"ListItem\",\"position\":4,\"name\":\"Kynnet ja k\u00e4det\",\"item\":\"https:\/\/kinnunen.fi\/tuote-osasto\/kauneudenhoito\/kynnet-ja-kadet\/\"},{\"@type\":\"ListItem\",\"position\":5,\"name\":\"Moyra Glitter Powder 5g, no.34\"}]},{\"@type\":\"WebSite\",\"@id\":\"https:\/\/kinnunen.fi\/#website\",\"url\":\"https:\/\/kinnunen.fi\/\",\"name\":\"Kinnunen\",\"description\":\"\",\"potentialAction\":[{\"@type\":\"SearchAction\",\"target\":{\"@type\":\"EntryPoint\",\"urlTemplate\":\"https:\/\/kinnunen.fi\/?s={search_term_string}\"},\"query-input\":\"required name=search_term_string\"}],\"inLanguage\":\"en-GB\"}]}<\/script>\n<!-- \/ Yoast SEO plugin. -->","yoast_head_json":{"title":"Moyra Glitter Powder 5g, no.34 - Kinnunen","robots":{"index":"index","follow":"follow","max-snippet":"max-snippet:-1","max-image-preview":"max-image-preview:large","max-video-preview":"max-video-preview:-1"},"canonical":"https:\/\/kinnunen.fi\/en\/product\/moyra-glitter-powder-5g-no-34\/","og_locale":"en_GB","og_type":"article","og_title":"Moyra Glitter Powder 5g, no.34 - Kinnunen","og_description":"#V\u00e4rikyll\u00e4inen, kimaltava, hienojakoinen glitterhile, joka voidaan sekoittaa geeliin, akryyliin tai geelilakkoihin. Voit k\u00e4ytt\u00e4\u00e4 tuotetta koko kynnell\u00e4 tai pieniss\u00e4 yksityiskohdissa.","og_url":"https:\/\/kinnunen.fi\/en\/product\/moyra-glitter-powder-5g-no-34\/","og_site_name":"Kinnunen","article_modified_time":"2026-04-29T01:00:28+00:00","og_image":[{"width":600,"height":600,"url":"https:\/\/kinnunen.fi\/wp-content\/uploads\/2022\/03\/MGLPO34.png","type":"image\/png"}],"twitter_card":"summary_large_image","schema":{"@context":"https:\/\/schema.org","@graph":[{"@type":"WebPage","@id":"https:\/\/kinnunen.fi\/tuote\/moyra-glitter-powder-5g-no-34\/","url":"https:\/\/kinnunen.fi\/tuote\/moyra-glitter-powder-5g-no-34\/","name":"Moyra Glitter Powder 5g, no.34 - Kinnunen","isPartOf":{"@id":"https:\/\/kinnunen.fi\/#website"},"primaryImageOfPage":{"@id":"https:\/\/kinnunen.fi\/tuote\/moyra-glitter-powder-5g-no-34\/#primaryimage"},"image":{"@id":"https:\/\/kinnunen.fi\/tuote\/moyra-glitter-powder-5g-no-34\/#primaryimage"},"thumbnailUrl":"https:\/\/kinnunen.fi\/wp-content\/uploads\/2022\/03\/MGLPO34.png","datePublished":"2022-03-07T10:10:30+00:00","dateModified":"2026-04-29T01:00:28+00:00","breadcrumb":{"@id":"https:\/\/kinnunen.fi\/tuote\/moyra-glitter-powder-5g-no-34\/#breadcrumb"},"inLanguage":"en-GB","potentialAction":[{"@type":"ReadAction","target":["https:\/\/kinnunen.fi\/tuote\/moyra-glitter-powder-5g-no-34\/"]}]},{"@type":"ImageObject","inLanguage":"en-GB","@id":"https:\/\/kinnunen.fi\/tuote\/moyra-glitter-powder-5g-no-34\/#primaryimage","url":"https:\/\/kinnunen.fi\/wp-content\/uploads\/2022\/03\/MGLPO34.png","contentUrl":"https:\/\/kinnunen.fi\/wp-content\/uploads\/2022\/03\/MGLPO34.png","width":600,"height":600},{"@type":"BreadcrumbList","@id":"https:\/\/kinnunen.fi\/tuote\/moyra-glitter-powder-5g-no-34\/#breadcrumb","itemListElement":[{"@type":"ListItem","position":1,"name":"Etusivu","item":"https:\/\/kinnunen.fi\/"},{"@type":"ListItem","position":2,"name":"Kaikki tuotteet","item":"https:\/\/kinnunen.fi\/kauppa\/"},{"@type":"ListItem","position":3,"name":"Kauneudenhoito","item":"https:\/\/kinnunen.fi\/tuote-osasto\/kauneudenhoito\/"},{"@type":"ListItem","position":4,"name":"Kynnet ja k\u00e4det","item":"https:\/\/kinnunen.fi\/tuote-osasto\/kauneudenhoito\/kynnet-ja-kadet\/"},{"@type":"ListItem","position":5,"name":"Moyra Glitter Powder 5g, no.34"}]},{"@type":"WebSite","@id":"https:\/\/kinnunen.fi\/#website","url":"https:\/\/kinnunen.fi\/","name":"Kinnunen","description":"","potentialAction":[{"@type":"SearchAction","target":{"@type":"EntryPoint","urlTemplate":"https:\/\/kinnunen.fi\/?s={search_term_string}"},"query-input":"required name=search_term_string"}],"inLanguage":"en-GB"}]}},"_links":{"self":[{"href":"https:\/\/kinnunen.fi\/en\/wp-json\/wp\/v2\/product\/21106"}],"collection":[{"href":"https:\/\/kinnunen.fi\/en\/wp-json\/wp\/v2\/product"}],"about":[{"href":"https:\/\/kinnunen.fi\/en\/wp-json\/wp\/v2\/types\/product"}],"replies":[{"embeddable":true,"href":"https:\/\/kinnunen.fi\/en\/wp-json\/wp\/v2\/comments?post=21106"}],"wp:featuredmedia":[{"embeddable":true,"href":"https:\/\/kinnunen.fi\/en\/wp-json\/wp\/v2\/media\/21232"}],"wp:attachment":[{"href":"https:\/\/kinnunen.fi\/en\/wp-json\/wp\/v2\/media?parent=21106"}],"wp:term":[{"taxonomy":"product_cat","embeddable":true,"href":"https:\/\/kinnunen.fi\/en\/wp-json\/wp\/v2\/product_cat?post=21106"},{"taxonomy":"product_tag","embeddable":true,"href":"https:\/\/kinnunen.fi\/en\/wp-json\/wp\/v2\/product_tag?post=21106"}],"curies":[{"name":"wp","href":"https:\/\/api.w.org\/{rel}","templated":true}]}}