

{"id":21136,"date":"2022-03-07T12:10:41","date_gmt":"2022-03-07T10:10:41","guid":{"rendered":"https:\/\/kinnunen.fi\/?post_type=product&#038;p=21136"},"modified":"2026-05-01T04:00:29","modified_gmt":"2026-05-01T01:00:29","slug":"__trashed-1846__trashed","status":"publish","type":"product","link":"https:\/\/kinnunen.fi\/en\/product\/__trashed-1846__trashed\/","title":{"rendered":"Moyra Nail Care Oil Gel 12ml, Pomegranate"},"content":{"rendered":"<p>#Gelicious oil for cuticles. Formulated with nourishing vitamins to moisturise and condition dry cuticles and nails. Regular use helps keep nails supple and strengthens them. The product is quickly absorbed and does not leave an oily feeling. Massage the product onto nails and cuticles. If you have used the product in this way, before polishing your nails, wash your hands thoroughly. Also suitable as a home care product.<\/p>","protected":false},"excerpt":{"rendered":"<p>#Geelim\u00e4inen \u00f6ljy kynsinauhoille. Koostumus sis\u00e4lt\u00e4\u00e4 hoitavia vitamiineja, jotka kosteuttavat ja hoitavat kuivia kynsinauhoja ja kynsi\u00e4. S\u00e4\u00e4nn\u00f6llinen k\u00e4ytt\u00f6 auttaa pit\u00e4m\u00e4\u00e4n kynnet&hellip;<\/p>","protected":false},"featured_media":21345,"comment_status":"open","ping_status":"closed","template":"","meta":{"_relevanssi_hide_post":"","_relevanssi_pin_for_all":"","_relevanssi_pin_keywords":"","_relevanssi_unpin_keywords":"","_relevanssi_related_keywords":"","_relevanssi_related_include_ids":"","_relevanssi_related_exclude_ids":"","_relevanssi_related_no_append":"","_relevanssi_related_not_related":"","_relevanssi_related_posts":"","_relevanssi_noindex_reason":""},"product_cat":[1865,1892],"product_tag":[],"class_list":["post-21136","product","type-product","status-publish","has-post-thumbnail","hentry","product_cat-kynnet-ja-kadet","product_cat-kynsienhoitotuotteet","tuotemerkki-moyra"],"tuotemerkit":[{"term_id":1995,"name":"Moyra","slug":"moyra","term_group":0,"term_taxonomy_id":1995,"taxonomy":"tuotemerkki","description":"","parent":0,"count":60,"filter":"raw"}],"acf":[],"yoast_head":"<!-- This site is optimized with the Yoast SEO plugin v23.3 - https:\/\/yoast.com\/wordpress\/plugins\/seo\/ -->\n<title>Moyra Nail Care Oil Gel 12ml, Pomegranate - Kinnunen<\/title>\n<meta name=\"robots\" content=\"index, follow, max-snippet:-1, max-image-preview:large, max-video-preview:-1\" \/>\n<link rel=\"canonical\" href=\"https:\/\/kinnunen.fi\/en\/product\/__trashed-1846__trashed\/\" \/>\n<meta property=\"og:locale\" content=\"en_GB\" \/>\n<meta property=\"og:type\" content=\"article\" \/>\n<meta property=\"og:title\" content=\"Moyra Nail Care Oil Gel 12ml, Pomegranate - Kinnunen\" \/>\n<meta property=\"og:description\" content=\"#Geelim\u00e4inen \u00f6ljy kynsinauhoille. Koostumus sis\u00e4lt\u00e4\u00e4 hoitavia vitamiineja, jotka kosteuttavat ja hoitavat kuivia kynsinauhoja ja kynsi\u00e4. S\u00e4\u00e4nn\u00f6llinen k\u00e4ytt\u00f6 auttaa pit\u00e4m\u00e4\u00e4n kynnet&hellip;\" \/>\n<meta property=\"og:url\" content=\"https:\/\/kinnunen.fi\/en\/product\/__trashed-1846__trashed\/\" \/>\n<meta property=\"og:site_name\" content=\"Kinnunen\" \/>\n<meta property=\"article:modified_time\" content=\"2026-05-01T01:00:29+00:00\" \/>\n<meta property=\"og:image\" content=\"https:\/\/kinnunen.fi\/wp-content\/uploads\/2022\/03\/MNCOGPOM.jpg\" \/>\n\t<meta property=\"og:image:width\" content=\"1000\" \/>\n\t<meta property=\"og:image:height\" content=\"1000\" \/>\n\t<meta property=\"og:image:type\" content=\"image\/jpeg\" \/>\n<meta name=\"twitter:card\" content=\"summary_large_image\" \/>\n<script type=\"application\/ld+json\" class=\"yoast-schema-graph\">{\"@context\":\"https:\/\/schema.org\",\"@graph\":[{\"@type\":\"WebPage\",\"@id\":\"https:\/\/kinnunen.fi\/tuote\/__trashed-1846__trashed\/\",\"url\":\"https:\/\/kinnunen.fi\/tuote\/__trashed-1846__trashed\/\",\"name\":\"Moyra Nail Care Oil Gel 12ml, Pomegranate - Kinnunen\",\"isPartOf\":{\"@id\":\"https:\/\/kinnunen.fi\/#website\"},\"primaryImageOfPage\":{\"@id\":\"https:\/\/kinnunen.fi\/tuote\/__trashed-1846__trashed\/#primaryimage\"},\"image\":{\"@id\":\"https:\/\/kinnunen.fi\/tuote\/__trashed-1846__trashed\/#primaryimage\"},\"thumbnailUrl\":\"https:\/\/kinnunen.fi\/wp-content\/uploads\/2022\/03\/MNCOGPOM.jpg\",\"datePublished\":\"2022-03-07T10:10:41+00:00\",\"dateModified\":\"2026-05-01T01:00:29+00:00\",\"breadcrumb\":{\"@id\":\"https:\/\/kinnunen.fi\/tuote\/__trashed-1846__trashed\/#breadcrumb\"},\"inLanguage\":\"en-GB\",\"potentialAction\":[{\"@type\":\"ReadAction\",\"target\":[\"https:\/\/kinnunen.fi\/tuote\/__trashed-1846__trashed\/\"]}]},{\"@type\":\"ImageObject\",\"inLanguage\":\"en-GB\",\"@id\":\"https:\/\/kinnunen.fi\/tuote\/__trashed-1846__trashed\/#primaryimage\",\"url\":\"https:\/\/kinnunen.fi\/wp-content\/uploads\/2022\/03\/MNCOGPOM.jpg\",\"contentUrl\":\"https:\/\/kinnunen.fi\/wp-content\/uploads\/2022\/03\/MNCOGPOM.jpg\",\"width\":1000,\"height\":1000},{\"@type\":\"BreadcrumbList\",\"@id\":\"https:\/\/kinnunen.fi\/tuote\/__trashed-1846__trashed\/#breadcrumb\",\"itemListElement\":[{\"@type\":\"ListItem\",\"position\":1,\"name\":\"Etusivu\",\"item\":\"https:\/\/kinnunen.fi\/\"},{\"@type\":\"ListItem\",\"position\":2,\"name\":\"Kaikki tuotteet\",\"item\":\"https:\/\/kinnunen.fi\/kauppa\/\"},{\"@type\":\"ListItem\",\"position\":3,\"name\":\"Kauneudenhoito\",\"item\":\"https:\/\/kinnunen.fi\/tuote-osasto\/kauneudenhoito\/\"},{\"@type\":\"ListItem\",\"position\":4,\"name\":\"Kynnet ja k\u00e4det\",\"item\":\"https:\/\/kinnunen.fi\/tuote-osasto\/kauneudenhoito\/kynnet-ja-kadet\/\"},{\"@type\":\"ListItem\",\"position\":5,\"name\":\"Moyra Nail Care Oil Gel 12ml, Pomegranate\"}]},{\"@type\":\"WebSite\",\"@id\":\"https:\/\/kinnunen.fi\/#website\",\"url\":\"https:\/\/kinnunen.fi\/\",\"name\":\"Kinnunen\",\"description\":\"\",\"potentialAction\":[{\"@type\":\"SearchAction\",\"target\":{\"@type\":\"EntryPoint\",\"urlTemplate\":\"https:\/\/kinnunen.fi\/?s={search_term_string}\"},\"query-input\":\"required name=search_term_string\"}],\"inLanguage\":\"en-GB\"}]}<\/script>\n<!-- \/ Yoast SEO plugin. -->","yoast_head_json":{"title":"Moyra Nail Care Oil Gel 12ml, Pomegranate - Kinnunen","robots":{"index":"index","follow":"follow","max-snippet":"max-snippet:-1","max-image-preview":"max-image-preview:large","max-video-preview":"max-video-preview:-1"},"canonical":"https:\/\/kinnunen.fi\/en\/product\/__trashed-1846__trashed\/","og_locale":"en_GB","og_type":"article","og_title":"Moyra Nail Care Oil Gel 12ml, Pomegranate - Kinnunen","og_description":"#Geelim\u00e4inen \u00f6ljy kynsinauhoille. Koostumus sis\u00e4lt\u00e4\u00e4 hoitavia vitamiineja, jotka kosteuttavat ja hoitavat kuivia kynsinauhoja ja kynsi\u00e4. S\u00e4\u00e4nn\u00f6llinen k\u00e4ytt\u00f6 auttaa pit\u00e4m\u00e4\u00e4n kynnet&hellip;","og_url":"https:\/\/kinnunen.fi\/en\/product\/__trashed-1846__trashed\/","og_site_name":"Kinnunen","article_modified_time":"2026-05-01T01:00:29+00:00","og_image":[{"width":1000,"height":1000,"url":"https:\/\/kinnunen.fi\/wp-content\/uploads\/2022\/03\/MNCOGPOM.jpg","type":"image\/jpeg"}],"twitter_card":"summary_large_image","schema":{"@context":"https:\/\/schema.org","@graph":[{"@type":"WebPage","@id":"https:\/\/kinnunen.fi\/tuote\/__trashed-1846__trashed\/","url":"https:\/\/kinnunen.fi\/tuote\/__trashed-1846__trashed\/","name":"Moyra Nail Care Oil Gel 12ml, Pomegranate - Kinnunen","isPartOf":{"@id":"https:\/\/kinnunen.fi\/#website"},"primaryImageOfPage":{"@id":"https:\/\/kinnunen.fi\/tuote\/__trashed-1846__trashed\/#primaryimage"},"image":{"@id":"https:\/\/kinnunen.fi\/tuote\/__trashed-1846__trashed\/#primaryimage"},"thumbnailUrl":"https:\/\/kinnunen.fi\/wp-content\/uploads\/2022\/03\/MNCOGPOM.jpg","datePublished":"2022-03-07T10:10:41+00:00","dateModified":"2026-05-01T01:00:29+00:00","breadcrumb":{"@id":"https:\/\/kinnunen.fi\/tuote\/__trashed-1846__trashed\/#breadcrumb"},"inLanguage":"en-GB","potentialAction":[{"@type":"ReadAction","target":["https:\/\/kinnunen.fi\/tuote\/__trashed-1846__trashed\/"]}]},{"@type":"ImageObject","inLanguage":"en-GB","@id":"https:\/\/kinnunen.fi\/tuote\/__trashed-1846__trashed\/#primaryimage","url":"https:\/\/kinnunen.fi\/wp-content\/uploads\/2022\/03\/MNCOGPOM.jpg","contentUrl":"https:\/\/kinnunen.fi\/wp-content\/uploads\/2022\/03\/MNCOGPOM.jpg","width":1000,"height":1000},{"@type":"BreadcrumbList","@id":"https:\/\/kinnunen.fi\/tuote\/__trashed-1846__trashed\/#breadcrumb","itemListElement":[{"@type":"ListItem","position":1,"name":"Etusivu","item":"https:\/\/kinnunen.fi\/"},{"@type":"ListItem","position":2,"name":"Kaikki tuotteet","item":"https:\/\/kinnunen.fi\/kauppa\/"},{"@type":"ListItem","position":3,"name":"Kauneudenhoito","item":"https:\/\/kinnunen.fi\/tuote-osasto\/kauneudenhoito\/"},{"@type":"ListItem","position":4,"name":"Kynnet ja k\u00e4det","item":"https:\/\/kinnunen.fi\/tuote-osasto\/kauneudenhoito\/kynnet-ja-kadet\/"},{"@type":"ListItem","position":5,"name":"Moyra Nail Care Oil Gel 12ml, Pomegranate"}]},{"@type":"WebSite","@id":"https:\/\/kinnunen.fi\/#website","url":"https:\/\/kinnunen.fi\/","name":"Kinnunen","description":"","potentialAction":[{"@type":"SearchAction","target":{"@type":"EntryPoint","urlTemplate":"https:\/\/kinnunen.fi\/?s={search_term_string}"},"query-input":"required name=search_term_string"}],"inLanguage":"en-GB"}]}},"_links":{"self":[{"href":"https:\/\/kinnunen.fi\/en\/wp-json\/wp\/v2\/product\/21136"}],"collection":[{"href":"https:\/\/kinnunen.fi\/en\/wp-json\/wp\/v2\/product"}],"about":[{"href":"https:\/\/kinnunen.fi\/en\/wp-json\/wp\/v2\/types\/product"}],"replies":[{"embeddable":true,"href":"https:\/\/kinnunen.fi\/en\/wp-json\/wp\/v2\/comments?post=21136"}],"wp:featuredmedia":[{"embeddable":true,"href":"https:\/\/kinnunen.fi\/en\/wp-json\/wp\/v2\/media\/21345"}],"wp:attachment":[{"href":"https:\/\/kinnunen.fi\/en\/wp-json\/wp\/v2\/media?parent=21136"}],"wp:term":[{"taxonomy":"product_cat","embeddable":true,"href":"https:\/\/kinnunen.fi\/en\/wp-json\/wp\/v2\/product_cat?post=21136"},{"taxonomy":"product_tag","embeddable":true,"href":"https:\/\/kinnunen.fi\/en\/wp-json\/wp\/v2\/product_tag?post=21136"}],"curies":[{"name":"wp","href":"https:\/\/api.w.org\/{rel}","templated":true}]}}