

{"id":21139,"date":"2022-03-07T12:10:42","date_gmt":"2022-03-07T10:10:42","guid":{"rendered":"https:\/\/kinnunen.fi\/?post_type=product&#038;p=21139"},"modified":"2026-04-19T04:00:28","modified_gmt":"2026-04-19T01:00:28","slug":"__trashed-1843__trashed","status":"publish","type":"product","link":"https:\/\/kinnunen.fi\/en\/product\/__trashed-1843__trashed\/","title":{"rendered":"Moyra Nail Stickers self-adhesive, no.12"},"content":{"rendered":"<p>#HE easy-to-attach, self-adhesive nail stickers. Create a new look for natural or structural nails. You can also combine the stickers with other decorations. Apply the sticker with top coat or UV-cured top coat gel for longer durability.<\/p>","protected":false},"excerpt":{"rendered":"<p>#Helposti kiinnitett\u00e4v\u00e4t, itseliimautuvat kynsitarrat. Saat luotua uutta ilmett\u00e4 luonnollisille tai rakennekynsille. Voit yhdist\u00e4\u00e4 tarroja my\u00f6s muihin koristeisiin. Kiinnit\u00e4 tarra p\u00e4\u00e4llyslakalla&hellip;<\/p>","protected":false},"featured_media":21347,"comment_status":"open","ping_status":"closed","template":"","meta":{"_relevanssi_hide_post":"","_relevanssi_pin_for_all":"","_relevanssi_pin_keywords":"","_relevanssi_unpin_keywords":"","_relevanssi_related_keywords":"","_relevanssi_related_include_ids":"","_relevanssi_related_exclude_ids":"","_relevanssi_related_no_append":"","_relevanssi_related_not_related":"","_relevanssi_related_posts":"","_relevanssi_noindex_reason":""},"product_cat":[1865,1880],"product_tag":[],"class_list":["post-21139","product","type-product","status-publish","has-post-thumbnail","hentry","product_cat-kynnet-ja-kadet","product_cat-oheistarvikkeet","tuotemerkki-moyra"],"tuotemerkit":[{"term_id":1995,"name":"Moyra","slug":"moyra","term_group":0,"term_taxonomy_id":1995,"taxonomy":"tuotemerkki","description":"","parent":0,"count":60,"filter":"raw"}],"acf":[],"yoast_head":"<!-- This site is optimized with the Yoast SEO plugin v23.3 - https:\/\/yoast.com\/wordpress\/plugins\/seo\/ -->\n<title>Moyra Nail Stickers self-adhesive, no.12 - Kinnunen<\/title>\n<meta name=\"robots\" content=\"index, follow, max-snippet:-1, max-image-preview:large, max-video-preview:-1\" \/>\n<link rel=\"canonical\" href=\"https:\/\/kinnunen.fi\/en\/product\/__trashed-1843__trashed\/\" \/>\n<meta property=\"og:locale\" content=\"en_GB\" \/>\n<meta property=\"og:type\" content=\"article\" \/>\n<meta property=\"og:title\" content=\"Moyra Nail Stickers self-adhesive, no.12 - Kinnunen\" \/>\n<meta property=\"og:description\" content=\"#Helposti kiinnitett\u00e4v\u00e4t, itseliimautuvat kynsitarrat. Saat luotua uutta ilmett\u00e4 luonnollisille tai rakennekynsille. Voit yhdist\u00e4\u00e4 tarroja my\u00f6s muihin koristeisiin. Kiinnit\u00e4 tarra p\u00e4\u00e4llyslakalla&hellip;\" \/>\n<meta property=\"og:url\" content=\"https:\/\/kinnunen.fi\/en\/product\/__trashed-1843__trashed\/\" \/>\n<meta property=\"og:site_name\" content=\"Kinnunen\" \/>\n<meta property=\"article:modified_time\" content=\"2026-04-19T01:00:28+00:00\" \/>\n<meta property=\"og:image\" content=\"https:\/\/kinnunen.fi\/wp-content\/uploads\/2022\/03\/MNSSA12.jpg\" \/>\n\t<meta property=\"og:image:width\" content=\"1000\" \/>\n\t<meta property=\"og:image:height\" content=\"1000\" \/>\n\t<meta property=\"og:image:type\" content=\"image\/jpeg\" \/>\n<meta name=\"twitter:card\" content=\"summary_large_image\" \/>\n<script type=\"application\/ld+json\" class=\"yoast-schema-graph\">{\"@context\":\"https:\/\/schema.org\",\"@graph\":[{\"@type\":\"WebPage\",\"@id\":\"https:\/\/kinnunen.fi\/tuote\/__trashed-1843__trashed\/\",\"url\":\"https:\/\/kinnunen.fi\/tuote\/__trashed-1843__trashed\/\",\"name\":\"Moyra Nail Stickers self-adhesive, no.12 - Kinnunen\",\"isPartOf\":{\"@id\":\"https:\/\/kinnunen.fi\/#website\"},\"primaryImageOfPage\":{\"@id\":\"https:\/\/kinnunen.fi\/tuote\/__trashed-1843__trashed\/#primaryimage\"},\"image\":{\"@id\":\"https:\/\/kinnunen.fi\/tuote\/__trashed-1843__trashed\/#primaryimage\"},\"thumbnailUrl\":\"https:\/\/kinnunen.fi\/wp-content\/uploads\/2022\/03\/MNSSA12.jpg\",\"datePublished\":\"2022-03-07T10:10:42+00:00\",\"dateModified\":\"2026-04-19T01:00:28+00:00\",\"breadcrumb\":{\"@id\":\"https:\/\/kinnunen.fi\/tuote\/__trashed-1843__trashed\/#breadcrumb\"},\"inLanguage\":\"en-GB\",\"potentialAction\":[{\"@type\":\"ReadAction\",\"target\":[\"https:\/\/kinnunen.fi\/tuote\/__trashed-1843__trashed\/\"]}]},{\"@type\":\"ImageObject\",\"inLanguage\":\"en-GB\",\"@id\":\"https:\/\/kinnunen.fi\/tuote\/__trashed-1843__trashed\/#primaryimage\",\"url\":\"https:\/\/kinnunen.fi\/wp-content\/uploads\/2022\/03\/MNSSA12.jpg\",\"contentUrl\":\"https:\/\/kinnunen.fi\/wp-content\/uploads\/2022\/03\/MNSSA12.jpg\",\"width\":1000,\"height\":1000},{\"@type\":\"BreadcrumbList\",\"@id\":\"https:\/\/kinnunen.fi\/tuote\/__trashed-1843__trashed\/#breadcrumb\",\"itemListElement\":[{\"@type\":\"ListItem\",\"position\":1,\"name\":\"Etusivu\",\"item\":\"https:\/\/kinnunen.fi\/\"},{\"@type\":\"ListItem\",\"position\":2,\"name\":\"Kaikki tuotteet\",\"item\":\"https:\/\/kinnunen.fi\/kauppa\/\"},{\"@type\":\"ListItem\",\"position\":3,\"name\":\"Kauneudenhoito\",\"item\":\"https:\/\/kinnunen.fi\/tuote-osasto\/kauneudenhoito\/\"},{\"@type\":\"ListItem\",\"position\":4,\"name\":\"Kynnet ja k\u00e4det\",\"item\":\"https:\/\/kinnunen.fi\/tuote-osasto\/kauneudenhoito\/kynnet-ja-kadet\/\"},{\"@type\":\"ListItem\",\"position\":5,\"name\":\"Moyra Nail Stickers self-adhesive, no.12\"}]},{\"@type\":\"WebSite\",\"@id\":\"https:\/\/kinnunen.fi\/#website\",\"url\":\"https:\/\/kinnunen.fi\/\",\"name\":\"Kinnunen\",\"description\":\"\",\"potentialAction\":[{\"@type\":\"SearchAction\",\"target\":{\"@type\":\"EntryPoint\",\"urlTemplate\":\"https:\/\/kinnunen.fi\/?s={search_term_string}\"},\"query-input\":\"required name=search_term_string\"}],\"inLanguage\":\"en-GB\"}]}<\/script>\n<!-- \/ Yoast SEO plugin. -->","yoast_head_json":{"title":"Moyra Nail Stickers self-adhesive, no.12 - Kinnunen","robots":{"index":"index","follow":"follow","max-snippet":"max-snippet:-1","max-image-preview":"max-image-preview:large","max-video-preview":"max-video-preview:-1"},"canonical":"https:\/\/kinnunen.fi\/en\/product\/__trashed-1843__trashed\/","og_locale":"en_GB","og_type":"article","og_title":"Moyra Nail Stickers self-adhesive, no.12 - Kinnunen","og_description":"#Helposti kiinnitett\u00e4v\u00e4t, itseliimautuvat kynsitarrat. Saat luotua uutta ilmett\u00e4 luonnollisille tai rakennekynsille. Voit yhdist\u00e4\u00e4 tarroja my\u00f6s muihin koristeisiin. Kiinnit\u00e4 tarra p\u00e4\u00e4llyslakalla&hellip;","og_url":"https:\/\/kinnunen.fi\/en\/product\/__trashed-1843__trashed\/","og_site_name":"Kinnunen","article_modified_time":"2026-04-19T01:00:28+00:00","og_image":[{"width":1000,"height":1000,"url":"https:\/\/kinnunen.fi\/wp-content\/uploads\/2022\/03\/MNSSA12.jpg","type":"image\/jpeg"}],"twitter_card":"summary_large_image","schema":{"@context":"https:\/\/schema.org","@graph":[{"@type":"WebPage","@id":"https:\/\/kinnunen.fi\/tuote\/__trashed-1843__trashed\/","url":"https:\/\/kinnunen.fi\/tuote\/__trashed-1843__trashed\/","name":"Moyra Nail Stickers self-adhesive, no.12 - Kinnunen","isPartOf":{"@id":"https:\/\/kinnunen.fi\/#website"},"primaryImageOfPage":{"@id":"https:\/\/kinnunen.fi\/tuote\/__trashed-1843__trashed\/#primaryimage"},"image":{"@id":"https:\/\/kinnunen.fi\/tuote\/__trashed-1843__trashed\/#primaryimage"},"thumbnailUrl":"https:\/\/kinnunen.fi\/wp-content\/uploads\/2022\/03\/MNSSA12.jpg","datePublished":"2022-03-07T10:10:42+00:00","dateModified":"2026-04-19T01:00:28+00:00","breadcrumb":{"@id":"https:\/\/kinnunen.fi\/tuote\/__trashed-1843__trashed\/#breadcrumb"},"inLanguage":"en-GB","potentialAction":[{"@type":"ReadAction","target":["https:\/\/kinnunen.fi\/tuote\/__trashed-1843__trashed\/"]}]},{"@type":"ImageObject","inLanguage":"en-GB","@id":"https:\/\/kinnunen.fi\/tuote\/__trashed-1843__trashed\/#primaryimage","url":"https:\/\/kinnunen.fi\/wp-content\/uploads\/2022\/03\/MNSSA12.jpg","contentUrl":"https:\/\/kinnunen.fi\/wp-content\/uploads\/2022\/03\/MNSSA12.jpg","width":1000,"height":1000},{"@type":"BreadcrumbList","@id":"https:\/\/kinnunen.fi\/tuote\/__trashed-1843__trashed\/#breadcrumb","itemListElement":[{"@type":"ListItem","position":1,"name":"Etusivu","item":"https:\/\/kinnunen.fi\/"},{"@type":"ListItem","position":2,"name":"Kaikki tuotteet","item":"https:\/\/kinnunen.fi\/kauppa\/"},{"@type":"ListItem","position":3,"name":"Kauneudenhoito","item":"https:\/\/kinnunen.fi\/tuote-osasto\/kauneudenhoito\/"},{"@type":"ListItem","position":4,"name":"Kynnet ja k\u00e4det","item":"https:\/\/kinnunen.fi\/tuote-osasto\/kauneudenhoito\/kynnet-ja-kadet\/"},{"@type":"ListItem","position":5,"name":"Moyra Nail Stickers self-adhesive, no.12"}]},{"@type":"WebSite","@id":"https:\/\/kinnunen.fi\/#website","url":"https:\/\/kinnunen.fi\/","name":"Kinnunen","description":"","potentialAction":[{"@type":"SearchAction","target":{"@type":"EntryPoint","urlTemplate":"https:\/\/kinnunen.fi\/?s={search_term_string}"},"query-input":"required name=search_term_string"}],"inLanguage":"en-GB"}]}},"_links":{"self":[{"href":"https:\/\/kinnunen.fi\/en\/wp-json\/wp\/v2\/product\/21139"}],"collection":[{"href":"https:\/\/kinnunen.fi\/en\/wp-json\/wp\/v2\/product"}],"about":[{"href":"https:\/\/kinnunen.fi\/en\/wp-json\/wp\/v2\/types\/product"}],"replies":[{"embeddable":true,"href":"https:\/\/kinnunen.fi\/en\/wp-json\/wp\/v2\/comments?post=21139"}],"wp:featuredmedia":[{"embeddable":true,"href":"https:\/\/kinnunen.fi\/en\/wp-json\/wp\/v2\/media\/21347"}],"wp:attachment":[{"href":"https:\/\/kinnunen.fi\/en\/wp-json\/wp\/v2\/media?parent=21139"}],"wp:term":[{"taxonomy":"product_cat","embeddable":true,"href":"https:\/\/kinnunen.fi\/en\/wp-json\/wp\/v2\/product_cat?post=21139"},{"taxonomy":"product_tag","embeddable":true,"href":"https:\/\/kinnunen.fi\/en\/wp-json\/wp\/v2\/product_tag?post=21139"}],"curies":[{"name":"wp","href":"https:\/\/api.w.org\/{rel}","templated":true}]}}