

{"id":21141,"date":"2022-03-07T12:10:43","date_gmt":"2022-03-07T10:10:43","guid":{"rendered":"https:\/\/kinnunen.fi\/?post_type=product&#038;p=21141"},"modified":"2026-04-19T04:00:28","modified_gmt":"2026-04-19T01:00:28","slug":"moyra-21-cleaner-100ml-strawberry","status":"publish","type":"product","link":"https:\/\/kinnunen.fi\/en\/product\/moyra-21-cleaner-100ml-strawberry\/","title":{"rendered":"Moyra 2:1 Cleaner 100ml, strawberry"},"content":{"rendered":"<p>#Two products in one, cleaning and priming. The product prevents the growth of fungal bacteria, disinfects and dries the nail surface. These properties make it a good pre-treatment product for structural nails. Suitable for both acrylic and gel nails. Wait for the product to dry before adding any builders to the nail surface. Strawberry fragrance.<\/p>","protected":false},"excerpt":{"rendered":"<p>#Kaksi tuotetta yhdess\u00e4, puhdistus ja pohjustus. Tuote est\u00e4\u00e4 sienibakteerien kasvua, desinfioi ja kuivattaa kynnen pintaa. N\u00e4iden ominaisuuksien ansiosta se toimii&hellip;<\/p>","protected":false},"featured_media":21176,"comment_status":"open","ping_status":"closed","template":"","meta":{"_relevanssi_hide_post":"","_relevanssi_pin_for_all":"","_relevanssi_pin_keywords":"","_relevanssi_unpin_keywords":"","_relevanssi_related_keywords":"","_relevanssi_related_include_ids":"","_relevanssi_related_exclude_ids":"","_relevanssi_related_no_append":"","_relevanssi_related_not_related":"","_relevanssi_related_posts":"","_relevanssi_noindex_reason":""},"product_cat":[1865,1880],"product_tag":[],"class_list":["post-21141","product","type-product","status-publish","has-post-thumbnail","hentry","product_cat-kynnet-ja-kadet","product_cat-oheistarvikkeet","tuotemerkki-moyra"],"tuotemerkit":[{"term_id":1995,"name":"Moyra","slug":"moyra","term_group":0,"term_taxonomy_id":1995,"taxonomy":"tuotemerkki","description":"","parent":0,"count":60,"filter":"raw"}],"acf":[],"yoast_head":"<!-- This site is optimized with the Yoast SEO plugin v23.3 - https:\/\/yoast.com\/wordpress\/plugins\/seo\/ -->\n<title>Moyra 2:1 Cleaner 100ml, strawberry - Kinnunen<\/title>\n<meta name=\"robots\" content=\"index, follow, max-snippet:-1, max-image-preview:large, max-video-preview:-1\" \/>\n<link rel=\"canonical\" href=\"https:\/\/kinnunen.fi\/en\/product\/moyra-21-cleaner-100ml-strawberry\/\" \/>\n<meta property=\"og:locale\" content=\"en_GB\" \/>\n<meta property=\"og:type\" content=\"article\" \/>\n<meta property=\"og:title\" content=\"Moyra 2:1 Cleaner 100ml, strawberry - Kinnunen\" \/>\n<meta property=\"og:description\" content=\"#Kaksi tuotetta yhdess\u00e4, puhdistus ja pohjustus. Tuote est\u00e4\u00e4 sienibakteerien kasvua, desinfioi ja kuivattaa kynnen pintaa. N\u00e4iden ominaisuuksien ansiosta se toimii&hellip;\" \/>\n<meta property=\"og:url\" content=\"https:\/\/kinnunen.fi\/en\/product\/moyra-21-cleaner-100ml-strawberry\/\" \/>\n<meta property=\"og:site_name\" content=\"Kinnunen\" \/>\n<meta property=\"article:modified_time\" content=\"2026-04-19T01:00:28+00:00\" \/>\n<meta property=\"og:image\" content=\"https:\/\/kinnunen.fi\/wp-content\/uploads\/2022\/03\/M2-51-51-00-0001_2-1-Cleaner-Strawberry.jpg\" \/>\n\t<meta property=\"og:image:width\" content=\"450\" \/>\n\t<meta property=\"og:image:height\" content=\"450\" \/>\n\t<meta property=\"og:image:type\" content=\"image\/jpeg\" \/>\n<meta name=\"twitter:card\" content=\"summary_large_image\" \/>\n<script type=\"application\/ld+json\" class=\"yoast-schema-graph\">{\"@context\":\"https:\/\/schema.org\",\"@graph\":[{\"@type\":\"WebPage\",\"@id\":\"https:\/\/kinnunen.fi\/tuote\/moyra-21-cleaner-100ml-strawberry\/\",\"url\":\"https:\/\/kinnunen.fi\/tuote\/moyra-21-cleaner-100ml-strawberry\/\",\"name\":\"Moyra 2:1 Cleaner 100ml, strawberry - Kinnunen\",\"isPartOf\":{\"@id\":\"https:\/\/kinnunen.fi\/#website\"},\"primaryImageOfPage\":{\"@id\":\"https:\/\/kinnunen.fi\/tuote\/moyra-21-cleaner-100ml-strawberry\/#primaryimage\"},\"image\":{\"@id\":\"https:\/\/kinnunen.fi\/tuote\/moyra-21-cleaner-100ml-strawberry\/#primaryimage\"},\"thumbnailUrl\":\"https:\/\/kinnunen.fi\/wp-content\/uploads\/2022\/03\/M2-51-51-00-0001_2-1-Cleaner-Strawberry.jpg\",\"datePublished\":\"2022-03-07T10:10:43+00:00\",\"dateModified\":\"2026-04-19T01:00:28+00:00\",\"breadcrumb\":{\"@id\":\"https:\/\/kinnunen.fi\/tuote\/moyra-21-cleaner-100ml-strawberry\/#breadcrumb\"},\"inLanguage\":\"en-GB\",\"potentialAction\":[{\"@type\":\"ReadAction\",\"target\":[\"https:\/\/kinnunen.fi\/tuote\/moyra-21-cleaner-100ml-strawberry\/\"]}]},{\"@type\":\"ImageObject\",\"inLanguage\":\"en-GB\",\"@id\":\"https:\/\/kinnunen.fi\/tuote\/moyra-21-cleaner-100ml-strawberry\/#primaryimage\",\"url\":\"https:\/\/kinnunen.fi\/wp-content\/uploads\/2022\/03\/M2-51-51-00-0001_2-1-Cleaner-Strawberry.jpg\",\"contentUrl\":\"https:\/\/kinnunen.fi\/wp-content\/uploads\/2022\/03\/M2-51-51-00-0001_2-1-Cleaner-Strawberry.jpg\",\"width\":450,\"height\":450},{\"@type\":\"BreadcrumbList\",\"@id\":\"https:\/\/kinnunen.fi\/tuote\/moyra-21-cleaner-100ml-strawberry\/#breadcrumb\",\"itemListElement\":[{\"@type\":\"ListItem\",\"position\":1,\"name\":\"Etusivu\",\"item\":\"https:\/\/kinnunen.fi\/\"},{\"@type\":\"ListItem\",\"position\":2,\"name\":\"Kaikki tuotteet\",\"item\":\"https:\/\/kinnunen.fi\/kauppa\/\"},{\"@type\":\"ListItem\",\"position\":3,\"name\":\"Kauneudenhoito\",\"item\":\"https:\/\/kinnunen.fi\/tuote-osasto\/kauneudenhoito\/\"},{\"@type\":\"ListItem\",\"position\":4,\"name\":\"Kynnet ja k\u00e4det\",\"item\":\"https:\/\/kinnunen.fi\/tuote-osasto\/kauneudenhoito\/kynnet-ja-kadet\/\"},{\"@type\":\"ListItem\",\"position\":5,\"name\":\"Moyra 2:1 Cleaner 100ml, strawberry\"}]},{\"@type\":\"WebSite\",\"@id\":\"https:\/\/kinnunen.fi\/#website\",\"url\":\"https:\/\/kinnunen.fi\/\",\"name\":\"Kinnunen\",\"description\":\"\",\"potentialAction\":[{\"@type\":\"SearchAction\",\"target\":{\"@type\":\"EntryPoint\",\"urlTemplate\":\"https:\/\/kinnunen.fi\/?s={search_term_string}\"},\"query-input\":\"required name=search_term_string\"}],\"inLanguage\":\"en-GB\"}]}<\/script>\n<!-- \/ Yoast SEO plugin. -->","yoast_head_json":{"title":"Moyra 2:1 Cleaner 100ml, strawberry - Kinnunen","robots":{"index":"index","follow":"follow","max-snippet":"max-snippet:-1","max-image-preview":"max-image-preview:large","max-video-preview":"max-video-preview:-1"},"canonical":"https:\/\/kinnunen.fi\/en\/product\/moyra-21-cleaner-100ml-strawberry\/","og_locale":"en_GB","og_type":"article","og_title":"Moyra 2:1 Cleaner 100ml, strawberry - Kinnunen","og_description":"#Kaksi tuotetta yhdess\u00e4, puhdistus ja pohjustus. Tuote est\u00e4\u00e4 sienibakteerien kasvua, desinfioi ja kuivattaa kynnen pintaa. N\u00e4iden ominaisuuksien ansiosta se toimii&hellip;","og_url":"https:\/\/kinnunen.fi\/en\/product\/moyra-21-cleaner-100ml-strawberry\/","og_site_name":"Kinnunen","article_modified_time":"2026-04-19T01:00:28+00:00","og_image":[{"width":450,"height":450,"url":"https:\/\/kinnunen.fi\/wp-content\/uploads\/2022\/03\/M2-51-51-00-0001_2-1-Cleaner-Strawberry.jpg","type":"image\/jpeg"}],"twitter_card":"summary_large_image","schema":{"@context":"https:\/\/schema.org","@graph":[{"@type":"WebPage","@id":"https:\/\/kinnunen.fi\/tuote\/moyra-21-cleaner-100ml-strawberry\/","url":"https:\/\/kinnunen.fi\/tuote\/moyra-21-cleaner-100ml-strawberry\/","name":"Moyra 2:1 Cleaner 100ml, strawberry - Kinnunen","isPartOf":{"@id":"https:\/\/kinnunen.fi\/#website"},"primaryImageOfPage":{"@id":"https:\/\/kinnunen.fi\/tuote\/moyra-21-cleaner-100ml-strawberry\/#primaryimage"},"image":{"@id":"https:\/\/kinnunen.fi\/tuote\/moyra-21-cleaner-100ml-strawberry\/#primaryimage"},"thumbnailUrl":"https:\/\/kinnunen.fi\/wp-content\/uploads\/2022\/03\/M2-51-51-00-0001_2-1-Cleaner-Strawberry.jpg","datePublished":"2022-03-07T10:10:43+00:00","dateModified":"2026-04-19T01:00:28+00:00","breadcrumb":{"@id":"https:\/\/kinnunen.fi\/tuote\/moyra-21-cleaner-100ml-strawberry\/#breadcrumb"},"inLanguage":"en-GB","potentialAction":[{"@type":"ReadAction","target":["https:\/\/kinnunen.fi\/tuote\/moyra-21-cleaner-100ml-strawberry\/"]}]},{"@type":"ImageObject","inLanguage":"en-GB","@id":"https:\/\/kinnunen.fi\/tuote\/moyra-21-cleaner-100ml-strawberry\/#primaryimage","url":"https:\/\/kinnunen.fi\/wp-content\/uploads\/2022\/03\/M2-51-51-00-0001_2-1-Cleaner-Strawberry.jpg","contentUrl":"https:\/\/kinnunen.fi\/wp-content\/uploads\/2022\/03\/M2-51-51-00-0001_2-1-Cleaner-Strawberry.jpg","width":450,"height":450},{"@type":"BreadcrumbList","@id":"https:\/\/kinnunen.fi\/tuote\/moyra-21-cleaner-100ml-strawberry\/#breadcrumb","itemListElement":[{"@type":"ListItem","position":1,"name":"Etusivu","item":"https:\/\/kinnunen.fi\/"},{"@type":"ListItem","position":2,"name":"Kaikki tuotteet","item":"https:\/\/kinnunen.fi\/kauppa\/"},{"@type":"ListItem","position":3,"name":"Kauneudenhoito","item":"https:\/\/kinnunen.fi\/tuote-osasto\/kauneudenhoito\/"},{"@type":"ListItem","position":4,"name":"Kynnet ja k\u00e4det","item":"https:\/\/kinnunen.fi\/tuote-osasto\/kauneudenhoito\/kynnet-ja-kadet\/"},{"@type":"ListItem","position":5,"name":"Moyra 2:1 Cleaner 100ml, strawberry"}]},{"@type":"WebSite","@id":"https:\/\/kinnunen.fi\/#website","url":"https:\/\/kinnunen.fi\/","name":"Kinnunen","description":"","potentialAction":[{"@type":"SearchAction","target":{"@type":"EntryPoint","urlTemplate":"https:\/\/kinnunen.fi\/?s={search_term_string}"},"query-input":"required name=search_term_string"}],"inLanguage":"en-GB"}]}},"_links":{"self":[{"href":"https:\/\/kinnunen.fi\/en\/wp-json\/wp\/v2\/product\/21141"}],"collection":[{"href":"https:\/\/kinnunen.fi\/en\/wp-json\/wp\/v2\/product"}],"about":[{"href":"https:\/\/kinnunen.fi\/en\/wp-json\/wp\/v2\/types\/product"}],"replies":[{"embeddable":true,"href":"https:\/\/kinnunen.fi\/en\/wp-json\/wp\/v2\/comments?post=21141"}],"wp:featuredmedia":[{"embeddable":true,"href":"https:\/\/kinnunen.fi\/en\/wp-json\/wp\/v2\/media\/21176"}],"wp:attachment":[{"href":"https:\/\/kinnunen.fi\/en\/wp-json\/wp\/v2\/media?parent=21141"}],"wp:term":[{"taxonomy":"product_cat","embeddable":true,"href":"https:\/\/kinnunen.fi\/en\/wp-json\/wp\/v2\/product_cat?post=21141"},{"taxonomy":"product_tag","embeddable":true,"href":"https:\/\/kinnunen.fi\/en\/wp-json\/wp\/v2\/product_tag?post=21141"}],"curies":[{"name":"wp","href":"https:\/\/api.w.org\/{rel}","templated":true}]}}