

{"id":21726,"date":"2022-05-05T14:02:13","date_gmt":"2022-05-05T11:02:13","guid":{"rendered":"https:\/\/kinnunen.fi\/?post_type=product&#038;p=21726"},"modified":"2026-04-12T04:00:21","modified_gmt":"2026-04-12T01:00:21","slug":"nokkaklipsi-alumiini-muovi-100mm-12-kpl","status":"publish","type":"product","link":"https:\/\/kinnunen.fi\/en\/product\/nokkaklipsi-alumiini-muovi-100mm-12-kpl\/","title":{"rendered":"Nose clip, aluminium\/plastic, 100mm, 12 pieces"},"content":{"rendered":"","protected":false},"excerpt":{"rendered":"<p>Lightweight aluminium\/plastic cam clip. Easy to set, does not run in the hair. The clip effectively holds the hair in place thanks to the small teeth. Pack of 12. Colour assortment.<\/p>","protected":false},"featured_media":32753,"comment_status":"open","ping_status":"closed","template":"","meta":{"_relevanssi_hide_post":"","_relevanssi_pin_for_all":"","_relevanssi_pin_keywords":"","_relevanssi_unpin_keywords":"","_relevanssi_related_keywords":"","_relevanssi_related_include_ids":"","_relevanssi_related_exclude_ids":"","_relevanssi_related_no_append":"","_relevanssi_related_not_related":"","_relevanssi_related_posts":"","_relevanssi_noindex_reason":""},"product_cat":[1828],"product_tag":[],"class_list":["post-21726","product","type-product","status-publish","has-post-thumbnail","hentry","product_cat-klipsit","tuotemerkki-kinnunen"],"tuotemerkit":[{"term_id":177,"name":"Kinnunen","slug":"kinnunen","term_group":0,"term_taxonomy_id":177,"taxonomy":"tuotemerkki","description":"","parent":0,"count":90,"filter":"raw"}],"acf":[],"yoast_head":"<!-- This site is optimized with the Yoast SEO plugin v23.3 - https:\/\/yoast.com\/wordpress\/plugins\/seo\/ -->\n<title>Nokkaklipsi, alumiini\/muovi, 100mm, 12 kpl - Kinnunen<\/title>\n<meta name=\"robots\" content=\"index, follow, max-snippet:-1, max-image-preview:large, max-video-preview:-1\" \/>\n<link rel=\"canonical\" href=\"https:\/\/kinnunen.fi\/en\/product\/nokkaklipsi-alumiini-muovi-100mm-12-kpl\/\" \/>\n<meta property=\"og:locale\" content=\"en_GB\" \/>\n<meta property=\"og:type\" content=\"article\" \/>\n<meta property=\"og:title\" content=\"Nokkaklipsi, alumiini\/muovi, 100mm, 12 kpl - Kinnunen\" \/>\n<meta property=\"og:description\" content=\"Kevyt nokkaklipsi alumiini\/muovi. Helppo asettaa, ei valu hiuksissa. Klipsi pit\u00e4\u00e4 tehokkaasti hiukset paikoillaan pienten hammasten ansiosta. Pakkauksessa 12 kpl. V\u00e4rilajitelma.\" \/>\n<meta property=\"og:url\" content=\"https:\/\/kinnunen.fi\/en\/product\/nokkaklipsi-alumiini-muovi-100mm-12-kpl\/\" \/>\n<meta property=\"og:site_name\" content=\"Kinnunen\" \/>\n<meta property=\"article:modified_time\" content=\"2026-04-12T01:00:21+00:00\" \/>\n<meta property=\"og:image\" content=\"https:\/\/kinnunen.fi\/wp-content\/uploads\/2022\/05\/Nokkaklipsi-alum.muovi_71803.jpg\" \/>\n\t<meta property=\"og:image:width\" content=\"1000\" \/>\n\t<meta property=\"og:image:height\" content=\"1000\" \/>\n\t<meta property=\"og:image:type\" content=\"image\/jpeg\" \/>\n<meta name=\"twitter:card\" content=\"summary_large_image\" \/>\n<script type=\"application\/ld+json\" class=\"yoast-schema-graph\">{\"@context\":\"https:\/\/schema.org\",\"@graph\":[{\"@type\":\"WebPage\",\"@id\":\"https:\/\/kinnunen.fi\/tuote\/nokkaklipsi-alumiini-muovi-100mm-12-kpl\/\",\"url\":\"https:\/\/kinnunen.fi\/tuote\/nokkaklipsi-alumiini-muovi-100mm-12-kpl\/\",\"name\":\"Nokkaklipsi, alumiini\/muovi, 100mm, 12 kpl - Kinnunen\",\"isPartOf\":{\"@id\":\"https:\/\/kinnunen.fi\/#website\"},\"primaryImageOfPage\":{\"@id\":\"https:\/\/kinnunen.fi\/tuote\/nokkaklipsi-alumiini-muovi-100mm-12-kpl\/#primaryimage\"},\"image\":{\"@id\":\"https:\/\/kinnunen.fi\/tuote\/nokkaklipsi-alumiini-muovi-100mm-12-kpl\/#primaryimage\"},\"thumbnailUrl\":\"https:\/\/kinnunen.fi\/wp-content\/uploads\/2022\/05\/Nokkaklipsi-alum.muovi_71803.jpg\",\"datePublished\":\"2022-05-05T11:02:13+00:00\",\"dateModified\":\"2026-04-12T01:00:21+00:00\",\"breadcrumb\":{\"@id\":\"https:\/\/kinnunen.fi\/tuote\/nokkaklipsi-alumiini-muovi-100mm-12-kpl\/#breadcrumb\"},\"inLanguage\":\"en-GB\",\"potentialAction\":[{\"@type\":\"ReadAction\",\"target\":[\"https:\/\/kinnunen.fi\/tuote\/nokkaklipsi-alumiini-muovi-100mm-12-kpl\/\"]}]},{\"@type\":\"ImageObject\",\"inLanguage\":\"en-GB\",\"@id\":\"https:\/\/kinnunen.fi\/tuote\/nokkaklipsi-alumiini-muovi-100mm-12-kpl\/#primaryimage\",\"url\":\"https:\/\/kinnunen.fi\/wp-content\/uploads\/2022\/05\/Nokkaklipsi-alum.muovi_71803.jpg\",\"contentUrl\":\"https:\/\/kinnunen.fi\/wp-content\/uploads\/2022\/05\/Nokkaklipsi-alum.muovi_71803.jpg\",\"width\":1000,\"height\":1000},{\"@type\":\"BreadcrumbList\",\"@id\":\"https:\/\/kinnunen.fi\/tuote\/nokkaklipsi-alumiini-muovi-100mm-12-kpl\/#breadcrumb\",\"itemListElement\":[{\"@type\":\"ListItem\",\"position\":1,\"name\":\"Etusivu\",\"item\":\"https:\/\/kinnunen.fi\/\"},{\"@type\":\"ListItem\",\"position\":2,\"name\":\"Kaikki tuotteet\",\"item\":\"https:\/\/kinnunen.fi\/kauppa\/\"},{\"@type\":\"ListItem\",\"position\":3,\"name\":\"Tarvikkeet\",\"item\":\"https:\/\/kinnunen.fi\/tuote-osasto\/tarvikkeet\/\"},{\"@type\":\"ListItem\",\"position\":4,\"name\":\"Klipsit\",\"item\":\"https:\/\/kinnunen.fi\/tuote-osasto\/tarvikkeet\/klipsit\/\"},{\"@type\":\"ListItem\",\"position\":5,\"name\":\"Nokkaklipsi, alumiini\/muovi, 100mm, 12 kpl\"}]},{\"@type\":\"WebSite\",\"@id\":\"https:\/\/kinnunen.fi\/#website\",\"url\":\"https:\/\/kinnunen.fi\/\",\"name\":\"Kinnunen\",\"description\":\"\",\"potentialAction\":[{\"@type\":\"SearchAction\",\"target\":{\"@type\":\"EntryPoint\",\"urlTemplate\":\"https:\/\/kinnunen.fi\/?s={search_term_string}\"},\"query-input\":\"required name=search_term_string\"}],\"inLanguage\":\"en-GB\"}]}<\/script>\n<!-- \/ Yoast SEO plugin. -->","yoast_head_json":{"title":"Nokkaklipsi, alumiini\/muovi, 100mm, 12 kpl - Kinnunen","robots":{"index":"index","follow":"follow","max-snippet":"max-snippet:-1","max-image-preview":"max-image-preview:large","max-video-preview":"max-video-preview:-1"},"canonical":"https:\/\/kinnunen.fi\/en\/product\/nokkaklipsi-alumiini-muovi-100mm-12-kpl\/","og_locale":"en_GB","og_type":"article","og_title":"Nokkaklipsi, alumiini\/muovi, 100mm, 12 kpl - Kinnunen","og_description":"Kevyt nokkaklipsi alumiini\/muovi. Helppo asettaa, ei valu hiuksissa. Klipsi pit\u00e4\u00e4 tehokkaasti hiukset paikoillaan pienten hammasten ansiosta. Pakkauksessa 12 kpl. V\u00e4rilajitelma.","og_url":"https:\/\/kinnunen.fi\/en\/product\/nokkaklipsi-alumiini-muovi-100mm-12-kpl\/","og_site_name":"Kinnunen","article_modified_time":"2026-04-12T01:00:21+00:00","og_image":[{"width":1000,"height":1000,"url":"https:\/\/kinnunen.fi\/wp-content\/uploads\/2022\/05\/Nokkaklipsi-alum.muovi_71803.jpg","type":"image\/jpeg"}],"twitter_card":"summary_large_image","schema":{"@context":"https:\/\/schema.org","@graph":[{"@type":"WebPage","@id":"https:\/\/kinnunen.fi\/tuote\/nokkaklipsi-alumiini-muovi-100mm-12-kpl\/","url":"https:\/\/kinnunen.fi\/tuote\/nokkaklipsi-alumiini-muovi-100mm-12-kpl\/","name":"Nokkaklipsi, alumiini\/muovi, 100mm, 12 kpl - Kinnunen","isPartOf":{"@id":"https:\/\/kinnunen.fi\/#website"},"primaryImageOfPage":{"@id":"https:\/\/kinnunen.fi\/tuote\/nokkaklipsi-alumiini-muovi-100mm-12-kpl\/#primaryimage"},"image":{"@id":"https:\/\/kinnunen.fi\/tuote\/nokkaklipsi-alumiini-muovi-100mm-12-kpl\/#primaryimage"},"thumbnailUrl":"https:\/\/kinnunen.fi\/wp-content\/uploads\/2022\/05\/Nokkaklipsi-alum.muovi_71803.jpg","datePublished":"2022-05-05T11:02:13+00:00","dateModified":"2026-04-12T01:00:21+00:00","breadcrumb":{"@id":"https:\/\/kinnunen.fi\/tuote\/nokkaklipsi-alumiini-muovi-100mm-12-kpl\/#breadcrumb"},"inLanguage":"en-GB","potentialAction":[{"@type":"ReadAction","target":["https:\/\/kinnunen.fi\/tuote\/nokkaklipsi-alumiini-muovi-100mm-12-kpl\/"]}]},{"@type":"ImageObject","inLanguage":"en-GB","@id":"https:\/\/kinnunen.fi\/tuote\/nokkaklipsi-alumiini-muovi-100mm-12-kpl\/#primaryimage","url":"https:\/\/kinnunen.fi\/wp-content\/uploads\/2022\/05\/Nokkaklipsi-alum.muovi_71803.jpg","contentUrl":"https:\/\/kinnunen.fi\/wp-content\/uploads\/2022\/05\/Nokkaklipsi-alum.muovi_71803.jpg","width":1000,"height":1000},{"@type":"BreadcrumbList","@id":"https:\/\/kinnunen.fi\/tuote\/nokkaklipsi-alumiini-muovi-100mm-12-kpl\/#breadcrumb","itemListElement":[{"@type":"ListItem","position":1,"name":"Etusivu","item":"https:\/\/kinnunen.fi\/"},{"@type":"ListItem","position":2,"name":"Kaikki tuotteet","item":"https:\/\/kinnunen.fi\/kauppa\/"},{"@type":"ListItem","position":3,"name":"Tarvikkeet","item":"https:\/\/kinnunen.fi\/tuote-osasto\/tarvikkeet\/"},{"@type":"ListItem","position":4,"name":"Klipsit","item":"https:\/\/kinnunen.fi\/tuote-osasto\/tarvikkeet\/klipsit\/"},{"@type":"ListItem","position":5,"name":"Nokkaklipsi, alumiini\/muovi, 100mm, 12 kpl"}]},{"@type":"WebSite","@id":"https:\/\/kinnunen.fi\/#website","url":"https:\/\/kinnunen.fi\/","name":"Kinnunen","description":"","potentialAction":[{"@type":"SearchAction","target":{"@type":"EntryPoint","urlTemplate":"https:\/\/kinnunen.fi\/?s={search_term_string}"},"query-input":"required name=search_term_string"}],"inLanguage":"en-GB"}]}},"_links":{"self":[{"href":"https:\/\/kinnunen.fi\/en\/wp-json\/wp\/v2\/product\/21726"}],"collection":[{"href":"https:\/\/kinnunen.fi\/en\/wp-json\/wp\/v2\/product"}],"about":[{"href":"https:\/\/kinnunen.fi\/en\/wp-json\/wp\/v2\/types\/product"}],"replies":[{"embeddable":true,"href":"https:\/\/kinnunen.fi\/en\/wp-json\/wp\/v2\/comments?post=21726"}],"wp:featuredmedia":[{"embeddable":true,"href":"https:\/\/kinnunen.fi\/en\/wp-json\/wp\/v2\/media\/32753"}],"wp:attachment":[{"href":"https:\/\/kinnunen.fi\/en\/wp-json\/wp\/v2\/media?parent=21726"}],"wp:term":[{"taxonomy":"product_cat","embeddable":true,"href":"https:\/\/kinnunen.fi\/en\/wp-json\/wp\/v2\/product_cat?post=21726"},{"taxonomy":"product_tag","embeddable":true,"href":"https:\/\/kinnunen.fi\/en\/wp-json\/wp\/v2\/product_tag?post=21726"}],"curies":[{"name":"wp","href":"https:\/\/api.w.org\/{rel}","templated":true}]}}