

{"id":21819,"date":"2022-05-05T14:02:45","date_gmt":"2022-05-05T11:02:45","guid":{"rendered":"https:\/\/kinnunen.fi\/?post_type=product&#038;p=21819"},"modified":"2026-04-20T16:59:36","modified_gmt":"2026-04-20T13:59:36","slug":"moyra-gel-look-nail-polish-kynsilakka","status":"publish","type":"product","link":"https:\/\/kinnunen.fi\/en\/product\/moyra-gel-look-nail-polish-kynsilakka\/","title":{"rendered":"Moyra Gel Look - nail polish"},"content":{"rendered":"<p>This air-dry nail polish gives you a finish similar to gel polish. The quick-drying polish gives a perfect coverage and a gorgeous shine. A great product for resale! Packaging size: 12ml.<\/p>\n<p>\"LE\" marking on the shade = Limited Edition shade. These shades are available for a limited time.<\/p>","protected":false},"excerpt":{"rendered":"<p>This air-dry nail polish gives you a finish similar to gel polish. The quick-drying polish gives a perfect coverage and a gorgeous shine. A great product for resale! Packaging size: 12ml.<\/p>\n<p>\"LE\" marking on the shade = Limited Edition shade. These shades are available for a limited time.<\/p>","protected":false},"featured_media":21978,"comment_status":"open","ping_status":"closed","template":"","meta":{"_relevanssi_hide_post":"","_relevanssi_pin_for_all":"","_relevanssi_pin_keywords":"","_relevanssi_unpin_keywords":"","_relevanssi_related_keywords":"","_relevanssi_related_include_ids":"","_relevanssi_related_exclude_ids":"","_relevanssi_related_no_append":"","_relevanssi_related_not_related":"","_relevanssi_related_posts":"","_relevanssi_noindex_reason":""},"product_cat":[1865,1866],"product_tag":[],"class_list":["post-21819","product","type-product","status-publish","has-post-thumbnail","hentry","product_cat-kynnet-ja-kadet","product_cat-kynsilakat-ja-poistoaineet","pa_vari-1034-amina","pa_vari-904-virginie","pa_vari-905-beatrice","pa_vari-919-amelie","pa_vari-928-giselle","pa_vari-943-nina","pa_vari-944-chantal","pa_vari-952-solange","pa_vari-959-rosine","pa_vari-969-lydie","pa_vari-990-alessia","pa_vari-994-judith","pa_vari-le-1005-stella","pa_vari-le-1007-marthy","pa_vari-le-1010-lisa","pa_vari-le-1013-lana","pa_vari-le-1015-maeva","pa_vari-le-1016-kenza","pa_vari-le-1021-emma","pa_vari-le-1024-olivia","pa_vari-le-1032-janelle","pa_vari-le-1044-devon","pa_vari-le-1045-adelaide","pa_vari-le-1046-grania","pa_vari-le-1047-josiana","pa_vari-le-1050-catherine","pa_vari-le-1055-nada","pa_vari-le-1060-aureline","pa_vari-le-913-monique","pa_vari-le-945-esme","pa_vari-le-946-stephanie","pa_vari-le-948-elie","pa_vari-le-954-tatienne","pa_vari-le-964-delphine","pa_vari-le-967-oceane","pa_vari-le-976-coralie","pa_vari-le-977-jade","pa_vari-le-978-capucine","pa_vari-le-997-esther","tuotemerkki-moyra"],"tuotemerkit":[{"term_id":1995,"name":"Moyra","slug":"moyra","term_group":0,"term_taxonomy_id":1995,"taxonomy":"tuotemerkki","description":"","parent":0,"count":60,"filter":"raw"}],"acf":[],"yoast_head":"<!-- This site is optimized with the Yoast SEO plugin v23.3 - https:\/\/yoast.com\/wordpress\/plugins\/seo\/ -->\n<title>Moyra Gel Look - kynsilakka - Kinnunen<\/title>\n<meta name=\"robots\" content=\"index, follow, max-snippet:-1, max-image-preview:large, max-video-preview:-1\" \/>\n<link rel=\"canonical\" href=\"https:\/\/kinnunen.fi\/en\/product\/moyra-gel-look-nail-polish-kynsilakka\/\" \/>\n<meta property=\"og:locale\" content=\"en_GB\" \/>\n<meta property=\"og:type\" content=\"article\" \/>\n<meta property=\"og:title\" content=\"Moyra Gel Look - kynsilakka - Kinnunen\" \/>\n<meta property=\"og:description\" content=\"T\u00e4ll\u00e4 ilmakuivatteisella kynsilakalla saat geelilakkausta muistuttavan lopputuloksen. Nopeasti kuivuva lakka antaa t\u00e4ydellisen peitt\u00e4v\u00e4n lopputuloksen ja upean kiillon. Loistava tuote j\u00e4lleenmyyntiin! Pakkauskoko: 12ml.  \u201dLE\u201d merkint\u00e4 s\u00e4vyn yhteydess\u00e4 = Limited Edition s\u00e4vy. N\u00e4m\u00e4 s\u00e4vyt ovat saatavilla rajoitetun ajan.\" \/>\n<meta property=\"og:url\" content=\"https:\/\/kinnunen.fi\/en\/product\/moyra-gel-look-nail-polish-kynsilakka\/\" \/>\n<meta property=\"og:site_name\" content=\"Kinnunen\" \/>\n<meta property=\"article:modified_time\" content=\"2026-04-20T13:59:36+00:00\" \/>\n<meta property=\"og:image\" content=\"https:\/\/kinnunen.fi\/wp-content\/uploads\/2022\/05\/GelLook.jpg\" \/>\n\t<meta property=\"og:image:width\" content=\"600\" \/>\n\t<meta property=\"og:image:height\" content=\"600\" \/>\n\t<meta property=\"og:image:type\" content=\"image\/jpeg\" \/>\n<meta name=\"twitter:card\" content=\"summary_large_image\" \/>\n<meta name=\"twitter:label1\" content=\"Estimated reading time\" \/>\n\t<meta name=\"twitter:data1\" content=\"1 minute\" \/>\n<script type=\"application\/ld+json\" class=\"yoast-schema-graph\">{\"@context\":\"https:\/\/schema.org\",\"@graph\":[{\"@type\":\"WebPage\",\"@id\":\"https:\/\/kinnunen.fi\/tuote\/moyra-gel-look-nail-polish-kynsilakka\/\",\"url\":\"https:\/\/kinnunen.fi\/tuote\/moyra-gel-look-nail-polish-kynsilakka\/\",\"name\":\"Moyra Gel Look - kynsilakka - Kinnunen\",\"isPartOf\":{\"@id\":\"https:\/\/kinnunen.fi\/#website\"},\"primaryImageOfPage\":{\"@id\":\"https:\/\/kinnunen.fi\/tuote\/moyra-gel-look-nail-polish-kynsilakka\/#primaryimage\"},\"image\":{\"@id\":\"https:\/\/kinnunen.fi\/tuote\/moyra-gel-look-nail-polish-kynsilakka\/#primaryimage\"},\"thumbnailUrl\":\"https:\/\/kinnunen.fi\/wp-content\/uploads\/2022\/05\/GelLook.jpg\",\"datePublished\":\"2022-05-05T11:02:45+00:00\",\"dateModified\":\"2026-04-20T13:59:36+00:00\",\"breadcrumb\":{\"@id\":\"https:\/\/kinnunen.fi\/tuote\/moyra-gel-look-nail-polish-kynsilakka\/#breadcrumb\"},\"inLanguage\":\"en-GB\",\"potentialAction\":[{\"@type\":\"ReadAction\",\"target\":[\"https:\/\/kinnunen.fi\/tuote\/moyra-gel-look-nail-polish-kynsilakka\/\"]}]},{\"@type\":\"ImageObject\",\"inLanguage\":\"en-GB\",\"@id\":\"https:\/\/kinnunen.fi\/tuote\/moyra-gel-look-nail-polish-kynsilakka\/#primaryimage\",\"url\":\"https:\/\/kinnunen.fi\/wp-content\/uploads\/2022\/05\/GelLook.jpg\",\"contentUrl\":\"https:\/\/kinnunen.fi\/wp-content\/uploads\/2022\/05\/GelLook.jpg\",\"width\":600,\"height\":600},{\"@type\":\"BreadcrumbList\",\"@id\":\"https:\/\/kinnunen.fi\/tuote\/moyra-gel-look-nail-polish-kynsilakka\/#breadcrumb\",\"itemListElement\":[{\"@type\":\"ListItem\",\"position\":1,\"name\":\"Etusivu\",\"item\":\"https:\/\/kinnunen.fi\/\"},{\"@type\":\"ListItem\",\"position\":2,\"name\":\"Kaikki tuotteet\",\"item\":\"https:\/\/kinnunen.fi\/kauppa\/\"},{\"@type\":\"ListItem\",\"position\":3,\"name\":\"Kauneudenhoito\",\"item\":\"https:\/\/kinnunen.fi\/tuote-osasto\/kauneudenhoito\/\"},{\"@type\":\"ListItem\",\"position\":4,\"name\":\"Kynnet ja k\u00e4det\",\"item\":\"https:\/\/kinnunen.fi\/tuote-osasto\/kauneudenhoito\/kynnet-ja-kadet\/\"},{\"@type\":\"ListItem\",\"position\":5,\"name\":\"Kynsilakat ja -poistoaineet\",\"item\":\"https:\/\/kinnunen.fi\/tuote-osasto\/kauneudenhoito\/kynnet-ja-kadet\/kynsilakat-ja-poistoaineet\/\"},{\"@type\":\"ListItem\",\"position\":6,\"name\":\"Moyra Gel Look &#8211; kynsilakka\"}]},{\"@type\":\"WebSite\",\"@id\":\"https:\/\/kinnunen.fi\/#website\",\"url\":\"https:\/\/kinnunen.fi\/\",\"name\":\"Kinnunen\",\"description\":\"\",\"potentialAction\":[{\"@type\":\"SearchAction\",\"target\":{\"@type\":\"EntryPoint\",\"urlTemplate\":\"https:\/\/kinnunen.fi\/?s={search_term_string}\"},\"query-input\":\"required name=search_term_string\"}],\"inLanguage\":\"en-GB\"}]}<\/script>\n<!-- \/ Yoast SEO plugin. -->","yoast_head_json":{"title":"Moyra Gel Look - kynsilakka - Kinnunen","robots":{"index":"index","follow":"follow","max-snippet":"max-snippet:-1","max-image-preview":"max-image-preview:large","max-video-preview":"max-video-preview:-1"},"canonical":"https:\/\/kinnunen.fi\/en\/product\/moyra-gel-look-nail-polish-kynsilakka\/","og_locale":"en_GB","og_type":"article","og_title":"Moyra Gel Look - kynsilakka - Kinnunen","og_description":"T\u00e4ll\u00e4 ilmakuivatteisella kynsilakalla saat geelilakkausta muistuttavan lopputuloksen. Nopeasti kuivuva lakka antaa t\u00e4ydellisen peitt\u00e4v\u00e4n lopputuloksen ja upean kiillon. Loistava tuote j\u00e4lleenmyyntiin! Pakkauskoko: 12ml.  \u201dLE\u201d merkint\u00e4 s\u00e4vyn yhteydess\u00e4 = Limited Edition s\u00e4vy. N\u00e4m\u00e4 s\u00e4vyt ovat saatavilla rajoitetun ajan.","og_url":"https:\/\/kinnunen.fi\/en\/product\/moyra-gel-look-nail-polish-kynsilakka\/","og_site_name":"Kinnunen","article_modified_time":"2026-04-20T13:59:36+00:00","og_image":[{"width":600,"height":600,"url":"https:\/\/kinnunen.fi\/wp-content\/uploads\/2022\/05\/GelLook.jpg","type":"image\/jpeg"}],"twitter_card":"summary_large_image","twitter_misc":{"Estimated reading time":"1 minute"},"schema":{"@context":"https:\/\/schema.org","@graph":[{"@type":"WebPage","@id":"https:\/\/kinnunen.fi\/tuote\/moyra-gel-look-nail-polish-kynsilakka\/","url":"https:\/\/kinnunen.fi\/tuote\/moyra-gel-look-nail-polish-kynsilakka\/","name":"Moyra Gel Look - kynsilakka - Kinnunen","isPartOf":{"@id":"https:\/\/kinnunen.fi\/#website"},"primaryImageOfPage":{"@id":"https:\/\/kinnunen.fi\/tuote\/moyra-gel-look-nail-polish-kynsilakka\/#primaryimage"},"image":{"@id":"https:\/\/kinnunen.fi\/tuote\/moyra-gel-look-nail-polish-kynsilakka\/#primaryimage"},"thumbnailUrl":"https:\/\/kinnunen.fi\/wp-content\/uploads\/2022\/05\/GelLook.jpg","datePublished":"2022-05-05T11:02:45+00:00","dateModified":"2026-04-20T13:59:36+00:00","breadcrumb":{"@id":"https:\/\/kinnunen.fi\/tuote\/moyra-gel-look-nail-polish-kynsilakka\/#breadcrumb"},"inLanguage":"en-GB","potentialAction":[{"@type":"ReadAction","target":["https:\/\/kinnunen.fi\/tuote\/moyra-gel-look-nail-polish-kynsilakka\/"]}]},{"@type":"ImageObject","inLanguage":"en-GB","@id":"https:\/\/kinnunen.fi\/tuote\/moyra-gel-look-nail-polish-kynsilakka\/#primaryimage","url":"https:\/\/kinnunen.fi\/wp-content\/uploads\/2022\/05\/GelLook.jpg","contentUrl":"https:\/\/kinnunen.fi\/wp-content\/uploads\/2022\/05\/GelLook.jpg","width":600,"height":600},{"@type":"BreadcrumbList","@id":"https:\/\/kinnunen.fi\/tuote\/moyra-gel-look-nail-polish-kynsilakka\/#breadcrumb","itemListElement":[{"@type":"ListItem","position":1,"name":"Etusivu","item":"https:\/\/kinnunen.fi\/"},{"@type":"ListItem","position":2,"name":"Kaikki tuotteet","item":"https:\/\/kinnunen.fi\/kauppa\/"},{"@type":"ListItem","position":3,"name":"Kauneudenhoito","item":"https:\/\/kinnunen.fi\/tuote-osasto\/kauneudenhoito\/"},{"@type":"ListItem","position":4,"name":"Kynnet ja k\u00e4det","item":"https:\/\/kinnunen.fi\/tuote-osasto\/kauneudenhoito\/kynnet-ja-kadet\/"},{"@type":"ListItem","position":5,"name":"Kynsilakat ja -poistoaineet","item":"https:\/\/kinnunen.fi\/tuote-osasto\/kauneudenhoito\/kynnet-ja-kadet\/kynsilakat-ja-poistoaineet\/"},{"@type":"ListItem","position":6,"name":"Moyra Gel Look &#8211; kynsilakka"}]},{"@type":"WebSite","@id":"https:\/\/kinnunen.fi\/#website","url":"https:\/\/kinnunen.fi\/","name":"Kinnunen","description":"","potentialAction":[{"@type":"SearchAction","target":{"@type":"EntryPoint","urlTemplate":"https:\/\/kinnunen.fi\/?s={search_term_string}"},"query-input":"required name=search_term_string"}],"inLanguage":"en-GB"}]}},"_links":{"self":[{"href":"https:\/\/kinnunen.fi\/en\/wp-json\/wp\/v2\/product\/21819"}],"collection":[{"href":"https:\/\/kinnunen.fi\/en\/wp-json\/wp\/v2\/product"}],"about":[{"href":"https:\/\/kinnunen.fi\/en\/wp-json\/wp\/v2\/types\/product"}],"replies":[{"embeddable":true,"href":"https:\/\/kinnunen.fi\/en\/wp-json\/wp\/v2\/comments?post=21819"}],"wp:featuredmedia":[{"embeddable":true,"href":"https:\/\/kinnunen.fi\/en\/wp-json\/wp\/v2\/media\/21978"}],"wp:attachment":[{"href":"https:\/\/kinnunen.fi\/en\/wp-json\/wp\/v2\/media?parent=21819"}],"wp:term":[{"taxonomy":"product_cat","embeddable":true,"href":"https:\/\/kinnunen.fi\/en\/wp-json\/wp\/v2\/product_cat?post=21819"},{"taxonomy":"product_tag","embeddable":true,"href":"https:\/\/kinnunen.fi\/en\/wp-json\/wp\/v2\/product_tag?post=21819"}],"curies":[{"name":"wp","href":"https:\/\/api.w.org\/{rel}","templated":true}]}}