

{"id":22057,"date":"2022-05-12T11:56:15","date_gmt":"2022-05-12T08:56:15","guid":{"rendered":"https:\/\/kinnunen.fi\/?post_type=product&#038;p=22057"},"modified":"2026-05-01T04:00:40","modified_gmt":"2026-05-01T01:00:40","slug":"moyra-mini-gel-polish","status":"publish","type":"product","link":"https:\/\/kinnunen.fi\/en\/product\/moyra-mini-gel-polish\/","title":{"rendered":"Moyra Mini Gel Polish 5,5ml"},"content":{"rendered":"<p>An easy-to-use, non-drip gel polish that gives you a coverage finish in as little as one coat. Suitable for natural nail polish and also for structural nails. The gel polish gives you a long-lasting polish and stunning colour, with a durable gloss. Curing UV: 2 minutes and LED 30 seconds.<\/p>\n<p><span>\"LE\" marking on the shade = Limited Edition shade. These shades are available for a limited time.<\/span><\/p>","protected":false},"excerpt":{"rendered":"<p>An easy-to-use, non-drip gel polish that gives you a coverage finish in as little as one coat. Suitable for natural nail polish and also for structural nails. The gel polish gives you a long-lasting polish and stunning colour, with a durable gloss. Curing UV: 2 minutes and LED 30 seconds.<\/p>\n<p><span>\"LE\" marking on the shade = Limited Edition shade. These shades are available for a limited time.<\/span><\/p>","protected":false},"featured_media":22091,"comment_status":"closed","ping_status":"closed","template":"","meta":{"_relevanssi_hide_post":"","_relevanssi_pin_for_all":"","_relevanssi_pin_keywords":"","_relevanssi_unpin_keywords":"","_relevanssi_related_keywords":"","_relevanssi_related_include_ids":"","_relevanssi_related_exclude_ids":"","_relevanssi_related_no_append":"","_relevanssi_related_not_related":"","_relevanssi_related_posts":"","_relevanssi_noindex_reason":""},"product_cat":[1865,1882],"product_tag":[],"class_list":["post-22057","product","type-product","status-publish","has-post-thumbnail","hentry","product_cat-kynnet-ja-kadet","product_cat-geelilakkaus","pa_vari-no-100-le","pa_vari-no-102-le","pa_vari-no-110","pa_vari-no-124","pa_vari-no-129-le","pa_vari-no-133-le","pa_vari-no-204","pa_vari-no-210","pa_vari-no-214","pa_vari-no-62","pa_vari-no-67-le","pa_vari-no-73","pa_vari-no-92-le","pa_vari-no-93","tuotemerkki-moyra"],"tuotemerkit":[{"term_id":1995,"name":"Moyra","slug":"moyra","term_group":0,"term_taxonomy_id":1995,"taxonomy":"tuotemerkki","description":"","parent":0,"count":60,"filter":"raw"}],"acf":[],"yoast_head":"<!-- This site is optimized with the Yoast SEO plugin v23.3 - https:\/\/yoast.com\/wordpress\/plugins\/seo\/ -->\n<title>Moyra Mini Gel Polish 5,5ml - Kinnunen<\/title>\n<meta name=\"robots\" content=\"index, follow, max-snippet:-1, max-image-preview:large, max-video-preview:-1\" \/>\n<link rel=\"canonical\" href=\"https:\/\/kinnunen.fi\/en\/product\/moyra-mini-gel-polish\/\" \/>\n<meta property=\"og:locale\" content=\"en_GB\" \/>\n<meta property=\"og:type\" content=\"article\" \/>\n<meta property=\"og:title\" content=\"Moyra Mini Gel Polish 5,5ml - Kinnunen\" \/>\n<meta property=\"og:description\" content=\"Helppok\u00e4ytt\u00f6inen, valumaton geelilakka, jolla saat peitt\u00e4v\u00e4n lopputuloksen jopa yhdell\u00e4 kerroksella. Soveltuu luonnollisen kynnen lakkaukseen ja my\u00f6s rakennekynsille. Geelilakalla saat kest\u00e4v\u00e4n lakkauksen ja upean v\u00e4rin, kest\u00e4v\u00e4ll\u00e4 kiillolla. Kovetus UV: 2 minuuttia ja LED 30 sekuntia.  \u201dLE\u201d merkint\u00e4 s\u00e4vyn yhteydess\u00e4 = Limited Edition s\u00e4vy. N\u00e4m\u00e4 s\u00e4vyt ovat saatavilla rajoitetun ajan.\" \/>\n<meta property=\"og:url\" content=\"https:\/\/kinnunen.fi\/en\/product\/moyra-mini-gel-polish\/\" \/>\n<meta property=\"og:site_name\" content=\"Kinnunen\" \/>\n<meta property=\"article:modified_time\" content=\"2026-05-01T01:00:40+00:00\" \/>\n<meta property=\"og:image\" content=\"https:\/\/kinnunen.fi\/wp-content\/uploads\/2022\/05\/mmgep.jpg\" \/>\n\t<meta property=\"og:image:width\" content=\"600\" \/>\n\t<meta property=\"og:image:height\" content=\"600\" \/>\n\t<meta property=\"og:image:type\" content=\"image\/jpeg\" \/>\n<meta name=\"twitter:card\" content=\"summary_large_image\" \/>\n<meta name=\"twitter:label1\" content=\"Estimated reading time\" \/>\n\t<meta name=\"twitter:data1\" content=\"1 minute\" \/>\n<script type=\"application\/ld+json\" class=\"yoast-schema-graph\">{\"@context\":\"https:\/\/schema.org\",\"@graph\":[{\"@type\":\"WebPage\",\"@id\":\"https:\/\/kinnunen.fi\/tuote\/moyra-mini-gel-polish\/\",\"url\":\"https:\/\/kinnunen.fi\/tuote\/moyra-mini-gel-polish\/\",\"name\":\"Moyra Mini Gel Polish 5,5ml - Kinnunen\",\"isPartOf\":{\"@id\":\"https:\/\/kinnunen.fi\/#website\"},\"primaryImageOfPage\":{\"@id\":\"https:\/\/kinnunen.fi\/tuote\/moyra-mini-gel-polish\/#primaryimage\"},\"image\":{\"@id\":\"https:\/\/kinnunen.fi\/tuote\/moyra-mini-gel-polish\/#primaryimage\"},\"thumbnailUrl\":\"https:\/\/kinnunen.fi\/wp-content\/uploads\/2022\/05\/mmgep.jpg\",\"datePublished\":\"2022-05-12T08:56:15+00:00\",\"dateModified\":\"2026-05-01T01:00:40+00:00\",\"breadcrumb\":{\"@id\":\"https:\/\/kinnunen.fi\/tuote\/moyra-mini-gel-polish\/#breadcrumb\"},\"inLanguage\":\"en-GB\",\"potentialAction\":[{\"@type\":\"ReadAction\",\"target\":[\"https:\/\/kinnunen.fi\/tuote\/moyra-mini-gel-polish\/\"]}]},{\"@type\":\"ImageObject\",\"inLanguage\":\"en-GB\",\"@id\":\"https:\/\/kinnunen.fi\/tuote\/moyra-mini-gel-polish\/#primaryimage\",\"url\":\"https:\/\/kinnunen.fi\/wp-content\/uploads\/2022\/05\/mmgep.jpg\",\"contentUrl\":\"https:\/\/kinnunen.fi\/wp-content\/uploads\/2022\/05\/mmgep.jpg\",\"width\":600,\"height\":600},{\"@type\":\"BreadcrumbList\",\"@id\":\"https:\/\/kinnunen.fi\/tuote\/moyra-mini-gel-polish\/#breadcrumb\",\"itemListElement\":[{\"@type\":\"ListItem\",\"position\":1,\"name\":\"Etusivu\",\"item\":\"https:\/\/kinnunen.fi\/\"},{\"@type\":\"ListItem\",\"position\":2,\"name\":\"Kaikki tuotteet\",\"item\":\"https:\/\/kinnunen.fi\/kauppa\/\"},{\"@type\":\"ListItem\",\"position\":3,\"name\":\"Kauneudenhoito\",\"item\":\"https:\/\/kinnunen.fi\/tuote-osasto\/kauneudenhoito\/\"},{\"@type\":\"ListItem\",\"position\":4,\"name\":\"Kynnet ja k\u00e4det\",\"item\":\"https:\/\/kinnunen.fi\/tuote-osasto\/kauneudenhoito\/kynnet-ja-kadet\/\"},{\"@type\":\"ListItem\",\"position\":5,\"name\":\"Moyra Mini Gel Polish 5,5ml\"}]},{\"@type\":\"WebSite\",\"@id\":\"https:\/\/kinnunen.fi\/#website\",\"url\":\"https:\/\/kinnunen.fi\/\",\"name\":\"Kinnunen\",\"description\":\"\",\"potentialAction\":[{\"@type\":\"SearchAction\",\"target\":{\"@type\":\"EntryPoint\",\"urlTemplate\":\"https:\/\/kinnunen.fi\/?s={search_term_string}\"},\"query-input\":\"required name=search_term_string\"}],\"inLanguage\":\"en-GB\"}]}<\/script>\n<!-- \/ Yoast SEO plugin. -->","yoast_head_json":{"title":"Moyra Mini Gel Polish 5,5ml - Kinnunen","robots":{"index":"index","follow":"follow","max-snippet":"max-snippet:-1","max-image-preview":"max-image-preview:large","max-video-preview":"max-video-preview:-1"},"canonical":"https:\/\/kinnunen.fi\/en\/product\/moyra-mini-gel-polish\/","og_locale":"en_GB","og_type":"article","og_title":"Moyra Mini Gel Polish 5,5ml - Kinnunen","og_description":"Helppok\u00e4ytt\u00f6inen, valumaton geelilakka, jolla saat peitt\u00e4v\u00e4n lopputuloksen jopa yhdell\u00e4 kerroksella. Soveltuu luonnollisen kynnen lakkaukseen ja my\u00f6s rakennekynsille. Geelilakalla saat kest\u00e4v\u00e4n lakkauksen ja upean v\u00e4rin, kest\u00e4v\u00e4ll\u00e4 kiillolla. Kovetus UV: 2 minuuttia ja LED 30 sekuntia.  \u201dLE\u201d merkint\u00e4 s\u00e4vyn yhteydess\u00e4 = Limited Edition s\u00e4vy. N\u00e4m\u00e4 s\u00e4vyt ovat saatavilla rajoitetun ajan.","og_url":"https:\/\/kinnunen.fi\/en\/product\/moyra-mini-gel-polish\/","og_site_name":"Kinnunen","article_modified_time":"2026-05-01T01:00:40+00:00","og_image":[{"width":600,"height":600,"url":"https:\/\/kinnunen.fi\/wp-content\/uploads\/2022\/05\/mmgep.jpg","type":"image\/jpeg"}],"twitter_card":"summary_large_image","twitter_misc":{"Estimated reading time":"1 minute"},"schema":{"@context":"https:\/\/schema.org","@graph":[{"@type":"WebPage","@id":"https:\/\/kinnunen.fi\/tuote\/moyra-mini-gel-polish\/","url":"https:\/\/kinnunen.fi\/tuote\/moyra-mini-gel-polish\/","name":"Moyra Mini Gel Polish 5,5ml - Kinnunen","isPartOf":{"@id":"https:\/\/kinnunen.fi\/#website"},"primaryImageOfPage":{"@id":"https:\/\/kinnunen.fi\/tuote\/moyra-mini-gel-polish\/#primaryimage"},"image":{"@id":"https:\/\/kinnunen.fi\/tuote\/moyra-mini-gel-polish\/#primaryimage"},"thumbnailUrl":"https:\/\/kinnunen.fi\/wp-content\/uploads\/2022\/05\/mmgep.jpg","datePublished":"2022-05-12T08:56:15+00:00","dateModified":"2026-05-01T01:00:40+00:00","breadcrumb":{"@id":"https:\/\/kinnunen.fi\/tuote\/moyra-mini-gel-polish\/#breadcrumb"},"inLanguage":"en-GB","potentialAction":[{"@type":"ReadAction","target":["https:\/\/kinnunen.fi\/tuote\/moyra-mini-gel-polish\/"]}]},{"@type":"ImageObject","inLanguage":"en-GB","@id":"https:\/\/kinnunen.fi\/tuote\/moyra-mini-gel-polish\/#primaryimage","url":"https:\/\/kinnunen.fi\/wp-content\/uploads\/2022\/05\/mmgep.jpg","contentUrl":"https:\/\/kinnunen.fi\/wp-content\/uploads\/2022\/05\/mmgep.jpg","width":600,"height":600},{"@type":"BreadcrumbList","@id":"https:\/\/kinnunen.fi\/tuote\/moyra-mini-gel-polish\/#breadcrumb","itemListElement":[{"@type":"ListItem","position":1,"name":"Etusivu","item":"https:\/\/kinnunen.fi\/"},{"@type":"ListItem","position":2,"name":"Kaikki tuotteet","item":"https:\/\/kinnunen.fi\/kauppa\/"},{"@type":"ListItem","position":3,"name":"Kauneudenhoito","item":"https:\/\/kinnunen.fi\/tuote-osasto\/kauneudenhoito\/"},{"@type":"ListItem","position":4,"name":"Kynnet ja k\u00e4det","item":"https:\/\/kinnunen.fi\/tuote-osasto\/kauneudenhoito\/kynnet-ja-kadet\/"},{"@type":"ListItem","position":5,"name":"Moyra Mini Gel Polish 5,5ml"}]},{"@type":"WebSite","@id":"https:\/\/kinnunen.fi\/#website","url":"https:\/\/kinnunen.fi\/","name":"Kinnunen","description":"","potentialAction":[{"@type":"SearchAction","target":{"@type":"EntryPoint","urlTemplate":"https:\/\/kinnunen.fi\/?s={search_term_string}"},"query-input":"required name=search_term_string"}],"inLanguage":"en-GB"}]}},"_links":{"self":[{"href":"https:\/\/kinnunen.fi\/en\/wp-json\/wp\/v2\/product\/22057"}],"collection":[{"href":"https:\/\/kinnunen.fi\/en\/wp-json\/wp\/v2\/product"}],"about":[{"href":"https:\/\/kinnunen.fi\/en\/wp-json\/wp\/v2\/types\/product"}],"replies":[{"embeddable":true,"href":"https:\/\/kinnunen.fi\/en\/wp-json\/wp\/v2\/comments?post=22057"}],"wp:featuredmedia":[{"embeddable":true,"href":"https:\/\/kinnunen.fi\/en\/wp-json\/wp\/v2\/media\/22091"}],"wp:attachment":[{"href":"https:\/\/kinnunen.fi\/en\/wp-json\/wp\/v2\/media?parent=22057"}],"wp:term":[{"taxonomy":"product_cat","embeddable":true,"href":"https:\/\/kinnunen.fi\/en\/wp-json\/wp\/v2\/product_cat?post=22057"},{"taxonomy":"product_tag","embeddable":true,"href":"https:\/\/kinnunen.fi\/en\/wp-json\/wp\/v2\/product_tag?post=22057"}],"curies":[{"name":"wp","href":"https:\/\/api.w.org\/{rel}","templated":true}]}}