

{"id":22651,"date":"2022-08-01T08:51:27","date_gmt":"2022-08-01T05:51:27","guid":{"rendered":"https:\/\/kinnunen.fi\/?post_type=product&#038;p=22651"},"modified":"2026-04-19T04:00:27","modified_gmt":"2026-04-19T01:00:27","slug":"moyra-builder-milky-white-gel-5g","status":"publish","type":"product","link":"https:\/\/kinnunen.fi\/en\/product\/moyra-builder-milky-white-gel-5g\/","title":{"rendered":"Moyra Builder Milky White Gel 5g"},"content":{"rendered":"<p>Milky White: a more translucent white suitable for Baby Boomer, with a thinner consistency perfect for fading shades. For the Baby Boomer technique, it is best used with Baby Rose. Cure with UV light for 2,5 min or LED light for 30 sec.<\/p>","protected":false},"excerpt":{"rendered":"<p>Milky White: Baby Boomer tekniikkaan sopiva l\u00e4pikuultavampi valkoinen, jonka ohuempi koostumus soveltuu t\u00e4ydellisesti s\u00e4vyjen h\u00e4ivytt\u00e4miseen. Baby Boomer tekniikkaan soveltuu parhaiten&hellip;<\/p>","protected":false},"featured_media":22630,"comment_status":"closed","ping_status":"closed","template":"","meta":{"_relevanssi_hide_post":"","_relevanssi_pin_for_all":"","_relevanssi_pin_keywords":"","_relevanssi_unpin_keywords":"","_relevanssi_related_keywords":"","_relevanssi_related_include_ids":"","_relevanssi_related_exclude_ids":"","_relevanssi_related_no_append":"","_relevanssi_related_not_related":"","_relevanssi_related_posts":"","_relevanssi_noindex_reason":""},"product_cat":[1865,1878,1879],"product_tag":[],"class_list":["post-22651","product","type-product","status-publish","has-post-thumbnail","hentry","product_cat-kynnet-ja-kadet","product_cat-geeli-ja-akryylikynnet","product_cat-rakennegeelit","tuotemerkki-moyra"],"tuotemerkit":[{"term_id":1995,"name":"Moyra","slug":"moyra","term_group":0,"term_taxonomy_id":1995,"taxonomy":"tuotemerkki","description":"","parent":0,"count":60,"filter":"raw"}],"acf":[],"yoast_head":"<!-- This site is optimized with the Yoast SEO plugin v23.3 - https:\/\/yoast.com\/wordpress\/plugins\/seo\/ -->\n<title>Moyra Builder Milky White Gel 5g - Kinnunen<\/title>\n<meta name=\"robots\" content=\"index, follow, max-snippet:-1, max-image-preview:large, max-video-preview:-1\" \/>\n<link rel=\"canonical\" href=\"https:\/\/kinnunen.fi\/en\/product\/moyra-builder-milky-white-gel-5g\/\" \/>\n<meta property=\"og:locale\" content=\"en_GB\" \/>\n<meta property=\"og:type\" content=\"article\" \/>\n<meta property=\"og:title\" content=\"Moyra Builder Milky White Gel 5g - Kinnunen\" \/>\n<meta property=\"og:description\" content=\"Milky White: Baby Boomer tekniikkaan sopiva l\u00e4pikuultavampi valkoinen, jonka ohuempi koostumus soveltuu t\u00e4ydellisesti s\u00e4vyjen h\u00e4ivytt\u00e4miseen. Baby Boomer tekniikkaan soveltuu parhaiten&hellip;\" \/>\n<meta property=\"og:url\" content=\"https:\/\/kinnunen.fi\/en\/product\/moyra-builder-milky-white-gel-5g\/\" \/>\n<meta property=\"og:site_name\" content=\"Kinnunen\" \/>\n<meta property=\"article:modified_time\" content=\"2026-04-19T01:00:27+00:00\" \/>\n<meta property=\"og:image\" content=\"https:\/\/kinnunen.fi\/wp-content\/uploads\/2022\/07\/MBMWG5G_milky_white.jpg\" \/>\n\t<meta property=\"og:image:width\" content=\"800\" \/>\n\t<meta property=\"og:image:height\" content=\"800\" \/>\n\t<meta property=\"og:image:type\" content=\"image\/jpeg\" \/>\n<meta name=\"twitter:card\" content=\"summary_large_image\" \/>\n<meta name=\"twitter:label1\" content=\"Estimated reading time\" \/>\n\t<meta name=\"twitter:data1\" content=\"1 minute\" \/>\n<script type=\"application\/ld+json\" class=\"yoast-schema-graph\">{\"@context\":\"https:\/\/schema.org\",\"@graph\":[{\"@type\":\"WebPage\",\"@id\":\"https:\/\/kinnunen.fi\/tuote\/moyra-builder-milky-white-gel-5g\/\",\"url\":\"https:\/\/kinnunen.fi\/tuote\/moyra-builder-milky-white-gel-5g\/\",\"name\":\"Moyra Builder Milky White Gel 5g - Kinnunen\",\"isPartOf\":{\"@id\":\"https:\/\/kinnunen.fi\/#website\"},\"primaryImageOfPage\":{\"@id\":\"https:\/\/kinnunen.fi\/tuote\/moyra-builder-milky-white-gel-5g\/#primaryimage\"},\"image\":{\"@id\":\"https:\/\/kinnunen.fi\/tuote\/moyra-builder-milky-white-gel-5g\/#primaryimage\"},\"thumbnailUrl\":\"https:\/\/kinnunen.fi\/wp-content\/uploads\/2022\/07\/MBMWG5G_milky_white.jpg\",\"datePublished\":\"2022-08-01T05:51:27+00:00\",\"dateModified\":\"2026-04-19T01:00:27+00:00\",\"breadcrumb\":{\"@id\":\"https:\/\/kinnunen.fi\/tuote\/moyra-builder-milky-white-gel-5g\/#breadcrumb\"},\"inLanguage\":\"en-GB\",\"potentialAction\":[{\"@type\":\"ReadAction\",\"target\":[\"https:\/\/kinnunen.fi\/tuote\/moyra-builder-milky-white-gel-5g\/\"]}]},{\"@type\":\"ImageObject\",\"inLanguage\":\"en-GB\",\"@id\":\"https:\/\/kinnunen.fi\/tuote\/moyra-builder-milky-white-gel-5g\/#primaryimage\",\"url\":\"https:\/\/kinnunen.fi\/wp-content\/uploads\/2022\/07\/MBMWG5G_milky_white.jpg\",\"contentUrl\":\"https:\/\/kinnunen.fi\/wp-content\/uploads\/2022\/07\/MBMWG5G_milky_white.jpg\",\"width\":800,\"height\":800},{\"@type\":\"BreadcrumbList\",\"@id\":\"https:\/\/kinnunen.fi\/tuote\/moyra-builder-milky-white-gel-5g\/#breadcrumb\",\"itemListElement\":[{\"@type\":\"ListItem\",\"position\":1,\"name\":\"Etusivu\",\"item\":\"https:\/\/kinnunen.fi\/\"},{\"@type\":\"ListItem\",\"position\":2,\"name\":\"Kaikki tuotteet\",\"item\":\"https:\/\/kinnunen.fi\/kauppa\/\"},{\"@type\":\"ListItem\",\"position\":3,\"name\":\"Kauneudenhoito\",\"item\":\"https:\/\/kinnunen.fi\/tuote-osasto\/kauneudenhoito\/\"},{\"@type\":\"ListItem\",\"position\":4,\"name\":\"Kynnet ja k\u00e4det\",\"item\":\"https:\/\/kinnunen.fi\/tuote-osasto\/kauneudenhoito\/kynnet-ja-kadet\/\"},{\"@type\":\"ListItem\",\"position\":5,\"name\":\"Moyra Builder Milky White Gel 5g\"}]},{\"@type\":\"WebSite\",\"@id\":\"https:\/\/kinnunen.fi\/#website\",\"url\":\"https:\/\/kinnunen.fi\/\",\"name\":\"Kinnunen\",\"description\":\"\",\"potentialAction\":[{\"@type\":\"SearchAction\",\"target\":{\"@type\":\"EntryPoint\",\"urlTemplate\":\"https:\/\/kinnunen.fi\/?s={search_term_string}\"},\"query-input\":\"required name=search_term_string\"}],\"inLanguage\":\"en-GB\"}]}<\/script>\n<!-- \/ Yoast SEO plugin. -->","yoast_head_json":{"title":"Moyra Builder Milky White Gel 5g - Kinnunen","robots":{"index":"index","follow":"follow","max-snippet":"max-snippet:-1","max-image-preview":"max-image-preview:large","max-video-preview":"max-video-preview:-1"},"canonical":"https:\/\/kinnunen.fi\/en\/product\/moyra-builder-milky-white-gel-5g\/","og_locale":"en_GB","og_type":"article","og_title":"Moyra Builder Milky White Gel 5g - Kinnunen","og_description":"Milky White: Baby Boomer tekniikkaan sopiva l\u00e4pikuultavampi valkoinen, jonka ohuempi koostumus soveltuu t\u00e4ydellisesti s\u00e4vyjen h\u00e4ivytt\u00e4miseen. Baby Boomer tekniikkaan soveltuu parhaiten&hellip;","og_url":"https:\/\/kinnunen.fi\/en\/product\/moyra-builder-milky-white-gel-5g\/","og_site_name":"Kinnunen","article_modified_time":"2026-04-19T01:00:27+00:00","og_image":[{"width":800,"height":800,"url":"https:\/\/kinnunen.fi\/wp-content\/uploads\/2022\/07\/MBMWG5G_milky_white.jpg","type":"image\/jpeg"}],"twitter_card":"summary_large_image","twitter_misc":{"Estimated reading time":"1 minute"},"schema":{"@context":"https:\/\/schema.org","@graph":[{"@type":"WebPage","@id":"https:\/\/kinnunen.fi\/tuote\/moyra-builder-milky-white-gel-5g\/","url":"https:\/\/kinnunen.fi\/tuote\/moyra-builder-milky-white-gel-5g\/","name":"Moyra Builder Milky White Gel 5g - Kinnunen","isPartOf":{"@id":"https:\/\/kinnunen.fi\/#website"},"primaryImageOfPage":{"@id":"https:\/\/kinnunen.fi\/tuote\/moyra-builder-milky-white-gel-5g\/#primaryimage"},"image":{"@id":"https:\/\/kinnunen.fi\/tuote\/moyra-builder-milky-white-gel-5g\/#primaryimage"},"thumbnailUrl":"https:\/\/kinnunen.fi\/wp-content\/uploads\/2022\/07\/MBMWG5G_milky_white.jpg","datePublished":"2022-08-01T05:51:27+00:00","dateModified":"2026-04-19T01:00:27+00:00","breadcrumb":{"@id":"https:\/\/kinnunen.fi\/tuote\/moyra-builder-milky-white-gel-5g\/#breadcrumb"},"inLanguage":"en-GB","potentialAction":[{"@type":"ReadAction","target":["https:\/\/kinnunen.fi\/tuote\/moyra-builder-milky-white-gel-5g\/"]}]},{"@type":"ImageObject","inLanguage":"en-GB","@id":"https:\/\/kinnunen.fi\/tuote\/moyra-builder-milky-white-gel-5g\/#primaryimage","url":"https:\/\/kinnunen.fi\/wp-content\/uploads\/2022\/07\/MBMWG5G_milky_white.jpg","contentUrl":"https:\/\/kinnunen.fi\/wp-content\/uploads\/2022\/07\/MBMWG5G_milky_white.jpg","width":800,"height":800},{"@type":"BreadcrumbList","@id":"https:\/\/kinnunen.fi\/tuote\/moyra-builder-milky-white-gel-5g\/#breadcrumb","itemListElement":[{"@type":"ListItem","position":1,"name":"Etusivu","item":"https:\/\/kinnunen.fi\/"},{"@type":"ListItem","position":2,"name":"Kaikki tuotteet","item":"https:\/\/kinnunen.fi\/kauppa\/"},{"@type":"ListItem","position":3,"name":"Kauneudenhoito","item":"https:\/\/kinnunen.fi\/tuote-osasto\/kauneudenhoito\/"},{"@type":"ListItem","position":4,"name":"Kynnet ja k\u00e4det","item":"https:\/\/kinnunen.fi\/tuote-osasto\/kauneudenhoito\/kynnet-ja-kadet\/"},{"@type":"ListItem","position":5,"name":"Moyra Builder Milky White Gel 5g"}]},{"@type":"WebSite","@id":"https:\/\/kinnunen.fi\/#website","url":"https:\/\/kinnunen.fi\/","name":"Kinnunen","description":"","potentialAction":[{"@type":"SearchAction","target":{"@type":"EntryPoint","urlTemplate":"https:\/\/kinnunen.fi\/?s={search_term_string}"},"query-input":"required name=search_term_string"}],"inLanguage":"en-GB"}]}},"_links":{"self":[{"href":"https:\/\/kinnunen.fi\/en\/wp-json\/wp\/v2\/product\/22651"}],"collection":[{"href":"https:\/\/kinnunen.fi\/en\/wp-json\/wp\/v2\/product"}],"about":[{"href":"https:\/\/kinnunen.fi\/en\/wp-json\/wp\/v2\/types\/product"}],"replies":[{"embeddable":true,"href":"https:\/\/kinnunen.fi\/en\/wp-json\/wp\/v2\/comments?post=22651"}],"wp:featuredmedia":[{"embeddable":true,"href":"https:\/\/kinnunen.fi\/en\/wp-json\/wp\/v2\/media\/22630"}],"wp:attachment":[{"href":"https:\/\/kinnunen.fi\/en\/wp-json\/wp\/v2\/media?parent=22651"}],"wp:term":[{"taxonomy":"product_cat","embeddable":true,"href":"https:\/\/kinnunen.fi\/en\/wp-json\/wp\/v2\/product_cat?post=22651"},{"taxonomy":"product_tag","embeddable":true,"href":"https:\/\/kinnunen.fi\/en\/wp-json\/wp\/v2\/product_tag?post=22651"}],"curies":[{"name":"wp","href":"https:\/\/api.w.org\/{rel}","templated":true}]}}