

{"id":22658,"date":"2022-08-01T08:52:31","date_gmt":"2022-08-01T05:52:31","guid":{"rendered":"https:\/\/kinnunen.fi\/?post_type=product&#038;p=22658"},"modified":"2026-04-30T04:00:30","modified_gmt":"2026-04-30T01:00:30","slug":"moyra-magic-gloss-top-gel-10ml","status":"publish","type":"product","link":"https:\/\/kinnunen.fi\/en\/product\/moyra-magic-gloss-top-gel-10ml\/","title":{"rendered":"Moyra Magic Gloss Top Gel, 10ml"},"content":{"rendered":"<p>Magic Gloss Top Gel is a high gloss UV\/LED curing top gel. Does not cause a burning sensation when cured. Once cured, it does not leave a sticky surface and does not need to be wiped off with Gel Cleanser. The gel does not turn yellow and one thin layer is sufficient. Suitable for acrylic and gel nails. Cure with UV light for 2-3 min or with LED light for 30-40 sec.<\/p>","protected":false},"excerpt":{"rendered":"<p>Magic Gloss Top Gel on korkeakiiltoinen UV\/LED kovetteinen p\u00e4\u00e4llysgeeli. Ei aiheuta polttavaa tunnetta kovettuessaan. Kovetuttuaan ei j\u00e4t\u00e4 tahmeaa pintaa, eik\u00e4&hellip;<\/p>","protected":false},"featured_media":22639,"comment_status":"closed","ping_status":"closed","template":"","meta":{"_relevanssi_hide_post":"","_relevanssi_pin_for_all":"","_relevanssi_pin_keywords":"","_relevanssi_unpin_keywords":"","_relevanssi_related_keywords":"","_relevanssi_related_include_ids":"","_relevanssi_related_exclude_ids":"","_relevanssi_related_no_append":"","_relevanssi_related_not_related":"","_relevanssi_related_posts":"","_relevanssi_noindex_reason":""},"product_cat":[1865,1878,1879],"product_tag":[],"class_list":["post-22658","product","type-product","status-publish","has-post-thumbnail","hentry","product_cat-kynnet-ja-kadet","product_cat-geeli-ja-akryylikynnet","product_cat-rakennegeelit","tuotemerkki-moyra"],"tuotemerkit":[{"term_id":1995,"name":"Moyra","slug":"moyra","term_group":0,"term_taxonomy_id":1995,"taxonomy":"tuotemerkki","description":"","parent":0,"count":60,"filter":"raw"}],"acf":[],"yoast_head":"<!-- This site is optimized with the Yoast SEO plugin v23.3 - https:\/\/yoast.com\/wordpress\/plugins\/seo\/ -->\n<title>Moyra Magic Gloss Top Gel, 10ml - Kinnunen<\/title>\n<meta name=\"robots\" content=\"index, follow, max-snippet:-1, max-image-preview:large, max-video-preview:-1\" \/>\n<link rel=\"canonical\" href=\"https:\/\/kinnunen.fi\/en\/product\/moyra-magic-gloss-top-gel-10ml\/\" \/>\n<meta property=\"og:locale\" content=\"en_GB\" \/>\n<meta property=\"og:type\" content=\"article\" \/>\n<meta property=\"og:title\" content=\"Moyra Magic Gloss Top Gel, 10ml - Kinnunen\" \/>\n<meta property=\"og:description\" content=\"Magic Gloss Top Gel on korkeakiiltoinen UV\/LED kovetteinen p\u00e4\u00e4llysgeeli. Ei aiheuta polttavaa tunnetta kovettuessaan. Kovetuttuaan ei j\u00e4t\u00e4 tahmeaa pintaa, eik\u00e4&hellip;\" \/>\n<meta property=\"og:url\" content=\"https:\/\/kinnunen.fi\/en\/product\/moyra-magic-gloss-top-gel-10ml\/\" \/>\n<meta property=\"og:site_name\" content=\"Kinnunen\" \/>\n<meta property=\"article:modified_time\" content=\"2026-04-30T01:00:30+00:00\" \/>\n<meta property=\"og:image\" content=\"https:\/\/kinnunen.fi\/wp-content\/uploads\/2022\/07\/MMGTG10_magic_gloss.jpg\" \/>\n\t<meta property=\"og:image:width\" content=\"800\" \/>\n\t<meta property=\"og:image:height\" content=\"800\" \/>\n\t<meta property=\"og:image:type\" content=\"image\/jpeg\" \/>\n<meta name=\"twitter:card\" content=\"summary_large_image\" \/>\n<meta name=\"twitter:label1\" content=\"Estimated reading time\" \/>\n\t<meta name=\"twitter:data1\" content=\"1 minute\" \/>\n<script type=\"application\/ld+json\" class=\"yoast-schema-graph\">{\"@context\":\"https:\/\/schema.org\",\"@graph\":[{\"@type\":\"WebPage\",\"@id\":\"https:\/\/kinnunen.fi\/tuote\/moyra-magic-gloss-top-gel-10ml\/\",\"url\":\"https:\/\/kinnunen.fi\/tuote\/moyra-magic-gloss-top-gel-10ml\/\",\"name\":\"Moyra Magic Gloss Top Gel, 10ml - Kinnunen\",\"isPartOf\":{\"@id\":\"https:\/\/kinnunen.fi\/#website\"},\"primaryImageOfPage\":{\"@id\":\"https:\/\/kinnunen.fi\/tuote\/moyra-magic-gloss-top-gel-10ml\/#primaryimage\"},\"image\":{\"@id\":\"https:\/\/kinnunen.fi\/tuote\/moyra-magic-gloss-top-gel-10ml\/#primaryimage\"},\"thumbnailUrl\":\"https:\/\/kinnunen.fi\/wp-content\/uploads\/2022\/07\/MMGTG10_magic_gloss.jpg\",\"datePublished\":\"2022-08-01T05:52:31+00:00\",\"dateModified\":\"2026-04-30T01:00:30+00:00\",\"breadcrumb\":{\"@id\":\"https:\/\/kinnunen.fi\/tuote\/moyra-magic-gloss-top-gel-10ml\/#breadcrumb\"},\"inLanguage\":\"en-GB\",\"potentialAction\":[{\"@type\":\"ReadAction\",\"target\":[\"https:\/\/kinnunen.fi\/tuote\/moyra-magic-gloss-top-gel-10ml\/\"]}]},{\"@type\":\"ImageObject\",\"inLanguage\":\"en-GB\",\"@id\":\"https:\/\/kinnunen.fi\/tuote\/moyra-magic-gloss-top-gel-10ml\/#primaryimage\",\"url\":\"https:\/\/kinnunen.fi\/wp-content\/uploads\/2022\/07\/MMGTG10_magic_gloss.jpg\",\"contentUrl\":\"https:\/\/kinnunen.fi\/wp-content\/uploads\/2022\/07\/MMGTG10_magic_gloss.jpg\",\"width\":800,\"height\":800},{\"@type\":\"BreadcrumbList\",\"@id\":\"https:\/\/kinnunen.fi\/tuote\/moyra-magic-gloss-top-gel-10ml\/#breadcrumb\",\"itemListElement\":[{\"@type\":\"ListItem\",\"position\":1,\"name\":\"Etusivu\",\"item\":\"https:\/\/kinnunen.fi\/\"},{\"@type\":\"ListItem\",\"position\":2,\"name\":\"Kaikki tuotteet\",\"item\":\"https:\/\/kinnunen.fi\/kauppa\/\"},{\"@type\":\"ListItem\",\"position\":3,\"name\":\"Kauneudenhoito\",\"item\":\"https:\/\/kinnunen.fi\/tuote-osasto\/kauneudenhoito\/\"},{\"@type\":\"ListItem\",\"position\":4,\"name\":\"Kynnet ja k\u00e4det\",\"item\":\"https:\/\/kinnunen.fi\/tuote-osasto\/kauneudenhoito\/kynnet-ja-kadet\/\"},{\"@type\":\"ListItem\",\"position\":5,\"name\":\"Moyra Magic Gloss Top Gel, 10ml\"}]},{\"@type\":\"WebSite\",\"@id\":\"https:\/\/kinnunen.fi\/#website\",\"url\":\"https:\/\/kinnunen.fi\/\",\"name\":\"Kinnunen\",\"description\":\"\",\"potentialAction\":[{\"@type\":\"SearchAction\",\"target\":{\"@type\":\"EntryPoint\",\"urlTemplate\":\"https:\/\/kinnunen.fi\/?s={search_term_string}\"},\"query-input\":\"required name=search_term_string\"}],\"inLanguage\":\"en-GB\"}]}<\/script>\n<!-- \/ Yoast SEO plugin. -->","yoast_head_json":{"title":"Moyra Magic Gloss Top Gel, 10ml - Kinnunen","robots":{"index":"index","follow":"follow","max-snippet":"max-snippet:-1","max-image-preview":"max-image-preview:large","max-video-preview":"max-video-preview:-1"},"canonical":"https:\/\/kinnunen.fi\/en\/product\/moyra-magic-gloss-top-gel-10ml\/","og_locale":"en_GB","og_type":"article","og_title":"Moyra Magic Gloss Top Gel, 10ml - Kinnunen","og_description":"Magic Gloss Top Gel on korkeakiiltoinen UV\/LED kovetteinen p\u00e4\u00e4llysgeeli. Ei aiheuta polttavaa tunnetta kovettuessaan. Kovetuttuaan ei j\u00e4t\u00e4 tahmeaa pintaa, eik\u00e4&hellip;","og_url":"https:\/\/kinnunen.fi\/en\/product\/moyra-magic-gloss-top-gel-10ml\/","og_site_name":"Kinnunen","article_modified_time":"2026-04-30T01:00:30+00:00","og_image":[{"width":800,"height":800,"url":"https:\/\/kinnunen.fi\/wp-content\/uploads\/2022\/07\/MMGTG10_magic_gloss.jpg","type":"image\/jpeg"}],"twitter_card":"summary_large_image","twitter_misc":{"Estimated reading time":"1 minute"},"schema":{"@context":"https:\/\/schema.org","@graph":[{"@type":"WebPage","@id":"https:\/\/kinnunen.fi\/tuote\/moyra-magic-gloss-top-gel-10ml\/","url":"https:\/\/kinnunen.fi\/tuote\/moyra-magic-gloss-top-gel-10ml\/","name":"Moyra Magic Gloss Top Gel, 10ml - Kinnunen","isPartOf":{"@id":"https:\/\/kinnunen.fi\/#website"},"primaryImageOfPage":{"@id":"https:\/\/kinnunen.fi\/tuote\/moyra-magic-gloss-top-gel-10ml\/#primaryimage"},"image":{"@id":"https:\/\/kinnunen.fi\/tuote\/moyra-magic-gloss-top-gel-10ml\/#primaryimage"},"thumbnailUrl":"https:\/\/kinnunen.fi\/wp-content\/uploads\/2022\/07\/MMGTG10_magic_gloss.jpg","datePublished":"2022-08-01T05:52:31+00:00","dateModified":"2026-04-30T01:00:30+00:00","breadcrumb":{"@id":"https:\/\/kinnunen.fi\/tuote\/moyra-magic-gloss-top-gel-10ml\/#breadcrumb"},"inLanguage":"en-GB","potentialAction":[{"@type":"ReadAction","target":["https:\/\/kinnunen.fi\/tuote\/moyra-magic-gloss-top-gel-10ml\/"]}]},{"@type":"ImageObject","inLanguage":"en-GB","@id":"https:\/\/kinnunen.fi\/tuote\/moyra-magic-gloss-top-gel-10ml\/#primaryimage","url":"https:\/\/kinnunen.fi\/wp-content\/uploads\/2022\/07\/MMGTG10_magic_gloss.jpg","contentUrl":"https:\/\/kinnunen.fi\/wp-content\/uploads\/2022\/07\/MMGTG10_magic_gloss.jpg","width":800,"height":800},{"@type":"BreadcrumbList","@id":"https:\/\/kinnunen.fi\/tuote\/moyra-magic-gloss-top-gel-10ml\/#breadcrumb","itemListElement":[{"@type":"ListItem","position":1,"name":"Etusivu","item":"https:\/\/kinnunen.fi\/"},{"@type":"ListItem","position":2,"name":"Kaikki tuotteet","item":"https:\/\/kinnunen.fi\/kauppa\/"},{"@type":"ListItem","position":3,"name":"Kauneudenhoito","item":"https:\/\/kinnunen.fi\/tuote-osasto\/kauneudenhoito\/"},{"@type":"ListItem","position":4,"name":"Kynnet ja k\u00e4det","item":"https:\/\/kinnunen.fi\/tuote-osasto\/kauneudenhoito\/kynnet-ja-kadet\/"},{"@type":"ListItem","position":5,"name":"Moyra Magic Gloss Top Gel, 10ml"}]},{"@type":"WebSite","@id":"https:\/\/kinnunen.fi\/#website","url":"https:\/\/kinnunen.fi\/","name":"Kinnunen","description":"","potentialAction":[{"@type":"SearchAction","target":{"@type":"EntryPoint","urlTemplate":"https:\/\/kinnunen.fi\/?s={search_term_string}"},"query-input":"required name=search_term_string"}],"inLanguage":"en-GB"}]}},"_links":{"self":[{"href":"https:\/\/kinnunen.fi\/en\/wp-json\/wp\/v2\/product\/22658"}],"collection":[{"href":"https:\/\/kinnunen.fi\/en\/wp-json\/wp\/v2\/product"}],"about":[{"href":"https:\/\/kinnunen.fi\/en\/wp-json\/wp\/v2\/types\/product"}],"replies":[{"embeddable":true,"href":"https:\/\/kinnunen.fi\/en\/wp-json\/wp\/v2\/comments?post=22658"}],"wp:featuredmedia":[{"embeddable":true,"href":"https:\/\/kinnunen.fi\/en\/wp-json\/wp\/v2\/media\/22639"}],"wp:attachment":[{"href":"https:\/\/kinnunen.fi\/en\/wp-json\/wp\/v2\/media?parent=22658"}],"wp:term":[{"taxonomy":"product_cat","embeddable":true,"href":"https:\/\/kinnunen.fi\/en\/wp-json\/wp\/v2\/product_cat?post=22658"},{"taxonomy":"product_tag","embeddable":true,"href":"https:\/\/kinnunen.fi\/en\/wp-json\/wp\/v2\/product_tag?post=22658"}],"curies":[{"name":"wp","href":"https:\/\/api.w.org\/{rel}","templated":true}]}}