

{"id":22675,"date":"2022-08-01T08:53:15","date_gmt":"2022-08-01T05:53:15","guid":{"rendered":"https:\/\/kinnunen.fi\/?post_type=product&#038;p=22675"},"modified":"2026-04-19T04:00:38","modified_gmt":"2026-04-19T01:00:38","slug":"moyra-profile-viila","status":"publish","type":"product","link":"https:\/\/kinnunen.fi\/en\/product\/moyra-profile-viila\/","title":{"rendered":"Moyra Profile Viila"},"content":{"rendered":"<p>Reliable files from professionals are resistant to washing and retain their file finish for a long time.<\/p>\n<p>180\/180 for natural nails, manicures and smoothing of coarser hair<br \/>\nthe imprint of the veneers.<br \/>\n150\/150 for natural nails, manicures and structural nail masses<br \/>\nfor finishing and smoothing.<br \/>\n80\/80 coarse file for shaping and removing structural nail compounds.<\/p>","protected":false},"excerpt":{"rendered":"<p>Ammattilaisten luotettavat viilat kest\u00e4v\u00e4t pesua ja s\u00e4ilytt\u00e4v\u00e4t viilauspintansa pitk\u00e4\u00e4n. 180\/180 luonnonkynnelle, manikyyreihin ja silottamaan karkeampien viilojen j\u00e4lke\u00e4. 150\/150 luonnonkynnelle, manikyyreihin&hellip;<\/p>","protected":false},"featured_media":22676,"comment_status":"closed","ping_status":"closed","template":"","meta":{"_relevanssi_hide_post":"","_relevanssi_pin_for_all":"","_relevanssi_pin_keywords":"","_relevanssi_unpin_keywords":"","_relevanssi_related_keywords":"","_relevanssi_related_include_ids":"","_relevanssi_related_exclude_ids":"","_relevanssi_related_no_append":"","_relevanssi_related_not_related":"","_relevanssi_related_posts":"","_relevanssi_noindex_reason":""},"product_cat":[1865,1885,1890],"product_tag":[],"class_list":["post-22675","product","type-product","status-publish","has-post-thumbnail","hentry","product_cat-kynnet-ja-kadet","product_cat-kynsiteknikon-valineet","product_cat-viilat","tuotemerkki-moyra"],"tuotemerkit":[{"term_id":1995,"name":"Moyra","slug":"moyra","term_group":0,"term_taxonomy_id":1995,"taxonomy":"tuotemerkki","description":"","parent":0,"count":60,"filter":"raw"}],"acf":[],"yoast_head":"<!-- This site is optimized with the Yoast SEO plugin v23.3 - https:\/\/yoast.com\/wordpress\/plugins\/seo\/ -->\n<title>Moyra Profile Viila - Kinnunen<\/title>\n<meta name=\"robots\" content=\"index, follow, max-snippet:-1, max-image-preview:large, max-video-preview:-1\" \/>\n<link rel=\"canonical\" href=\"https:\/\/kinnunen.fi\/en\/product\/moyra-profile-viila\/\" \/>\n<meta property=\"og:locale\" content=\"en_GB\" \/>\n<meta property=\"og:type\" content=\"article\" \/>\n<meta property=\"og:title\" content=\"Moyra Profile Viila - Kinnunen\" \/>\n<meta property=\"og:description\" content=\"Ammattilaisten luotettavat viilat kest\u00e4v\u00e4t pesua ja s\u00e4ilytt\u00e4v\u00e4t viilauspintansa pitk\u00e4\u00e4n. 180\/180 luonnonkynnelle, manikyyreihin ja silottamaan karkeampien viilojen j\u00e4lke\u00e4. 150\/150 luonnonkynnelle, manikyyreihin&hellip;\" \/>\n<meta property=\"og:url\" content=\"https:\/\/kinnunen.fi\/en\/product\/moyra-profile-viila\/\" \/>\n<meta property=\"og:site_name\" content=\"Kinnunen\" \/>\n<meta property=\"article:modified_time\" content=\"2026-04-19T01:00:38+00:00\" \/>\n<meta property=\"og:image\" content=\"https:\/\/kinnunen.fi\/wp-content\/uploads\/2022\/07\/MPROF.jpg\" \/>\n\t<meta property=\"og:image:width\" content=\"800\" \/>\n\t<meta property=\"og:image:height\" content=\"800\" \/>\n\t<meta property=\"og:image:type\" content=\"image\/jpeg\" \/>\n<meta name=\"twitter:card\" content=\"summary_large_image\" \/>\n<meta name=\"twitter:label1\" content=\"Estimated reading time\" \/>\n\t<meta name=\"twitter:data1\" content=\"1 minute\" \/>\n<script type=\"application\/ld+json\" class=\"yoast-schema-graph\">{\"@context\":\"https:\/\/schema.org\",\"@graph\":[{\"@type\":\"WebPage\",\"@id\":\"https:\/\/kinnunen.fi\/tuote\/moyra-profile-viila\/\",\"url\":\"https:\/\/kinnunen.fi\/tuote\/moyra-profile-viila\/\",\"name\":\"Moyra Profile Viila - Kinnunen\",\"isPartOf\":{\"@id\":\"https:\/\/kinnunen.fi\/#website\"},\"primaryImageOfPage\":{\"@id\":\"https:\/\/kinnunen.fi\/tuote\/moyra-profile-viila\/#primaryimage\"},\"image\":{\"@id\":\"https:\/\/kinnunen.fi\/tuote\/moyra-profile-viila\/#primaryimage\"},\"thumbnailUrl\":\"https:\/\/kinnunen.fi\/wp-content\/uploads\/2022\/07\/MPROF.jpg\",\"datePublished\":\"2022-08-01T05:53:15+00:00\",\"dateModified\":\"2026-04-19T01:00:38+00:00\",\"breadcrumb\":{\"@id\":\"https:\/\/kinnunen.fi\/tuote\/moyra-profile-viila\/#breadcrumb\"},\"inLanguage\":\"en-GB\",\"potentialAction\":[{\"@type\":\"ReadAction\",\"target\":[\"https:\/\/kinnunen.fi\/tuote\/moyra-profile-viila\/\"]}]},{\"@type\":\"ImageObject\",\"inLanguage\":\"en-GB\",\"@id\":\"https:\/\/kinnunen.fi\/tuote\/moyra-profile-viila\/#primaryimage\",\"url\":\"https:\/\/kinnunen.fi\/wp-content\/uploads\/2022\/07\/MPROF.jpg\",\"contentUrl\":\"https:\/\/kinnunen.fi\/wp-content\/uploads\/2022\/07\/MPROF.jpg\",\"width\":800,\"height\":800},{\"@type\":\"BreadcrumbList\",\"@id\":\"https:\/\/kinnunen.fi\/tuote\/moyra-profile-viila\/#breadcrumb\",\"itemListElement\":[{\"@type\":\"ListItem\",\"position\":1,\"name\":\"Etusivu\",\"item\":\"https:\/\/kinnunen.fi\/\"},{\"@type\":\"ListItem\",\"position\":2,\"name\":\"Kaikki tuotteet\",\"item\":\"https:\/\/kinnunen.fi\/kauppa\/\"},{\"@type\":\"ListItem\",\"position\":3,\"name\":\"Kauneudenhoito\",\"item\":\"https:\/\/kinnunen.fi\/tuote-osasto\/kauneudenhoito\/\"},{\"@type\":\"ListItem\",\"position\":4,\"name\":\"Kynnet ja k\u00e4det\",\"item\":\"https:\/\/kinnunen.fi\/tuote-osasto\/kauneudenhoito\/kynnet-ja-kadet\/\"},{\"@type\":\"ListItem\",\"position\":5,\"name\":\"Moyra Profile Viila\"}]},{\"@type\":\"WebSite\",\"@id\":\"https:\/\/kinnunen.fi\/#website\",\"url\":\"https:\/\/kinnunen.fi\/\",\"name\":\"Kinnunen\",\"description\":\"\",\"potentialAction\":[{\"@type\":\"SearchAction\",\"target\":{\"@type\":\"EntryPoint\",\"urlTemplate\":\"https:\/\/kinnunen.fi\/?s={search_term_string}\"},\"query-input\":\"required name=search_term_string\"}],\"inLanguage\":\"en-GB\"}]}<\/script>\n<!-- \/ Yoast SEO plugin. -->","yoast_head_json":{"title":"Moyra Profile Viila - Kinnunen","robots":{"index":"index","follow":"follow","max-snippet":"max-snippet:-1","max-image-preview":"max-image-preview:large","max-video-preview":"max-video-preview:-1"},"canonical":"https:\/\/kinnunen.fi\/en\/product\/moyra-profile-viila\/","og_locale":"en_GB","og_type":"article","og_title":"Moyra Profile Viila - Kinnunen","og_description":"Ammattilaisten luotettavat viilat kest\u00e4v\u00e4t pesua ja s\u00e4ilytt\u00e4v\u00e4t viilauspintansa pitk\u00e4\u00e4n. 180\/180 luonnonkynnelle, manikyyreihin ja silottamaan karkeampien viilojen j\u00e4lke\u00e4. 150\/150 luonnonkynnelle, manikyyreihin&hellip;","og_url":"https:\/\/kinnunen.fi\/en\/product\/moyra-profile-viila\/","og_site_name":"Kinnunen","article_modified_time":"2026-04-19T01:00:38+00:00","og_image":[{"width":800,"height":800,"url":"https:\/\/kinnunen.fi\/wp-content\/uploads\/2022\/07\/MPROF.jpg","type":"image\/jpeg"}],"twitter_card":"summary_large_image","twitter_misc":{"Estimated reading time":"1 minute"},"schema":{"@context":"https:\/\/schema.org","@graph":[{"@type":"WebPage","@id":"https:\/\/kinnunen.fi\/tuote\/moyra-profile-viila\/","url":"https:\/\/kinnunen.fi\/tuote\/moyra-profile-viila\/","name":"Moyra Profile Viila - Kinnunen","isPartOf":{"@id":"https:\/\/kinnunen.fi\/#website"},"primaryImageOfPage":{"@id":"https:\/\/kinnunen.fi\/tuote\/moyra-profile-viila\/#primaryimage"},"image":{"@id":"https:\/\/kinnunen.fi\/tuote\/moyra-profile-viila\/#primaryimage"},"thumbnailUrl":"https:\/\/kinnunen.fi\/wp-content\/uploads\/2022\/07\/MPROF.jpg","datePublished":"2022-08-01T05:53:15+00:00","dateModified":"2026-04-19T01:00:38+00:00","breadcrumb":{"@id":"https:\/\/kinnunen.fi\/tuote\/moyra-profile-viila\/#breadcrumb"},"inLanguage":"en-GB","potentialAction":[{"@type":"ReadAction","target":["https:\/\/kinnunen.fi\/tuote\/moyra-profile-viila\/"]}]},{"@type":"ImageObject","inLanguage":"en-GB","@id":"https:\/\/kinnunen.fi\/tuote\/moyra-profile-viila\/#primaryimage","url":"https:\/\/kinnunen.fi\/wp-content\/uploads\/2022\/07\/MPROF.jpg","contentUrl":"https:\/\/kinnunen.fi\/wp-content\/uploads\/2022\/07\/MPROF.jpg","width":800,"height":800},{"@type":"BreadcrumbList","@id":"https:\/\/kinnunen.fi\/tuote\/moyra-profile-viila\/#breadcrumb","itemListElement":[{"@type":"ListItem","position":1,"name":"Etusivu","item":"https:\/\/kinnunen.fi\/"},{"@type":"ListItem","position":2,"name":"Kaikki tuotteet","item":"https:\/\/kinnunen.fi\/kauppa\/"},{"@type":"ListItem","position":3,"name":"Kauneudenhoito","item":"https:\/\/kinnunen.fi\/tuote-osasto\/kauneudenhoito\/"},{"@type":"ListItem","position":4,"name":"Kynnet ja k\u00e4det","item":"https:\/\/kinnunen.fi\/tuote-osasto\/kauneudenhoito\/kynnet-ja-kadet\/"},{"@type":"ListItem","position":5,"name":"Moyra Profile Viila"}]},{"@type":"WebSite","@id":"https:\/\/kinnunen.fi\/#website","url":"https:\/\/kinnunen.fi\/","name":"Kinnunen","description":"","potentialAction":[{"@type":"SearchAction","target":{"@type":"EntryPoint","urlTemplate":"https:\/\/kinnunen.fi\/?s={search_term_string}"},"query-input":"required name=search_term_string"}],"inLanguage":"en-GB"}]}},"_links":{"self":[{"href":"https:\/\/kinnunen.fi\/en\/wp-json\/wp\/v2\/product\/22675"}],"collection":[{"href":"https:\/\/kinnunen.fi\/en\/wp-json\/wp\/v2\/product"}],"about":[{"href":"https:\/\/kinnunen.fi\/en\/wp-json\/wp\/v2\/types\/product"}],"replies":[{"embeddable":true,"href":"https:\/\/kinnunen.fi\/en\/wp-json\/wp\/v2\/comments?post=22675"}],"wp:featuredmedia":[{"embeddable":true,"href":"https:\/\/kinnunen.fi\/en\/wp-json\/wp\/v2\/media\/22676"}],"wp:attachment":[{"href":"https:\/\/kinnunen.fi\/en\/wp-json\/wp\/v2\/media?parent=22675"}],"wp:term":[{"taxonomy":"product_cat","embeddable":true,"href":"https:\/\/kinnunen.fi\/en\/wp-json\/wp\/v2\/product_cat?post=22675"},{"taxonomy":"product_tag","embeddable":true,"href":"https:\/\/kinnunen.fi\/en\/wp-json\/wp\/v2\/product_tag?post=22675"}],"curies":[{"name":"wp","href":"https:\/\/api.w.org\/{rel}","templated":true}]}}