

{"id":23174,"date":"2022-08-25T16:11:22","date_gmt":"2022-08-25T13:11:22","guid":{"rendered":"https:\/\/kinnunen.fi\/?post_type=product&#038;p=23174"},"modified":"2026-04-30T04:00:24","modified_gmt":"2026-04-30T01:00:24","slug":"fraim-kaksipuoleinen-peilipaikka-kopio","status":"publish","type":"product","link":"https:\/\/kinnunen.fi\/en\/product\/fraim-kaksipuoleinen-peilipaikka-kopio\/","title":{"rendered":"Fraim- double-sided mirror seat"},"content":{"rendered":"<p>A free-standing and easily movable double-sided mirror seat. Choose from stainless steel, wood veneered or hard plastic options. Footrests and hairdryer holders are included in the price. Width 65 cm, depth 49 cm and height 210 cm<\/p>\n<p>The Tower mirror seat can be optionally equipped with a shelf that opens from the side and an under-level hairdryer holder.<\/p>\n<p>The product is made to order in Italy.<\/p>","protected":false},"excerpt":{"rendered":"<p>Vapaasti lattialle sijoitettava ja helposti siirrett\u00e4v\u00e4 kaksipuoleinen peilipaikka. Tason materiaalin saat valita ruostumattomasta ter\u00e4ksest\u00e4, puuviimeistellyst\u00e4 tai kovamuovisesta vaihtoehdosta. Jalkatuet\u00a0 sek\u00e4&hellip;<\/p>","protected":false},"featured_media":23175,"comment_status":"closed","ping_status":"closed","template":"","meta":{"_relevanssi_hide_post":"","_relevanssi_pin_for_all":"","_relevanssi_pin_keywords":"","_relevanssi_unpin_keywords":"","_relevanssi_related_keywords":"","_relevanssi_related_include_ids":"","_relevanssi_related_exclude_ids":"","_relevanssi_related_no_append":"","_relevanssi_related_not_related":"","_relevanssi_related_posts":"","_relevanssi_noindex_reason":""},"product_cat":[1838,1839],"product_tag":[],"class_list":["post-23174","product","type-product","status-publish","has-post-thumbnail","hentry","product_cat-kalusteet","product_cat-peilipaikat","pa_ominaisuudet-valmistettu-euroopassa","tuotemerkki-pietranera"],"tuotemerkit":[{"term_id":282,"name":"Pietranera","slug":"pietranera","term_group":0,"term_taxonomy_id":282,"taxonomy":"tuotemerkki","description":"","parent":0,"count":46,"filter":"raw"}],"acf":[],"yoast_head":"<!-- This site is optimized with the Yoast SEO plugin v23.3 - https:\/\/yoast.com\/wordpress\/plugins\/seo\/ -->\n<title>Fraim- kaksipuoleinen peilipaikka - Kinnunen<\/title>\n<meta name=\"robots\" content=\"index, follow, max-snippet:-1, max-image-preview:large, max-video-preview:-1\" \/>\n<link rel=\"canonical\" href=\"https:\/\/kinnunen.fi\/en\/product\/fraim-kaksipuoleinen-peilipaikka-kopio\/\" \/>\n<meta property=\"og:locale\" content=\"en_GB\" \/>\n<meta property=\"og:type\" content=\"article\" \/>\n<meta property=\"og:title\" content=\"Fraim- kaksipuoleinen peilipaikka - Kinnunen\" \/>\n<meta property=\"og:description\" content=\"Vapaasti lattialle sijoitettava ja helposti siirrett\u00e4v\u00e4 kaksipuoleinen peilipaikka. Tason materiaalin saat valita ruostumattomasta ter\u00e4ksest\u00e4, puuviimeistellyst\u00e4 tai kovamuovisesta vaihtoehdosta. Jalkatuet\u00a0 sek\u00e4&hellip;\" \/>\n<meta property=\"og:url\" content=\"https:\/\/kinnunen.fi\/en\/product\/fraim-kaksipuoleinen-peilipaikka-kopio\/\" \/>\n<meta property=\"og:site_name\" content=\"Kinnunen\" \/>\n<meta property=\"article:modified_time\" content=\"2026-04-30T01:00:24+00:00\" \/>\n<meta property=\"og:image\" content=\"https:\/\/kinnunen.fi\/wp-content\/uploads\/2022\/08\/fraim.jpg\" \/>\n\t<meta property=\"og:image:width\" content=\"1000\" \/>\n\t<meta property=\"og:image:height\" content=\"1000\" \/>\n\t<meta property=\"og:image:type\" content=\"image\/jpeg\" \/>\n<meta name=\"twitter:card\" content=\"summary_large_image\" \/>\n<script type=\"application\/ld+json\" class=\"yoast-schema-graph\">{\"@context\":\"https:\/\/schema.org\",\"@graph\":[{\"@type\":\"WebPage\",\"@id\":\"https:\/\/kinnunen.fi\/tuote\/fraim-kaksipuoleinen-peilipaikka-kopio\/\",\"url\":\"https:\/\/kinnunen.fi\/tuote\/fraim-kaksipuoleinen-peilipaikka-kopio\/\",\"name\":\"Fraim- kaksipuoleinen peilipaikka - Kinnunen\",\"isPartOf\":{\"@id\":\"https:\/\/kinnunen.fi\/#website\"},\"primaryImageOfPage\":{\"@id\":\"https:\/\/kinnunen.fi\/tuote\/fraim-kaksipuoleinen-peilipaikka-kopio\/#primaryimage\"},\"image\":{\"@id\":\"https:\/\/kinnunen.fi\/tuote\/fraim-kaksipuoleinen-peilipaikka-kopio\/#primaryimage\"},\"thumbnailUrl\":\"https:\/\/kinnunen.fi\/wp-content\/uploads\/2022\/08\/fraim.jpg\",\"datePublished\":\"2022-08-25T13:11:22+00:00\",\"dateModified\":\"2026-04-30T01:00:24+00:00\",\"breadcrumb\":{\"@id\":\"https:\/\/kinnunen.fi\/tuote\/fraim-kaksipuoleinen-peilipaikka-kopio\/#breadcrumb\"},\"inLanguage\":\"en-GB\",\"potentialAction\":[{\"@type\":\"ReadAction\",\"target\":[\"https:\/\/kinnunen.fi\/tuote\/fraim-kaksipuoleinen-peilipaikka-kopio\/\"]}]},{\"@type\":\"ImageObject\",\"inLanguage\":\"en-GB\",\"@id\":\"https:\/\/kinnunen.fi\/tuote\/fraim-kaksipuoleinen-peilipaikka-kopio\/#primaryimage\",\"url\":\"https:\/\/kinnunen.fi\/wp-content\/uploads\/2022\/08\/fraim.jpg\",\"contentUrl\":\"https:\/\/kinnunen.fi\/wp-content\/uploads\/2022\/08\/fraim.jpg\",\"width\":1000,\"height\":1000},{\"@type\":\"BreadcrumbList\",\"@id\":\"https:\/\/kinnunen.fi\/tuote\/fraim-kaksipuoleinen-peilipaikka-kopio\/#breadcrumb\",\"itemListElement\":[{\"@type\":\"ListItem\",\"position\":1,\"name\":\"Etusivu\",\"item\":\"https:\/\/kinnunen.fi\/\"},{\"@type\":\"ListItem\",\"position\":2,\"name\":\"Kaikki tuotteet\",\"item\":\"https:\/\/kinnunen.fi\/kauppa\/\"},{\"@type\":\"ListItem\",\"position\":3,\"name\":\"Kalusteet\",\"item\":\"https:\/\/kinnunen.fi\/tuote-osasto\/kalusteet\/\"},{\"@type\":\"ListItem\",\"position\":4,\"name\":\"Peilipaikat\",\"item\":\"https:\/\/kinnunen.fi\/tuote-osasto\/kalusteet\/peilipaikat\/\"},{\"@type\":\"ListItem\",\"position\":5,\"name\":\"Fraim- kaksipuoleinen peilipaikka\"}]},{\"@type\":\"WebSite\",\"@id\":\"https:\/\/kinnunen.fi\/#website\",\"url\":\"https:\/\/kinnunen.fi\/\",\"name\":\"Kinnunen\",\"description\":\"\",\"potentialAction\":[{\"@type\":\"SearchAction\",\"target\":{\"@type\":\"EntryPoint\",\"urlTemplate\":\"https:\/\/kinnunen.fi\/?s={search_term_string}\"},\"query-input\":\"required name=search_term_string\"}],\"inLanguage\":\"en-GB\"}]}<\/script>\n<!-- \/ Yoast SEO plugin. -->","yoast_head_json":{"title":"Fraim- kaksipuoleinen peilipaikka - Kinnunen","robots":{"index":"index","follow":"follow","max-snippet":"max-snippet:-1","max-image-preview":"max-image-preview:large","max-video-preview":"max-video-preview:-1"},"canonical":"https:\/\/kinnunen.fi\/en\/product\/fraim-kaksipuoleinen-peilipaikka-kopio\/","og_locale":"en_GB","og_type":"article","og_title":"Fraim- kaksipuoleinen peilipaikka - Kinnunen","og_description":"Vapaasti lattialle sijoitettava ja helposti siirrett\u00e4v\u00e4 kaksipuoleinen peilipaikka. Tason materiaalin saat valita ruostumattomasta ter\u00e4ksest\u00e4, puuviimeistellyst\u00e4 tai kovamuovisesta vaihtoehdosta. Jalkatuet\u00a0 sek\u00e4&hellip;","og_url":"https:\/\/kinnunen.fi\/en\/product\/fraim-kaksipuoleinen-peilipaikka-kopio\/","og_site_name":"Kinnunen","article_modified_time":"2026-04-30T01:00:24+00:00","og_image":[{"width":1000,"height":1000,"url":"https:\/\/kinnunen.fi\/wp-content\/uploads\/2022\/08\/fraim.jpg","type":"image\/jpeg"}],"twitter_card":"summary_large_image","schema":{"@context":"https:\/\/schema.org","@graph":[{"@type":"WebPage","@id":"https:\/\/kinnunen.fi\/tuote\/fraim-kaksipuoleinen-peilipaikka-kopio\/","url":"https:\/\/kinnunen.fi\/tuote\/fraim-kaksipuoleinen-peilipaikka-kopio\/","name":"Fraim- kaksipuoleinen peilipaikka - Kinnunen","isPartOf":{"@id":"https:\/\/kinnunen.fi\/#website"},"primaryImageOfPage":{"@id":"https:\/\/kinnunen.fi\/tuote\/fraim-kaksipuoleinen-peilipaikka-kopio\/#primaryimage"},"image":{"@id":"https:\/\/kinnunen.fi\/tuote\/fraim-kaksipuoleinen-peilipaikka-kopio\/#primaryimage"},"thumbnailUrl":"https:\/\/kinnunen.fi\/wp-content\/uploads\/2022\/08\/fraim.jpg","datePublished":"2022-08-25T13:11:22+00:00","dateModified":"2026-04-30T01:00:24+00:00","breadcrumb":{"@id":"https:\/\/kinnunen.fi\/tuote\/fraim-kaksipuoleinen-peilipaikka-kopio\/#breadcrumb"},"inLanguage":"en-GB","potentialAction":[{"@type":"ReadAction","target":["https:\/\/kinnunen.fi\/tuote\/fraim-kaksipuoleinen-peilipaikka-kopio\/"]}]},{"@type":"ImageObject","inLanguage":"en-GB","@id":"https:\/\/kinnunen.fi\/tuote\/fraim-kaksipuoleinen-peilipaikka-kopio\/#primaryimage","url":"https:\/\/kinnunen.fi\/wp-content\/uploads\/2022\/08\/fraim.jpg","contentUrl":"https:\/\/kinnunen.fi\/wp-content\/uploads\/2022\/08\/fraim.jpg","width":1000,"height":1000},{"@type":"BreadcrumbList","@id":"https:\/\/kinnunen.fi\/tuote\/fraim-kaksipuoleinen-peilipaikka-kopio\/#breadcrumb","itemListElement":[{"@type":"ListItem","position":1,"name":"Etusivu","item":"https:\/\/kinnunen.fi\/"},{"@type":"ListItem","position":2,"name":"Kaikki tuotteet","item":"https:\/\/kinnunen.fi\/kauppa\/"},{"@type":"ListItem","position":3,"name":"Kalusteet","item":"https:\/\/kinnunen.fi\/tuote-osasto\/kalusteet\/"},{"@type":"ListItem","position":4,"name":"Peilipaikat","item":"https:\/\/kinnunen.fi\/tuote-osasto\/kalusteet\/peilipaikat\/"},{"@type":"ListItem","position":5,"name":"Fraim- kaksipuoleinen peilipaikka"}]},{"@type":"WebSite","@id":"https:\/\/kinnunen.fi\/#website","url":"https:\/\/kinnunen.fi\/","name":"Kinnunen","description":"","potentialAction":[{"@type":"SearchAction","target":{"@type":"EntryPoint","urlTemplate":"https:\/\/kinnunen.fi\/?s={search_term_string}"},"query-input":"required name=search_term_string"}],"inLanguage":"en-GB"}]}},"_links":{"self":[{"href":"https:\/\/kinnunen.fi\/en\/wp-json\/wp\/v2\/product\/23174"}],"collection":[{"href":"https:\/\/kinnunen.fi\/en\/wp-json\/wp\/v2\/product"}],"about":[{"href":"https:\/\/kinnunen.fi\/en\/wp-json\/wp\/v2\/types\/product"}],"replies":[{"embeddable":true,"href":"https:\/\/kinnunen.fi\/en\/wp-json\/wp\/v2\/comments?post=23174"}],"wp:featuredmedia":[{"embeddable":true,"href":"https:\/\/kinnunen.fi\/en\/wp-json\/wp\/v2\/media\/23175"}],"wp:attachment":[{"href":"https:\/\/kinnunen.fi\/en\/wp-json\/wp\/v2\/media?parent=23174"}],"wp:term":[{"taxonomy":"product_cat","embeddable":true,"href":"https:\/\/kinnunen.fi\/en\/wp-json\/wp\/v2\/product_cat?post=23174"},{"taxonomy":"product_tag","embeddable":true,"href":"https:\/\/kinnunen.fi\/en\/wp-json\/wp\/v2\/product_tag?post=23174"}],"curies":[{"name":"wp","href":"https:\/\/api.w.org\/{rel}","templated":true}]}}