

{"id":23217,"date":"2022-08-26T15:27:44","date_gmt":"2022-08-26T12:27:44","guid":{"rendered":"https:\/\/kinnunen.fi\/?post_type=product&#038;p=23217"},"modified":"2026-05-06T04:00:18","modified_gmt":"2026-05-06T01:00:18","slug":"zone-wash-classic-pesupaikka-kopio","status":"publish","type":"product","link":"https:\/\/kinnunen.fi\/en\/product\/zone-wash-classic-pesupaikka-kopio\/","title":{"rendered":"Zone Wash Classic washing place"},"content":{"rendered":"<p>A timelessly beautiful washing area with a tilting white basin. Choose from a wide range of colours to suit your style. The basin's hand shower is equipped with a drop-stop system. Dimensions: height 98 cm, width 70 cm and depth 125 cm. The product is made to measure in Italy.<\/p>\n<p>This model is available at an extra cost:<\/p>\n<ul>\n<li>black pool<\/li>\n<li>plastic backrest protection<\/li>\n<\/ul>\n<p>The Zone washroom is also available in models with motorised footrest and massage.<\/p>\n<p>&nbsp;<\/p>","protected":false},"excerpt":{"rendered":"<p>A timelessly beautiful washing area with a tilting white basin. Choose from a wide range of colours to suit your style. The basin's hand shower is equipped with a drop-stop system. Dimensions: height 98 cm, width 70 cm and depth 125 cm.<\/p>","protected":false},"featured_media":23218,"comment_status":"closed","ping_status":"closed","template":"","meta":{"_relevanssi_hide_post":"","_relevanssi_pin_for_all":"","_relevanssi_pin_keywords":"","_relevanssi_unpin_keywords":"","_relevanssi_related_keywords":"","_relevanssi_related_include_ids":"","_relevanssi_related_exclude_ids":"","_relevanssi_related_no_append":"","_relevanssi_related_not_related":"","_relevanssi_related_posts":"","_relevanssi_noindex_reason":""},"product_cat":[1838,1840],"product_tag":[],"class_list":["post-23217","product","type-product","status-publish","has-post-thumbnail","hentry","product_cat-kalusteet","product_cat-pesupaikat","pa_ominaisuudet-valmistettu-euroopassa","tuotemerkki-pietranera"],"tuotemerkit":[{"term_id":282,"name":"Pietranera","slug":"pietranera","term_group":0,"term_taxonomy_id":282,"taxonomy":"tuotemerkki","description":"","parent":0,"count":46,"filter":"raw"}],"acf":[],"yoast_head":"<!-- This site is optimized with the Yoast SEO plugin v23.3 - https:\/\/yoast.com\/wordpress\/plugins\/seo\/ -->\n<title>Zone Wash Classic-pesupaikka - Kinnunen<\/title>\n<meta name=\"robots\" content=\"index, follow, max-snippet:-1, max-image-preview:large, max-video-preview:-1\" \/>\n<link rel=\"canonical\" href=\"https:\/\/kinnunen.fi\/en\/product\/zone-wash-classic-pesupaikka-kopio\/\" \/>\n<meta property=\"og:locale\" content=\"en_GB\" \/>\n<meta property=\"og:type\" content=\"article\" \/>\n<meta property=\"og:title\" content=\"Zone Wash Classic-pesupaikka - Kinnunen\" \/>\n<meta property=\"og:description\" content=\"Ajattoman kaunis pesupaikka kallistuvalla valkoisella altaalla. Kuosin v\u00e4rin voit valita laajasta valikoimasta juuri tyyliisi sopiviksi. Altaan k\u00e4sisuihku on varustettu drop-stop -systeemill\u00e4. Mitat: Korkeus 98 cm, leveys 70 cm ja syvyys 125 cm.\" \/>\n<meta property=\"og:url\" content=\"https:\/\/kinnunen.fi\/en\/product\/zone-wash-classic-pesupaikka-kopio\/\" \/>\n<meta property=\"og:site_name\" content=\"Kinnunen\" \/>\n<meta property=\"article:modified_time\" content=\"2026-05-06T01:00:18+00:00\" \/>\n<meta property=\"og:image\" content=\"https:\/\/kinnunen.fi\/wp-content\/uploads\/2022\/08\/zone-wash-classic.jpg\" \/>\n\t<meta property=\"og:image:width\" content=\"1000\" \/>\n\t<meta property=\"og:image:height\" content=\"979\" \/>\n\t<meta property=\"og:image:type\" content=\"image\/jpeg\" \/>\n<meta name=\"twitter:card\" content=\"summary_large_image\" \/>\n<meta name=\"twitter:label1\" content=\"Estimated reading time\" \/>\n\t<meta name=\"twitter:data1\" content=\"1 minute\" \/>\n<script type=\"application\/ld+json\" class=\"yoast-schema-graph\">{\"@context\":\"https:\/\/schema.org\",\"@graph\":[{\"@type\":\"WebPage\",\"@id\":\"https:\/\/kinnunen.fi\/tuote\/zone-wash-classic-pesupaikka-kopio\/\",\"url\":\"https:\/\/kinnunen.fi\/tuote\/zone-wash-classic-pesupaikka-kopio\/\",\"name\":\"Zone Wash Classic-pesupaikka - Kinnunen\",\"isPartOf\":{\"@id\":\"https:\/\/kinnunen.fi\/#website\"},\"primaryImageOfPage\":{\"@id\":\"https:\/\/kinnunen.fi\/tuote\/zone-wash-classic-pesupaikka-kopio\/#primaryimage\"},\"image\":{\"@id\":\"https:\/\/kinnunen.fi\/tuote\/zone-wash-classic-pesupaikka-kopio\/#primaryimage\"},\"thumbnailUrl\":\"https:\/\/kinnunen.fi\/wp-content\/uploads\/2022\/08\/zone-wash-classic.jpg\",\"datePublished\":\"2022-08-26T12:27:44+00:00\",\"dateModified\":\"2026-05-06T01:00:18+00:00\",\"breadcrumb\":{\"@id\":\"https:\/\/kinnunen.fi\/tuote\/zone-wash-classic-pesupaikka-kopio\/#breadcrumb\"},\"inLanguage\":\"en-GB\",\"potentialAction\":[{\"@type\":\"ReadAction\",\"target\":[\"https:\/\/kinnunen.fi\/tuote\/zone-wash-classic-pesupaikka-kopio\/\"]}]},{\"@type\":\"ImageObject\",\"inLanguage\":\"en-GB\",\"@id\":\"https:\/\/kinnunen.fi\/tuote\/zone-wash-classic-pesupaikka-kopio\/#primaryimage\",\"url\":\"https:\/\/kinnunen.fi\/wp-content\/uploads\/2022\/08\/zone-wash-classic.jpg\",\"contentUrl\":\"https:\/\/kinnunen.fi\/wp-content\/uploads\/2022\/08\/zone-wash-classic.jpg\",\"width\":1000,\"height\":979},{\"@type\":\"BreadcrumbList\",\"@id\":\"https:\/\/kinnunen.fi\/tuote\/zone-wash-classic-pesupaikka-kopio\/#breadcrumb\",\"itemListElement\":[{\"@type\":\"ListItem\",\"position\":1,\"name\":\"Etusivu\",\"item\":\"https:\/\/kinnunen.fi\/\"},{\"@type\":\"ListItem\",\"position\":2,\"name\":\"Kaikki tuotteet\",\"item\":\"https:\/\/kinnunen.fi\/kauppa\/\"},{\"@type\":\"ListItem\",\"position\":3,\"name\":\"Kalusteet\",\"item\":\"https:\/\/kinnunen.fi\/tuote-osasto\/kalusteet\/\"},{\"@type\":\"ListItem\",\"position\":4,\"name\":\"Pesupaikat\",\"item\":\"https:\/\/kinnunen.fi\/tuote-osasto\/kalusteet\/pesupaikat\/\"},{\"@type\":\"ListItem\",\"position\":5,\"name\":\"Zone Wash Classic-pesupaikka\"}]},{\"@type\":\"WebSite\",\"@id\":\"https:\/\/kinnunen.fi\/#website\",\"url\":\"https:\/\/kinnunen.fi\/\",\"name\":\"Kinnunen\",\"description\":\"\",\"potentialAction\":[{\"@type\":\"SearchAction\",\"target\":{\"@type\":\"EntryPoint\",\"urlTemplate\":\"https:\/\/kinnunen.fi\/?s={search_term_string}\"},\"query-input\":\"required name=search_term_string\"}],\"inLanguage\":\"en-GB\"}]}<\/script>\n<!-- \/ Yoast SEO plugin. -->","yoast_head_json":{"title":"Zone Wash Classic-pesupaikka - Kinnunen","robots":{"index":"index","follow":"follow","max-snippet":"max-snippet:-1","max-image-preview":"max-image-preview:large","max-video-preview":"max-video-preview:-1"},"canonical":"https:\/\/kinnunen.fi\/en\/product\/zone-wash-classic-pesupaikka-kopio\/","og_locale":"en_GB","og_type":"article","og_title":"Zone Wash Classic-pesupaikka - Kinnunen","og_description":"Ajattoman kaunis pesupaikka kallistuvalla valkoisella altaalla. Kuosin v\u00e4rin voit valita laajasta valikoimasta juuri tyyliisi sopiviksi. Altaan k\u00e4sisuihku on varustettu drop-stop -systeemill\u00e4. Mitat: Korkeus 98 cm, leveys 70 cm ja syvyys 125 cm.","og_url":"https:\/\/kinnunen.fi\/en\/product\/zone-wash-classic-pesupaikka-kopio\/","og_site_name":"Kinnunen","article_modified_time":"2026-05-06T01:00:18+00:00","og_image":[{"width":1000,"height":979,"url":"https:\/\/kinnunen.fi\/wp-content\/uploads\/2022\/08\/zone-wash-classic.jpg","type":"image\/jpeg"}],"twitter_card":"summary_large_image","twitter_misc":{"Estimated reading time":"1 minute"},"schema":{"@context":"https:\/\/schema.org","@graph":[{"@type":"WebPage","@id":"https:\/\/kinnunen.fi\/tuote\/zone-wash-classic-pesupaikka-kopio\/","url":"https:\/\/kinnunen.fi\/tuote\/zone-wash-classic-pesupaikka-kopio\/","name":"Zone Wash Classic-pesupaikka - Kinnunen","isPartOf":{"@id":"https:\/\/kinnunen.fi\/#website"},"primaryImageOfPage":{"@id":"https:\/\/kinnunen.fi\/tuote\/zone-wash-classic-pesupaikka-kopio\/#primaryimage"},"image":{"@id":"https:\/\/kinnunen.fi\/tuote\/zone-wash-classic-pesupaikka-kopio\/#primaryimage"},"thumbnailUrl":"https:\/\/kinnunen.fi\/wp-content\/uploads\/2022\/08\/zone-wash-classic.jpg","datePublished":"2022-08-26T12:27:44+00:00","dateModified":"2026-05-06T01:00:18+00:00","breadcrumb":{"@id":"https:\/\/kinnunen.fi\/tuote\/zone-wash-classic-pesupaikka-kopio\/#breadcrumb"},"inLanguage":"en-GB","potentialAction":[{"@type":"ReadAction","target":["https:\/\/kinnunen.fi\/tuote\/zone-wash-classic-pesupaikka-kopio\/"]}]},{"@type":"ImageObject","inLanguage":"en-GB","@id":"https:\/\/kinnunen.fi\/tuote\/zone-wash-classic-pesupaikka-kopio\/#primaryimage","url":"https:\/\/kinnunen.fi\/wp-content\/uploads\/2022\/08\/zone-wash-classic.jpg","contentUrl":"https:\/\/kinnunen.fi\/wp-content\/uploads\/2022\/08\/zone-wash-classic.jpg","width":1000,"height":979},{"@type":"BreadcrumbList","@id":"https:\/\/kinnunen.fi\/tuote\/zone-wash-classic-pesupaikka-kopio\/#breadcrumb","itemListElement":[{"@type":"ListItem","position":1,"name":"Etusivu","item":"https:\/\/kinnunen.fi\/"},{"@type":"ListItem","position":2,"name":"Kaikki tuotteet","item":"https:\/\/kinnunen.fi\/kauppa\/"},{"@type":"ListItem","position":3,"name":"Kalusteet","item":"https:\/\/kinnunen.fi\/tuote-osasto\/kalusteet\/"},{"@type":"ListItem","position":4,"name":"Pesupaikat","item":"https:\/\/kinnunen.fi\/tuote-osasto\/kalusteet\/pesupaikat\/"},{"@type":"ListItem","position":5,"name":"Zone Wash Classic-pesupaikka"}]},{"@type":"WebSite","@id":"https:\/\/kinnunen.fi\/#website","url":"https:\/\/kinnunen.fi\/","name":"Kinnunen","description":"","potentialAction":[{"@type":"SearchAction","target":{"@type":"EntryPoint","urlTemplate":"https:\/\/kinnunen.fi\/?s={search_term_string}"},"query-input":"required name=search_term_string"}],"inLanguage":"en-GB"}]}},"_links":{"self":[{"href":"https:\/\/kinnunen.fi\/en\/wp-json\/wp\/v2\/product\/23217"}],"collection":[{"href":"https:\/\/kinnunen.fi\/en\/wp-json\/wp\/v2\/product"}],"about":[{"href":"https:\/\/kinnunen.fi\/en\/wp-json\/wp\/v2\/types\/product"}],"replies":[{"embeddable":true,"href":"https:\/\/kinnunen.fi\/en\/wp-json\/wp\/v2\/comments?post=23217"}],"wp:featuredmedia":[{"embeddable":true,"href":"https:\/\/kinnunen.fi\/en\/wp-json\/wp\/v2\/media\/23218"}],"wp:attachment":[{"href":"https:\/\/kinnunen.fi\/en\/wp-json\/wp\/v2\/media?parent=23217"}],"wp:term":[{"taxonomy":"product_cat","embeddable":true,"href":"https:\/\/kinnunen.fi\/en\/wp-json\/wp\/v2\/product_cat?post=23217"},{"taxonomy":"product_tag","embeddable":true,"href":"https:\/\/kinnunen.fi\/en\/wp-json\/wp\/v2\/product_tag?post=23217"}],"curies":[{"name":"wp","href":"https:\/\/api.w.org\/{rel}","templated":true}]}}