

{"id":23370,"date":"2022-08-30T09:12:24","date_gmt":"2022-08-30T06:12:24","guid":{"rendered":"https:\/\/kinnunen.fi\/?post_type=product&#038;p=23370"},"modified":"2026-04-18T04:00:32","modified_gmt":"2026-04-18T01:00:32","slug":"artero-black-intense-30-hammasta-55","status":"publish","type":"product","link":"https:\/\/kinnunen.fi\/en\/product\/artero-black-intense-30-hammasta-55\/","title":{"rendered":"Artero Black Intense, 30 teeth 5,5\""},"content":{"rendered":"","protected":false},"excerpt":{"rendered":"<p>Stylish and high quality shaping scissors coated with black hypoallergenic PVD. The ball-bearing screw of the scissors ensures a light and soft cutting feel. Artero Black Intense shaping scissors allow you to cut effortlessly with all techniques. The scissors are made of Japanese 440C steel. This allows the scissors to keep their sharpness for a long time.<\/p>","protected":false},"featured_media":31367,"comment_status":"open","ping_status":"closed","template":"","meta":{"_relevanssi_hide_post":"","_relevanssi_pin_for_all":"","_relevanssi_pin_keywords":"","_relevanssi_unpin_keywords":"","_relevanssi_related_keywords":"","_relevanssi_related_include_ids":"","_relevanssi_related_exclude_ids":"","_relevanssi_related_no_append":"","_relevanssi_related_not_related":"","_relevanssi_related_posts":"","_relevanssi_noindex_reason":""},"product_cat":[1783,1787],"product_tag":[],"class_list":["post-23370","product","type-product","status-publish","has-post-thumbnail","hentry","product_cat-sakset-ja-veitset","product_cat-muotoilusakset","tuotemerkki-artero"],"tuotemerkit":[{"term_id":155,"name":"Artero","slug":"artero","term_group":0,"term_taxonomy_id":155,"taxonomy":"tuotemerkki","description":"","parent":0,"count":35,"filter":"raw"}],"acf":[],"yoast_head":"<!-- This site is optimized with the Yoast SEO plugin v23.3 - https:\/\/yoast.com\/wordpress\/plugins\/seo\/ -->\n<title>Artero Black Intense, 30 hammasta 5,5 &quot; - Kinnunen<\/title>\n<meta name=\"robots\" content=\"index, follow, max-snippet:-1, max-image-preview:large, max-video-preview:-1\" \/>\n<link rel=\"canonical\" href=\"https:\/\/kinnunen.fi\/en\/product\/artero-black-intense-30-hammasta-55\/\" \/>\n<meta property=\"og:locale\" content=\"en_GB\" \/>\n<meta property=\"og:type\" content=\"article\" \/>\n<meta property=\"og:title\" content=\"Artero Black Intense, 30 hammasta 5,5 &quot; - Kinnunen\" \/>\n<meta property=\"og:description\" content=\"Tyylikk\u00e4\u00e4t ja laadukkaat, mustalla hypoallergisella PVD -pinnoitteella pinnoitetut muotoilusakset. Saksien kuulalaakeroitu ruuvi takaa kevyen ja pehme\u00e4n leikkaustuntuman. Artero Black Intense -muotoilusaksien avulla leikkaat vaivattomasti kaikilla tekniikoilla. Sakset on valmistettu japanilaisesta 440C-ter\u00e4ksest\u00e4. T\u00e4m\u00e4n ansiosta sakset pit\u00e4v\u00e4t ter\u00e4vyytens\u00e4 pitk\u00e4\u00e4n.\" \/>\n<meta property=\"og:url\" content=\"https:\/\/kinnunen.fi\/en\/product\/artero-black-intense-30-hammasta-55\/\" \/>\n<meta property=\"og:site_name\" content=\"Kinnunen\" \/>\n<meta property=\"article:modified_time\" content=\"2026-04-18T01:00:32+00:00\" \/>\n<meta property=\"og:image\" content=\"https:\/\/kinnunen.fi\/wp-content\/uploads\/2022\/08\/Arteroblack_intense_T70555_1.jpg\" \/>\n\t<meta property=\"og:image:width\" content=\"1000\" \/>\n\t<meta property=\"og:image:height\" content=\"1000\" \/>\n\t<meta property=\"og:image:type\" content=\"image\/jpeg\" \/>\n<meta name=\"twitter:card\" content=\"summary_large_image\" \/>\n<script type=\"application\/ld+json\" class=\"yoast-schema-graph\">{\"@context\":\"https:\/\/schema.org\",\"@graph\":[{\"@type\":\"WebPage\",\"@id\":\"https:\/\/kinnunen.fi\/tuote\/artero-black-intense-30-hammasta-55\/\",\"url\":\"https:\/\/kinnunen.fi\/tuote\/artero-black-intense-30-hammasta-55\/\",\"name\":\"Artero Black Intense, 30 hammasta 5,5 \\\" - Kinnunen\",\"isPartOf\":{\"@id\":\"https:\/\/kinnunen.fi\/#website\"},\"primaryImageOfPage\":{\"@id\":\"https:\/\/kinnunen.fi\/tuote\/artero-black-intense-30-hammasta-55\/#primaryimage\"},\"image\":{\"@id\":\"https:\/\/kinnunen.fi\/tuote\/artero-black-intense-30-hammasta-55\/#primaryimage\"},\"thumbnailUrl\":\"https:\/\/kinnunen.fi\/wp-content\/uploads\/2022\/08\/Arteroblack_intense_T70555_1.jpg\",\"datePublished\":\"2022-08-30T06:12:24+00:00\",\"dateModified\":\"2026-04-18T01:00:32+00:00\",\"breadcrumb\":{\"@id\":\"https:\/\/kinnunen.fi\/tuote\/artero-black-intense-30-hammasta-55\/#breadcrumb\"},\"inLanguage\":\"en-GB\",\"potentialAction\":[{\"@type\":\"ReadAction\",\"target\":[\"https:\/\/kinnunen.fi\/tuote\/artero-black-intense-30-hammasta-55\/\"]}]},{\"@type\":\"ImageObject\",\"inLanguage\":\"en-GB\",\"@id\":\"https:\/\/kinnunen.fi\/tuote\/artero-black-intense-30-hammasta-55\/#primaryimage\",\"url\":\"https:\/\/kinnunen.fi\/wp-content\/uploads\/2022\/08\/Arteroblack_intense_T70555_1.jpg\",\"contentUrl\":\"https:\/\/kinnunen.fi\/wp-content\/uploads\/2022\/08\/Arteroblack_intense_T70555_1.jpg\",\"width\":1000,\"height\":1000},{\"@type\":\"BreadcrumbList\",\"@id\":\"https:\/\/kinnunen.fi\/tuote\/artero-black-intense-30-hammasta-55\/#breadcrumb\",\"itemListElement\":[{\"@type\":\"ListItem\",\"position\":1,\"name\":\"Etusivu\",\"item\":\"https:\/\/kinnunen.fi\/\"},{\"@type\":\"ListItem\",\"position\":2,\"name\":\"Kaikki tuotteet\",\"item\":\"https:\/\/kinnunen.fi\/kauppa\/\"},{\"@type\":\"ListItem\",\"position\":3,\"name\":\"Sakset ja veitset\",\"item\":\"https:\/\/kinnunen.fi\/tuote-osasto\/sakset-ja-veitset\/\"},{\"@type\":\"ListItem\",\"position\":4,\"name\":\"Artero Black Intense, 30 hammasta 5,5 &#8221;\"}]},{\"@type\":\"WebSite\",\"@id\":\"https:\/\/kinnunen.fi\/#website\",\"url\":\"https:\/\/kinnunen.fi\/\",\"name\":\"Kinnunen\",\"description\":\"\",\"potentialAction\":[{\"@type\":\"SearchAction\",\"target\":{\"@type\":\"EntryPoint\",\"urlTemplate\":\"https:\/\/kinnunen.fi\/?s={search_term_string}\"},\"query-input\":\"required name=search_term_string\"}],\"inLanguage\":\"en-GB\"}]}<\/script>\n<!-- \/ Yoast SEO plugin. -->","yoast_head_json":{"title":"Artero Black Intense, 30 hammasta 5,5 \" - Kinnunen","robots":{"index":"index","follow":"follow","max-snippet":"max-snippet:-1","max-image-preview":"max-image-preview:large","max-video-preview":"max-video-preview:-1"},"canonical":"https:\/\/kinnunen.fi\/en\/product\/artero-black-intense-30-hammasta-55\/","og_locale":"en_GB","og_type":"article","og_title":"Artero Black Intense, 30 hammasta 5,5 \" - Kinnunen","og_description":"Tyylikk\u00e4\u00e4t ja laadukkaat, mustalla hypoallergisella PVD -pinnoitteella pinnoitetut muotoilusakset. Saksien kuulalaakeroitu ruuvi takaa kevyen ja pehme\u00e4n leikkaustuntuman. Artero Black Intense -muotoilusaksien avulla leikkaat vaivattomasti kaikilla tekniikoilla. Sakset on valmistettu japanilaisesta 440C-ter\u00e4ksest\u00e4. T\u00e4m\u00e4n ansiosta sakset pit\u00e4v\u00e4t ter\u00e4vyytens\u00e4 pitk\u00e4\u00e4n.","og_url":"https:\/\/kinnunen.fi\/en\/product\/artero-black-intense-30-hammasta-55\/","og_site_name":"Kinnunen","article_modified_time":"2026-04-18T01:00:32+00:00","og_image":[{"width":1000,"height":1000,"url":"https:\/\/kinnunen.fi\/wp-content\/uploads\/2022\/08\/Arteroblack_intense_T70555_1.jpg","type":"image\/jpeg"}],"twitter_card":"summary_large_image","schema":{"@context":"https:\/\/schema.org","@graph":[{"@type":"WebPage","@id":"https:\/\/kinnunen.fi\/tuote\/artero-black-intense-30-hammasta-55\/","url":"https:\/\/kinnunen.fi\/tuote\/artero-black-intense-30-hammasta-55\/","name":"Artero Black Intense, 30 hammasta 5,5 \" - Kinnunen","isPartOf":{"@id":"https:\/\/kinnunen.fi\/#website"},"primaryImageOfPage":{"@id":"https:\/\/kinnunen.fi\/tuote\/artero-black-intense-30-hammasta-55\/#primaryimage"},"image":{"@id":"https:\/\/kinnunen.fi\/tuote\/artero-black-intense-30-hammasta-55\/#primaryimage"},"thumbnailUrl":"https:\/\/kinnunen.fi\/wp-content\/uploads\/2022\/08\/Arteroblack_intense_T70555_1.jpg","datePublished":"2022-08-30T06:12:24+00:00","dateModified":"2026-04-18T01:00:32+00:00","breadcrumb":{"@id":"https:\/\/kinnunen.fi\/tuote\/artero-black-intense-30-hammasta-55\/#breadcrumb"},"inLanguage":"en-GB","potentialAction":[{"@type":"ReadAction","target":["https:\/\/kinnunen.fi\/tuote\/artero-black-intense-30-hammasta-55\/"]}]},{"@type":"ImageObject","inLanguage":"en-GB","@id":"https:\/\/kinnunen.fi\/tuote\/artero-black-intense-30-hammasta-55\/#primaryimage","url":"https:\/\/kinnunen.fi\/wp-content\/uploads\/2022\/08\/Arteroblack_intense_T70555_1.jpg","contentUrl":"https:\/\/kinnunen.fi\/wp-content\/uploads\/2022\/08\/Arteroblack_intense_T70555_1.jpg","width":1000,"height":1000},{"@type":"BreadcrumbList","@id":"https:\/\/kinnunen.fi\/tuote\/artero-black-intense-30-hammasta-55\/#breadcrumb","itemListElement":[{"@type":"ListItem","position":1,"name":"Etusivu","item":"https:\/\/kinnunen.fi\/"},{"@type":"ListItem","position":2,"name":"Kaikki tuotteet","item":"https:\/\/kinnunen.fi\/kauppa\/"},{"@type":"ListItem","position":3,"name":"Sakset ja veitset","item":"https:\/\/kinnunen.fi\/tuote-osasto\/sakset-ja-veitset\/"},{"@type":"ListItem","position":4,"name":"Artero Black Intense, 30 hammasta 5,5 &#8221;"}]},{"@type":"WebSite","@id":"https:\/\/kinnunen.fi\/#website","url":"https:\/\/kinnunen.fi\/","name":"Kinnunen","description":"","potentialAction":[{"@type":"SearchAction","target":{"@type":"EntryPoint","urlTemplate":"https:\/\/kinnunen.fi\/?s={search_term_string}"},"query-input":"required name=search_term_string"}],"inLanguage":"en-GB"}]}},"_links":{"self":[{"href":"https:\/\/kinnunen.fi\/en\/wp-json\/wp\/v2\/product\/23370"}],"collection":[{"href":"https:\/\/kinnunen.fi\/en\/wp-json\/wp\/v2\/product"}],"about":[{"href":"https:\/\/kinnunen.fi\/en\/wp-json\/wp\/v2\/types\/product"}],"replies":[{"embeddable":true,"href":"https:\/\/kinnunen.fi\/en\/wp-json\/wp\/v2\/comments?post=23370"}],"wp:featuredmedia":[{"embeddable":true,"href":"https:\/\/kinnunen.fi\/en\/wp-json\/wp\/v2\/media\/31367"}],"wp:attachment":[{"href":"https:\/\/kinnunen.fi\/en\/wp-json\/wp\/v2\/media?parent=23370"}],"wp:term":[{"taxonomy":"product_cat","embeddable":true,"href":"https:\/\/kinnunen.fi\/en\/wp-json\/wp\/v2\/product_cat?post=23370"},{"taxonomy":"product_tag","embeddable":true,"href":"https:\/\/kinnunen.fi\/en\/wp-json\/wp\/v2\/product_tag?post=23370"}],"curies":[{"name":"wp","href":"https:\/\/api.w.org\/{rel}","templated":true}]}}