

{"id":25734,"date":"2022-10-10T06:00:41","date_gmt":"2022-10-10T03:00:41","guid":{"rendered":"https:\/\/kinnunen.fi\/?post_type=product&#038;p=25734"},"modified":"2026-04-30T04:00:41","modified_gmt":"2026-04-30T01:00:41","slug":"lvl-smart-shields-kestotaivutusmuotit","status":"publish","type":"product","link":"https:\/\/kinnunen.fi\/en\/product\/lvl-smart-shields-kestotaivutusmuotit\/","title":{"rendered":"LVL Smart Shields - permanent bending moulds"},"content":{"rendered":"<p>Nouveau Lashes developed by Nouveau Lashes for permanent lash extensions. The Smart Shield moulds are made of ultra-soft silicone, which allows them to flex and adapt well to the eye. The moulds adhere naturally to the eyelid skin and reduce the use of Bonding Gel. The grooves in the moulds make it easier and quicker to insert the lashes into the mould and reduce the risk of crossing lashes during the insertion phase. The moulds are latex-free and vegan.<\/p>\n<p>&nbsp;<\/p>","protected":false},"excerpt":{"rendered":"<p>Nouveau Lashesin kehittelem\u00e4t muotit ripsien kestotaivutuksiin. Smart Shield -muotit ovat valmistettu eritt\u00e4in pehme\u00e4st\u00e4 silikonista, jonka ansiosta ne joustavat ja mukautuvat&hellip;<\/p>","protected":false},"featured_media":25735,"comment_status":"closed","ping_status":"closed","template":"","meta":{"_relevanssi_hide_post":"","_relevanssi_pin_for_all":"","_relevanssi_pin_keywords":"","_relevanssi_unpin_keywords":"","_relevanssi_related_keywords":"","_relevanssi_related_include_ids":"","_relevanssi_related_exclude_ids":"","_relevanssi_related_no_append":"","_relevanssi_related_not_related":"","_relevanssi_related_posts":"","_relevanssi_noindex_reason":""},"product_cat":[1852,1853],"product_tag":[],"class_list":["post-25734","product","type-product","status-publish","has-post-thumbnail","hentry","product_cat-ripset-ja-kulmat","product_cat-ripsien-kestotaivutus","pa_koko-l","pa_koko-m","pa_koko-m-l","pa_koko-s","pa_koko-xs","tuotemerkki-nouveau-lashes"],"tuotemerkit":[{"term_id":323,"name":"Nouveau Lashes","slug":"nouveau-lashes","term_group":0,"term_taxonomy_id":323,"taxonomy":"tuotemerkki","description":"","parent":0,"count":72,"filter":"raw"}],"acf":[],"yoast_head":"<!-- This site is optimized with the Yoast SEO plugin v23.3 - https:\/\/yoast.com\/wordpress\/plugins\/seo\/ -->\n<title>LVL Smart Shields -kestotaivutusmuotit - Kinnunen<\/title>\n<meta name=\"robots\" content=\"index, follow, max-snippet:-1, max-image-preview:large, max-video-preview:-1\" \/>\n<link rel=\"canonical\" href=\"https:\/\/kinnunen.fi\/en\/product\/lvl-smart-shields-kestotaivutusmuotit\/\" \/>\n<meta property=\"og:locale\" content=\"en_GB\" \/>\n<meta property=\"og:type\" content=\"article\" \/>\n<meta property=\"og:title\" content=\"LVL Smart Shields -kestotaivutusmuotit - Kinnunen\" \/>\n<meta property=\"og:description\" content=\"Nouveau Lashesin kehittelem\u00e4t muotit ripsien kestotaivutuksiin. Smart Shield -muotit ovat valmistettu eritt\u00e4in pehme\u00e4st\u00e4 silikonista, jonka ansiosta ne joustavat ja mukautuvat&hellip;\" \/>\n<meta property=\"og:url\" content=\"https:\/\/kinnunen.fi\/en\/product\/lvl-smart-shields-kestotaivutusmuotit\/\" \/>\n<meta property=\"og:site_name\" content=\"Kinnunen\" \/>\n<meta property=\"article:modified_time\" content=\"2026-04-30T01:00:41+00:00\" \/>\n<meta property=\"og:image\" content=\"https:\/\/kinnunen.fi\/wp-content\/uploads\/2022\/09\/front_and_reverse_shields_medium.jpg\" \/>\n\t<meta property=\"og:image:width\" content=\"1040\" \/>\n\t<meta property=\"og:image:height\" content=\"1040\" \/>\n\t<meta property=\"og:image:type\" content=\"image\/jpeg\" \/>\n<meta name=\"twitter:card\" content=\"summary_large_image\" \/>\n<script type=\"application\/ld+json\" class=\"yoast-schema-graph\">{\"@context\":\"https:\/\/schema.org\",\"@graph\":[{\"@type\":\"WebPage\",\"@id\":\"https:\/\/kinnunen.fi\/tuote\/lvl-smart-shields-kestotaivutusmuotit\/\",\"url\":\"https:\/\/kinnunen.fi\/tuote\/lvl-smart-shields-kestotaivutusmuotit\/\",\"name\":\"LVL Smart Shields -kestotaivutusmuotit - Kinnunen\",\"isPartOf\":{\"@id\":\"https:\/\/kinnunen.fi\/#website\"},\"primaryImageOfPage\":{\"@id\":\"https:\/\/kinnunen.fi\/tuote\/lvl-smart-shields-kestotaivutusmuotit\/#primaryimage\"},\"image\":{\"@id\":\"https:\/\/kinnunen.fi\/tuote\/lvl-smart-shields-kestotaivutusmuotit\/#primaryimage\"},\"thumbnailUrl\":\"https:\/\/kinnunen.fi\/wp-content\/uploads\/2022\/09\/front_and_reverse_shields_medium.jpg\",\"datePublished\":\"2022-10-10T03:00:41+00:00\",\"dateModified\":\"2026-04-30T01:00:41+00:00\",\"breadcrumb\":{\"@id\":\"https:\/\/kinnunen.fi\/tuote\/lvl-smart-shields-kestotaivutusmuotit\/#breadcrumb\"},\"inLanguage\":\"en-GB\",\"potentialAction\":[{\"@type\":\"ReadAction\",\"target\":[\"https:\/\/kinnunen.fi\/tuote\/lvl-smart-shields-kestotaivutusmuotit\/\"]}]},{\"@type\":\"ImageObject\",\"inLanguage\":\"en-GB\",\"@id\":\"https:\/\/kinnunen.fi\/tuote\/lvl-smart-shields-kestotaivutusmuotit\/#primaryimage\",\"url\":\"https:\/\/kinnunen.fi\/wp-content\/uploads\/2022\/09\/front_and_reverse_shields_medium.jpg\",\"contentUrl\":\"https:\/\/kinnunen.fi\/wp-content\/uploads\/2022\/09\/front_and_reverse_shields_medium.jpg\",\"width\":1040,\"height\":1040},{\"@type\":\"BreadcrumbList\",\"@id\":\"https:\/\/kinnunen.fi\/tuote\/lvl-smart-shields-kestotaivutusmuotit\/#breadcrumb\",\"itemListElement\":[{\"@type\":\"ListItem\",\"position\":1,\"name\":\"Etusivu\",\"item\":\"https:\/\/kinnunen.fi\/\"},{\"@type\":\"ListItem\",\"position\":2,\"name\":\"Kaikki tuotteet\",\"item\":\"https:\/\/kinnunen.fi\/kauppa\/\"},{\"@type\":\"ListItem\",\"position\":3,\"name\":\"Kauneudenhoito\",\"item\":\"https:\/\/kinnunen.fi\/tuote-osasto\/kauneudenhoito\/\"},{\"@type\":\"ListItem\",\"position\":4,\"name\":\"Ripset ja kulmat\",\"item\":\"https:\/\/kinnunen.fi\/tuote-osasto\/kauneudenhoito\/ripset-ja-kulmat\/\"},{\"@type\":\"ListItem\",\"position\":5,\"name\":\"LVL Smart Shields -kestotaivutusmuotit\"}]},{\"@type\":\"WebSite\",\"@id\":\"https:\/\/kinnunen.fi\/#website\",\"url\":\"https:\/\/kinnunen.fi\/\",\"name\":\"Kinnunen\",\"description\":\"\",\"potentialAction\":[{\"@type\":\"SearchAction\",\"target\":{\"@type\":\"EntryPoint\",\"urlTemplate\":\"https:\/\/kinnunen.fi\/?s={search_term_string}\"},\"query-input\":\"required name=search_term_string\"}],\"inLanguage\":\"en-GB\"}]}<\/script>\n<!-- \/ Yoast SEO plugin. -->","yoast_head_json":{"title":"LVL Smart Shields -kestotaivutusmuotit - Kinnunen","robots":{"index":"index","follow":"follow","max-snippet":"max-snippet:-1","max-image-preview":"max-image-preview:large","max-video-preview":"max-video-preview:-1"},"canonical":"https:\/\/kinnunen.fi\/en\/product\/lvl-smart-shields-kestotaivutusmuotit\/","og_locale":"en_GB","og_type":"article","og_title":"LVL Smart Shields -kestotaivutusmuotit - Kinnunen","og_description":"Nouveau Lashesin kehittelem\u00e4t muotit ripsien kestotaivutuksiin. Smart Shield -muotit ovat valmistettu eritt\u00e4in pehme\u00e4st\u00e4 silikonista, jonka ansiosta ne joustavat ja mukautuvat&hellip;","og_url":"https:\/\/kinnunen.fi\/en\/product\/lvl-smart-shields-kestotaivutusmuotit\/","og_site_name":"Kinnunen","article_modified_time":"2026-04-30T01:00:41+00:00","og_image":[{"width":1040,"height":1040,"url":"https:\/\/kinnunen.fi\/wp-content\/uploads\/2022\/09\/front_and_reverse_shields_medium.jpg","type":"image\/jpeg"}],"twitter_card":"summary_large_image","schema":{"@context":"https:\/\/schema.org","@graph":[{"@type":"WebPage","@id":"https:\/\/kinnunen.fi\/tuote\/lvl-smart-shields-kestotaivutusmuotit\/","url":"https:\/\/kinnunen.fi\/tuote\/lvl-smart-shields-kestotaivutusmuotit\/","name":"LVL Smart Shields -kestotaivutusmuotit - Kinnunen","isPartOf":{"@id":"https:\/\/kinnunen.fi\/#website"},"primaryImageOfPage":{"@id":"https:\/\/kinnunen.fi\/tuote\/lvl-smart-shields-kestotaivutusmuotit\/#primaryimage"},"image":{"@id":"https:\/\/kinnunen.fi\/tuote\/lvl-smart-shields-kestotaivutusmuotit\/#primaryimage"},"thumbnailUrl":"https:\/\/kinnunen.fi\/wp-content\/uploads\/2022\/09\/front_and_reverse_shields_medium.jpg","datePublished":"2022-10-10T03:00:41+00:00","dateModified":"2026-04-30T01:00:41+00:00","breadcrumb":{"@id":"https:\/\/kinnunen.fi\/tuote\/lvl-smart-shields-kestotaivutusmuotit\/#breadcrumb"},"inLanguage":"en-GB","potentialAction":[{"@type":"ReadAction","target":["https:\/\/kinnunen.fi\/tuote\/lvl-smart-shields-kestotaivutusmuotit\/"]}]},{"@type":"ImageObject","inLanguage":"en-GB","@id":"https:\/\/kinnunen.fi\/tuote\/lvl-smart-shields-kestotaivutusmuotit\/#primaryimage","url":"https:\/\/kinnunen.fi\/wp-content\/uploads\/2022\/09\/front_and_reverse_shields_medium.jpg","contentUrl":"https:\/\/kinnunen.fi\/wp-content\/uploads\/2022\/09\/front_and_reverse_shields_medium.jpg","width":1040,"height":1040},{"@type":"BreadcrumbList","@id":"https:\/\/kinnunen.fi\/tuote\/lvl-smart-shields-kestotaivutusmuotit\/#breadcrumb","itemListElement":[{"@type":"ListItem","position":1,"name":"Etusivu","item":"https:\/\/kinnunen.fi\/"},{"@type":"ListItem","position":2,"name":"Kaikki tuotteet","item":"https:\/\/kinnunen.fi\/kauppa\/"},{"@type":"ListItem","position":3,"name":"Kauneudenhoito","item":"https:\/\/kinnunen.fi\/tuote-osasto\/kauneudenhoito\/"},{"@type":"ListItem","position":4,"name":"Ripset ja kulmat","item":"https:\/\/kinnunen.fi\/tuote-osasto\/kauneudenhoito\/ripset-ja-kulmat\/"},{"@type":"ListItem","position":5,"name":"LVL Smart Shields -kestotaivutusmuotit"}]},{"@type":"WebSite","@id":"https:\/\/kinnunen.fi\/#website","url":"https:\/\/kinnunen.fi\/","name":"Kinnunen","description":"","potentialAction":[{"@type":"SearchAction","target":{"@type":"EntryPoint","urlTemplate":"https:\/\/kinnunen.fi\/?s={search_term_string}"},"query-input":"required name=search_term_string"}],"inLanguage":"en-GB"}]}},"_links":{"self":[{"href":"https:\/\/kinnunen.fi\/en\/wp-json\/wp\/v2\/product\/25734"}],"collection":[{"href":"https:\/\/kinnunen.fi\/en\/wp-json\/wp\/v2\/product"}],"about":[{"href":"https:\/\/kinnunen.fi\/en\/wp-json\/wp\/v2\/types\/product"}],"replies":[{"embeddable":true,"href":"https:\/\/kinnunen.fi\/en\/wp-json\/wp\/v2\/comments?post=25734"}],"wp:featuredmedia":[{"embeddable":true,"href":"https:\/\/kinnunen.fi\/en\/wp-json\/wp\/v2\/media\/25735"}],"wp:attachment":[{"href":"https:\/\/kinnunen.fi\/en\/wp-json\/wp\/v2\/media?parent=25734"}],"wp:term":[{"taxonomy":"product_cat","embeddable":true,"href":"https:\/\/kinnunen.fi\/en\/wp-json\/wp\/v2\/product_cat?post=25734"},{"taxonomy":"product_tag","embeddable":true,"href":"https:\/\/kinnunen.fi\/en\/wp-json\/wp\/v2\/product_tag?post=25734"}],"curies":[{"name":"wp","href":"https:\/\/api.w.org\/{rel}","templated":true}]}}