

{"id":25892,"date":"2022-09-27T15:59:15","date_gmt":"2022-09-27T12:59:15","guid":{"rendered":"https:\/\/kinnunen.fi\/?post_type=product&#038;p=25892"},"modified":"2026-04-30T04:00:42","modified_gmt":"2026-04-30T01:00:42","slug":"y-s-park-straight-air-styler","status":"publish","type":"product","link":"https:\/\/kinnunen.fi\/en\/product\/y-s-park-straight-air-styler\/","title":{"rendered":"Y.S. Park Straight Air Styler, various colours"},"content":{"rendered":"<p>The Y.S. Park T09 brush is lightweight and antistatic, and is also antibacterial. The brush has 118 holes, which makes it easy to dry your hair quickly. The handle is designed to be comfortable with ventilation holes to keep hands dry during use for a better grip. The brush is also ideal for the beginner stylist.<br \/>\nHeat resistance up to 100 \u00b0C.<br \/>\nLength 222 mm<br \/>\nWeight 66 g<\/p>","protected":false},"excerpt":{"rendered":"<p>Y.S. Park T09- harja on kevyt ja antistaattinen sek\u00e4 lis\u00e4ksi se on antibakteerinen. Harjassa on 118 reik\u00e4\u00e4, jonka ansiosta hiusten&hellip;<\/p>","protected":false},"featured_media":25893,"comment_status":"closed","ping_status":"closed","template":"","meta":{"_relevanssi_hide_post":"","_relevanssi_pin_for_all":"","_relevanssi_pin_keywords":"","_relevanssi_unpin_keywords":"","_relevanssi_related_keywords":"","_relevanssi_related_include_ids":"","_relevanssi_related_exclude_ids":"","_relevanssi_related_no_append":"","_relevanssi_related_not_related":"","_relevanssi_related_posts":"","_relevanssi_noindex_reason":""},"product_cat":[1790,1793],"product_tag":[],"class_list":["post-25892","product","type-product","status-publish","has-post-thumbnail","hentry","product_cat-harjat-ja-kammat","product_cat-foonausharjat","pa_vari-musta","pa_vari-sininen","tuotemerkki-y-s-park"],"tuotemerkit":[{"term_id":193,"name":"Y.S.Park","slug":"y-s-park","term_group":0,"term_taxonomy_id":193,"taxonomy":"tuotemerkki","description":"","parent":0,"count":61,"filter":"raw"}],"acf":[],"yoast_head":"<!-- This site is optimized with the Yoast SEO plugin v23.3 - https:\/\/yoast.com\/wordpress\/plugins\/seo\/ -->\n<title>Y.S. Park Straight Air Styler, eri v\u00e4rej\u00e4 - Kinnunen<\/title>\n<meta name=\"robots\" content=\"index, follow, max-snippet:-1, max-image-preview:large, max-video-preview:-1\" \/>\n<link rel=\"canonical\" href=\"https:\/\/kinnunen.fi\/en\/product\/y-s-park-straight-air-styler\/\" \/>\n<meta property=\"og:locale\" content=\"en_GB\" \/>\n<meta property=\"og:type\" content=\"article\" \/>\n<meta property=\"og:title\" content=\"Y.S. Park Straight Air Styler, eri v\u00e4rej\u00e4 - Kinnunen\" \/>\n<meta property=\"og:description\" content=\"Y.S. Park T09- harja on kevyt ja antistaattinen sek\u00e4 lis\u00e4ksi se on antibakteerinen. Harjassa on 118 reik\u00e4\u00e4, jonka ansiosta hiusten&hellip;\" \/>\n<meta property=\"og:url\" content=\"https:\/\/kinnunen.fi\/en\/product\/y-s-park-straight-air-styler\/\" \/>\n<meta property=\"og:site_name\" content=\"Kinnunen\" \/>\n<meta property=\"article:modified_time\" content=\"2026-04-30T01:00:42+00:00\" \/>\n<meta property=\"og:image\" content=\"https:\/\/kinnunen.fi\/wp-content\/uploads\/2022\/09\/YST09BLACK.jpg\" \/>\n\t<meta property=\"og:image:width\" content=\"800\" \/>\n\t<meta property=\"og:image:height\" content=\"800\" \/>\n\t<meta property=\"og:image:type\" content=\"image\/jpeg\" \/>\n<meta name=\"twitter:card\" content=\"summary_large_image\" \/>\n<meta name=\"twitter:label1\" content=\"Estimated reading time\" \/>\n\t<meta name=\"twitter:data1\" content=\"1 minute\" \/>\n<script type=\"application\/ld+json\" class=\"yoast-schema-graph\">{\"@context\":\"https:\/\/schema.org\",\"@graph\":[{\"@type\":\"WebPage\",\"@id\":\"https:\/\/kinnunen.fi\/tuote\/y-s-park-straight-air-styler\/\",\"url\":\"https:\/\/kinnunen.fi\/tuote\/y-s-park-straight-air-styler\/\",\"name\":\"Y.S. Park Straight Air Styler, eri v\u00e4rej\u00e4 - Kinnunen\",\"isPartOf\":{\"@id\":\"https:\/\/kinnunen.fi\/#website\"},\"primaryImageOfPage\":{\"@id\":\"https:\/\/kinnunen.fi\/tuote\/y-s-park-straight-air-styler\/#primaryimage\"},\"image\":{\"@id\":\"https:\/\/kinnunen.fi\/tuote\/y-s-park-straight-air-styler\/#primaryimage\"},\"thumbnailUrl\":\"https:\/\/kinnunen.fi\/wp-content\/uploads\/2022\/09\/YST09BLACK.jpg\",\"datePublished\":\"2022-09-27T12:59:15+00:00\",\"dateModified\":\"2026-04-30T01:00:42+00:00\",\"breadcrumb\":{\"@id\":\"https:\/\/kinnunen.fi\/tuote\/y-s-park-straight-air-styler\/#breadcrumb\"},\"inLanguage\":\"en-GB\",\"potentialAction\":[{\"@type\":\"ReadAction\",\"target\":[\"https:\/\/kinnunen.fi\/tuote\/y-s-park-straight-air-styler\/\"]}]},{\"@type\":\"ImageObject\",\"inLanguage\":\"en-GB\",\"@id\":\"https:\/\/kinnunen.fi\/tuote\/y-s-park-straight-air-styler\/#primaryimage\",\"url\":\"https:\/\/kinnunen.fi\/wp-content\/uploads\/2022\/09\/YST09BLACK.jpg\",\"contentUrl\":\"https:\/\/kinnunen.fi\/wp-content\/uploads\/2022\/09\/YST09BLACK.jpg\",\"width\":800,\"height\":800},{\"@type\":\"BreadcrumbList\",\"@id\":\"https:\/\/kinnunen.fi\/tuote\/y-s-park-straight-air-styler\/#breadcrumb\",\"itemListElement\":[{\"@type\":\"ListItem\",\"position\":1,\"name\":\"Etusivu\",\"item\":\"https:\/\/kinnunen.fi\/\"},{\"@type\":\"ListItem\",\"position\":2,\"name\":\"Kaikki tuotteet\",\"item\":\"https:\/\/kinnunen.fi\/kauppa\/\"},{\"@type\":\"ListItem\",\"position\":3,\"name\":\"Tarvikkeet\",\"item\":\"https:\/\/kinnunen.fi\/tuote-osasto\/tarvikkeet\/\"},{\"@type\":\"ListItem\",\"position\":4,\"name\":\"Harjat ja kammat\",\"item\":\"https:\/\/kinnunen.fi\/tuote-osasto\/tarvikkeet\/harjat-ja-kammat\/\"},{\"@type\":\"ListItem\",\"position\":5,\"name\":\"Y.S. Park Straight Air Styler, eri v\u00e4rej\u00e4\"}]},{\"@type\":\"WebSite\",\"@id\":\"https:\/\/kinnunen.fi\/#website\",\"url\":\"https:\/\/kinnunen.fi\/\",\"name\":\"Kinnunen\",\"description\":\"\",\"potentialAction\":[{\"@type\":\"SearchAction\",\"target\":{\"@type\":\"EntryPoint\",\"urlTemplate\":\"https:\/\/kinnunen.fi\/?s={search_term_string}\"},\"query-input\":\"required name=search_term_string\"}],\"inLanguage\":\"en-GB\"}]}<\/script>\n<!-- \/ Yoast SEO plugin. -->","yoast_head_json":{"title":"Y.S. Park Straight Air Styler, eri v\u00e4rej\u00e4 - Kinnunen","robots":{"index":"index","follow":"follow","max-snippet":"max-snippet:-1","max-image-preview":"max-image-preview:large","max-video-preview":"max-video-preview:-1"},"canonical":"https:\/\/kinnunen.fi\/en\/product\/y-s-park-straight-air-styler\/","og_locale":"en_GB","og_type":"article","og_title":"Y.S. Park Straight Air Styler, eri v\u00e4rej\u00e4 - Kinnunen","og_description":"Y.S. Park T09- harja on kevyt ja antistaattinen sek\u00e4 lis\u00e4ksi se on antibakteerinen. Harjassa on 118 reik\u00e4\u00e4, jonka ansiosta hiusten&hellip;","og_url":"https:\/\/kinnunen.fi\/en\/product\/y-s-park-straight-air-styler\/","og_site_name":"Kinnunen","article_modified_time":"2026-04-30T01:00:42+00:00","og_image":[{"width":800,"height":800,"url":"https:\/\/kinnunen.fi\/wp-content\/uploads\/2022\/09\/YST09BLACK.jpg","type":"image\/jpeg"}],"twitter_card":"summary_large_image","twitter_misc":{"Estimated reading time":"1 minute"},"schema":{"@context":"https:\/\/schema.org","@graph":[{"@type":"WebPage","@id":"https:\/\/kinnunen.fi\/tuote\/y-s-park-straight-air-styler\/","url":"https:\/\/kinnunen.fi\/tuote\/y-s-park-straight-air-styler\/","name":"Y.S. Park Straight Air Styler, eri v\u00e4rej\u00e4 - Kinnunen","isPartOf":{"@id":"https:\/\/kinnunen.fi\/#website"},"primaryImageOfPage":{"@id":"https:\/\/kinnunen.fi\/tuote\/y-s-park-straight-air-styler\/#primaryimage"},"image":{"@id":"https:\/\/kinnunen.fi\/tuote\/y-s-park-straight-air-styler\/#primaryimage"},"thumbnailUrl":"https:\/\/kinnunen.fi\/wp-content\/uploads\/2022\/09\/YST09BLACK.jpg","datePublished":"2022-09-27T12:59:15+00:00","dateModified":"2026-04-30T01:00:42+00:00","breadcrumb":{"@id":"https:\/\/kinnunen.fi\/tuote\/y-s-park-straight-air-styler\/#breadcrumb"},"inLanguage":"en-GB","potentialAction":[{"@type":"ReadAction","target":["https:\/\/kinnunen.fi\/tuote\/y-s-park-straight-air-styler\/"]}]},{"@type":"ImageObject","inLanguage":"en-GB","@id":"https:\/\/kinnunen.fi\/tuote\/y-s-park-straight-air-styler\/#primaryimage","url":"https:\/\/kinnunen.fi\/wp-content\/uploads\/2022\/09\/YST09BLACK.jpg","contentUrl":"https:\/\/kinnunen.fi\/wp-content\/uploads\/2022\/09\/YST09BLACK.jpg","width":800,"height":800},{"@type":"BreadcrumbList","@id":"https:\/\/kinnunen.fi\/tuote\/y-s-park-straight-air-styler\/#breadcrumb","itemListElement":[{"@type":"ListItem","position":1,"name":"Etusivu","item":"https:\/\/kinnunen.fi\/"},{"@type":"ListItem","position":2,"name":"Kaikki tuotteet","item":"https:\/\/kinnunen.fi\/kauppa\/"},{"@type":"ListItem","position":3,"name":"Tarvikkeet","item":"https:\/\/kinnunen.fi\/tuote-osasto\/tarvikkeet\/"},{"@type":"ListItem","position":4,"name":"Harjat ja kammat","item":"https:\/\/kinnunen.fi\/tuote-osasto\/tarvikkeet\/harjat-ja-kammat\/"},{"@type":"ListItem","position":5,"name":"Y.S. Park Straight Air Styler, eri v\u00e4rej\u00e4"}]},{"@type":"WebSite","@id":"https:\/\/kinnunen.fi\/#website","url":"https:\/\/kinnunen.fi\/","name":"Kinnunen","description":"","potentialAction":[{"@type":"SearchAction","target":{"@type":"EntryPoint","urlTemplate":"https:\/\/kinnunen.fi\/?s={search_term_string}"},"query-input":"required name=search_term_string"}],"inLanguage":"en-GB"}]}},"_links":{"self":[{"href":"https:\/\/kinnunen.fi\/en\/wp-json\/wp\/v2\/product\/25892"}],"collection":[{"href":"https:\/\/kinnunen.fi\/en\/wp-json\/wp\/v2\/product"}],"about":[{"href":"https:\/\/kinnunen.fi\/en\/wp-json\/wp\/v2\/types\/product"}],"replies":[{"embeddable":true,"href":"https:\/\/kinnunen.fi\/en\/wp-json\/wp\/v2\/comments?post=25892"}],"wp:featuredmedia":[{"embeddable":true,"href":"https:\/\/kinnunen.fi\/en\/wp-json\/wp\/v2\/media\/25893"}],"wp:attachment":[{"href":"https:\/\/kinnunen.fi\/en\/wp-json\/wp\/v2\/media?parent=25892"}],"wp:term":[{"taxonomy":"product_cat","embeddable":true,"href":"https:\/\/kinnunen.fi\/en\/wp-json\/wp\/v2\/product_cat?post=25892"},{"taxonomy":"product_tag","embeddable":true,"href":"https:\/\/kinnunen.fi\/en\/wp-json\/wp\/v2\/product_tag?post=25892"}],"curies":[{"name":"wp","href":"https:\/\/api.w.org\/{rel}","templated":true}]}}