

{"id":26002,"date":"2022-10-10T11:48:06","date_gmt":"2022-10-10T08:48:06","guid":{"rendered":"https:\/\/kinnunen.fi\/?post_type=product&#038;p=26002"},"modified":"2026-04-18T04:00:36","modified_gmt":"2026-04-18T01:00:36","slug":"moyra-easy-transfer-foil-koristelufolio","status":"publish","type":"product","link":"https:\/\/kinnunen.fi\/en\/product\/moyra-easy-transfer-foil-koristelufolio\/","title":{"rendered":"Moyra Easy Transfer Foil, decorative foil"},"content":{"rendered":"<p>Decorative foil for special effects and creating details. Easily create eye-catching foil decorations on textured and natural nails.<br \/>\nFolio size; 60cm x 5cm (rose gold, silver and gold) and 60cm x 3.5cm (holographic silver).<\/p>\n<p>Instructions for use; Form a pattern on the nail surface with Foil Gel UV gel and cure in the oven for 2 min. Place the flat side of the foil over the cured gel, press and tear up with a quick movement. The foil will only stick to the areas where the Foil Gel has been applied. Finish the nails with the coating gel.<\/p>\n<p><a href=\"https:\/\/kinnunen.fi\/en\/product\/moyra-foil-gel-uv-clear-5g\/\">Moyra Foil Gel<\/a><\/p>","protected":false},"excerpt":{"rendered":"<p>Koristelufolio erikoistehosteisiin ja yksityiskohtien luomiseen. Luot helposti n\u00e4ytt\u00e4v\u00e4t foliokoristelut rakenne- ja luonnonkynsiin. Folion koko; 60cm x 5cm (rosegold, silver ja&hellip;<\/p>","protected":false},"featured_media":26123,"comment_status":"closed","ping_status":"closed","template":"","meta":{"_relevanssi_hide_post":"","_relevanssi_pin_for_all":"","_relevanssi_pin_keywords":"","_relevanssi_unpin_keywords":"","_relevanssi_related_keywords":"","_relevanssi_related_include_ids":"","_relevanssi_related_exclude_ids":"","_relevanssi_related_no_append":"","_relevanssi_related_not_related":"","_relevanssi_related_posts":"","_relevanssi_noindex_reason":""},"product_cat":[1865,1878,1880],"product_tag":[],"class_list":["post-26002","product","type-product","status-publish","has-post-thumbnail","hentry","product_cat-kynnet-ja-kadet","product_cat-geeli-ja-akryylikynnet","product_cat-oheistarvikkeet","pa_vari-gold","pa_vari-holographic-silver","pa_vari-rose-gold","pa_vari-silver","tuotemerkki-moyra"],"tuotemerkit":[{"term_id":1995,"name":"Moyra","slug":"moyra","term_group":0,"term_taxonomy_id":1995,"taxonomy":"tuotemerkki","description":"","parent":0,"count":60,"filter":"raw"}],"acf":[],"yoast_head":"<!-- This site is optimized with the Yoast SEO plugin v23.3 - https:\/\/yoast.com\/wordpress\/plugins\/seo\/ -->\n<title>Moyra Easy Transfer Foil, koristelufolio - Kinnunen<\/title>\n<meta name=\"robots\" content=\"index, follow, max-snippet:-1, max-image-preview:large, max-video-preview:-1\" \/>\n<link rel=\"canonical\" href=\"https:\/\/kinnunen.fi\/en\/product\/moyra-easy-transfer-foil-koristelufolio\/\" \/>\n<meta property=\"og:locale\" content=\"en_GB\" \/>\n<meta property=\"og:type\" content=\"article\" \/>\n<meta property=\"og:title\" content=\"Moyra Easy Transfer Foil, koristelufolio - Kinnunen\" \/>\n<meta property=\"og:description\" content=\"Koristelufolio erikoistehosteisiin ja yksityiskohtien luomiseen. Luot helposti n\u00e4ytt\u00e4v\u00e4t foliokoristelut rakenne- ja luonnonkynsiin. Folion koko; 60cm x 5cm (rosegold, silver ja&hellip;\" \/>\n<meta property=\"og:url\" content=\"https:\/\/kinnunen.fi\/en\/product\/moyra-easy-transfer-foil-koristelufolio\/\" \/>\n<meta property=\"og:site_name\" content=\"Kinnunen\" \/>\n<meta property=\"article:modified_time\" content=\"2026-04-18T01:00:36+00:00\" \/>\n<meta property=\"og:image\" content=\"https:\/\/kinnunen.fi\/wp-content\/uploads\/2022\/10\/koristefolio.jpg\" \/>\n\t<meta property=\"og:image:width\" content=\"800\" \/>\n\t<meta property=\"og:image:height\" content=\"800\" \/>\n\t<meta property=\"og:image:type\" content=\"image\/jpeg\" \/>\n<meta name=\"twitter:card\" content=\"summary_large_image\" \/>\n<meta name=\"twitter:label1\" content=\"Estimated reading time\" \/>\n\t<meta name=\"twitter:data1\" content=\"1 minute\" \/>\n<script type=\"application\/ld+json\" class=\"yoast-schema-graph\">{\"@context\":\"https:\/\/schema.org\",\"@graph\":[{\"@type\":\"WebPage\",\"@id\":\"https:\/\/kinnunen.fi\/tuote\/moyra-easy-transfer-foil-koristelufolio\/\",\"url\":\"https:\/\/kinnunen.fi\/tuote\/moyra-easy-transfer-foil-koristelufolio\/\",\"name\":\"Moyra Easy Transfer Foil, koristelufolio - Kinnunen\",\"isPartOf\":{\"@id\":\"https:\/\/kinnunen.fi\/#website\"},\"primaryImageOfPage\":{\"@id\":\"https:\/\/kinnunen.fi\/tuote\/moyra-easy-transfer-foil-koristelufolio\/#primaryimage\"},\"image\":{\"@id\":\"https:\/\/kinnunen.fi\/tuote\/moyra-easy-transfer-foil-koristelufolio\/#primaryimage\"},\"thumbnailUrl\":\"https:\/\/kinnunen.fi\/wp-content\/uploads\/2022\/10\/koristefolio.jpg\",\"datePublished\":\"2022-10-10T08:48:06+00:00\",\"dateModified\":\"2026-04-18T01:00:36+00:00\",\"breadcrumb\":{\"@id\":\"https:\/\/kinnunen.fi\/tuote\/moyra-easy-transfer-foil-koristelufolio\/#breadcrumb\"},\"inLanguage\":\"en-GB\",\"potentialAction\":[{\"@type\":\"ReadAction\",\"target\":[\"https:\/\/kinnunen.fi\/tuote\/moyra-easy-transfer-foil-koristelufolio\/\"]}]},{\"@type\":\"ImageObject\",\"inLanguage\":\"en-GB\",\"@id\":\"https:\/\/kinnunen.fi\/tuote\/moyra-easy-transfer-foil-koristelufolio\/#primaryimage\",\"url\":\"https:\/\/kinnunen.fi\/wp-content\/uploads\/2022\/10\/koristefolio.jpg\",\"contentUrl\":\"https:\/\/kinnunen.fi\/wp-content\/uploads\/2022\/10\/koristefolio.jpg\",\"width\":800,\"height\":800},{\"@type\":\"BreadcrumbList\",\"@id\":\"https:\/\/kinnunen.fi\/tuote\/moyra-easy-transfer-foil-koristelufolio\/#breadcrumb\",\"itemListElement\":[{\"@type\":\"ListItem\",\"position\":1,\"name\":\"Etusivu\",\"item\":\"https:\/\/kinnunen.fi\/\"},{\"@type\":\"ListItem\",\"position\":2,\"name\":\"Kaikki tuotteet\",\"item\":\"https:\/\/kinnunen.fi\/kauppa\/\"},{\"@type\":\"ListItem\",\"position\":3,\"name\":\"Kauneudenhoito\",\"item\":\"https:\/\/kinnunen.fi\/tuote-osasto\/kauneudenhoito\/\"},{\"@type\":\"ListItem\",\"position\":4,\"name\":\"Kynnet ja k\u00e4det\",\"item\":\"https:\/\/kinnunen.fi\/tuote-osasto\/kauneudenhoito\/kynnet-ja-kadet\/\"},{\"@type\":\"ListItem\",\"position\":5,\"name\":\"Geeli- ja akryylikynnet\",\"item\":\"https:\/\/kinnunen.fi\/tuote-osasto\/kauneudenhoito\/kynnet-ja-kadet\/geeli-ja-akryylikynnet\/\"},{\"@type\":\"ListItem\",\"position\":6,\"name\":\"Oheistarvikkeet\",\"item\":\"https:\/\/kinnunen.fi\/tuote-osasto\/kauneudenhoito\/kynnet-ja-kadet\/geeli-ja-akryylikynnet\/oheistarvikkeet\/\"},{\"@type\":\"ListItem\",\"position\":7,\"name\":\"Moyra Easy Transfer Foil, koristelufolio\"}]},{\"@type\":\"WebSite\",\"@id\":\"https:\/\/kinnunen.fi\/#website\",\"url\":\"https:\/\/kinnunen.fi\/\",\"name\":\"Kinnunen\",\"description\":\"\",\"potentialAction\":[{\"@type\":\"SearchAction\",\"target\":{\"@type\":\"EntryPoint\",\"urlTemplate\":\"https:\/\/kinnunen.fi\/?s={search_term_string}\"},\"query-input\":\"required name=search_term_string\"}],\"inLanguage\":\"en-GB\"}]}<\/script>\n<!-- \/ Yoast SEO plugin. -->","yoast_head_json":{"title":"Moyra Easy Transfer Foil, koristelufolio - Kinnunen","robots":{"index":"index","follow":"follow","max-snippet":"max-snippet:-1","max-image-preview":"max-image-preview:large","max-video-preview":"max-video-preview:-1"},"canonical":"https:\/\/kinnunen.fi\/en\/product\/moyra-easy-transfer-foil-koristelufolio\/","og_locale":"en_GB","og_type":"article","og_title":"Moyra Easy Transfer Foil, koristelufolio - Kinnunen","og_description":"Koristelufolio erikoistehosteisiin ja yksityiskohtien luomiseen. Luot helposti n\u00e4ytt\u00e4v\u00e4t foliokoristelut rakenne- ja luonnonkynsiin. Folion koko; 60cm x 5cm (rosegold, silver ja&hellip;","og_url":"https:\/\/kinnunen.fi\/en\/product\/moyra-easy-transfer-foil-koristelufolio\/","og_site_name":"Kinnunen","article_modified_time":"2026-04-18T01:00:36+00:00","og_image":[{"width":800,"height":800,"url":"https:\/\/kinnunen.fi\/wp-content\/uploads\/2022\/10\/koristefolio.jpg","type":"image\/jpeg"}],"twitter_card":"summary_large_image","twitter_misc":{"Estimated reading time":"1 minute"},"schema":{"@context":"https:\/\/schema.org","@graph":[{"@type":"WebPage","@id":"https:\/\/kinnunen.fi\/tuote\/moyra-easy-transfer-foil-koristelufolio\/","url":"https:\/\/kinnunen.fi\/tuote\/moyra-easy-transfer-foil-koristelufolio\/","name":"Moyra Easy Transfer Foil, koristelufolio - Kinnunen","isPartOf":{"@id":"https:\/\/kinnunen.fi\/#website"},"primaryImageOfPage":{"@id":"https:\/\/kinnunen.fi\/tuote\/moyra-easy-transfer-foil-koristelufolio\/#primaryimage"},"image":{"@id":"https:\/\/kinnunen.fi\/tuote\/moyra-easy-transfer-foil-koristelufolio\/#primaryimage"},"thumbnailUrl":"https:\/\/kinnunen.fi\/wp-content\/uploads\/2022\/10\/koristefolio.jpg","datePublished":"2022-10-10T08:48:06+00:00","dateModified":"2026-04-18T01:00:36+00:00","breadcrumb":{"@id":"https:\/\/kinnunen.fi\/tuote\/moyra-easy-transfer-foil-koristelufolio\/#breadcrumb"},"inLanguage":"en-GB","potentialAction":[{"@type":"ReadAction","target":["https:\/\/kinnunen.fi\/tuote\/moyra-easy-transfer-foil-koristelufolio\/"]}]},{"@type":"ImageObject","inLanguage":"en-GB","@id":"https:\/\/kinnunen.fi\/tuote\/moyra-easy-transfer-foil-koristelufolio\/#primaryimage","url":"https:\/\/kinnunen.fi\/wp-content\/uploads\/2022\/10\/koristefolio.jpg","contentUrl":"https:\/\/kinnunen.fi\/wp-content\/uploads\/2022\/10\/koristefolio.jpg","width":800,"height":800},{"@type":"BreadcrumbList","@id":"https:\/\/kinnunen.fi\/tuote\/moyra-easy-transfer-foil-koristelufolio\/#breadcrumb","itemListElement":[{"@type":"ListItem","position":1,"name":"Etusivu","item":"https:\/\/kinnunen.fi\/"},{"@type":"ListItem","position":2,"name":"Kaikki tuotteet","item":"https:\/\/kinnunen.fi\/kauppa\/"},{"@type":"ListItem","position":3,"name":"Kauneudenhoito","item":"https:\/\/kinnunen.fi\/tuote-osasto\/kauneudenhoito\/"},{"@type":"ListItem","position":4,"name":"Kynnet ja k\u00e4det","item":"https:\/\/kinnunen.fi\/tuote-osasto\/kauneudenhoito\/kynnet-ja-kadet\/"},{"@type":"ListItem","position":5,"name":"Geeli- ja akryylikynnet","item":"https:\/\/kinnunen.fi\/tuote-osasto\/kauneudenhoito\/kynnet-ja-kadet\/geeli-ja-akryylikynnet\/"},{"@type":"ListItem","position":6,"name":"Oheistarvikkeet","item":"https:\/\/kinnunen.fi\/tuote-osasto\/kauneudenhoito\/kynnet-ja-kadet\/geeli-ja-akryylikynnet\/oheistarvikkeet\/"},{"@type":"ListItem","position":7,"name":"Moyra Easy Transfer Foil, koristelufolio"}]},{"@type":"WebSite","@id":"https:\/\/kinnunen.fi\/#website","url":"https:\/\/kinnunen.fi\/","name":"Kinnunen","description":"","potentialAction":[{"@type":"SearchAction","target":{"@type":"EntryPoint","urlTemplate":"https:\/\/kinnunen.fi\/?s={search_term_string}"},"query-input":"required name=search_term_string"}],"inLanguage":"en-GB"}]}},"_links":{"self":[{"href":"https:\/\/kinnunen.fi\/en\/wp-json\/wp\/v2\/product\/26002"}],"collection":[{"href":"https:\/\/kinnunen.fi\/en\/wp-json\/wp\/v2\/product"}],"about":[{"href":"https:\/\/kinnunen.fi\/en\/wp-json\/wp\/v2\/types\/product"}],"replies":[{"embeddable":true,"href":"https:\/\/kinnunen.fi\/en\/wp-json\/wp\/v2\/comments?post=26002"}],"wp:featuredmedia":[{"embeddable":true,"href":"https:\/\/kinnunen.fi\/en\/wp-json\/wp\/v2\/media\/26123"}],"wp:attachment":[{"href":"https:\/\/kinnunen.fi\/en\/wp-json\/wp\/v2\/media?parent=26002"}],"wp:term":[{"taxonomy":"product_cat","embeddable":true,"href":"https:\/\/kinnunen.fi\/en\/wp-json\/wp\/v2\/product_cat?post=26002"},{"taxonomy":"product_tag","embeddable":true,"href":"https:\/\/kinnunen.fi\/en\/wp-json\/wp\/v2\/product_tag?post=26002"}],"curies":[{"name":"wp","href":"https:\/\/api.w.org\/{rel}","templated":true}]}}