

{"id":26174,"date":"2022-10-12T10:38:42","date_gmt":"2022-10-12T07:38:42","guid":{"rendered":"https:\/\/kinnunen.fi\/?post_type=product&#038;p=26174"},"modified":"2026-05-01T04:00:27","modified_gmt":"2026-05-01T01:00:27","slug":"foonipidike-spiraali-seinakiinnitys","status":"publish","type":"product","link":"https:\/\/kinnunen.fi\/en\/product\/foonipidike-spiraali-seinakiinnitys\/","title":{"rendered":"Hair dryer holder, spiral (wall-mounted)"},"content":{"rendered":"<p>Wall or furniture-mounted hair dryer rack. A safe place to store your hairdryer. Convenient and quick to use while working. Right-handed threads.<\/p>","protected":false},"excerpt":{"rendered":"<p>Wall or furniture-mounted hair dryer rack. A safe place to store your hairdryer. Convenient and quick to use while working. Right-handed threads.<\/p>","protected":false},"featured_media":26171,"comment_status":"closed","ping_status":"closed","template":"","meta":{"_relevanssi_hide_post":"","_relevanssi_pin_for_all":"","_relevanssi_pin_keywords":"","_relevanssi_unpin_keywords":"","_relevanssi_related_keywords":"","_relevanssi_related_include_ids":"","_relevanssi_related_exclude_ids":"","_relevanssi_related_no_append":"","_relevanssi_related_not_related":"","_relevanssi_related_posts":"","_relevanssi_noindex_reason":""},"product_cat":[1774,1779,1844],"product_tag":[],"class_list":["post-26174","product","type-product","status-publish","has-post-thumbnail","hentry","product_cat-koneet-ja-laitteet","product_cat-koneiden-oheistuotteet","product_cat-oheistuotteet-kalusteet"],"tuotemerkit":[],"acf":[],"yoast_head":"<!-- This site is optimized with the Yoast SEO plugin v23.3 - https:\/\/yoast.com\/wordpress\/plugins\/seo\/ -->\n<title>F\u00f6\u00f6nipidike, spiraali (sein\u00e4kiinnitys) - Kinnunen<\/title>\n<meta name=\"robots\" content=\"index, follow, max-snippet:-1, max-image-preview:large, max-video-preview:-1\" \/>\n<link rel=\"canonical\" href=\"https:\/\/kinnunen.fi\/en\/product\/foonipidike-spiraali-seinakiinnitys\/\" \/>\n<meta property=\"og:locale\" content=\"en_GB\" \/>\n<meta property=\"og:type\" content=\"article\" \/>\n<meta property=\"og:title\" content=\"F\u00f6\u00f6nipidike, spiraali (sein\u00e4kiinnitys) - Kinnunen\" \/>\n<meta property=\"og:description\" content=\"Sein\u00e4\u00e4n tai kalusteeseen kiinnitett\u00e4v\u00e4 f\u00f6\u00f6niteline. Turvallinen s\u00e4ilytyspaikka f\u00f6\u00f6nille. K\u00e4tev\u00e4 ja nopea k\u00e4ytt\u00e4\u00e4 ty\u00f6skentelyn lomassa. Kierteet oikeak\u00e4tisille.\" \/>\n<meta property=\"og:url\" content=\"https:\/\/kinnunen.fi\/en\/product\/foonipidike-spiraali-seinakiinnitys\/\" \/>\n<meta property=\"og:site_name\" content=\"Kinnunen\" \/>\n<meta property=\"article:modified_time\" content=\"2026-05-01T01:00:27+00:00\" \/>\n<meta property=\"og:image\" content=\"https:\/\/kinnunen.fi\/wp-content\/uploads\/2022\/10\/foonipidike_kierre.jpg\" \/>\n\t<meta property=\"og:image:width\" content=\"800\" \/>\n\t<meta property=\"og:image:height\" content=\"800\" \/>\n\t<meta property=\"og:image:type\" content=\"image\/jpeg\" \/>\n<meta name=\"twitter:card\" content=\"summary_large_image\" \/>\n<meta name=\"twitter:label1\" content=\"Estimated reading time\" \/>\n\t<meta name=\"twitter:data1\" content=\"1 minute\" \/>\n<script type=\"application\/ld+json\" class=\"yoast-schema-graph\">{\"@context\":\"https:\/\/schema.org\",\"@graph\":[{\"@type\":\"WebPage\",\"@id\":\"https:\/\/kinnunen.fi\/tuote\/foonipidike-spiraali-seinakiinnitys\/\",\"url\":\"https:\/\/kinnunen.fi\/tuote\/foonipidike-spiraali-seinakiinnitys\/\",\"name\":\"F\u00f6\u00f6nipidike, spiraali (sein\u00e4kiinnitys) - Kinnunen\",\"isPartOf\":{\"@id\":\"https:\/\/kinnunen.fi\/#website\"},\"primaryImageOfPage\":{\"@id\":\"https:\/\/kinnunen.fi\/tuote\/foonipidike-spiraali-seinakiinnitys\/#primaryimage\"},\"image\":{\"@id\":\"https:\/\/kinnunen.fi\/tuote\/foonipidike-spiraali-seinakiinnitys\/#primaryimage\"},\"thumbnailUrl\":\"https:\/\/kinnunen.fi\/wp-content\/uploads\/2022\/10\/foonipidike_kierre.jpg\",\"datePublished\":\"2022-10-12T07:38:42+00:00\",\"dateModified\":\"2026-05-01T01:00:27+00:00\",\"breadcrumb\":{\"@id\":\"https:\/\/kinnunen.fi\/tuote\/foonipidike-spiraali-seinakiinnitys\/#breadcrumb\"},\"inLanguage\":\"en-GB\",\"potentialAction\":[{\"@type\":\"ReadAction\",\"target\":[\"https:\/\/kinnunen.fi\/tuote\/foonipidike-spiraali-seinakiinnitys\/\"]}]},{\"@type\":\"ImageObject\",\"inLanguage\":\"en-GB\",\"@id\":\"https:\/\/kinnunen.fi\/tuote\/foonipidike-spiraali-seinakiinnitys\/#primaryimage\",\"url\":\"https:\/\/kinnunen.fi\/wp-content\/uploads\/2022\/10\/foonipidike_kierre.jpg\",\"contentUrl\":\"https:\/\/kinnunen.fi\/wp-content\/uploads\/2022\/10\/foonipidike_kierre.jpg\",\"width\":800,\"height\":800},{\"@type\":\"BreadcrumbList\",\"@id\":\"https:\/\/kinnunen.fi\/tuote\/foonipidike-spiraali-seinakiinnitys\/#breadcrumb\",\"itemListElement\":[{\"@type\":\"ListItem\",\"position\":1,\"name\":\"Etusivu\",\"item\":\"https:\/\/kinnunen.fi\/\"},{\"@type\":\"ListItem\",\"position\":2,\"name\":\"Kaikki tuotteet\",\"item\":\"https:\/\/kinnunen.fi\/kauppa\/\"},{\"@type\":\"ListItem\",\"position\":3,\"name\":\"Koneet ja s\u00e4hk\u00f6laitteet\",\"item\":\"https:\/\/kinnunen.fi\/tuote-osasto\/koneet-ja-laitteet\/\"},{\"@type\":\"ListItem\",\"position\":4,\"name\":\"Koneiden oheistuotteet\",\"item\":\"https:\/\/kinnunen.fi\/tuote-osasto\/koneet-ja-laitteet\/koneiden-oheistuotteet\/\"},{\"@type\":\"ListItem\",\"position\":5,\"name\":\"F\u00f6\u00f6nipidike, spiraali (sein\u00e4kiinnitys)\"}]},{\"@type\":\"WebSite\",\"@id\":\"https:\/\/kinnunen.fi\/#website\",\"url\":\"https:\/\/kinnunen.fi\/\",\"name\":\"Kinnunen\",\"description\":\"\",\"potentialAction\":[{\"@type\":\"SearchAction\",\"target\":{\"@type\":\"EntryPoint\",\"urlTemplate\":\"https:\/\/kinnunen.fi\/?s={search_term_string}\"},\"query-input\":\"required name=search_term_string\"}],\"inLanguage\":\"en-GB\"}]}<\/script>\n<!-- \/ Yoast SEO plugin. -->","yoast_head_json":{"title":"F\u00f6\u00f6nipidike, spiraali (sein\u00e4kiinnitys) - Kinnunen","robots":{"index":"index","follow":"follow","max-snippet":"max-snippet:-1","max-image-preview":"max-image-preview:large","max-video-preview":"max-video-preview:-1"},"canonical":"https:\/\/kinnunen.fi\/en\/product\/foonipidike-spiraali-seinakiinnitys\/","og_locale":"en_GB","og_type":"article","og_title":"F\u00f6\u00f6nipidike, spiraali (sein\u00e4kiinnitys) - Kinnunen","og_description":"Sein\u00e4\u00e4n tai kalusteeseen kiinnitett\u00e4v\u00e4 f\u00f6\u00f6niteline. Turvallinen s\u00e4ilytyspaikka f\u00f6\u00f6nille. K\u00e4tev\u00e4 ja nopea k\u00e4ytt\u00e4\u00e4 ty\u00f6skentelyn lomassa. Kierteet oikeak\u00e4tisille.","og_url":"https:\/\/kinnunen.fi\/en\/product\/foonipidike-spiraali-seinakiinnitys\/","og_site_name":"Kinnunen","article_modified_time":"2026-05-01T01:00:27+00:00","og_image":[{"width":800,"height":800,"url":"https:\/\/kinnunen.fi\/wp-content\/uploads\/2022\/10\/foonipidike_kierre.jpg","type":"image\/jpeg"}],"twitter_card":"summary_large_image","twitter_misc":{"Estimated reading time":"1 minute"},"schema":{"@context":"https:\/\/schema.org","@graph":[{"@type":"WebPage","@id":"https:\/\/kinnunen.fi\/tuote\/foonipidike-spiraali-seinakiinnitys\/","url":"https:\/\/kinnunen.fi\/tuote\/foonipidike-spiraali-seinakiinnitys\/","name":"F\u00f6\u00f6nipidike, spiraali (sein\u00e4kiinnitys) - Kinnunen","isPartOf":{"@id":"https:\/\/kinnunen.fi\/#website"},"primaryImageOfPage":{"@id":"https:\/\/kinnunen.fi\/tuote\/foonipidike-spiraali-seinakiinnitys\/#primaryimage"},"image":{"@id":"https:\/\/kinnunen.fi\/tuote\/foonipidike-spiraali-seinakiinnitys\/#primaryimage"},"thumbnailUrl":"https:\/\/kinnunen.fi\/wp-content\/uploads\/2022\/10\/foonipidike_kierre.jpg","datePublished":"2022-10-12T07:38:42+00:00","dateModified":"2026-05-01T01:00:27+00:00","breadcrumb":{"@id":"https:\/\/kinnunen.fi\/tuote\/foonipidike-spiraali-seinakiinnitys\/#breadcrumb"},"inLanguage":"en-GB","potentialAction":[{"@type":"ReadAction","target":["https:\/\/kinnunen.fi\/tuote\/foonipidike-spiraali-seinakiinnitys\/"]}]},{"@type":"ImageObject","inLanguage":"en-GB","@id":"https:\/\/kinnunen.fi\/tuote\/foonipidike-spiraali-seinakiinnitys\/#primaryimage","url":"https:\/\/kinnunen.fi\/wp-content\/uploads\/2022\/10\/foonipidike_kierre.jpg","contentUrl":"https:\/\/kinnunen.fi\/wp-content\/uploads\/2022\/10\/foonipidike_kierre.jpg","width":800,"height":800},{"@type":"BreadcrumbList","@id":"https:\/\/kinnunen.fi\/tuote\/foonipidike-spiraali-seinakiinnitys\/#breadcrumb","itemListElement":[{"@type":"ListItem","position":1,"name":"Etusivu","item":"https:\/\/kinnunen.fi\/"},{"@type":"ListItem","position":2,"name":"Kaikki tuotteet","item":"https:\/\/kinnunen.fi\/kauppa\/"},{"@type":"ListItem","position":3,"name":"Koneet ja s\u00e4hk\u00f6laitteet","item":"https:\/\/kinnunen.fi\/tuote-osasto\/koneet-ja-laitteet\/"},{"@type":"ListItem","position":4,"name":"Koneiden oheistuotteet","item":"https:\/\/kinnunen.fi\/tuote-osasto\/koneet-ja-laitteet\/koneiden-oheistuotteet\/"},{"@type":"ListItem","position":5,"name":"F\u00f6\u00f6nipidike, spiraali (sein\u00e4kiinnitys)"}]},{"@type":"WebSite","@id":"https:\/\/kinnunen.fi\/#website","url":"https:\/\/kinnunen.fi\/","name":"Kinnunen","description":"","potentialAction":[{"@type":"SearchAction","target":{"@type":"EntryPoint","urlTemplate":"https:\/\/kinnunen.fi\/?s={search_term_string}"},"query-input":"required name=search_term_string"}],"inLanguage":"en-GB"}]}},"_links":{"self":[{"href":"https:\/\/kinnunen.fi\/en\/wp-json\/wp\/v2\/product\/26174"}],"collection":[{"href":"https:\/\/kinnunen.fi\/en\/wp-json\/wp\/v2\/product"}],"about":[{"href":"https:\/\/kinnunen.fi\/en\/wp-json\/wp\/v2\/types\/product"}],"replies":[{"embeddable":true,"href":"https:\/\/kinnunen.fi\/en\/wp-json\/wp\/v2\/comments?post=26174"}],"wp:featuredmedia":[{"embeddable":true,"href":"https:\/\/kinnunen.fi\/en\/wp-json\/wp\/v2\/media\/26171"}],"wp:attachment":[{"href":"https:\/\/kinnunen.fi\/en\/wp-json\/wp\/v2\/media?parent=26174"}],"wp:term":[{"taxonomy":"product_cat","embeddable":true,"href":"https:\/\/kinnunen.fi\/en\/wp-json\/wp\/v2\/product_cat?post=26174"},{"taxonomy":"product_tag","embeddable":true,"href":"https:\/\/kinnunen.fi\/en\/wp-json\/wp\/v2\/product_tag?post=26174"}],"curies":[{"name":"wp","href":"https:\/\/api.w.org\/{rel}","templated":true}]}}