

{"id":26287,"date":"2022-10-25T09:53:31","date_gmt":"2022-10-25T06:53:31","guid":{"rendered":"https:\/\/kinnunen.fi\/?post_type=product&#038;p=26287"},"modified":"2026-05-02T04:00:31","modified_gmt":"2026-05-02T01:00:31","slug":"nouveau-lashes-ripsikuitu-b-curl-0-07-6-14mm","status":"publish","type":"product","link":"https:\/\/kinnunen.fi\/en\/product\/nouveau-lashes-ripsikuitu-b-curl-0-07-6-14mm\/","title":{"rendered":"Nouveau Lashes mascara, B-curl, 0.07\/ 6-14mm"},"content":{"rendered":"<p>Nouveau Lashes are made from a unique blend of silk and synthetic fibres, combining unparalleled softness and durability.<br \/>\nPackage lengths 6mm, 7mm, 8mm, 9mm, 10mm, 11mm, 12mm, 13mm and 14mm<\/p>","protected":false},"excerpt":{"rendered":"<p>Nouveau Lashes -ripset ovat valmistettu ainutlaatuisesta sekoituksesta silkki\u00e4 ja synteettist\u00e4 kuitua, jossa yhdistyy vertaansa vailla oleva pehmeys sek\u00e4 kest\u00e4vyys. Paketissa&hellip;<\/p>","protected":false},"featured_media":26281,"comment_status":"closed","ping_status":"closed","template":"","meta":{"_relevanssi_hide_post":"","_relevanssi_pin_for_all":"","_relevanssi_pin_keywords":"","_relevanssi_unpin_keywords":"","_relevanssi_related_keywords":"","_relevanssi_related_include_ids":"","_relevanssi_related_exclude_ids":"","_relevanssi_related_no_append":"","_relevanssi_related_not_related":"","_relevanssi_related_posts":"","_relevanssi_noindex_reason":""},"product_cat":[1901,1907],"product_tag":[],"class_list":["post-26287","product","type-product","status-publish","has-post-thumbnail","hentry","product_cat-outlet","product_cat-ripset-ja-kulmat-outlet"],"tuotemerkit":[],"acf":[],"yoast_head":"<!-- This site is optimized with the Yoast SEO plugin v23.3 - https:\/\/yoast.com\/wordpress\/plugins\/seo\/ -->\n<title>Nouveau Lashes ripsikuitu, B-curl, 0.07\/ 6-14mm - Kinnunen<\/title>\n<meta name=\"robots\" content=\"index, follow, max-snippet:-1, max-image-preview:large, max-video-preview:-1\" \/>\n<link rel=\"canonical\" href=\"https:\/\/kinnunen.fi\/en\/product\/nouveau-lashes-ripsikuitu-b-curl-0-07-6-14mm\/\" \/>\n<meta property=\"og:locale\" content=\"en_GB\" \/>\n<meta property=\"og:type\" content=\"article\" \/>\n<meta property=\"og:title\" content=\"Nouveau Lashes ripsikuitu, B-curl, 0.07\/ 6-14mm - Kinnunen\" \/>\n<meta property=\"og:description\" content=\"Nouveau Lashes -ripset ovat valmistettu ainutlaatuisesta sekoituksesta silkki\u00e4 ja synteettist\u00e4 kuitua, jossa yhdistyy vertaansa vailla oleva pehmeys sek\u00e4 kest\u00e4vyys. Paketissa&hellip;\" \/>\n<meta property=\"og:url\" content=\"https:\/\/kinnunen.fi\/en\/product\/nouveau-lashes-ripsikuitu-b-curl-0-07-6-14mm\/\" \/>\n<meta property=\"og:site_name\" content=\"Kinnunen\" \/>\n<meta property=\"article:modified_time\" content=\"2026-05-02T01:00:31+00:00\" \/>\n<meta property=\"og:image\" content=\"https:\/\/kinnunen.fi\/wp-content\/uploads\/2022\/10\/NLVOLMIXBLKD005.jpg\" \/>\n\t<meta property=\"og:image:width\" content=\"800\" \/>\n\t<meta property=\"og:image:height\" content=\"800\" \/>\n\t<meta property=\"og:image:type\" content=\"image\/jpeg\" \/>\n<meta name=\"twitter:card\" content=\"summary_large_image\" \/>\n<meta name=\"twitter:label1\" content=\"Estimated reading time\" \/>\n\t<meta name=\"twitter:data1\" content=\"1 minute\" \/>\n<script type=\"application\/ld+json\" class=\"yoast-schema-graph\">{\"@context\":\"https:\/\/schema.org\",\"@graph\":[{\"@type\":\"WebPage\",\"@id\":\"https:\/\/kinnunen.fi\/tuote\/nouveau-lashes-ripsikuitu-b-curl-0-07-6-14mm\/\",\"url\":\"https:\/\/kinnunen.fi\/tuote\/nouveau-lashes-ripsikuitu-b-curl-0-07-6-14mm\/\",\"name\":\"Nouveau Lashes ripsikuitu, B-curl, 0.07\/ 6-14mm - Kinnunen\",\"isPartOf\":{\"@id\":\"https:\/\/kinnunen.fi\/#website\"},\"primaryImageOfPage\":{\"@id\":\"https:\/\/kinnunen.fi\/tuote\/nouveau-lashes-ripsikuitu-b-curl-0-07-6-14mm\/#primaryimage\"},\"image\":{\"@id\":\"https:\/\/kinnunen.fi\/tuote\/nouveau-lashes-ripsikuitu-b-curl-0-07-6-14mm\/#primaryimage\"},\"thumbnailUrl\":\"https:\/\/kinnunen.fi\/wp-content\/uploads\/2022\/10\/NLVOLMIXBLKD005.jpg\",\"datePublished\":\"2022-10-25T06:53:31+00:00\",\"dateModified\":\"2026-05-02T01:00:31+00:00\",\"breadcrumb\":{\"@id\":\"https:\/\/kinnunen.fi\/tuote\/nouveau-lashes-ripsikuitu-b-curl-0-07-6-14mm\/#breadcrumb\"},\"inLanguage\":\"en-GB\",\"potentialAction\":[{\"@type\":\"ReadAction\",\"target\":[\"https:\/\/kinnunen.fi\/tuote\/nouveau-lashes-ripsikuitu-b-curl-0-07-6-14mm\/\"]}]},{\"@type\":\"ImageObject\",\"inLanguage\":\"en-GB\",\"@id\":\"https:\/\/kinnunen.fi\/tuote\/nouveau-lashes-ripsikuitu-b-curl-0-07-6-14mm\/#primaryimage\",\"url\":\"https:\/\/kinnunen.fi\/wp-content\/uploads\/2022\/10\/NLVOLMIXBLKD005.jpg\",\"contentUrl\":\"https:\/\/kinnunen.fi\/wp-content\/uploads\/2022\/10\/NLVOLMIXBLKD005.jpg\",\"width\":800,\"height\":800},{\"@type\":\"BreadcrumbList\",\"@id\":\"https:\/\/kinnunen.fi\/tuote\/nouveau-lashes-ripsikuitu-b-curl-0-07-6-14mm\/#breadcrumb\",\"itemListElement\":[{\"@type\":\"ListItem\",\"position\":1,\"name\":\"Etusivu\",\"item\":\"https:\/\/kinnunen.fi\/\"},{\"@type\":\"ListItem\",\"position\":2,\"name\":\"Kaikki tuotteet\",\"item\":\"https:\/\/kinnunen.fi\/kauppa\/\"},{\"@type\":\"ListItem\",\"position\":3,\"name\":\"Outlet\",\"item\":\"https:\/\/kinnunen.fi\/tuote-osasto\/outlet\/\"},{\"@type\":\"ListItem\",\"position\":4,\"name\":\"Ripset ja kulmat\",\"item\":\"https:\/\/kinnunen.fi\/tuote-osasto\/outlet\/ripset-ja-kulmat-outlet\/\"},{\"@type\":\"ListItem\",\"position\":5,\"name\":\"Nouveau Lashes ripsikuitu, B-curl, 0.07\/ 6-14mm\"}]},{\"@type\":\"WebSite\",\"@id\":\"https:\/\/kinnunen.fi\/#website\",\"url\":\"https:\/\/kinnunen.fi\/\",\"name\":\"Kinnunen\",\"description\":\"\",\"potentialAction\":[{\"@type\":\"SearchAction\",\"target\":{\"@type\":\"EntryPoint\",\"urlTemplate\":\"https:\/\/kinnunen.fi\/?s={search_term_string}\"},\"query-input\":\"required name=search_term_string\"}],\"inLanguage\":\"en-GB\"}]}<\/script>\n<!-- \/ Yoast SEO plugin. -->","yoast_head_json":{"title":"Nouveau Lashes ripsikuitu, B-curl, 0.07\/ 6-14mm - Kinnunen","robots":{"index":"index","follow":"follow","max-snippet":"max-snippet:-1","max-image-preview":"max-image-preview:large","max-video-preview":"max-video-preview:-1"},"canonical":"https:\/\/kinnunen.fi\/en\/product\/nouveau-lashes-ripsikuitu-b-curl-0-07-6-14mm\/","og_locale":"en_GB","og_type":"article","og_title":"Nouveau Lashes ripsikuitu, B-curl, 0.07\/ 6-14mm - Kinnunen","og_description":"Nouveau Lashes -ripset ovat valmistettu ainutlaatuisesta sekoituksesta silkki\u00e4 ja synteettist\u00e4 kuitua, jossa yhdistyy vertaansa vailla oleva pehmeys sek\u00e4 kest\u00e4vyys. Paketissa&hellip;","og_url":"https:\/\/kinnunen.fi\/en\/product\/nouveau-lashes-ripsikuitu-b-curl-0-07-6-14mm\/","og_site_name":"Kinnunen","article_modified_time":"2026-05-02T01:00:31+00:00","og_image":[{"width":800,"height":800,"url":"https:\/\/kinnunen.fi\/wp-content\/uploads\/2022\/10\/NLVOLMIXBLKD005.jpg","type":"image\/jpeg"}],"twitter_card":"summary_large_image","twitter_misc":{"Estimated reading time":"1 minute"},"schema":{"@context":"https:\/\/schema.org","@graph":[{"@type":"WebPage","@id":"https:\/\/kinnunen.fi\/tuote\/nouveau-lashes-ripsikuitu-b-curl-0-07-6-14mm\/","url":"https:\/\/kinnunen.fi\/tuote\/nouveau-lashes-ripsikuitu-b-curl-0-07-6-14mm\/","name":"Nouveau Lashes ripsikuitu, B-curl, 0.07\/ 6-14mm - Kinnunen","isPartOf":{"@id":"https:\/\/kinnunen.fi\/#website"},"primaryImageOfPage":{"@id":"https:\/\/kinnunen.fi\/tuote\/nouveau-lashes-ripsikuitu-b-curl-0-07-6-14mm\/#primaryimage"},"image":{"@id":"https:\/\/kinnunen.fi\/tuote\/nouveau-lashes-ripsikuitu-b-curl-0-07-6-14mm\/#primaryimage"},"thumbnailUrl":"https:\/\/kinnunen.fi\/wp-content\/uploads\/2022\/10\/NLVOLMIXBLKD005.jpg","datePublished":"2022-10-25T06:53:31+00:00","dateModified":"2026-05-02T01:00:31+00:00","breadcrumb":{"@id":"https:\/\/kinnunen.fi\/tuote\/nouveau-lashes-ripsikuitu-b-curl-0-07-6-14mm\/#breadcrumb"},"inLanguage":"en-GB","potentialAction":[{"@type":"ReadAction","target":["https:\/\/kinnunen.fi\/tuote\/nouveau-lashes-ripsikuitu-b-curl-0-07-6-14mm\/"]}]},{"@type":"ImageObject","inLanguage":"en-GB","@id":"https:\/\/kinnunen.fi\/tuote\/nouveau-lashes-ripsikuitu-b-curl-0-07-6-14mm\/#primaryimage","url":"https:\/\/kinnunen.fi\/wp-content\/uploads\/2022\/10\/NLVOLMIXBLKD005.jpg","contentUrl":"https:\/\/kinnunen.fi\/wp-content\/uploads\/2022\/10\/NLVOLMIXBLKD005.jpg","width":800,"height":800},{"@type":"BreadcrumbList","@id":"https:\/\/kinnunen.fi\/tuote\/nouveau-lashes-ripsikuitu-b-curl-0-07-6-14mm\/#breadcrumb","itemListElement":[{"@type":"ListItem","position":1,"name":"Etusivu","item":"https:\/\/kinnunen.fi\/"},{"@type":"ListItem","position":2,"name":"Kaikki tuotteet","item":"https:\/\/kinnunen.fi\/kauppa\/"},{"@type":"ListItem","position":3,"name":"Outlet","item":"https:\/\/kinnunen.fi\/tuote-osasto\/outlet\/"},{"@type":"ListItem","position":4,"name":"Ripset ja kulmat","item":"https:\/\/kinnunen.fi\/tuote-osasto\/outlet\/ripset-ja-kulmat-outlet\/"},{"@type":"ListItem","position":5,"name":"Nouveau Lashes ripsikuitu, B-curl, 0.07\/ 6-14mm"}]},{"@type":"WebSite","@id":"https:\/\/kinnunen.fi\/#website","url":"https:\/\/kinnunen.fi\/","name":"Kinnunen","description":"","potentialAction":[{"@type":"SearchAction","target":{"@type":"EntryPoint","urlTemplate":"https:\/\/kinnunen.fi\/?s={search_term_string}"},"query-input":"required name=search_term_string"}],"inLanguage":"en-GB"}]}},"_links":{"self":[{"href":"https:\/\/kinnunen.fi\/en\/wp-json\/wp\/v2\/product\/26287"}],"collection":[{"href":"https:\/\/kinnunen.fi\/en\/wp-json\/wp\/v2\/product"}],"about":[{"href":"https:\/\/kinnunen.fi\/en\/wp-json\/wp\/v2\/types\/product"}],"replies":[{"embeddable":true,"href":"https:\/\/kinnunen.fi\/en\/wp-json\/wp\/v2\/comments?post=26287"}],"wp:featuredmedia":[{"embeddable":true,"href":"https:\/\/kinnunen.fi\/en\/wp-json\/wp\/v2\/media\/26281"}],"wp:attachment":[{"href":"https:\/\/kinnunen.fi\/en\/wp-json\/wp\/v2\/media?parent=26287"}],"wp:term":[{"taxonomy":"product_cat","embeddable":true,"href":"https:\/\/kinnunen.fi\/en\/wp-json\/wp\/v2\/product_cat?post=26287"},{"taxonomy":"product_tag","embeddable":true,"href":"https:\/\/kinnunen.fi\/en\/wp-json\/wp\/v2\/product_tag?post=26287"}],"curies":[{"name":"wp","href":"https:\/\/api.w.org\/{rel}","templated":true}]}}