

{"id":26308,"date":"2022-10-25T15:23:46","date_gmt":"2022-10-25T12:23:46","guid":{"rendered":"https:\/\/kinnunen.fi\/?post_type=product&#038;p=26308"},"modified":"2026-05-02T04:00:07","modified_gmt":"2026-05-02T01:00:07","slug":"jinnys-hair-jewelry-hiustimantti-kirkas-96-kpl","status":"publish","type":"product","link":"https:\/\/kinnunen.fi\/en\/product\/jinnys-hair-jewelry-hiustimantti-kirkas-96-kpl\/","title":{"rendered":"Jinnys Hair Jewelry hair diamond, clear, 96 pieces"},"content":{"rendered":"<p>Fixing your hair has never been so easy! Cut the desired number of diamonds from the foil in strips, place the diamonds in the section of hair of your choice and secure by pressing with a straightener for about 3-5 seconds. Note! Start with a lower heat and increase the heat if necessary until the diamond is attached to the hair. Then remove the clear film from the diamonds.<\/p>\n<p>One package contains 96 individual diamonds. Colour: clear.<\/p>\n<p>Extraction:<br \/>\nRemove the diamonds from the hair with an alcohol-based product such as SN Hair Locs Remover Spray or by pressing the diamonds with a warm iron to melt the glue and comb the diamonds out, starting at the crown.<\/p>","protected":false},"excerpt":{"rendered":"<p>Hiustimanttien kiinnitys hiuksiin ei ole koskaan ollut n\u00e4in helppoa! Leikkaa kalvosta haluamasi m\u00e4\u00e4r\u00e4 timantteja liuskana, aseta timantit valitsemaasi hiusosioon ja&hellip;<\/p>","protected":false},"featured_media":26309,"comment_status":"closed","ping_status":"closed","template":"","meta":{"_relevanssi_hide_post":"","_relevanssi_pin_for_all":"","_relevanssi_pin_keywords":"","_relevanssi_unpin_keywords":"","_relevanssi_related_keywords":"","_relevanssi_related_include_ids":"","_relevanssi_related_exclude_ids":"","_relevanssi_related_no_append":"","_relevanssi_related_not_related":"","_relevanssi_related_posts":"","_relevanssi_noindex_reason":""},"product_cat":[1901,1909],"product_tag":[],"class_list":["post-26308","product","type-product","status-publish","has-post-thumbnail","hentry","product_cat-outlet","product_cat-tarvikkeet-outlet","tuotemerkki-kinnunen"],"tuotemerkit":[{"term_id":177,"name":"Kinnunen","slug":"kinnunen","term_group":0,"term_taxonomy_id":177,"taxonomy":"tuotemerkki","description":"","parent":0,"count":90,"filter":"raw"}],"acf":[],"yoast_head":"<!-- This site is optimized with the Yoast SEO plugin v23.3 - https:\/\/yoast.com\/wordpress\/plugins\/seo\/ -->\n<title>Jinnys Hair Jewelry hiustimantti, kirkas, 96 kpl - Kinnunen<\/title>\n<meta name=\"robots\" content=\"index, follow, max-snippet:-1, max-image-preview:large, max-video-preview:-1\" \/>\n<link rel=\"canonical\" href=\"https:\/\/kinnunen.fi\/en\/product\/jinnys-hair-jewelry-hiustimantti-kirkas-96-kpl\/\" \/>\n<meta property=\"og:locale\" content=\"en_GB\" \/>\n<meta property=\"og:type\" content=\"article\" \/>\n<meta property=\"og:title\" content=\"Jinnys Hair Jewelry hiustimantti, kirkas, 96 kpl - Kinnunen\" \/>\n<meta property=\"og:description\" content=\"Hiustimanttien kiinnitys hiuksiin ei ole koskaan ollut n\u00e4in helppoa! Leikkaa kalvosta haluamasi m\u00e4\u00e4r\u00e4 timantteja liuskana, aseta timantit valitsemaasi hiusosioon ja&hellip;\" \/>\n<meta property=\"og:url\" content=\"https:\/\/kinnunen.fi\/en\/product\/jinnys-hair-jewelry-hiustimantti-kirkas-96-kpl\/\" \/>\n<meta property=\"og:site_name\" content=\"Kinnunen\" \/>\n<meta property=\"article:modified_time\" content=\"2026-05-02T01:00:07+00:00\" \/>\n<meta property=\"og:image\" content=\"https:\/\/kinnunen.fi\/wp-content\/uploads\/2022\/10\/15893.jpg\" \/>\n\t<meta property=\"og:image:width\" content=\"325\" \/>\n\t<meta property=\"og:image:height\" content=\"420\" \/>\n\t<meta property=\"og:image:type\" content=\"image\/jpeg\" \/>\n<meta name=\"twitter:card\" content=\"summary_large_image\" \/>\n<meta name=\"twitter:label1\" content=\"Estimated reading time\" \/>\n\t<meta name=\"twitter:data1\" content=\"1 minute\" \/>\n<script type=\"application\/ld+json\" class=\"yoast-schema-graph\">{\"@context\":\"https:\/\/schema.org\",\"@graph\":[{\"@type\":\"WebPage\",\"@id\":\"https:\/\/kinnunen.fi\/tuote\/jinnys-hair-jewelry-hiustimantti-kirkas-96-kpl\/\",\"url\":\"https:\/\/kinnunen.fi\/tuote\/jinnys-hair-jewelry-hiustimantti-kirkas-96-kpl\/\",\"name\":\"Jinnys Hair Jewelry hiustimantti, kirkas, 96 kpl - Kinnunen\",\"isPartOf\":{\"@id\":\"https:\/\/kinnunen.fi\/#website\"},\"primaryImageOfPage\":{\"@id\":\"https:\/\/kinnunen.fi\/tuote\/jinnys-hair-jewelry-hiustimantti-kirkas-96-kpl\/#primaryimage\"},\"image\":{\"@id\":\"https:\/\/kinnunen.fi\/tuote\/jinnys-hair-jewelry-hiustimantti-kirkas-96-kpl\/#primaryimage\"},\"thumbnailUrl\":\"https:\/\/kinnunen.fi\/wp-content\/uploads\/2022\/10\/15893.jpg\",\"datePublished\":\"2022-10-25T12:23:46+00:00\",\"dateModified\":\"2026-05-02T01:00:07+00:00\",\"breadcrumb\":{\"@id\":\"https:\/\/kinnunen.fi\/tuote\/jinnys-hair-jewelry-hiustimantti-kirkas-96-kpl\/#breadcrumb\"},\"inLanguage\":\"en-GB\",\"potentialAction\":[{\"@type\":\"ReadAction\",\"target\":[\"https:\/\/kinnunen.fi\/tuote\/jinnys-hair-jewelry-hiustimantti-kirkas-96-kpl\/\"]}]},{\"@type\":\"ImageObject\",\"inLanguage\":\"en-GB\",\"@id\":\"https:\/\/kinnunen.fi\/tuote\/jinnys-hair-jewelry-hiustimantti-kirkas-96-kpl\/#primaryimage\",\"url\":\"https:\/\/kinnunen.fi\/wp-content\/uploads\/2022\/10\/15893.jpg\",\"contentUrl\":\"https:\/\/kinnunen.fi\/wp-content\/uploads\/2022\/10\/15893.jpg\",\"width\":325,\"height\":420},{\"@type\":\"BreadcrumbList\",\"@id\":\"https:\/\/kinnunen.fi\/tuote\/jinnys-hair-jewelry-hiustimantti-kirkas-96-kpl\/#breadcrumb\",\"itemListElement\":[{\"@type\":\"ListItem\",\"position\":1,\"name\":\"Etusivu\",\"item\":\"https:\/\/kinnunen.fi\/\"},{\"@type\":\"ListItem\",\"position\":2,\"name\":\"Kaikki tuotteet\",\"item\":\"https:\/\/kinnunen.fi\/kauppa\/\"},{\"@type\":\"ListItem\",\"position\":3,\"name\":\"Outlet\",\"item\":\"https:\/\/kinnunen.fi\/tuote-osasto\/outlet\/\"},{\"@type\":\"ListItem\",\"position\":4,\"name\":\"Jinnys Hair Jewelry hiustimantti, kirkas, 96 kpl\"}]},{\"@type\":\"WebSite\",\"@id\":\"https:\/\/kinnunen.fi\/#website\",\"url\":\"https:\/\/kinnunen.fi\/\",\"name\":\"Kinnunen\",\"description\":\"\",\"potentialAction\":[{\"@type\":\"SearchAction\",\"target\":{\"@type\":\"EntryPoint\",\"urlTemplate\":\"https:\/\/kinnunen.fi\/?s={search_term_string}\"},\"query-input\":\"required name=search_term_string\"}],\"inLanguage\":\"en-GB\"}]}<\/script>\n<!-- \/ Yoast SEO plugin. -->","yoast_head_json":{"title":"Jinnys Hair Jewelry hiustimantti, kirkas, 96 kpl - Kinnunen","robots":{"index":"index","follow":"follow","max-snippet":"max-snippet:-1","max-image-preview":"max-image-preview:large","max-video-preview":"max-video-preview:-1"},"canonical":"https:\/\/kinnunen.fi\/en\/product\/jinnys-hair-jewelry-hiustimantti-kirkas-96-kpl\/","og_locale":"en_GB","og_type":"article","og_title":"Jinnys Hair Jewelry hiustimantti, kirkas, 96 kpl - Kinnunen","og_description":"Hiustimanttien kiinnitys hiuksiin ei ole koskaan ollut n\u00e4in helppoa! Leikkaa kalvosta haluamasi m\u00e4\u00e4r\u00e4 timantteja liuskana, aseta timantit valitsemaasi hiusosioon ja&hellip;","og_url":"https:\/\/kinnunen.fi\/en\/product\/jinnys-hair-jewelry-hiustimantti-kirkas-96-kpl\/","og_site_name":"Kinnunen","article_modified_time":"2026-05-02T01:00:07+00:00","og_image":[{"width":325,"height":420,"url":"https:\/\/kinnunen.fi\/wp-content\/uploads\/2022\/10\/15893.jpg","type":"image\/jpeg"}],"twitter_card":"summary_large_image","twitter_misc":{"Estimated reading time":"1 minute"},"schema":{"@context":"https:\/\/schema.org","@graph":[{"@type":"WebPage","@id":"https:\/\/kinnunen.fi\/tuote\/jinnys-hair-jewelry-hiustimantti-kirkas-96-kpl\/","url":"https:\/\/kinnunen.fi\/tuote\/jinnys-hair-jewelry-hiustimantti-kirkas-96-kpl\/","name":"Jinnys Hair Jewelry hiustimantti, kirkas, 96 kpl - Kinnunen","isPartOf":{"@id":"https:\/\/kinnunen.fi\/#website"},"primaryImageOfPage":{"@id":"https:\/\/kinnunen.fi\/tuote\/jinnys-hair-jewelry-hiustimantti-kirkas-96-kpl\/#primaryimage"},"image":{"@id":"https:\/\/kinnunen.fi\/tuote\/jinnys-hair-jewelry-hiustimantti-kirkas-96-kpl\/#primaryimage"},"thumbnailUrl":"https:\/\/kinnunen.fi\/wp-content\/uploads\/2022\/10\/15893.jpg","datePublished":"2022-10-25T12:23:46+00:00","dateModified":"2026-05-02T01:00:07+00:00","breadcrumb":{"@id":"https:\/\/kinnunen.fi\/tuote\/jinnys-hair-jewelry-hiustimantti-kirkas-96-kpl\/#breadcrumb"},"inLanguage":"en-GB","potentialAction":[{"@type":"ReadAction","target":["https:\/\/kinnunen.fi\/tuote\/jinnys-hair-jewelry-hiustimantti-kirkas-96-kpl\/"]}]},{"@type":"ImageObject","inLanguage":"en-GB","@id":"https:\/\/kinnunen.fi\/tuote\/jinnys-hair-jewelry-hiustimantti-kirkas-96-kpl\/#primaryimage","url":"https:\/\/kinnunen.fi\/wp-content\/uploads\/2022\/10\/15893.jpg","contentUrl":"https:\/\/kinnunen.fi\/wp-content\/uploads\/2022\/10\/15893.jpg","width":325,"height":420},{"@type":"BreadcrumbList","@id":"https:\/\/kinnunen.fi\/tuote\/jinnys-hair-jewelry-hiustimantti-kirkas-96-kpl\/#breadcrumb","itemListElement":[{"@type":"ListItem","position":1,"name":"Etusivu","item":"https:\/\/kinnunen.fi\/"},{"@type":"ListItem","position":2,"name":"Kaikki tuotteet","item":"https:\/\/kinnunen.fi\/kauppa\/"},{"@type":"ListItem","position":3,"name":"Outlet","item":"https:\/\/kinnunen.fi\/tuote-osasto\/outlet\/"},{"@type":"ListItem","position":4,"name":"Jinnys Hair Jewelry hiustimantti, kirkas, 96 kpl"}]},{"@type":"WebSite","@id":"https:\/\/kinnunen.fi\/#website","url":"https:\/\/kinnunen.fi\/","name":"Kinnunen","description":"","potentialAction":[{"@type":"SearchAction","target":{"@type":"EntryPoint","urlTemplate":"https:\/\/kinnunen.fi\/?s={search_term_string}"},"query-input":"required name=search_term_string"}],"inLanguage":"en-GB"}]}},"_links":{"self":[{"href":"https:\/\/kinnunen.fi\/en\/wp-json\/wp\/v2\/product\/26308"}],"collection":[{"href":"https:\/\/kinnunen.fi\/en\/wp-json\/wp\/v2\/product"}],"about":[{"href":"https:\/\/kinnunen.fi\/en\/wp-json\/wp\/v2\/types\/product"}],"replies":[{"embeddable":true,"href":"https:\/\/kinnunen.fi\/en\/wp-json\/wp\/v2\/comments?post=26308"}],"wp:featuredmedia":[{"embeddable":true,"href":"https:\/\/kinnunen.fi\/en\/wp-json\/wp\/v2\/media\/26309"}],"wp:attachment":[{"href":"https:\/\/kinnunen.fi\/en\/wp-json\/wp\/v2\/media?parent=26308"}],"wp:term":[{"taxonomy":"product_cat","embeddable":true,"href":"https:\/\/kinnunen.fi\/en\/wp-json\/wp\/v2\/product_cat?post=26308"},{"taxonomy":"product_tag","embeddable":true,"href":"https:\/\/kinnunen.fi\/en\/wp-json\/wp\/v2\/product_tag?post=26308"}],"curies":[{"name":"wp","href":"https:\/\/api.w.org\/{rel}","templated":true}]}}