

{"id":26376,"date":"2022-11-03T11:09:46","date_gmt":"2022-11-03T09:09:46","guid":{"rendered":"https:\/\/kinnunen.fi\/?post_type=product&#038;p=26376"},"modified":"2026-04-29T04:00:36","modified_gmt":"2026-04-29T01:00:36","slug":"y-s-park-neck-fitter-0-3mm-musta","status":"publish","type":"product","link":"https:\/\/kinnunen.fi\/en\/product\/y-s-park-neck-fitter-0-3mm-musta\/","title":{"rendered":"Y.S.Park Neck Fitter 0.3mm, black"},"content":{"rendered":"<p>By far the best cut protection on the market! Made from 100 % natural rubber, it is extremely flexible, durable and comfortable against the skin. When used correctly, the Neck Fitter fits so perfectly that it protects your clothes from even the smallest pieces of hair and water. Thanks to its elasticity, Neck Fitter is comfortable against the skin and does not leave unpleasant marks on the skin. Thanks to its coating, the product allows hair pieces to slide off its surface without any effort and the scissors' blades do not stick to the surface when they hit it.<\/p>","protected":false},"excerpt":{"rendered":"<p>Markkinoiden ehdottomasti paras leikkaussuoja! Se on valmistettu 100 % luonnonkumista ja t\u00e4m\u00e4n ansiosta se on \u00e4\u00e4rimm\u00e4isen joustava, kest\u00e4v\u00e4 sek\u00e4 miellytt\u00e4v\u00e4&hellip;<\/p>","protected":false},"featured_media":26377,"comment_status":"closed","ping_status":"closed","template":"","meta":{"_relevanssi_hide_post":"","_relevanssi_pin_for_all":"","_relevanssi_pin_keywords":"","_relevanssi_unpin_keywords":"","_relevanssi_related_keywords":"","_relevanssi_related_include_ids":"","_relevanssi_related_exclude_ids":"","_relevanssi_related_no_append":"","_relevanssi_related_not_related":"","_relevanssi_related_posts":"","_relevanssi_noindex_reason":""},"product_cat":[1797,1805],"product_tag":[],"class_list":["post-26376","product","type-product","status-publish","has-post-thumbnail","hentry","product_cat-kapat-ja-essut","product_cat-leikkaussuojat-ja-painot","tuotemerkki-y-s-park"],"tuotemerkit":[{"term_id":193,"name":"Y.S.Park","slug":"y-s-park","term_group":0,"term_taxonomy_id":193,"taxonomy":"tuotemerkki","description":"","parent":0,"count":61,"filter":"raw"}],"acf":[],"yoast_head":"<!-- This site is optimized with the Yoast SEO plugin v23.3 - https:\/\/yoast.com\/wordpress\/plugins\/seo\/ -->\n<title>Y.S.Park Neck Fitter 0.3mm, musta - Kinnunen<\/title>\n<meta name=\"robots\" content=\"index, follow, max-snippet:-1, max-image-preview:large, max-video-preview:-1\" \/>\n<link rel=\"canonical\" href=\"https:\/\/kinnunen.fi\/en\/product\/y-s-park-neck-fitter-0-3mm-musta\/\" \/>\n<meta property=\"og:locale\" content=\"en_GB\" \/>\n<meta property=\"og:type\" content=\"article\" \/>\n<meta property=\"og:title\" content=\"Y.S.Park Neck Fitter 0.3mm, musta - Kinnunen\" \/>\n<meta property=\"og:description\" content=\"Markkinoiden ehdottomasti paras leikkaussuoja! Se on valmistettu 100 % luonnonkumista ja t\u00e4m\u00e4n ansiosta se on \u00e4\u00e4rimm\u00e4isen joustava, kest\u00e4v\u00e4 sek\u00e4 miellytt\u00e4v\u00e4&hellip;\" \/>\n<meta property=\"og:url\" content=\"https:\/\/kinnunen.fi\/en\/product\/y-s-park-neck-fitter-0-3mm-musta\/\" \/>\n<meta property=\"og:site_name\" content=\"Kinnunen\" \/>\n<meta property=\"article:modified_time\" content=\"2026-04-29T01:00:36+00:00\" \/>\n<meta property=\"og:image\" content=\"https:\/\/kinnunen.fi\/wp-content\/uploads\/2022\/11\/ysneckfitter03.jpg\" \/>\n\t<meta property=\"og:image:width\" content=\"800\" \/>\n\t<meta property=\"og:image:height\" content=\"1000\" \/>\n\t<meta property=\"og:image:type\" content=\"image\/jpeg\" \/>\n<meta name=\"twitter:card\" content=\"summary_large_image\" \/>\n<meta name=\"twitter:label1\" content=\"Estimated reading time\" \/>\n\t<meta name=\"twitter:data1\" content=\"1 minute\" \/>\n<script type=\"application\/ld+json\" class=\"yoast-schema-graph\">{\"@context\":\"https:\/\/schema.org\",\"@graph\":[{\"@type\":\"WebPage\",\"@id\":\"https:\/\/kinnunen.fi\/tuote\/y-s-park-neck-fitter-0-3mm-musta\/\",\"url\":\"https:\/\/kinnunen.fi\/tuote\/y-s-park-neck-fitter-0-3mm-musta\/\",\"name\":\"Y.S.Park Neck Fitter 0.3mm, musta - Kinnunen\",\"isPartOf\":{\"@id\":\"https:\/\/kinnunen.fi\/#website\"},\"primaryImageOfPage\":{\"@id\":\"https:\/\/kinnunen.fi\/tuote\/y-s-park-neck-fitter-0-3mm-musta\/#primaryimage\"},\"image\":{\"@id\":\"https:\/\/kinnunen.fi\/tuote\/y-s-park-neck-fitter-0-3mm-musta\/#primaryimage\"},\"thumbnailUrl\":\"https:\/\/kinnunen.fi\/wp-content\/uploads\/2022\/11\/ysneckfitter03.jpg\",\"datePublished\":\"2022-11-03T09:09:46+00:00\",\"dateModified\":\"2026-04-29T01:00:36+00:00\",\"breadcrumb\":{\"@id\":\"https:\/\/kinnunen.fi\/tuote\/y-s-park-neck-fitter-0-3mm-musta\/#breadcrumb\"},\"inLanguage\":\"en-GB\",\"potentialAction\":[{\"@type\":\"ReadAction\",\"target\":[\"https:\/\/kinnunen.fi\/tuote\/y-s-park-neck-fitter-0-3mm-musta\/\"]}]},{\"@type\":\"ImageObject\",\"inLanguage\":\"en-GB\",\"@id\":\"https:\/\/kinnunen.fi\/tuote\/y-s-park-neck-fitter-0-3mm-musta\/#primaryimage\",\"url\":\"https:\/\/kinnunen.fi\/wp-content\/uploads\/2022\/11\/ysneckfitter03.jpg\",\"contentUrl\":\"https:\/\/kinnunen.fi\/wp-content\/uploads\/2022\/11\/ysneckfitter03.jpg\",\"width\":800,\"height\":1000},{\"@type\":\"BreadcrumbList\",\"@id\":\"https:\/\/kinnunen.fi\/tuote\/y-s-park-neck-fitter-0-3mm-musta\/#breadcrumb\",\"itemListElement\":[{\"@type\":\"ListItem\",\"position\":1,\"name\":\"Etusivu\",\"item\":\"https:\/\/kinnunen.fi\/\"},{\"@type\":\"ListItem\",\"position\":2,\"name\":\"Kaikki tuotteet\",\"item\":\"https:\/\/kinnunen.fi\/kauppa\/\"},{\"@type\":\"ListItem\",\"position\":3,\"name\":\"Tarvikkeet\",\"item\":\"https:\/\/kinnunen.fi\/tuote-osasto\/tarvikkeet\/\"},{\"@type\":\"ListItem\",\"position\":4,\"name\":\"Kapat ja essut\",\"item\":\"https:\/\/kinnunen.fi\/tuote-osasto\/tarvikkeet\/kapat-ja-essut\/\"},{\"@type\":\"ListItem\",\"position\":5,\"name\":\"Leikkaussuojat -ja painot\",\"item\":\"https:\/\/kinnunen.fi\/tuote-osasto\/tarvikkeet\/kapat-ja-essut\/leikkaussuojat-ja-painot\/\"},{\"@type\":\"ListItem\",\"position\":6,\"name\":\"Y.S.Park Neck Fitter 0.3mm, musta\"}]},{\"@type\":\"WebSite\",\"@id\":\"https:\/\/kinnunen.fi\/#website\",\"url\":\"https:\/\/kinnunen.fi\/\",\"name\":\"Kinnunen\",\"description\":\"\",\"potentialAction\":[{\"@type\":\"SearchAction\",\"target\":{\"@type\":\"EntryPoint\",\"urlTemplate\":\"https:\/\/kinnunen.fi\/?s={search_term_string}\"},\"query-input\":\"required name=search_term_string\"}],\"inLanguage\":\"en-GB\"}]}<\/script>\n<!-- \/ Yoast SEO plugin. -->","yoast_head_json":{"title":"Y.S.Park Neck Fitter 0.3mm, musta - Kinnunen","robots":{"index":"index","follow":"follow","max-snippet":"max-snippet:-1","max-image-preview":"max-image-preview:large","max-video-preview":"max-video-preview:-1"},"canonical":"https:\/\/kinnunen.fi\/en\/product\/y-s-park-neck-fitter-0-3mm-musta\/","og_locale":"en_GB","og_type":"article","og_title":"Y.S.Park Neck Fitter 0.3mm, musta - Kinnunen","og_description":"Markkinoiden ehdottomasti paras leikkaussuoja! Se on valmistettu 100 % luonnonkumista ja t\u00e4m\u00e4n ansiosta se on \u00e4\u00e4rimm\u00e4isen joustava, kest\u00e4v\u00e4 sek\u00e4 miellytt\u00e4v\u00e4&hellip;","og_url":"https:\/\/kinnunen.fi\/en\/product\/y-s-park-neck-fitter-0-3mm-musta\/","og_site_name":"Kinnunen","article_modified_time":"2026-04-29T01:00:36+00:00","og_image":[{"width":800,"height":1000,"url":"https:\/\/kinnunen.fi\/wp-content\/uploads\/2022\/11\/ysneckfitter03.jpg","type":"image\/jpeg"}],"twitter_card":"summary_large_image","twitter_misc":{"Estimated reading time":"1 minute"},"schema":{"@context":"https:\/\/schema.org","@graph":[{"@type":"WebPage","@id":"https:\/\/kinnunen.fi\/tuote\/y-s-park-neck-fitter-0-3mm-musta\/","url":"https:\/\/kinnunen.fi\/tuote\/y-s-park-neck-fitter-0-3mm-musta\/","name":"Y.S.Park Neck Fitter 0.3mm, musta - Kinnunen","isPartOf":{"@id":"https:\/\/kinnunen.fi\/#website"},"primaryImageOfPage":{"@id":"https:\/\/kinnunen.fi\/tuote\/y-s-park-neck-fitter-0-3mm-musta\/#primaryimage"},"image":{"@id":"https:\/\/kinnunen.fi\/tuote\/y-s-park-neck-fitter-0-3mm-musta\/#primaryimage"},"thumbnailUrl":"https:\/\/kinnunen.fi\/wp-content\/uploads\/2022\/11\/ysneckfitter03.jpg","datePublished":"2022-11-03T09:09:46+00:00","dateModified":"2026-04-29T01:00:36+00:00","breadcrumb":{"@id":"https:\/\/kinnunen.fi\/tuote\/y-s-park-neck-fitter-0-3mm-musta\/#breadcrumb"},"inLanguage":"en-GB","potentialAction":[{"@type":"ReadAction","target":["https:\/\/kinnunen.fi\/tuote\/y-s-park-neck-fitter-0-3mm-musta\/"]}]},{"@type":"ImageObject","inLanguage":"en-GB","@id":"https:\/\/kinnunen.fi\/tuote\/y-s-park-neck-fitter-0-3mm-musta\/#primaryimage","url":"https:\/\/kinnunen.fi\/wp-content\/uploads\/2022\/11\/ysneckfitter03.jpg","contentUrl":"https:\/\/kinnunen.fi\/wp-content\/uploads\/2022\/11\/ysneckfitter03.jpg","width":800,"height":1000},{"@type":"BreadcrumbList","@id":"https:\/\/kinnunen.fi\/tuote\/y-s-park-neck-fitter-0-3mm-musta\/#breadcrumb","itemListElement":[{"@type":"ListItem","position":1,"name":"Etusivu","item":"https:\/\/kinnunen.fi\/"},{"@type":"ListItem","position":2,"name":"Kaikki tuotteet","item":"https:\/\/kinnunen.fi\/kauppa\/"},{"@type":"ListItem","position":3,"name":"Tarvikkeet","item":"https:\/\/kinnunen.fi\/tuote-osasto\/tarvikkeet\/"},{"@type":"ListItem","position":4,"name":"Kapat ja essut","item":"https:\/\/kinnunen.fi\/tuote-osasto\/tarvikkeet\/kapat-ja-essut\/"},{"@type":"ListItem","position":5,"name":"Leikkaussuojat -ja painot","item":"https:\/\/kinnunen.fi\/tuote-osasto\/tarvikkeet\/kapat-ja-essut\/leikkaussuojat-ja-painot\/"},{"@type":"ListItem","position":6,"name":"Y.S.Park Neck Fitter 0.3mm, musta"}]},{"@type":"WebSite","@id":"https:\/\/kinnunen.fi\/#website","url":"https:\/\/kinnunen.fi\/","name":"Kinnunen","description":"","potentialAction":[{"@type":"SearchAction","target":{"@type":"EntryPoint","urlTemplate":"https:\/\/kinnunen.fi\/?s={search_term_string}"},"query-input":"required name=search_term_string"}],"inLanguage":"en-GB"}]}},"_links":{"self":[{"href":"https:\/\/kinnunen.fi\/en\/wp-json\/wp\/v2\/product\/26376"}],"collection":[{"href":"https:\/\/kinnunen.fi\/en\/wp-json\/wp\/v2\/product"}],"about":[{"href":"https:\/\/kinnunen.fi\/en\/wp-json\/wp\/v2\/types\/product"}],"replies":[{"embeddable":true,"href":"https:\/\/kinnunen.fi\/en\/wp-json\/wp\/v2\/comments?post=26376"}],"wp:featuredmedia":[{"embeddable":true,"href":"https:\/\/kinnunen.fi\/en\/wp-json\/wp\/v2\/media\/26377"}],"wp:attachment":[{"href":"https:\/\/kinnunen.fi\/en\/wp-json\/wp\/v2\/media?parent=26376"}],"wp:term":[{"taxonomy":"product_cat","embeddable":true,"href":"https:\/\/kinnunen.fi\/en\/wp-json\/wp\/v2\/product_cat?post=26376"},{"taxonomy":"product_tag","embeddable":true,"href":"https:\/\/kinnunen.fi\/en\/wp-json\/wp\/v2\/product_tag?post=26376"}],"curies":[{"name":"wp","href":"https:\/\/api.w.org\/{rel}","templated":true}]}}