

{"id":26954,"date":"2023-01-25T15:58:57","date_gmt":"2023-01-25T13:58:57","guid":{"rendered":"https:\/\/kinnunen.fi\/?post_type=product&#038;p=26954"},"modified":"2026-04-30T16:39:06","modified_gmt":"2026-04-30T13:39:06","slug":"haircamouflage-hair-trimmer-rajaaja","status":"publish","type":"product","link":"https:\/\/kinnunen.fi\/en\/product\/haircamouflage-hair-trimmer-rajaaja\/","title":{"rendered":"HairCamouflage Hair Trimmer"},"content":{"rendered":"<p>Very precise (cutting length only 0.2 mm) for hair and beard. Thanks to the titanium-coated T-blade, the result is always neat and precise. Operating time up to 60 minutes and the machine can also be used with a cord if required. The machine comes with 4 cutting blades (3 mm, 6 mm, 9 mm and 12 mm), oil, charging cord and cleaning brush. Trimmer weight 156g. Warranty 24 months.<\/p>","protected":false},"excerpt":{"rendered":"<p>Eritt\u00e4in tarkka (leikkauspituus vain 0,2 mm) rajaaja hiuksille sek\u00e4 parralle. Titaanipinnoitteisen T-ter\u00e4n ansiosta lopputulos on aina siisti sek\u00e4 tarkka. K\u00e4ytt\u00f6aika&hellip;<\/p>","protected":false},"featured_media":32086,"comment_status":"closed","ping_status":"closed","template":"","meta":{"_relevanssi_hide_post":"","_relevanssi_pin_for_all":"","_relevanssi_pin_keywords":"","_relevanssi_unpin_keywords":"","_relevanssi_related_keywords":"","_relevanssi_related_include_ids":"","_relevanssi_related_exclude_ids":"","_relevanssi_related_no_append":"","_relevanssi_related_not_related":"","_relevanssi_related_posts":"","_relevanssi_noindex_reason":""},"product_cat":[1774,1776],"product_tag":[],"class_list":["post-26954","product","type-product","status-publish","has-post-thumbnail","hentry","product_cat-koneet-ja-laitteet","product_cat-rajaajat","tuotemerkki-haircamouflage"],"tuotemerkit":[{"term_id":157,"name":"HairCamouflage","slug":"haircamouflage","term_group":0,"term_taxonomy_id":157,"taxonomy":"tuotemerkki","description":"","parent":0,"count":31,"filter":"raw"}],"acf":[],"yoast_head":"<!-- This site is optimized with the Yoast SEO plugin v23.3 - https:\/\/yoast.com\/wordpress\/plugins\/seo\/ -->\n<title>HairCamouflage Hair Trimmer -rajaaja - Kinnunen<\/title>\n<meta name=\"robots\" content=\"index, follow, max-snippet:-1, max-image-preview:large, max-video-preview:-1\" \/>\n<link rel=\"canonical\" href=\"https:\/\/kinnunen.fi\/en\/product\/haircamouflage-hair-trimmer-rajaaja\/\" \/>\n<meta property=\"og:locale\" content=\"en_GB\" \/>\n<meta property=\"og:type\" content=\"article\" \/>\n<meta property=\"og:title\" content=\"HairCamouflage Hair Trimmer -rajaaja - Kinnunen\" \/>\n<meta property=\"og:description\" content=\"Eritt\u00e4in tarkka (leikkauspituus vain 0,2 mm) rajaaja hiuksille sek\u00e4 parralle. Titaanipinnoitteisen T-ter\u00e4n ansiosta lopputulos on aina siisti sek\u00e4 tarkka. K\u00e4ytt\u00f6aika&hellip;\" \/>\n<meta property=\"og:url\" content=\"https:\/\/kinnunen.fi\/en\/product\/haircamouflage-hair-trimmer-rajaaja\/\" \/>\n<meta property=\"og:site_name\" content=\"Kinnunen\" \/>\n<meta property=\"article:modified_time\" content=\"2026-04-30T13:39:06+00:00\" \/>\n<meta property=\"og:image\" content=\"https:\/\/kinnunen.fi\/wp-content\/uploads\/2023\/01\/Haircamouflage_hairtrimmer_box.jpg\" \/>\n\t<meta property=\"og:image:width\" content=\"1000\" \/>\n\t<meta property=\"og:image:height\" content=\"1000\" \/>\n\t<meta property=\"og:image:type\" content=\"image\/jpeg\" \/>\n<meta name=\"twitter:card\" content=\"summary_large_image\" \/>\n<meta name=\"twitter:label1\" content=\"Estimated reading time\" \/>\n\t<meta name=\"twitter:data1\" content=\"1 minute\" \/>\n<script type=\"application\/ld+json\" class=\"yoast-schema-graph\">{\"@context\":\"https:\/\/schema.org\",\"@graph\":[{\"@type\":\"WebPage\",\"@id\":\"https:\/\/kinnunen.fi\/tuote\/haircamouflage-hair-trimmer-rajaaja\/\",\"url\":\"https:\/\/kinnunen.fi\/tuote\/haircamouflage-hair-trimmer-rajaaja\/\",\"name\":\"HairCamouflage Hair Trimmer -rajaaja - Kinnunen\",\"isPartOf\":{\"@id\":\"https:\/\/kinnunen.fi\/#website\"},\"primaryImageOfPage\":{\"@id\":\"https:\/\/kinnunen.fi\/tuote\/haircamouflage-hair-trimmer-rajaaja\/#primaryimage\"},\"image\":{\"@id\":\"https:\/\/kinnunen.fi\/tuote\/haircamouflage-hair-trimmer-rajaaja\/#primaryimage\"},\"thumbnailUrl\":\"https:\/\/kinnunen.fi\/wp-content\/uploads\/2023\/01\/Haircamouflage_hairtrimmer_box.jpg\",\"datePublished\":\"2023-01-25T13:58:57+00:00\",\"dateModified\":\"2026-04-30T13:39:06+00:00\",\"breadcrumb\":{\"@id\":\"https:\/\/kinnunen.fi\/tuote\/haircamouflage-hair-trimmer-rajaaja\/#breadcrumb\"},\"inLanguage\":\"en-GB\",\"potentialAction\":[{\"@type\":\"ReadAction\",\"target\":[\"https:\/\/kinnunen.fi\/tuote\/haircamouflage-hair-trimmer-rajaaja\/\"]}]},{\"@type\":\"ImageObject\",\"inLanguage\":\"en-GB\",\"@id\":\"https:\/\/kinnunen.fi\/tuote\/haircamouflage-hair-trimmer-rajaaja\/#primaryimage\",\"url\":\"https:\/\/kinnunen.fi\/wp-content\/uploads\/2023\/01\/Haircamouflage_hairtrimmer_box.jpg\",\"contentUrl\":\"https:\/\/kinnunen.fi\/wp-content\/uploads\/2023\/01\/Haircamouflage_hairtrimmer_box.jpg\",\"width\":1000,\"height\":1000},{\"@type\":\"BreadcrumbList\",\"@id\":\"https:\/\/kinnunen.fi\/tuote\/haircamouflage-hair-trimmer-rajaaja\/#breadcrumb\",\"itemListElement\":[{\"@type\":\"ListItem\",\"position\":1,\"name\":\"Etusivu\",\"item\":\"https:\/\/kinnunen.fi\/\"},{\"@type\":\"ListItem\",\"position\":2,\"name\":\"Kaikki tuotteet\",\"item\":\"https:\/\/kinnunen.fi\/kauppa\/\"},{\"@type\":\"ListItem\",\"position\":3,\"name\":\"Koneet ja s\u00e4hk\u00f6laitteet\",\"item\":\"https:\/\/kinnunen.fi\/tuote-osasto\/koneet-ja-laitteet\/\"},{\"@type\":\"ListItem\",\"position\":4,\"name\":\"HairCamouflage Hair Trimmer -rajaaja\"}]},{\"@type\":\"WebSite\",\"@id\":\"https:\/\/kinnunen.fi\/#website\",\"url\":\"https:\/\/kinnunen.fi\/\",\"name\":\"Kinnunen\",\"description\":\"\",\"potentialAction\":[{\"@type\":\"SearchAction\",\"target\":{\"@type\":\"EntryPoint\",\"urlTemplate\":\"https:\/\/kinnunen.fi\/?s={search_term_string}\"},\"query-input\":\"required name=search_term_string\"}],\"inLanguage\":\"en-GB\"}]}<\/script>\n<!-- \/ Yoast SEO plugin. -->","yoast_head_json":{"title":"HairCamouflage Hair Trimmer -rajaaja - Kinnunen","robots":{"index":"index","follow":"follow","max-snippet":"max-snippet:-1","max-image-preview":"max-image-preview:large","max-video-preview":"max-video-preview:-1"},"canonical":"https:\/\/kinnunen.fi\/en\/product\/haircamouflage-hair-trimmer-rajaaja\/","og_locale":"en_GB","og_type":"article","og_title":"HairCamouflage Hair Trimmer -rajaaja - Kinnunen","og_description":"Eritt\u00e4in tarkka (leikkauspituus vain 0,2 mm) rajaaja hiuksille sek\u00e4 parralle. Titaanipinnoitteisen T-ter\u00e4n ansiosta lopputulos on aina siisti sek\u00e4 tarkka. K\u00e4ytt\u00f6aika&hellip;","og_url":"https:\/\/kinnunen.fi\/en\/product\/haircamouflage-hair-trimmer-rajaaja\/","og_site_name":"Kinnunen","article_modified_time":"2026-04-30T13:39:06+00:00","og_image":[{"width":1000,"height":1000,"url":"https:\/\/kinnunen.fi\/wp-content\/uploads\/2023\/01\/Haircamouflage_hairtrimmer_box.jpg","type":"image\/jpeg"}],"twitter_card":"summary_large_image","twitter_misc":{"Estimated reading time":"1 minute"},"schema":{"@context":"https:\/\/schema.org","@graph":[{"@type":"WebPage","@id":"https:\/\/kinnunen.fi\/tuote\/haircamouflage-hair-trimmer-rajaaja\/","url":"https:\/\/kinnunen.fi\/tuote\/haircamouflage-hair-trimmer-rajaaja\/","name":"HairCamouflage Hair Trimmer -rajaaja - Kinnunen","isPartOf":{"@id":"https:\/\/kinnunen.fi\/#website"},"primaryImageOfPage":{"@id":"https:\/\/kinnunen.fi\/tuote\/haircamouflage-hair-trimmer-rajaaja\/#primaryimage"},"image":{"@id":"https:\/\/kinnunen.fi\/tuote\/haircamouflage-hair-trimmer-rajaaja\/#primaryimage"},"thumbnailUrl":"https:\/\/kinnunen.fi\/wp-content\/uploads\/2023\/01\/Haircamouflage_hairtrimmer_box.jpg","datePublished":"2023-01-25T13:58:57+00:00","dateModified":"2026-04-30T13:39:06+00:00","breadcrumb":{"@id":"https:\/\/kinnunen.fi\/tuote\/haircamouflage-hair-trimmer-rajaaja\/#breadcrumb"},"inLanguage":"en-GB","potentialAction":[{"@type":"ReadAction","target":["https:\/\/kinnunen.fi\/tuote\/haircamouflage-hair-trimmer-rajaaja\/"]}]},{"@type":"ImageObject","inLanguage":"en-GB","@id":"https:\/\/kinnunen.fi\/tuote\/haircamouflage-hair-trimmer-rajaaja\/#primaryimage","url":"https:\/\/kinnunen.fi\/wp-content\/uploads\/2023\/01\/Haircamouflage_hairtrimmer_box.jpg","contentUrl":"https:\/\/kinnunen.fi\/wp-content\/uploads\/2023\/01\/Haircamouflage_hairtrimmer_box.jpg","width":1000,"height":1000},{"@type":"BreadcrumbList","@id":"https:\/\/kinnunen.fi\/tuote\/haircamouflage-hair-trimmer-rajaaja\/#breadcrumb","itemListElement":[{"@type":"ListItem","position":1,"name":"Etusivu","item":"https:\/\/kinnunen.fi\/"},{"@type":"ListItem","position":2,"name":"Kaikki tuotteet","item":"https:\/\/kinnunen.fi\/kauppa\/"},{"@type":"ListItem","position":3,"name":"Koneet ja s\u00e4hk\u00f6laitteet","item":"https:\/\/kinnunen.fi\/tuote-osasto\/koneet-ja-laitteet\/"},{"@type":"ListItem","position":4,"name":"HairCamouflage Hair Trimmer -rajaaja"}]},{"@type":"WebSite","@id":"https:\/\/kinnunen.fi\/#website","url":"https:\/\/kinnunen.fi\/","name":"Kinnunen","description":"","potentialAction":[{"@type":"SearchAction","target":{"@type":"EntryPoint","urlTemplate":"https:\/\/kinnunen.fi\/?s={search_term_string}"},"query-input":"required name=search_term_string"}],"inLanguage":"en-GB"}]}},"_links":{"self":[{"href":"https:\/\/kinnunen.fi\/en\/wp-json\/wp\/v2\/product\/26954"}],"collection":[{"href":"https:\/\/kinnunen.fi\/en\/wp-json\/wp\/v2\/product"}],"about":[{"href":"https:\/\/kinnunen.fi\/en\/wp-json\/wp\/v2\/types\/product"}],"replies":[{"embeddable":true,"href":"https:\/\/kinnunen.fi\/en\/wp-json\/wp\/v2\/comments?post=26954"}],"wp:featuredmedia":[{"embeddable":true,"href":"https:\/\/kinnunen.fi\/en\/wp-json\/wp\/v2\/media\/32086"}],"wp:attachment":[{"href":"https:\/\/kinnunen.fi\/en\/wp-json\/wp\/v2\/media?parent=26954"}],"wp:term":[{"taxonomy":"product_cat","embeddable":true,"href":"https:\/\/kinnunen.fi\/en\/wp-json\/wp\/v2\/product_cat?post=26954"},{"taxonomy":"product_tag","embeddable":true,"href":"https:\/\/kinnunen.fi\/en\/wp-json\/wp\/v2\/product_tag?post=26954"}],"curies":[{"name":"wp","href":"https:\/\/api.w.org\/{rel}","templated":true}]}}