

{"id":27252,"date":"2023-02-03T12:29:28","date_gmt":"2023-02-03T10:29:28","guid":{"rendered":"https:\/\/kinnunen.fi\/?post_type=product&#038;p=27252"},"modified":"2026-04-12T04:00:28","modified_gmt":"2026-04-12T01:00:28","slug":"moyra-nail-tip-natural-100kpl","status":"publish","type":"product","link":"https:\/\/kinnunen.fi\/en\/product\/moyra-nail-tip-natural-100kpl\/","title":{"rendered":"Moyra Nail Tip Natural, 100pcs"},"content":{"rendered":"<p>A fully adhesive drop with parallel edges and natural curvature. A multi-purpose tip designed for use on normal to flat and wide nails.<br \/>\nPackage size; 100pcs.<\/p>","protected":false},"excerpt":{"rendered":"<p>T\u00e4ysliimapintainen tippi, jossa on yhdensuuntaiset reunat ja luonnollinen kaarevuus. Monik\u00e4ytt\u00f6inen tippi, joka on suunniteltu k\u00e4ytett\u00e4v\u00e4ksi normaaleista litteille ja leveille kynsille.&hellip;<\/p>","protected":false},"featured_media":27230,"comment_status":"closed","ping_status":"closed","template":"","meta":{"_relevanssi_hide_post":"","_relevanssi_pin_for_all":"","_relevanssi_pin_keywords":"","_relevanssi_unpin_keywords":"","_relevanssi_related_keywords":"","_relevanssi_related_include_ids":"","_relevanssi_related_exclude_ids":"","_relevanssi_related_no_append":"","_relevanssi_related_not_related":"","_relevanssi_related_posts":"","_relevanssi_noindex_reason":""},"product_cat":[1865,1883],"product_tag":[],"class_list":["post-27252","product","type-product","status-publish","has-post-thumbnail","hentry","product_cat-kynnet-ja-kadet","product_cat-kynsitipit-ja-liimat","tuotemerkki-moyra"],"tuotemerkit":[{"term_id":1995,"name":"Moyra","slug":"moyra","term_group":0,"term_taxonomy_id":1995,"taxonomy":"tuotemerkki","description":"","parent":0,"count":60,"filter":"raw"}],"acf":[],"yoast_head":"<!-- This site is optimized with the Yoast SEO plugin v23.3 - https:\/\/yoast.com\/wordpress\/plugins\/seo\/ -->\n<title>Moyra Nail Tip Natural, 100kpl - Kinnunen<\/title>\n<meta name=\"robots\" content=\"index, follow, max-snippet:-1, max-image-preview:large, max-video-preview:-1\" \/>\n<link rel=\"canonical\" href=\"https:\/\/kinnunen.fi\/en\/product\/moyra-nail-tip-natural-100kpl\/\" \/>\n<meta property=\"og:locale\" content=\"en_GB\" \/>\n<meta property=\"og:type\" content=\"article\" \/>\n<meta property=\"og:title\" content=\"Moyra Nail Tip Natural, 100kpl - Kinnunen\" \/>\n<meta property=\"og:description\" content=\"T\u00e4ysliimapintainen tippi, jossa on yhdensuuntaiset reunat ja luonnollinen kaarevuus. Monik\u00e4ytt\u00f6inen tippi, joka on suunniteltu k\u00e4ytett\u00e4v\u00e4ksi normaaleista litteille ja leveille kynsille.&hellip;\" \/>\n<meta property=\"og:url\" content=\"https:\/\/kinnunen.fi\/en\/product\/moyra-nail-tip-natural-100kpl\/\" \/>\n<meta property=\"og:site_name\" content=\"Kinnunen\" \/>\n<meta property=\"article:modified_time\" content=\"2026-04-12T01:00:28+00:00\" \/>\n<meta property=\"og:image\" content=\"https:\/\/kinnunen.fi\/wp-content\/uploads\/2023\/02\/mntn100-Moyra-nailtip_natural.jpg\" \/>\n\t<meta property=\"og:image:width\" content=\"800\" \/>\n\t<meta property=\"og:image:height\" content=\"800\" \/>\n\t<meta property=\"og:image:type\" content=\"image\/jpeg\" \/>\n<meta name=\"twitter:card\" content=\"summary_large_image\" \/>\n<meta name=\"twitter:label1\" content=\"Estimated reading time\" \/>\n\t<meta name=\"twitter:data1\" content=\"1 minute\" \/>\n<script type=\"application\/ld+json\" class=\"yoast-schema-graph\">{\"@context\":\"https:\/\/schema.org\",\"@graph\":[{\"@type\":\"WebPage\",\"@id\":\"https:\/\/kinnunen.fi\/tuote\/moyra-nail-tip-natural-100kpl\/\",\"url\":\"https:\/\/kinnunen.fi\/tuote\/moyra-nail-tip-natural-100kpl\/\",\"name\":\"Moyra Nail Tip Natural, 100kpl - Kinnunen\",\"isPartOf\":{\"@id\":\"https:\/\/kinnunen.fi\/#website\"},\"primaryImageOfPage\":{\"@id\":\"https:\/\/kinnunen.fi\/tuote\/moyra-nail-tip-natural-100kpl\/#primaryimage\"},\"image\":{\"@id\":\"https:\/\/kinnunen.fi\/tuote\/moyra-nail-tip-natural-100kpl\/#primaryimage\"},\"thumbnailUrl\":\"https:\/\/kinnunen.fi\/wp-content\/uploads\/2023\/02\/mntn100-Moyra-nailtip_natural.jpg\",\"datePublished\":\"2023-02-03T10:29:28+00:00\",\"dateModified\":\"2026-04-12T01:00:28+00:00\",\"breadcrumb\":{\"@id\":\"https:\/\/kinnunen.fi\/tuote\/moyra-nail-tip-natural-100kpl\/#breadcrumb\"},\"inLanguage\":\"en-GB\",\"potentialAction\":[{\"@type\":\"ReadAction\",\"target\":[\"https:\/\/kinnunen.fi\/tuote\/moyra-nail-tip-natural-100kpl\/\"]}]},{\"@type\":\"ImageObject\",\"inLanguage\":\"en-GB\",\"@id\":\"https:\/\/kinnunen.fi\/tuote\/moyra-nail-tip-natural-100kpl\/#primaryimage\",\"url\":\"https:\/\/kinnunen.fi\/wp-content\/uploads\/2023\/02\/mntn100-Moyra-nailtip_natural.jpg\",\"contentUrl\":\"https:\/\/kinnunen.fi\/wp-content\/uploads\/2023\/02\/mntn100-Moyra-nailtip_natural.jpg\",\"width\":800,\"height\":800},{\"@type\":\"BreadcrumbList\",\"@id\":\"https:\/\/kinnunen.fi\/tuote\/moyra-nail-tip-natural-100kpl\/#breadcrumb\",\"itemListElement\":[{\"@type\":\"ListItem\",\"position\":1,\"name\":\"Etusivu\",\"item\":\"https:\/\/kinnunen.fi\/\"},{\"@type\":\"ListItem\",\"position\":2,\"name\":\"Kaikki tuotteet\",\"item\":\"https:\/\/kinnunen.fi\/kauppa\/\"},{\"@type\":\"ListItem\",\"position\":3,\"name\":\"Kauneudenhoito\",\"item\":\"https:\/\/kinnunen.fi\/tuote-osasto\/kauneudenhoito\/\"},{\"@type\":\"ListItem\",\"position\":4,\"name\":\"Kynnet ja k\u00e4det\",\"item\":\"https:\/\/kinnunen.fi\/tuote-osasto\/kauneudenhoito\/kynnet-ja-kadet\/\"},{\"@type\":\"ListItem\",\"position\":5,\"name\":\"Moyra Nail Tip Natural, 100kpl\"}]},{\"@type\":\"WebSite\",\"@id\":\"https:\/\/kinnunen.fi\/#website\",\"url\":\"https:\/\/kinnunen.fi\/\",\"name\":\"Kinnunen\",\"description\":\"\",\"potentialAction\":[{\"@type\":\"SearchAction\",\"target\":{\"@type\":\"EntryPoint\",\"urlTemplate\":\"https:\/\/kinnunen.fi\/?s={search_term_string}\"},\"query-input\":\"required name=search_term_string\"}],\"inLanguage\":\"en-GB\"}]}<\/script>\n<!-- \/ Yoast SEO plugin. -->","yoast_head_json":{"title":"Moyra Nail Tip Natural, 100kpl - Kinnunen","robots":{"index":"index","follow":"follow","max-snippet":"max-snippet:-1","max-image-preview":"max-image-preview:large","max-video-preview":"max-video-preview:-1"},"canonical":"https:\/\/kinnunen.fi\/en\/product\/moyra-nail-tip-natural-100kpl\/","og_locale":"en_GB","og_type":"article","og_title":"Moyra Nail Tip Natural, 100kpl - Kinnunen","og_description":"T\u00e4ysliimapintainen tippi, jossa on yhdensuuntaiset reunat ja luonnollinen kaarevuus. Monik\u00e4ytt\u00f6inen tippi, joka on suunniteltu k\u00e4ytett\u00e4v\u00e4ksi normaaleista litteille ja leveille kynsille.&hellip;","og_url":"https:\/\/kinnunen.fi\/en\/product\/moyra-nail-tip-natural-100kpl\/","og_site_name":"Kinnunen","article_modified_time":"2026-04-12T01:00:28+00:00","og_image":[{"width":800,"height":800,"url":"https:\/\/kinnunen.fi\/wp-content\/uploads\/2023\/02\/mntn100-Moyra-nailtip_natural.jpg","type":"image\/jpeg"}],"twitter_card":"summary_large_image","twitter_misc":{"Estimated reading time":"1 minute"},"schema":{"@context":"https:\/\/schema.org","@graph":[{"@type":"WebPage","@id":"https:\/\/kinnunen.fi\/tuote\/moyra-nail-tip-natural-100kpl\/","url":"https:\/\/kinnunen.fi\/tuote\/moyra-nail-tip-natural-100kpl\/","name":"Moyra Nail Tip Natural, 100kpl - Kinnunen","isPartOf":{"@id":"https:\/\/kinnunen.fi\/#website"},"primaryImageOfPage":{"@id":"https:\/\/kinnunen.fi\/tuote\/moyra-nail-tip-natural-100kpl\/#primaryimage"},"image":{"@id":"https:\/\/kinnunen.fi\/tuote\/moyra-nail-tip-natural-100kpl\/#primaryimage"},"thumbnailUrl":"https:\/\/kinnunen.fi\/wp-content\/uploads\/2023\/02\/mntn100-Moyra-nailtip_natural.jpg","datePublished":"2023-02-03T10:29:28+00:00","dateModified":"2026-04-12T01:00:28+00:00","breadcrumb":{"@id":"https:\/\/kinnunen.fi\/tuote\/moyra-nail-tip-natural-100kpl\/#breadcrumb"},"inLanguage":"en-GB","potentialAction":[{"@type":"ReadAction","target":["https:\/\/kinnunen.fi\/tuote\/moyra-nail-tip-natural-100kpl\/"]}]},{"@type":"ImageObject","inLanguage":"en-GB","@id":"https:\/\/kinnunen.fi\/tuote\/moyra-nail-tip-natural-100kpl\/#primaryimage","url":"https:\/\/kinnunen.fi\/wp-content\/uploads\/2023\/02\/mntn100-Moyra-nailtip_natural.jpg","contentUrl":"https:\/\/kinnunen.fi\/wp-content\/uploads\/2023\/02\/mntn100-Moyra-nailtip_natural.jpg","width":800,"height":800},{"@type":"BreadcrumbList","@id":"https:\/\/kinnunen.fi\/tuote\/moyra-nail-tip-natural-100kpl\/#breadcrumb","itemListElement":[{"@type":"ListItem","position":1,"name":"Etusivu","item":"https:\/\/kinnunen.fi\/"},{"@type":"ListItem","position":2,"name":"Kaikki tuotteet","item":"https:\/\/kinnunen.fi\/kauppa\/"},{"@type":"ListItem","position":3,"name":"Kauneudenhoito","item":"https:\/\/kinnunen.fi\/tuote-osasto\/kauneudenhoito\/"},{"@type":"ListItem","position":4,"name":"Kynnet ja k\u00e4det","item":"https:\/\/kinnunen.fi\/tuote-osasto\/kauneudenhoito\/kynnet-ja-kadet\/"},{"@type":"ListItem","position":5,"name":"Moyra Nail Tip Natural, 100kpl"}]},{"@type":"WebSite","@id":"https:\/\/kinnunen.fi\/#website","url":"https:\/\/kinnunen.fi\/","name":"Kinnunen","description":"","potentialAction":[{"@type":"SearchAction","target":{"@type":"EntryPoint","urlTemplate":"https:\/\/kinnunen.fi\/?s={search_term_string}"},"query-input":"required name=search_term_string"}],"inLanguage":"en-GB"}]}},"_links":{"self":[{"href":"https:\/\/kinnunen.fi\/en\/wp-json\/wp\/v2\/product\/27252"}],"collection":[{"href":"https:\/\/kinnunen.fi\/en\/wp-json\/wp\/v2\/product"}],"about":[{"href":"https:\/\/kinnunen.fi\/en\/wp-json\/wp\/v2\/types\/product"}],"replies":[{"embeddable":true,"href":"https:\/\/kinnunen.fi\/en\/wp-json\/wp\/v2\/comments?post=27252"}],"wp:featuredmedia":[{"embeddable":true,"href":"https:\/\/kinnunen.fi\/en\/wp-json\/wp\/v2\/media\/27230"}],"wp:attachment":[{"href":"https:\/\/kinnunen.fi\/en\/wp-json\/wp\/v2\/media?parent=27252"}],"wp:term":[{"taxonomy":"product_cat","embeddable":true,"href":"https:\/\/kinnunen.fi\/en\/wp-json\/wp\/v2\/product_cat?post=27252"},{"taxonomy":"product_tag","embeddable":true,"href":"https:\/\/kinnunen.fi\/en\/wp-json\/wp\/v2\/product_tag?post=27252"}],"curies":[{"name":"wp","href":"https:\/\/api.w.org\/{rel}","templated":true}]}}