

{"id":27836,"date":"2023-04-05T12:33:17","date_gmt":"2023-04-05T09:33:17","guid":{"rendered":"https:\/\/kinnunen.fi\/?post_type=product&#038;p=27836"},"modified":"2026-04-29T16:55:16","modified_gmt":"2026-04-29T13:55:16","slug":"keratin-curl-permanenttiaine","status":"publish","type":"product","link":"https:\/\/kinnunen.fi\/en\/product\/keratin-curl-permanenttiaine\/","title":{"rendered":"Keratin Curl Perm, 125ml"},"content":{"rendered":"<p>Available in 3 different strengths:<\/p>\n<p>Strength 0: For strong and difficult to curl hair.<br \/>\nStrength 1: For normal hair.<br \/>\nStrength 2: For porous, coloured and fine hair. For bleached or streaked hair, dilute 1:1 with water.<\/p>","protected":false},"excerpt":{"rendered":"<p>With Keune Keratin Curl permanent treatment, you can create long-lasting, naturally elastic curls and waves. A pleasantly scented conditioner with cationic keratin that intensively strengthens and moisturises the hair structure. The mild alkaline formula of the product also makes it gentle on the skin.<br \/>\nAvailable in three different strengths.<br \/>\nSize 125ml<\/p>\n<p>When using Keratin Curl fixative, you get the best possible result. The fixative is available in dilutable form, <a href=\"https:\/\/kinnunen.fi\/en\/product\/keratin-neutralizer-1000-ml-11\/\">Keratin Curl Neutralizer 1000ml<\/a> and ready to use, <a href=\"https:\/\/kinnunen.fi\/en\/product\/keratin-neutralizer-120ml\/\">Keratin Neutralizer 120ml<\/a><\/p>","protected":false},"featured_media":27838,"comment_status":"closed","ping_status":"closed","template":"","meta":{"_relevanssi_hide_post":"","_relevanssi_pin_for_all":"","_relevanssi_pin_keywords":"","_relevanssi_unpin_keywords":"","_relevanssi_related_keywords":"","_relevanssi_related_include_ids":"","_relevanssi_related_exclude_ids":"","_relevanssi_related_no_append":"","_relevanssi_related_not_related":"","_relevanssi_related_posts":"","_relevanssi_noindex_reason":""},"product_cat":[1727,1749],"product_tag":[],"class_list":["post-27836","product","type-product","status-publish","has-post-thumbnail","hentry","product_cat-hiuskosmetiikka","product_cat-permanentti-ja-keratiinikasittelyt","tuotemerkki-keune-forming","tuotemerkki-keune-haircosmetics"],"tuotemerkit":[{"term_id":104,"name":"Keune Forming","slug":"keune-forming","term_group":0,"term_taxonomy_id":104,"taxonomy":"tuotemerkki","description":"","parent":25,"count":5,"filter":"raw"},{"term_id":25,"name":"Keune Haircosmetics","slug":"keune-haircosmetics","term_group":0,"term_taxonomy_id":25,"taxonomy":"tuotemerkki","description":"","parent":0,"count":276,"filter":"raw"}],"acf":[],"yoast_head":"<!-- This site is optimized with the Yoast SEO plugin v23.3 - https:\/\/yoast.com\/wordpress\/plugins\/seo\/ -->\n<title>Keratin Curl -permanenttiaine, 125ml - Kinnunen<\/title>\n<meta name=\"robots\" content=\"index, follow, max-snippet:-1, max-image-preview:large, max-video-preview:-1\" \/>\n<link rel=\"canonical\" href=\"https:\/\/kinnunen.fi\/en\/product\/keratin-curl-permanenttiaine\/\" \/>\n<meta property=\"og:locale\" content=\"en_GB\" \/>\n<meta property=\"og:type\" content=\"article\" \/>\n<meta property=\"og:title\" content=\"Keratin Curl -permanenttiaine, 125ml - Kinnunen\" \/>\n<meta property=\"og:description\" content=\"Keune Keratin Curl permanenttik\u00e4sittelyll\u00e4 luot pitk\u00e4kestoisia, luonnollisen kimmoisia kiharoita ja laineita. Miellytt\u00e4v\u00e4n tuoksuinen permanenttiaine, jonka sis\u00e4lt\u00e4m\u00e4 kationiaktiivinen keratiini vahvistaa ja kosteuttaa hiuksen rakennetta intensiivisesti. Tuotteen miedon alkalisen koostumuksen vuoksi tuote on hell\u00e4varainen my\u00f6s iholle. Saatavilla kolmea eri vahvuutta. Koko 125ml  K\u00e4ytt\u00e4ess\u00e4si Keratin Curl kiinnitysainetta, saat parhaan mahdollisen lopputuloksen. Kiinnitysainetta l\u00f6ytyy laimennettavana, Keratin Curl Neutralizer 1000ml ja k\u00e4ytt\u00f6valmiina, Keratin Neutralizer 120ml\" \/>\n<meta property=\"og:url\" content=\"https:\/\/kinnunen.fi\/en\/product\/keratin-curl-permanenttiaine\/\" \/>\n<meta property=\"og:site_name\" content=\"Kinnunen\" \/>\n<meta property=\"article:modified_time\" content=\"2026-04-29T13:55:16+00:00\" \/>\n<meta property=\"og:image\" content=\"https:\/\/kinnunen.fi\/wp-content\/uploads\/2023\/04\/keratincurl.jpg\" \/>\n\t<meta property=\"og:image:width\" content=\"1000\" \/>\n\t<meta property=\"og:image:height\" content=\"1000\" \/>\n\t<meta property=\"og:image:type\" content=\"image\/jpeg\" \/>\n<meta name=\"twitter:card\" content=\"summary_large_image\" \/>\n<meta name=\"twitter:label1\" content=\"Estimated reading time\" \/>\n\t<meta name=\"twitter:data1\" content=\"1 minute\" \/>\n<script type=\"application\/ld+json\" class=\"yoast-schema-graph\">{\"@context\":\"https:\/\/schema.org\",\"@graph\":[{\"@type\":\"WebPage\",\"@id\":\"https:\/\/kinnunen.fi\/tuote\/keratin-curl-permanenttiaine\/\",\"url\":\"https:\/\/kinnunen.fi\/tuote\/keratin-curl-permanenttiaine\/\",\"name\":\"Keratin Curl -permanenttiaine, 125ml - Kinnunen\",\"isPartOf\":{\"@id\":\"https:\/\/kinnunen.fi\/#website\"},\"primaryImageOfPage\":{\"@id\":\"https:\/\/kinnunen.fi\/tuote\/keratin-curl-permanenttiaine\/#primaryimage\"},\"image\":{\"@id\":\"https:\/\/kinnunen.fi\/tuote\/keratin-curl-permanenttiaine\/#primaryimage\"},\"thumbnailUrl\":\"https:\/\/kinnunen.fi\/wp-content\/uploads\/2023\/04\/keratincurl.jpg\",\"datePublished\":\"2023-04-05T09:33:17+00:00\",\"dateModified\":\"2026-04-29T13:55:16+00:00\",\"breadcrumb\":{\"@id\":\"https:\/\/kinnunen.fi\/tuote\/keratin-curl-permanenttiaine\/#breadcrumb\"},\"inLanguage\":\"en-GB\",\"potentialAction\":[{\"@type\":\"ReadAction\",\"target\":[\"https:\/\/kinnunen.fi\/tuote\/keratin-curl-permanenttiaine\/\"]}]},{\"@type\":\"ImageObject\",\"inLanguage\":\"en-GB\",\"@id\":\"https:\/\/kinnunen.fi\/tuote\/keratin-curl-permanenttiaine\/#primaryimage\",\"url\":\"https:\/\/kinnunen.fi\/wp-content\/uploads\/2023\/04\/keratincurl.jpg\",\"contentUrl\":\"https:\/\/kinnunen.fi\/wp-content\/uploads\/2023\/04\/keratincurl.jpg\",\"width\":1000,\"height\":1000},{\"@type\":\"BreadcrumbList\",\"@id\":\"https:\/\/kinnunen.fi\/tuote\/keratin-curl-permanenttiaine\/#breadcrumb\",\"itemListElement\":[{\"@type\":\"ListItem\",\"position\":1,\"name\":\"Etusivu\",\"item\":\"https:\/\/kinnunen.fi\/\"},{\"@type\":\"ListItem\",\"position\":2,\"name\":\"Kaikki tuotteet\",\"item\":\"https:\/\/kinnunen.fi\/kauppa\/\"},{\"@type\":\"ListItem\",\"position\":3,\"name\":\"Hiuskosmetiikka\",\"item\":\"https:\/\/kinnunen.fi\/tuote-osasto\/hiuskosmetiikka\/\"},{\"@type\":\"ListItem\",\"position\":4,\"name\":\"Permanentti- ja keratiinik\u00e4sittelyt\",\"item\":\"https:\/\/kinnunen.fi\/tuote-osasto\/hiuskosmetiikka\/permanentti-ja-keratiinikasittelyt\/\"},{\"@type\":\"ListItem\",\"position\":5,\"name\":\"Keratin Curl -permanenttiaine, 125ml\"}]},{\"@type\":\"WebSite\",\"@id\":\"https:\/\/kinnunen.fi\/#website\",\"url\":\"https:\/\/kinnunen.fi\/\",\"name\":\"Kinnunen\",\"description\":\"\",\"potentialAction\":[{\"@type\":\"SearchAction\",\"target\":{\"@type\":\"EntryPoint\",\"urlTemplate\":\"https:\/\/kinnunen.fi\/?s={search_term_string}\"},\"query-input\":\"required name=search_term_string\"}],\"inLanguage\":\"en-GB\"}]}<\/script>\n<!-- \/ Yoast SEO plugin. -->","yoast_head_json":{"title":"Keratin Curl -permanenttiaine, 125ml - Kinnunen","robots":{"index":"index","follow":"follow","max-snippet":"max-snippet:-1","max-image-preview":"max-image-preview:large","max-video-preview":"max-video-preview:-1"},"canonical":"https:\/\/kinnunen.fi\/en\/product\/keratin-curl-permanenttiaine\/","og_locale":"en_GB","og_type":"article","og_title":"Keratin Curl -permanenttiaine, 125ml - Kinnunen","og_description":"Keune Keratin Curl permanenttik\u00e4sittelyll\u00e4 luot pitk\u00e4kestoisia, luonnollisen kimmoisia kiharoita ja laineita. Miellytt\u00e4v\u00e4n tuoksuinen permanenttiaine, jonka sis\u00e4lt\u00e4m\u00e4 kationiaktiivinen keratiini vahvistaa ja kosteuttaa hiuksen rakennetta intensiivisesti. Tuotteen miedon alkalisen koostumuksen vuoksi tuote on hell\u00e4varainen my\u00f6s iholle. Saatavilla kolmea eri vahvuutta. Koko 125ml  K\u00e4ytt\u00e4ess\u00e4si Keratin Curl kiinnitysainetta, saat parhaan mahdollisen lopputuloksen. Kiinnitysainetta l\u00f6ytyy laimennettavana, Keratin Curl Neutralizer 1000ml ja k\u00e4ytt\u00f6valmiina, Keratin Neutralizer 120ml","og_url":"https:\/\/kinnunen.fi\/en\/product\/keratin-curl-permanenttiaine\/","og_site_name":"Kinnunen","article_modified_time":"2026-04-29T13:55:16+00:00","og_image":[{"width":1000,"height":1000,"url":"https:\/\/kinnunen.fi\/wp-content\/uploads\/2023\/04\/keratincurl.jpg","type":"image\/jpeg"}],"twitter_card":"summary_large_image","twitter_misc":{"Estimated reading time":"1 minute"},"schema":{"@context":"https:\/\/schema.org","@graph":[{"@type":"WebPage","@id":"https:\/\/kinnunen.fi\/tuote\/keratin-curl-permanenttiaine\/","url":"https:\/\/kinnunen.fi\/tuote\/keratin-curl-permanenttiaine\/","name":"Keratin Curl -permanenttiaine, 125ml - Kinnunen","isPartOf":{"@id":"https:\/\/kinnunen.fi\/#website"},"primaryImageOfPage":{"@id":"https:\/\/kinnunen.fi\/tuote\/keratin-curl-permanenttiaine\/#primaryimage"},"image":{"@id":"https:\/\/kinnunen.fi\/tuote\/keratin-curl-permanenttiaine\/#primaryimage"},"thumbnailUrl":"https:\/\/kinnunen.fi\/wp-content\/uploads\/2023\/04\/keratincurl.jpg","datePublished":"2023-04-05T09:33:17+00:00","dateModified":"2026-04-29T13:55:16+00:00","breadcrumb":{"@id":"https:\/\/kinnunen.fi\/tuote\/keratin-curl-permanenttiaine\/#breadcrumb"},"inLanguage":"en-GB","potentialAction":[{"@type":"ReadAction","target":["https:\/\/kinnunen.fi\/tuote\/keratin-curl-permanenttiaine\/"]}]},{"@type":"ImageObject","inLanguage":"en-GB","@id":"https:\/\/kinnunen.fi\/tuote\/keratin-curl-permanenttiaine\/#primaryimage","url":"https:\/\/kinnunen.fi\/wp-content\/uploads\/2023\/04\/keratincurl.jpg","contentUrl":"https:\/\/kinnunen.fi\/wp-content\/uploads\/2023\/04\/keratincurl.jpg","width":1000,"height":1000},{"@type":"BreadcrumbList","@id":"https:\/\/kinnunen.fi\/tuote\/keratin-curl-permanenttiaine\/#breadcrumb","itemListElement":[{"@type":"ListItem","position":1,"name":"Etusivu","item":"https:\/\/kinnunen.fi\/"},{"@type":"ListItem","position":2,"name":"Kaikki tuotteet","item":"https:\/\/kinnunen.fi\/kauppa\/"},{"@type":"ListItem","position":3,"name":"Hiuskosmetiikka","item":"https:\/\/kinnunen.fi\/tuote-osasto\/hiuskosmetiikka\/"},{"@type":"ListItem","position":4,"name":"Permanentti- ja keratiinik\u00e4sittelyt","item":"https:\/\/kinnunen.fi\/tuote-osasto\/hiuskosmetiikka\/permanentti-ja-keratiinikasittelyt\/"},{"@type":"ListItem","position":5,"name":"Keratin Curl -permanenttiaine, 125ml"}]},{"@type":"WebSite","@id":"https:\/\/kinnunen.fi\/#website","url":"https:\/\/kinnunen.fi\/","name":"Kinnunen","description":"","potentialAction":[{"@type":"SearchAction","target":{"@type":"EntryPoint","urlTemplate":"https:\/\/kinnunen.fi\/?s={search_term_string}"},"query-input":"required name=search_term_string"}],"inLanguage":"en-GB"}]}},"_links":{"self":[{"href":"https:\/\/kinnunen.fi\/en\/wp-json\/wp\/v2\/product\/27836"}],"collection":[{"href":"https:\/\/kinnunen.fi\/en\/wp-json\/wp\/v2\/product"}],"about":[{"href":"https:\/\/kinnunen.fi\/en\/wp-json\/wp\/v2\/types\/product"}],"replies":[{"embeddable":true,"href":"https:\/\/kinnunen.fi\/en\/wp-json\/wp\/v2\/comments?post=27836"}],"wp:featuredmedia":[{"embeddable":true,"href":"https:\/\/kinnunen.fi\/en\/wp-json\/wp\/v2\/media\/27838"}],"wp:attachment":[{"href":"https:\/\/kinnunen.fi\/en\/wp-json\/wp\/v2\/media?parent=27836"}],"wp:term":[{"taxonomy":"product_cat","embeddable":true,"href":"https:\/\/kinnunen.fi\/en\/wp-json\/wp\/v2\/product_cat?post=27836"},{"taxonomy":"product_tag","embeddable":true,"href":"https:\/\/kinnunen.fi\/en\/wp-json\/wp\/v2\/product_tag?post=27836"}],"curies":[{"name":"wp","href":"https:\/\/api.w.org\/{rel}","templated":true}]}}