

{"id":27879,"date":"2023-04-13T11:51:26","date_gmt":"2023-04-13T08:51:26","guid":{"rendered":"https:\/\/kinnunen.fi\/?post_type=product&#038;p=27879"},"modified":"2026-05-02T04:00:18","modified_gmt":"2026-05-02T01:00:18","slug":"vatupassikampa","status":"publish","type":"product","link":"https:\/\/kinnunen.fi\/en\/product\/vatupassikampa\/","title":{"rendered":"Vatupassikampa"},"content":{"rendered":"<p>Comb suitable for demanding cutting work. The pointers help you keep the comb in the exact position you need during cutting (vertical, horizontal and diagonal). Length 20.5 cm, width 4 cm and weight 26.2 g. Material Polypropylene.<\/p>","protected":false},"excerpt":{"rendered":"<p>Vaativaan leikkausty\u00f6h\u00f6n soveltuva kampa. Osoittimien avulla pid\u00e4t kamman juuri tarvittavassa asennossa leikkauksen aikana (pysty- ja vaakasuora sek\u00e4 diagonaalinen). Pituus 20.5&hellip;<\/p>","protected":false},"featured_media":27898,"comment_status":"closed","ping_status":"closed","template":"","meta":{"_relevanssi_hide_post":"","_relevanssi_pin_for_all":"","_relevanssi_pin_keywords":"","_relevanssi_unpin_keywords":"","_relevanssi_related_keywords":"","_relevanssi_related_include_ids":"","_relevanssi_related_exclude_ids":"","_relevanssi_related_no_append":"","_relevanssi_related_not_related":"","_relevanssi_related_posts":"","_relevanssi_noindex_reason":""},"product_cat":[1901,1906],"product_tag":[],"class_list":["post-27879","product","type-product","status-publish","has-post-thumbnail","hentry","product_cat-outlet","product_cat-harjat-ja-kammat-outlet","tuotemerkki-kinnunen"],"tuotemerkit":[{"term_id":177,"name":"Kinnunen","slug":"kinnunen","term_group":0,"term_taxonomy_id":177,"taxonomy":"tuotemerkki","description":"","parent":0,"count":90,"filter":"raw"}],"acf":[],"yoast_head":"<!-- This site is optimized with the Yoast SEO plugin v23.3 - https:\/\/yoast.com\/wordpress\/plugins\/seo\/ -->\n<title>Vatupassikampa - Kinnunen<\/title>\n<meta name=\"robots\" content=\"index, follow, max-snippet:-1, max-image-preview:large, max-video-preview:-1\" \/>\n<link rel=\"canonical\" href=\"https:\/\/kinnunen.fi\/en\/product\/vatupassikampa\/\" \/>\n<meta property=\"og:locale\" content=\"en_GB\" \/>\n<meta property=\"og:type\" content=\"article\" \/>\n<meta property=\"og:title\" content=\"Vatupassikampa - Kinnunen\" \/>\n<meta property=\"og:description\" content=\"Vaativaan leikkausty\u00f6h\u00f6n soveltuva kampa. Osoittimien avulla pid\u00e4t kamman juuri tarvittavassa asennossa leikkauksen aikana (pysty- ja vaakasuora sek\u00e4 diagonaalinen). Pituus 20.5&hellip;\" \/>\n<meta property=\"og:url\" content=\"https:\/\/kinnunen.fi\/en\/product\/vatupassikampa\/\" \/>\n<meta property=\"og:site_name\" content=\"Kinnunen\" \/>\n<meta property=\"article:modified_time\" content=\"2026-05-02T01:00:18+00:00\" \/>\n<meta property=\"og:image\" content=\"https:\/\/kinnunen.fi\/wp-content\/uploads\/2023\/04\/500039_vatupassikampa.jpg\" \/>\n\t<meta property=\"og:image:width\" content=\"1000\" \/>\n\t<meta property=\"og:image:height\" content=\"1000\" \/>\n\t<meta property=\"og:image:type\" content=\"image\/jpeg\" \/>\n<meta name=\"twitter:card\" content=\"summary_large_image\" \/>\n<meta name=\"twitter:label1\" content=\"Estimated reading time\" \/>\n\t<meta name=\"twitter:data1\" content=\"1 minute\" \/>\n<script type=\"application\/ld+json\" class=\"yoast-schema-graph\">{\"@context\":\"https:\/\/schema.org\",\"@graph\":[{\"@type\":\"WebPage\",\"@id\":\"https:\/\/kinnunen.fi\/tuote\/vatupassikampa\/\",\"url\":\"https:\/\/kinnunen.fi\/tuote\/vatupassikampa\/\",\"name\":\"Vatupassikampa - Kinnunen\",\"isPartOf\":{\"@id\":\"https:\/\/kinnunen.fi\/#website\"},\"primaryImageOfPage\":{\"@id\":\"https:\/\/kinnunen.fi\/tuote\/vatupassikampa\/#primaryimage\"},\"image\":{\"@id\":\"https:\/\/kinnunen.fi\/tuote\/vatupassikampa\/#primaryimage\"},\"thumbnailUrl\":\"https:\/\/kinnunen.fi\/wp-content\/uploads\/2023\/04\/500039_vatupassikampa.jpg\",\"datePublished\":\"2023-04-13T08:51:26+00:00\",\"dateModified\":\"2026-05-02T01:00:18+00:00\",\"breadcrumb\":{\"@id\":\"https:\/\/kinnunen.fi\/tuote\/vatupassikampa\/#breadcrumb\"},\"inLanguage\":\"en-GB\",\"potentialAction\":[{\"@type\":\"ReadAction\",\"target\":[\"https:\/\/kinnunen.fi\/tuote\/vatupassikampa\/\"]}]},{\"@type\":\"ImageObject\",\"inLanguage\":\"en-GB\",\"@id\":\"https:\/\/kinnunen.fi\/tuote\/vatupassikampa\/#primaryimage\",\"url\":\"https:\/\/kinnunen.fi\/wp-content\/uploads\/2023\/04\/500039_vatupassikampa.jpg\",\"contentUrl\":\"https:\/\/kinnunen.fi\/wp-content\/uploads\/2023\/04\/500039_vatupassikampa.jpg\",\"width\":1000,\"height\":1000},{\"@type\":\"BreadcrumbList\",\"@id\":\"https:\/\/kinnunen.fi\/tuote\/vatupassikampa\/#breadcrumb\",\"itemListElement\":[{\"@type\":\"ListItem\",\"position\":1,\"name\":\"Etusivu\",\"item\":\"https:\/\/kinnunen.fi\/\"},{\"@type\":\"ListItem\",\"position\":2,\"name\":\"Kaikki tuotteet\",\"item\":\"https:\/\/kinnunen.fi\/kauppa\/\"},{\"@type\":\"ListItem\",\"position\":3,\"name\":\"Outlet\",\"item\":\"https:\/\/kinnunen.fi\/tuote-osasto\/outlet\/\"},{\"@type\":\"ListItem\",\"position\":4,\"name\":\"Vatupassikampa\"}]},{\"@type\":\"WebSite\",\"@id\":\"https:\/\/kinnunen.fi\/#website\",\"url\":\"https:\/\/kinnunen.fi\/\",\"name\":\"Kinnunen\",\"description\":\"\",\"potentialAction\":[{\"@type\":\"SearchAction\",\"target\":{\"@type\":\"EntryPoint\",\"urlTemplate\":\"https:\/\/kinnunen.fi\/?s={search_term_string}\"},\"query-input\":\"required name=search_term_string\"}],\"inLanguage\":\"en-GB\"}]}<\/script>\n<!-- \/ Yoast SEO plugin. -->","yoast_head_json":{"title":"Vatupassikampa - Kinnunen","robots":{"index":"index","follow":"follow","max-snippet":"max-snippet:-1","max-image-preview":"max-image-preview:large","max-video-preview":"max-video-preview:-1"},"canonical":"https:\/\/kinnunen.fi\/en\/product\/vatupassikampa\/","og_locale":"en_GB","og_type":"article","og_title":"Vatupassikampa - Kinnunen","og_description":"Vaativaan leikkausty\u00f6h\u00f6n soveltuva kampa. Osoittimien avulla pid\u00e4t kamman juuri tarvittavassa asennossa leikkauksen aikana (pysty- ja vaakasuora sek\u00e4 diagonaalinen). Pituus 20.5&hellip;","og_url":"https:\/\/kinnunen.fi\/en\/product\/vatupassikampa\/","og_site_name":"Kinnunen","article_modified_time":"2026-05-02T01:00:18+00:00","og_image":[{"width":1000,"height":1000,"url":"https:\/\/kinnunen.fi\/wp-content\/uploads\/2023\/04\/500039_vatupassikampa.jpg","type":"image\/jpeg"}],"twitter_card":"summary_large_image","twitter_misc":{"Estimated reading time":"1 minute"},"schema":{"@context":"https:\/\/schema.org","@graph":[{"@type":"WebPage","@id":"https:\/\/kinnunen.fi\/tuote\/vatupassikampa\/","url":"https:\/\/kinnunen.fi\/tuote\/vatupassikampa\/","name":"Vatupassikampa - Kinnunen","isPartOf":{"@id":"https:\/\/kinnunen.fi\/#website"},"primaryImageOfPage":{"@id":"https:\/\/kinnunen.fi\/tuote\/vatupassikampa\/#primaryimage"},"image":{"@id":"https:\/\/kinnunen.fi\/tuote\/vatupassikampa\/#primaryimage"},"thumbnailUrl":"https:\/\/kinnunen.fi\/wp-content\/uploads\/2023\/04\/500039_vatupassikampa.jpg","datePublished":"2023-04-13T08:51:26+00:00","dateModified":"2026-05-02T01:00:18+00:00","breadcrumb":{"@id":"https:\/\/kinnunen.fi\/tuote\/vatupassikampa\/#breadcrumb"},"inLanguage":"en-GB","potentialAction":[{"@type":"ReadAction","target":["https:\/\/kinnunen.fi\/tuote\/vatupassikampa\/"]}]},{"@type":"ImageObject","inLanguage":"en-GB","@id":"https:\/\/kinnunen.fi\/tuote\/vatupassikampa\/#primaryimage","url":"https:\/\/kinnunen.fi\/wp-content\/uploads\/2023\/04\/500039_vatupassikampa.jpg","contentUrl":"https:\/\/kinnunen.fi\/wp-content\/uploads\/2023\/04\/500039_vatupassikampa.jpg","width":1000,"height":1000},{"@type":"BreadcrumbList","@id":"https:\/\/kinnunen.fi\/tuote\/vatupassikampa\/#breadcrumb","itemListElement":[{"@type":"ListItem","position":1,"name":"Etusivu","item":"https:\/\/kinnunen.fi\/"},{"@type":"ListItem","position":2,"name":"Kaikki tuotteet","item":"https:\/\/kinnunen.fi\/kauppa\/"},{"@type":"ListItem","position":3,"name":"Outlet","item":"https:\/\/kinnunen.fi\/tuote-osasto\/outlet\/"},{"@type":"ListItem","position":4,"name":"Vatupassikampa"}]},{"@type":"WebSite","@id":"https:\/\/kinnunen.fi\/#website","url":"https:\/\/kinnunen.fi\/","name":"Kinnunen","description":"","potentialAction":[{"@type":"SearchAction","target":{"@type":"EntryPoint","urlTemplate":"https:\/\/kinnunen.fi\/?s={search_term_string}"},"query-input":"required name=search_term_string"}],"inLanguage":"en-GB"}]}},"_links":{"self":[{"href":"https:\/\/kinnunen.fi\/en\/wp-json\/wp\/v2\/product\/27879"}],"collection":[{"href":"https:\/\/kinnunen.fi\/en\/wp-json\/wp\/v2\/product"}],"about":[{"href":"https:\/\/kinnunen.fi\/en\/wp-json\/wp\/v2\/types\/product"}],"replies":[{"embeddable":true,"href":"https:\/\/kinnunen.fi\/en\/wp-json\/wp\/v2\/comments?post=27879"}],"wp:featuredmedia":[{"embeddable":true,"href":"https:\/\/kinnunen.fi\/en\/wp-json\/wp\/v2\/media\/27898"}],"wp:attachment":[{"href":"https:\/\/kinnunen.fi\/en\/wp-json\/wp\/v2\/media?parent=27879"}],"wp:term":[{"taxonomy":"product_cat","embeddable":true,"href":"https:\/\/kinnunen.fi\/en\/wp-json\/wp\/v2\/product_cat?post=27879"},{"taxonomy":"product_tag","embeddable":true,"href":"https:\/\/kinnunen.fi\/en\/wp-json\/wp\/v2\/product_tag?post=27879"}],"curies":[{"name":"wp","href":"https:\/\/api.w.org\/{rel}","templated":true}]}}