

{"id":27990,"date":"2023-04-20T08:50:09","date_gmt":"2023-04-20T05:50:09","guid":{"rendered":"https:\/\/kinnunen.fi\/?post_type=product&#038;p=27990"},"modified":"2026-05-01T04:00:07","modified_gmt":"2026-05-01T01:00:07","slug":"luurankoharja-musta","status":"publish","type":"product","link":"https:\/\/kinnunen.fi\/en\/product\/luurankoharja-musta\/","title":{"rendered":"Skeleton brush, black"},"content":{"rendered":"","protected":false},"excerpt":{"rendered":"<p>Skeleton brush with sturdy handle and plastic spikes on round ends. Ideal for blow-drying, as well as a general brush for short and long hair. The special design allows for faster drying of the hair thanks to the air holes. Increases hair volume and lifts the roots during blow-drying. The result is soft and voluminous hair.<\/p>","protected":false},"featured_media":27991,"comment_status":"closed","ping_status":"closed","template":"","meta":{"_relevanssi_hide_post":"","_relevanssi_pin_for_all":"","_relevanssi_pin_keywords":"","_relevanssi_unpin_keywords":"","_relevanssi_related_keywords":"","_relevanssi_related_include_ids":"","_relevanssi_related_exclude_ids":"","_relevanssi_related_no_append":"","_relevanssi_related_not_related":"","_relevanssi_related_posts":"","_relevanssi_noindex_reason":""},"product_cat":[1790,1793,1792],"product_tag":[],"class_list":["post-27990","product","type-product","status-publish","has-post-thumbnail","hentry","product_cat-harjat-ja-kammat","product_cat-foonausharjat","product_cat-selvitys-ja-aukikampausharjat","tuotemerkki-kinnunen"],"tuotemerkit":[{"term_id":177,"name":"Kinnunen","slug":"kinnunen","term_group":0,"term_taxonomy_id":177,"taxonomy":"tuotemerkki","description":"","parent":0,"count":90,"filter":"raw"}],"acf":[],"yoast_head":"<!-- This site is optimized with the Yoast SEO plugin v23.3 - https:\/\/yoast.com\/wordpress\/plugins\/seo\/ -->\n<title>Luurankoharja, musta - Kinnunen<\/title>\n<meta name=\"robots\" content=\"index, follow, max-snippet:-1, max-image-preview:large, max-video-preview:-1\" \/>\n<link rel=\"canonical\" href=\"https:\/\/kinnunen.fi\/en\/product\/luurankoharja-musta\/\" \/>\n<meta property=\"og:locale\" content=\"en_GB\" \/>\n<meta property=\"og:type\" content=\"article\" \/>\n<meta property=\"og:title\" content=\"Luurankoharja, musta - Kinnunen\" \/>\n<meta property=\"og:description\" content=\"Luurankoharja, jossa tukeva varsi ja muovipiikit py\u00f6reill\u00e4 p\u00e4ill\u00e4. Soveltuu erinomaisesti f\u00f6\u00f6naukseen, sek\u00e4 yleisharjaksi lyhyille ja pitkille hiuksille. Erityinen rakenne nopeuttaa hiusten kuivaamista ilma-aukkojen ansiosta. Lis\u00e4\u00e4 hiusten volyymi\u00e4 ja kohottaa tyvest\u00e4 f\u00f6\u00f6nauksen aikana. Lopputuloksena pehme\u00e4t ja tuuheat hiukset.\" \/>\n<meta property=\"og:url\" content=\"https:\/\/kinnunen.fi\/en\/product\/luurankoharja-musta\/\" \/>\n<meta property=\"og:site_name\" content=\"Kinnunen\" \/>\n<meta property=\"article:modified_time\" content=\"2026-05-01T01:00:07+00:00\" \/>\n<meta property=\"og:image\" content=\"https:\/\/kinnunen.fi\/wp-content\/uploads\/2023\/04\/luurankoharja_1812M.jpg\" \/>\n\t<meta property=\"og:image:width\" content=\"1000\" \/>\n\t<meta property=\"og:image:height\" content=\"1000\" \/>\n\t<meta property=\"og:image:type\" content=\"image\/jpeg\" \/>\n<meta name=\"twitter:card\" content=\"summary_large_image\" \/>\n<script type=\"application\/ld+json\" class=\"yoast-schema-graph\">{\"@context\":\"https:\/\/schema.org\",\"@graph\":[{\"@type\":\"WebPage\",\"@id\":\"https:\/\/kinnunen.fi\/tuote\/luurankoharja-musta\/\",\"url\":\"https:\/\/kinnunen.fi\/tuote\/luurankoharja-musta\/\",\"name\":\"Luurankoharja, musta - Kinnunen\",\"isPartOf\":{\"@id\":\"https:\/\/kinnunen.fi\/#website\"},\"primaryImageOfPage\":{\"@id\":\"https:\/\/kinnunen.fi\/tuote\/luurankoharja-musta\/#primaryimage\"},\"image\":{\"@id\":\"https:\/\/kinnunen.fi\/tuote\/luurankoharja-musta\/#primaryimage\"},\"thumbnailUrl\":\"https:\/\/kinnunen.fi\/wp-content\/uploads\/2023\/04\/luurankoharja_1812M.jpg\",\"datePublished\":\"2023-04-20T05:50:09+00:00\",\"dateModified\":\"2026-05-01T01:00:07+00:00\",\"breadcrumb\":{\"@id\":\"https:\/\/kinnunen.fi\/tuote\/luurankoharja-musta\/#breadcrumb\"},\"inLanguage\":\"en-GB\",\"potentialAction\":[{\"@type\":\"ReadAction\",\"target\":[\"https:\/\/kinnunen.fi\/tuote\/luurankoharja-musta\/\"]}]},{\"@type\":\"ImageObject\",\"inLanguage\":\"en-GB\",\"@id\":\"https:\/\/kinnunen.fi\/tuote\/luurankoharja-musta\/#primaryimage\",\"url\":\"https:\/\/kinnunen.fi\/wp-content\/uploads\/2023\/04\/luurankoharja_1812M.jpg\",\"contentUrl\":\"https:\/\/kinnunen.fi\/wp-content\/uploads\/2023\/04\/luurankoharja_1812M.jpg\",\"width\":1000,\"height\":1000},{\"@type\":\"BreadcrumbList\",\"@id\":\"https:\/\/kinnunen.fi\/tuote\/luurankoharja-musta\/#breadcrumb\",\"itemListElement\":[{\"@type\":\"ListItem\",\"position\":1,\"name\":\"Etusivu\",\"item\":\"https:\/\/kinnunen.fi\/\"},{\"@type\":\"ListItem\",\"position\":2,\"name\":\"Kaikki tuotteet\",\"item\":\"https:\/\/kinnunen.fi\/kauppa\/\"},{\"@type\":\"ListItem\",\"position\":3,\"name\":\"Tarvikkeet\",\"item\":\"https:\/\/kinnunen.fi\/tuote-osasto\/tarvikkeet\/\"},{\"@type\":\"ListItem\",\"position\":4,\"name\":\"Harjat ja kammat\",\"item\":\"https:\/\/kinnunen.fi\/tuote-osasto\/tarvikkeet\/harjat-ja-kammat\/\"},{\"@type\":\"ListItem\",\"position\":5,\"name\":\"Luurankoharja, musta\"}]},{\"@type\":\"WebSite\",\"@id\":\"https:\/\/kinnunen.fi\/#website\",\"url\":\"https:\/\/kinnunen.fi\/\",\"name\":\"Kinnunen\",\"description\":\"\",\"potentialAction\":[{\"@type\":\"SearchAction\",\"target\":{\"@type\":\"EntryPoint\",\"urlTemplate\":\"https:\/\/kinnunen.fi\/?s={search_term_string}\"},\"query-input\":\"required name=search_term_string\"}],\"inLanguage\":\"en-GB\"}]}<\/script>\n<!-- \/ Yoast SEO plugin. -->","yoast_head_json":{"title":"Luurankoharja, musta - Kinnunen","robots":{"index":"index","follow":"follow","max-snippet":"max-snippet:-1","max-image-preview":"max-image-preview:large","max-video-preview":"max-video-preview:-1"},"canonical":"https:\/\/kinnunen.fi\/en\/product\/luurankoharja-musta\/","og_locale":"en_GB","og_type":"article","og_title":"Luurankoharja, musta - Kinnunen","og_description":"Luurankoharja, jossa tukeva varsi ja muovipiikit py\u00f6reill\u00e4 p\u00e4ill\u00e4. Soveltuu erinomaisesti f\u00f6\u00f6naukseen, sek\u00e4 yleisharjaksi lyhyille ja pitkille hiuksille. Erityinen rakenne nopeuttaa hiusten kuivaamista ilma-aukkojen ansiosta. Lis\u00e4\u00e4 hiusten volyymi\u00e4 ja kohottaa tyvest\u00e4 f\u00f6\u00f6nauksen aikana. Lopputuloksena pehme\u00e4t ja tuuheat hiukset.","og_url":"https:\/\/kinnunen.fi\/en\/product\/luurankoharja-musta\/","og_site_name":"Kinnunen","article_modified_time":"2026-05-01T01:00:07+00:00","og_image":[{"width":1000,"height":1000,"url":"https:\/\/kinnunen.fi\/wp-content\/uploads\/2023\/04\/luurankoharja_1812M.jpg","type":"image\/jpeg"}],"twitter_card":"summary_large_image","schema":{"@context":"https:\/\/schema.org","@graph":[{"@type":"WebPage","@id":"https:\/\/kinnunen.fi\/tuote\/luurankoharja-musta\/","url":"https:\/\/kinnunen.fi\/tuote\/luurankoharja-musta\/","name":"Luurankoharja, musta - Kinnunen","isPartOf":{"@id":"https:\/\/kinnunen.fi\/#website"},"primaryImageOfPage":{"@id":"https:\/\/kinnunen.fi\/tuote\/luurankoharja-musta\/#primaryimage"},"image":{"@id":"https:\/\/kinnunen.fi\/tuote\/luurankoharja-musta\/#primaryimage"},"thumbnailUrl":"https:\/\/kinnunen.fi\/wp-content\/uploads\/2023\/04\/luurankoharja_1812M.jpg","datePublished":"2023-04-20T05:50:09+00:00","dateModified":"2026-05-01T01:00:07+00:00","breadcrumb":{"@id":"https:\/\/kinnunen.fi\/tuote\/luurankoharja-musta\/#breadcrumb"},"inLanguage":"en-GB","potentialAction":[{"@type":"ReadAction","target":["https:\/\/kinnunen.fi\/tuote\/luurankoharja-musta\/"]}]},{"@type":"ImageObject","inLanguage":"en-GB","@id":"https:\/\/kinnunen.fi\/tuote\/luurankoharja-musta\/#primaryimage","url":"https:\/\/kinnunen.fi\/wp-content\/uploads\/2023\/04\/luurankoharja_1812M.jpg","contentUrl":"https:\/\/kinnunen.fi\/wp-content\/uploads\/2023\/04\/luurankoharja_1812M.jpg","width":1000,"height":1000},{"@type":"BreadcrumbList","@id":"https:\/\/kinnunen.fi\/tuote\/luurankoharja-musta\/#breadcrumb","itemListElement":[{"@type":"ListItem","position":1,"name":"Etusivu","item":"https:\/\/kinnunen.fi\/"},{"@type":"ListItem","position":2,"name":"Kaikki tuotteet","item":"https:\/\/kinnunen.fi\/kauppa\/"},{"@type":"ListItem","position":3,"name":"Tarvikkeet","item":"https:\/\/kinnunen.fi\/tuote-osasto\/tarvikkeet\/"},{"@type":"ListItem","position":4,"name":"Harjat ja kammat","item":"https:\/\/kinnunen.fi\/tuote-osasto\/tarvikkeet\/harjat-ja-kammat\/"},{"@type":"ListItem","position":5,"name":"Luurankoharja, musta"}]},{"@type":"WebSite","@id":"https:\/\/kinnunen.fi\/#website","url":"https:\/\/kinnunen.fi\/","name":"Kinnunen","description":"","potentialAction":[{"@type":"SearchAction","target":{"@type":"EntryPoint","urlTemplate":"https:\/\/kinnunen.fi\/?s={search_term_string}"},"query-input":"required name=search_term_string"}],"inLanguage":"en-GB"}]}},"_links":{"self":[{"href":"https:\/\/kinnunen.fi\/en\/wp-json\/wp\/v2\/product\/27990"}],"collection":[{"href":"https:\/\/kinnunen.fi\/en\/wp-json\/wp\/v2\/product"}],"about":[{"href":"https:\/\/kinnunen.fi\/en\/wp-json\/wp\/v2\/types\/product"}],"replies":[{"embeddable":true,"href":"https:\/\/kinnunen.fi\/en\/wp-json\/wp\/v2\/comments?post=27990"}],"wp:featuredmedia":[{"embeddable":true,"href":"https:\/\/kinnunen.fi\/en\/wp-json\/wp\/v2\/media\/27991"}],"wp:attachment":[{"href":"https:\/\/kinnunen.fi\/en\/wp-json\/wp\/v2\/media?parent=27990"}],"wp:term":[{"taxonomy":"product_cat","embeddable":true,"href":"https:\/\/kinnunen.fi\/en\/wp-json\/wp\/v2\/product_cat?post=27990"},{"taxonomy":"product_tag","embeddable":true,"href":"https:\/\/kinnunen.fi\/en\/wp-json\/wp\/v2\/product_tag?post=27990"}],"curies":[{"name":"wp","href":"https:\/\/api.w.org\/{rel}","templated":true}]}}